{"id":11858,"date":"2021-02-24T19:57:56","date_gmt":"2021-02-24T18:57:56","guid":{"rendered":"https:\/\/www.jh-itc.de\/contact\/"},"modified":"2021-07-16T18:05:15","modified_gmt":"2021-07-16T16:05:15","slug":"contact","status":"publish","type":"page","link":"https:\/\/www.jh-itc.de\/en\/contact\/","title":{"rendered":"CONTACT"},"content":{"rendered":"<h3>Senden Sie uns hier Ihre Anfrage zu &#8211; Send us your message.<\/h3>\n<p>[contact-form-7 id=&#8221;115&#8243; title=&#8221;Kontaktformular&#8221; html_id=&#8221;wpcf7-kontaktanfrage&#8221;]<\/p>\n","protected":false},"excerpt":{"rendered":"<p>Senden Sie uns hier Ihre Anfrage zu &#8211; Send us your message. [contact-form-7 id=&#8221;115&#8243; title=&#8221;Kontaktformular&#8221; html_id=&#8221;wpcf7-kontaktanfrage&#8221;]<\/p>\n","protected":false},"author":7,"featured_media":0,"parent":0,"menu_order":0,"comment_status":"closed","ping_status":"closed","template":"","meta":{"footnotes":""},"class_list":["post-11858","page","type-page","status-publish"],"yoast_head":"<!-- This site is optimized with the Yoast SEO plugin v27.3 - https:\/\/yoast.com\/product\/yoast-seo-wordpress\/ -->\n<title>CONTACT - JH - ITC GmbH<\/title>\n<meta name=\"robots\" content=\"index, follow, max-snippet:-1, max-image-preview:large, max-video-preview:-1\" \/>\n<link rel=\"canonical\" href=\"https:\/\/www.jh-itc.de\/en\/contact\/\" \/>\n<meta property=\"og:locale\" content=\"en_US\" \/>\n<meta property=\"og:type\" content=\"article\" \/>\n<meta property=\"og:title\" content=\"CONTACT - JH - ITC GmbH\" \/>\n<meta property=\"og:description\" content=\"Senden Sie uns hier Ihre Anfrage zu &#8211; Send us your message. [contact-form-7 id=&#8221;115&#8243; title=&#8221;Kontaktformular&#8221; html_id=&#8221;wpcf7-kontaktanfrage&#8221;]\" \/>\n<meta property=\"og:url\" content=\"https:\/\/www.jh-itc.de\/en\/contact\/\" \/>\n<meta property=\"og:site_name\" content=\"JH - ITC GmbH\" \/>\n<meta property=\"article:publisher\" content=\"https:\/\/www.facebook.com\/schalungshandel\" \/>\n<meta property=\"article:modified_time\" content=\"2021-07-16T16:05:15+00:00\" \/>\n<meta name=\"twitter:card\" content=\"summary_large_image\" \/>\n<meta name=\"twitter:site\" content=\"@JH_ITC\" \/>\n<!-- \/ Yoast SEO plugin. -->","yoast_head_json":{"title":"CONTACT - JH - ITC GmbH","robots":{"index":"index","follow":"follow","max-snippet":"max-snippet:-1","max-image-preview":"max-image-preview:large","max-video-preview":"max-video-preview:-1"},"canonical":"https:\/\/www.jh-itc.de\/en\/contact\/","og_locale":"en_US","og_type":"article","og_title":"CONTACT - JH - ITC GmbH","og_description":"Senden Sie uns hier Ihre Anfrage zu &#8211; Send us your message. [contact-form-7 id=&#8221;115&#8243; title=&#8221;Kontaktformular&#8221; html_id=&#8221;wpcf7-kontaktanfrage&#8221;]","og_url":"https:\/\/www.jh-itc.de\/en\/contact\/","og_site_name":"JH - ITC GmbH","article_publisher":"https:\/\/www.facebook.com\/schalungshandel","article_modified_time":"2021-07-16T16:05:15+00:00","twitter_card":"summary_large_image","twitter_site":"@JH_ITC","schema":{"@context":"https:\/\/schema.org","@graph":[{"@type":"WebPage","@id":"https:\/\/www.jh-itc.de\/en\/contact\/","url":"https:\/\/www.jh-itc.de\/en\/contact\/","name":"CONTACT - JH - ITC GmbH","isPartOf":{"@id":"https:\/\/www.jh-itc.de\/en\/#website"},"datePublished":"2021-02-24T18:57:56+00:00","dateModified":"2021-07-16T16:05:15+00:00","breadcrumb":{"@id":"https:\/\/www.jh-itc.de\/en\/contact\/#breadcrumb"},"inLanguage":"en-US","potentialAction":[{"@type":"ReadAction","target":["https:\/\/www.jh-itc.de\/en\/contact\/"]}]},{"@type":"BreadcrumbList","@id":"https:\/\/www.jh-itc.de\/en\/contact\/#breadcrumb","itemListElement":[{"@type":"ListItem","position":1,"name":"Home","item":"https:\/\/www.jh-itc.de\/en\/"},{"@type":"ListItem","position":2,"name":"CONTACT"}]},{"@type":"WebSite","@id":"https:\/\/www.jh-itc.de\/en\/#website","url":"https:\/\/www.jh-itc.de\/en\/","name":"JH - ITC GmbH","description":"Ihr Experte f\u00fcr gebrauchte St\u00fctzen, Schalungen und Ger\u00fcste","publisher":{"@id":"https:\/\/www.jh-itc.de\/en\/#organization"},"potentialAction":[{"@type":"SearchAction","target":{"@type":"EntryPoint","urlTemplate":"https:\/\/www.jh-itc.de\/en\/?s={search_term_string}"},"query-input":{"@type":"PropertyValueSpecification","valueRequired":true,"valueName":"search_term_string"}}],"inLanguage":"en-US"},{"@type":"Organization","@id":"https:\/\/www.jh-itc.de\/en\/#organization","name":"JH-ITC GmbH","url":"https:\/\/www.jh-itc.de\/en\/","logo":{"@type":"ImageObject","inLanguage":"en-US","@id":"https:\/\/www.jh-itc.de\/en\/#\/schema\/logo\/image\/","url":"https:\/\/www.jh-itc.de\/wp-content\/uploads\/2016\/01\/JH-ITC2-1.png","contentUrl":"https:\/\/www.jh-itc.de\/wp-content\/uploads\/2016\/01\/JH-ITC2-1.png","width":300,"height":102,"caption":"JH-ITC GmbH"},"image":{"@id":"https:\/\/www.jh-itc.de\/en\/#\/schema\/logo\/image\/"},"sameAs":["https:\/\/www.facebook.com\/schalungshandel","https:\/\/x.com\/JH_ITC","https:\/\/www.linkedin.com\/in\/jhitc","https:\/\/youtu.be\/rMdZ-FLfI-Y"]}]}},"_links":{"self":[{"href":"https:\/\/www.jh-itc.de\/en\/wp-json\/wp\/v2\/pages\/11858","targetHints":{"allow":["GET"]}}],"collection":[{"href":"https:\/\/www.jh-itc.de\/en\/wp-json\/wp\/v2\/pages"}],"about":[{"href":"https:\/\/www.jh-itc.de\/en\/wp-json\/wp\/v2\/types\/page"}],"author":[{"embeddable":true,"href":"https:\/\/www.jh-itc.de\/en\/wp-json\/wp\/v2\/users\/7"}],"replies":[{"embeddable":true,"href":"https:\/\/www.jh-itc.de\/en\/wp-json\/wp\/v2\/comments?post=11858"}],"version-history":[{"count":1,"href":"https:\/\/www.jh-itc.de\/en\/wp-json\/wp\/v2\/pages\/11858\/revisions"}],"predecessor-version":[{"id":11859,"href":"https:\/\/www.jh-itc.de\/en\/wp-json\/wp\/v2\/pages\/11858\/revisions\/11859"}],"wp:attachment":[{"href":"https:\/\/www.jh-itc.de\/en\/wp-json\/wp\/v2\/media?parent=11858"}],"curies":[{"name":"wp","href":"https:\/\/api.w.org\/{rel}","templated":true}]}}