{"id":11922,"date":"2015-09-23T18:59:38","date_gmt":"2021-02-24T19:47:09","guid":{"rendered":"https:\/\/www.jh-itc.de\/shop\/uncategorized\/huennebeck-topec-stacking-angle\/"},"modified":"2021-02-24T20:47:09","modified_gmt":"2021-02-24T19:47:09","slug":"huennebeck-topec-stacking-angle","status":"publish","type":"product","link":"https:\/\/www.jh-itc.de\/en\/shop\/huennebeck-en\/huennebeck-topec-en\/huennebeck-topec-stacking-angle\/","title":{"rendered":"H\u00fcnnebeck Topec stacking angle"},"content":{"rendered":"<p>The TOPEC stacking bracket is used for stacking a total of 7 x Topec panels and transporting the TOPEC panels.<\/p>\n<p>This ensures safe transport of the formwork on the construction site or your storage yard.<\/p>\n<p>&nbsp;<\/p>\n","protected":false},"excerpt":{"rendered":"<p>We offer you new <strong>H\u00fcnnebeck Topec stacking angles<\/strong>.<\/p>\n<p>For safe <strong>transport &amp; storage of<\/strong> your H\u00fcnnebeck Topec slab formwork.<\/p>\n<p><strong> 7 x panels<\/strong> can be stacked with the stacking angles.<\/p>\n<p>If you are interested, please send us your inquiry.<\/p>\n","protected":false},"featured_media":5645,"template":"","meta":[],"product_brand":[],"product_cat":[220,231,224],"product_tag":[],"class_list":{"0":"post-11922","1":"product","2":"type-product","3":"status-publish","4":"has-post-thumbnail","6":"product_cat-huennebeck-en","7":"product_cat-huennebeck-topec-en","8":"product_cat-formwork","10":"first","11":"instock","12":"taxable","13":"shipping-taxable","14":"product-type-simple"},"yoast_head":"<!-- This site is optimized with the Yoast SEO plugin v27.3 - https:\/\/yoast.com\/product\/yoast-seo-wordpress\/ -->\n<title>H\u00fcnnebeck Topec stacking angle - JH - ITC GmbH<\/title>\n<meta name=\"description\" content=\"H\u00fcnnebeck Topec, SBG, Harsco Topec, Deckfast, Topec stacking angles\" \/>\n<meta name=\"robots\" content=\"index, follow, max-snippet:-1, max-image-preview:large, max-video-preview:-1\" \/>\n<link rel=\"canonical\" href=\"https:\/\/www.jh-itc.de\/en\/shop\/huennebeck-en\/huennebeck-topec-en\/huennebeck-topec-stacking-angle\/\" \/>\n<meta property=\"og:locale\" content=\"en_US\" \/>\n<meta property=\"og:type\" content=\"article\" \/>\n<meta property=\"og:title\" content=\"H\u00fcnnebeck Topec stacking angle - JH - ITC GmbH\" \/>\n<meta property=\"og:description\" content=\"H\u00fcnnebeck Topec, SBG, Harsco Topec, Deckfast, Topec stacking angles\" \/>\n<meta property=\"og:url\" content=\"https:\/\/www.jh-itc.de\/en\/shop\/huennebeck-en\/huennebeck-topec-en\/huennebeck-topec-stacking-angle\/\" \/>\n<meta property=\"og:site_name\" content=\"JH - ITC GmbH\" \/>\n<meta property=\"article:publisher\" content=\"https:\/\/www.facebook.com\/schalungshandel\" \/>\n<meta property=\"og:image\" content=\"http:\/\/www.jh-itc.de\/wp-content\/uploads\/2015\/11\/Neue-Topec-Stapelwinkel-1.jpg\" \/>\n<meta name=\"twitter:card\" content=\"summary_large_image\" \/>\n<meta name=\"twitter:site\" content=\"@JH_ITC\" \/>\n<!-- \/ Yoast SEO plugin. -->","yoast_head_json":{"title":"H\u00fcnnebeck Topec stacking angle - JH - ITC GmbH","description":"H\u00fcnnebeck Topec, SBG, Harsco Topec, Deckfast, Topec stacking angles","robots":{"index":"index","follow":"follow","max-snippet":"max-snippet:-1","max-image-preview":"max-image-preview:large","max-video-preview":"max-video-preview:-1"},"canonical":"https:\/\/www.jh-itc.de\/en\/shop\/huennebeck-en\/huennebeck-topec-en\/huennebeck-topec-stacking-angle\/","og_locale":"en_US","og_type":"article","og_title":"H\u00fcnnebeck Topec stacking angle - JH - ITC GmbH","og_description":"H\u00fcnnebeck Topec, SBG, Harsco Topec, Deckfast, Topec stacking angles","og_url":"https:\/\/www.jh-itc.de\/en\/shop\/huennebeck-en\/huennebeck-topec-en\/huennebeck-topec-stacking-angle\/","og_site_name":"JH - ITC GmbH","article_publisher":"https:\/\/www.facebook.com\/schalungshandel","og_image":[{"url":"http:\/\/www.jh-itc.de\/wp-content\/uploads\/2015\/11\/Neue-Topec-Stapelwinkel-1.jpg","type":"","width":"","height":""}],"twitter_card":"summary_large_image","twitter_site":"@JH_ITC","schema":{"@context":"https:\/\/schema.org","@graph":[{"@type":"WebPage","@id":"https:\/\/www.jh-itc.de\/en\/shop\/huennebeck-en\/huennebeck-topec-en\/huennebeck-topec-stacking-angle\/","url":"https:\/\/www.jh-itc.de\/en\/shop\/huennebeck-en\/huennebeck-topec-en\/huennebeck-topec-stacking-angle\/","name":"H\u00fcnnebeck Topec stacking angle - JH - ITC GmbH","isPartOf":{"@id":"https:\/\/www.jh-itc.de\/en\/#website"},"primaryImageOfPage":{"@id":"https:\/\/www.jh-itc.de\/en\/shop\/huennebeck-en\/huennebeck-topec-en\/huennebeck-topec-stacking-angle\/#primaryimage"},"image":{"@id":"https:\/\/www.jh-itc.de\/en\/shop\/huennebeck-en\/huennebeck-topec-en\/huennebeck-topec-stacking-angle\/#primaryimage"},"thumbnailUrl":"https:\/\/www.jh-itc.de\/wp-content\/uploads\/2015\/09\/Topec-Stapelwinkel-4-Small-e1443026939205.jpg","datePublished":"2021-02-24T19:47:09+00:00","description":"H\u00fcnnebeck Topec, SBG, Harsco Topec, Deckfast, Topec stacking angles","breadcrumb":{"@id":"https:\/\/www.jh-itc.de\/en\/shop\/huennebeck-en\/huennebeck-topec-en\/huennebeck-topec-stacking-angle\/#breadcrumb"},"inLanguage":"en-US","potentialAction":[{"@type":"ReadAction","target":["https:\/\/www.jh-itc.de\/en\/shop\/huennebeck-en\/huennebeck-topec-en\/huennebeck-topec-stacking-angle\/"]}]},{"@type":"ImageObject","inLanguage":"en-US","@id":"https:\/\/www.jh-itc.de\/en\/shop\/huennebeck-en\/huennebeck-topec-en\/huennebeck-topec-stacking-angle\/#primaryimage","url":"https:\/\/www.jh-itc.de\/wp-content\/uploads\/2015\/09\/Topec-Stapelwinkel-4-Small-e1443026939205.jpg","contentUrl":"https:\/\/www.jh-itc.de\/wp-content\/uploads\/2015\/09\/Topec-Stapelwinkel-4-Small-e1443026939205.jpg","width":480,"height":640},{"@type":"BreadcrumbList","@id":"https:\/\/www.jh-itc.de\/en\/shop\/huennebeck-en\/huennebeck-topec-en\/huennebeck-topec-stacking-angle\/#breadcrumb","itemListElement":[{"@type":"ListItem","position":1,"name":"Home","item":"https:\/\/www.jh-itc.de\/en\/"},{"@type":"ListItem","position":2,"name":"Store","item":"https:\/\/www.jh-itc.de\/en\/?page_id=7087"},{"@type":"ListItem","position":3,"name":"H\u00fcnnebeck Topec stacking angle"}]},{"@type":"WebSite","@id":"https:\/\/www.jh-itc.de\/en\/#website","url":"https:\/\/www.jh-itc.de\/en\/","name":"JH - ITC GmbH","description":"Ihr Experte f\u00fcr gebrauchte St\u00fctzen, Schalungen und Ger\u00fcste","publisher":{"@id":"https:\/\/www.jh-itc.de\/en\/#organization"},"potentialAction":[{"@type":"SearchAction","target":{"@type":"EntryPoint","urlTemplate":"https:\/\/www.jh-itc.de\/en\/?s={search_term_string}"},"query-input":{"@type":"PropertyValueSpecification","valueRequired":true,"valueName":"search_term_string"}}],"inLanguage":"en-US"},{"@type":"Organization","@id":"https:\/\/www.jh-itc.de\/en\/#organization","name":"JH-ITC GmbH","url":"https:\/\/www.jh-itc.de\/en\/","logo":{"@type":"ImageObject","inLanguage":"en-US","@id":"https:\/\/www.jh-itc.de\/en\/#\/schema\/logo\/image\/","url":"https:\/\/www.jh-itc.de\/wp-content\/uploads\/2016\/01\/JH-ITC2-1.png","contentUrl":"https:\/\/www.jh-itc.de\/wp-content\/uploads\/2016\/01\/JH-ITC2-1.png","width":300,"height":102,"caption":"JH-ITC GmbH"},"image":{"@id":"https:\/\/www.jh-itc.de\/en\/#\/schema\/logo\/image\/"},"sameAs":["https:\/\/www.facebook.com\/schalungshandel","https:\/\/x.com\/JH_ITC","https:\/\/www.linkedin.com\/in\/jhitc","https:\/\/youtu.be\/rMdZ-FLfI-Y"]}]}},"_links":{"self":[{"href":"https:\/\/www.jh-itc.de\/en\/wp-json\/wp\/v2\/product\/11922","targetHints":{"allow":["GET"]}}],"collection":[{"href":"https:\/\/www.jh-itc.de\/en\/wp-json\/wp\/v2\/product"}],"about":[{"href":"https:\/\/www.jh-itc.de\/en\/wp-json\/wp\/v2\/types\/product"}],"wp:featuredmedia":[{"embeddable":true,"href":"https:\/\/www.jh-itc.de\/en\/wp-json\/wp\/v2\/media\/5645"}],"wp:attachment":[{"href":"https:\/\/www.jh-itc.de\/en\/wp-json\/wp\/v2\/media?parent=11922"}],"wp:term":[{"taxonomy":"product_brand","embeddable":true,"href":"https:\/\/www.jh-itc.de\/en\/wp-json\/wp\/v2\/product_brand?post=11922"},{"taxonomy":"product_cat","embeddable":true,"href":"https:\/\/www.jh-itc.de\/en\/wp-json\/wp\/v2\/product_cat?post=11922"},{"taxonomy":"product_tag","embeddable":true,"href":"https:\/\/www.jh-itc.de\/en\/wp-json\/wp\/v2\/product_tag?post=11922"}],"curies":[{"name":"wp","href":"https:\/\/api.w.org\/{rel}","templated":true}]}}