{"id":11923,"date":"2015-12-09T23:54:02","date_gmt":"2021-02-24T19:47:18","guid":{"rendered":"https:\/\/www.jh-itc.de\/shop\/uncategorized\/manto-straightening-clamp\/"},"modified":"2021-02-24T20:47:18","modified_gmt":"2021-02-24T19:47:18","slug":"manto-directional-clamp","status":"publish","type":"product","link":"https:\/\/www.jh-itc.de\/en\/shop\/huennebeck-en\/huennebeck-manto-en\/manto-directional-clamp\/","title":{"rendered":"Manto straightening clamp"},"content":{"rendered":"","protected":false},"excerpt":{"rendered":"<p>We offer <strong>Manto straightening clamps<\/strong>.<\/p>\n<p>There are also other H\u00fcnnebeck accessories available.<\/p>\n<p>These are in good condition and available from stock.<\/p>\n","protected":false},"featured_media":5907,"template":"","meta":[],"product_brand":[],"product_cat":[220,221,224],"product_tag":[],"class_list":{"0":"post-11923","1":"product","2":"type-product","3":"status-publish","4":"has-post-thumbnail","6":"product_cat-huennebeck-en","7":"product_cat-huennebeck-manto-en","8":"product_cat-formwork","10":"first","11":"instock","12":"taxable","13":"shipping-taxable","14":"product-type-simple"},"yoast_head":"<!-- This site is optimized with the Yoast SEO plugin v27.3 - https:\/\/yoast.com\/product\/yoast-seo-wordpress\/ -->\n<title>Manto straightening clamp - JH - ITC GmbH<\/title>\n<meta name=\"description\" content=\"Manto straightening clamp\" \/>\n<meta name=\"robots\" content=\"index, follow, max-snippet:-1, max-image-preview:large, max-video-preview:-1\" \/>\n<link rel=\"canonical\" href=\"https:\/\/www.jh-itc.de\/en\/shop\/huennebeck-en\/huennebeck-manto-en\/manto-directional-clamp\/\" \/>\n<meta property=\"og:locale\" content=\"en_US\" \/>\n<meta property=\"og:type\" content=\"article\" \/>\n<meta property=\"og:title\" content=\"Manto straightening clamp - JH - ITC GmbH\" \/>\n<meta property=\"og:description\" content=\"Manto straightening clamp\" \/>\n<meta property=\"og:url\" content=\"https:\/\/www.jh-itc.de\/en\/shop\/huennebeck-en\/huennebeck-manto-en\/manto-directional-clamp\/\" \/>\n<meta property=\"og:site_name\" content=\"JH - ITC GmbH\" \/>\n<meta property=\"article:publisher\" content=\"https:\/\/www.facebook.com\/schalungshandel\" \/>\n<meta property=\"og:image\" content=\"https:\/\/www.jh-itc.de\/wp-content\/uploads\/2015\/11\/Manto-Richtzwinge-1.jpg\" \/>\n\t<meta property=\"og:image:width\" content=\"1024\" \/>\n\t<meta property=\"og:image:height\" content=\"768\" \/>\n\t<meta property=\"og:image:type\" content=\"image\/jpeg\" \/>\n<meta name=\"twitter:card\" content=\"summary_large_image\" \/>\n<meta name=\"twitter:site\" content=\"@JH_ITC\" \/>\n<!-- \/ Yoast SEO plugin. -->","yoast_head_json":{"title":"Manto straightening clamp - JH - ITC GmbH","description":"Manto straightening clamp","robots":{"index":"index","follow":"follow","max-snippet":"max-snippet:-1","max-image-preview":"max-image-preview:large","max-video-preview":"max-video-preview:-1"},"canonical":"https:\/\/www.jh-itc.de\/en\/shop\/huennebeck-en\/huennebeck-manto-en\/manto-directional-clamp\/","og_locale":"en_US","og_type":"article","og_title":"Manto straightening clamp - JH - ITC GmbH","og_description":"Manto straightening clamp","og_url":"https:\/\/www.jh-itc.de\/en\/shop\/huennebeck-en\/huennebeck-manto-en\/manto-directional-clamp\/","og_site_name":"JH - ITC GmbH","article_publisher":"https:\/\/www.facebook.com\/schalungshandel","og_image":[{"width":1024,"height":768,"url":"https:\/\/www.jh-itc.de\/wp-content\/uploads\/2015\/11\/Manto-Richtzwinge-1.jpg","type":"image\/jpeg"}],"twitter_card":"summary_large_image","twitter_site":"@JH_ITC","schema":{"@context":"https:\/\/schema.org","@graph":[{"@type":"WebPage","@id":"https:\/\/www.jh-itc.de\/en\/shop\/huennebeck-en\/huennebeck-manto-en\/manto-directional-clamp\/","url":"https:\/\/www.jh-itc.de\/en\/shop\/huennebeck-en\/huennebeck-manto-en\/manto-directional-clamp\/","name":"Manto straightening clamp - JH - ITC GmbH","isPartOf":{"@id":"https:\/\/www.jh-itc.de\/en\/#website"},"primaryImageOfPage":{"@id":"https:\/\/www.jh-itc.de\/en\/shop\/huennebeck-en\/huennebeck-manto-en\/manto-directional-clamp\/#primaryimage"},"image":{"@id":"https:\/\/www.jh-itc.de\/en\/shop\/huennebeck-en\/huennebeck-manto-en\/manto-directional-clamp\/#primaryimage"},"thumbnailUrl":"https:\/\/www.jh-itc.de\/wp-content\/uploads\/2015\/11\/Manto-Richtzwinge-1.jpg","datePublished":"2021-02-24T19:47:18+00:00","description":"Manto straightening clamp","breadcrumb":{"@id":"https:\/\/www.jh-itc.de\/en\/shop\/huennebeck-en\/huennebeck-manto-en\/manto-directional-clamp\/#breadcrumb"},"inLanguage":"en-US","potentialAction":[{"@type":"ReadAction","target":["https:\/\/www.jh-itc.de\/en\/shop\/huennebeck-en\/huennebeck-manto-en\/manto-directional-clamp\/"]}]},{"@type":"ImageObject","inLanguage":"en-US","@id":"https:\/\/www.jh-itc.de\/en\/shop\/huennebeck-en\/huennebeck-manto-en\/manto-directional-clamp\/#primaryimage","url":"https:\/\/www.jh-itc.de\/wp-content\/uploads\/2015\/11\/Manto-Richtzwinge-1.jpg","contentUrl":"https:\/\/www.jh-itc.de\/wp-content\/uploads\/2015\/11\/Manto-Richtzwinge-1.jpg","width":1024,"height":768},{"@type":"BreadcrumbList","@id":"https:\/\/www.jh-itc.de\/en\/shop\/huennebeck-en\/huennebeck-manto-en\/manto-directional-clamp\/#breadcrumb","itemListElement":[{"@type":"ListItem","position":1,"name":"Home","item":"https:\/\/www.jh-itc.de\/en\/"},{"@type":"ListItem","position":2,"name":"Store","item":"https:\/\/www.jh-itc.de\/en\/?page_id=7087"},{"@type":"ListItem","position":3,"name":"Manto straightening clamp"}]},{"@type":"WebSite","@id":"https:\/\/www.jh-itc.de\/en\/#website","url":"https:\/\/www.jh-itc.de\/en\/","name":"JH - ITC GmbH","description":"Ihr Experte f\u00fcr gebrauchte St\u00fctzen, Schalungen und Ger\u00fcste","publisher":{"@id":"https:\/\/www.jh-itc.de\/en\/#organization"},"potentialAction":[{"@type":"SearchAction","target":{"@type":"EntryPoint","urlTemplate":"https:\/\/www.jh-itc.de\/en\/?s={search_term_string}"},"query-input":{"@type":"PropertyValueSpecification","valueRequired":true,"valueName":"search_term_string"}}],"inLanguage":"en-US"},{"@type":"Organization","@id":"https:\/\/www.jh-itc.de\/en\/#organization","name":"JH-ITC GmbH","url":"https:\/\/www.jh-itc.de\/en\/","logo":{"@type":"ImageObject","inLanguage":"en-US","@id":"https:\/\/www.jh-itc.de\/en\/#\/schema\/logo\/image\/","url":"https:\/\/www.jh-itc.de\/wp-content\/uploads\/2016\/01\/JH-ITC2-1.png","contentUrl":"https:\/\/www.jh-itc.de\/wp-content\/uploads\/2016\/01\/JH-ITC2-1.png","width":300,"height":102,"caption":"JH-ITC GmbH"},"image":{"@id":"https:\/\/www.jh-itc.de\/en\/#\/schema\/logo\/image\/"},"sameAs":["https:\/\/www.facebook.com\/schalungshandel","https:\/\/x.com\/JH_ITC","https:\/\/www.linkedin.com\/in\/jhitc","https:\/\/youtu.be\/rMdZ-FLfI-Y"]}]}},"_links":{"self":[{"href":"https:\/\/www.jh-itc.de\/en\/wp-json\/wp\/v2\/product\/11923","targetHints":{"allow":["GET"]}}],"collection":[{"href":"https:\/\/www.jh-itc.de\/en\/wp-json\/wp\/v2\/product"}],"about":[{"href":"https:\/\/www.jh-itc.de\/en\/wp-json\/wp\/v2\/types\/product"}],"wp:featuredmedia":[{"embeddable":true,"href":"https:\/\/www.jh-itc.de\/en\/wp-json\/wp\/v2\/media\/5907"}],"wp:attachment":[{"href":"https:\/\/www.jh-itc.de\/en\/wp-json\/wp\/v2\/media?parent=11923"}],"wp:term":[{"taxonomy":"product_brand","embeddable":true,"href":"https:\/\/www.jh-itc.de\/en\/wp-json\/wp\/v2\/product_brand?post=11923"},{"taxonomy":"product_cat","embeddable":true,"href":"https:\/\/www.jh-itc.de\/en\/wp-json\/wp\/v2\/product_cat?post=11923"},{"taxonomy":"product_tag","embeddable":true,"href":"https:\/\/www.jh-itc.de\/en\/wp-json\/wp\/v2\/product_tag?post=11923"}],"curies":[{"name":"wp","href":"https:\/\/api.w.org\/{rel}","templated":true}]}}