{"id":11946,"date":"2017-05-17T20:46:21","date_gmt":"2021-02-24T19:48:04","guid":{"rendered":"https:\/\/www.jh-itc.de\/shop\/uncategorized\/huennebeck-rasto-corner-clamps-huennebeck-rasto-outer-corner-clamps\/"},"modified":"2021-04-28T21:25:04","modified_gmt":"2021-04-28T19:25:04","slug":"ennebeck-rasto-corner-clamps","status":"publish","type":"product","link":"https:\/\/www.jh-itc.de\/en\/shop\/huennebeck-en\/huennebeck-rasto-en\/ennebeck-rasto-corner-clamps\/","title":{"rendered":"Huennebeck Rasto corner clamps"},"content":{"rendered":"<p>The outside corner is formed with the help of the RASTO corner clamp V and two RASTO panels.<\/p>\n<p>It can also be used with column formwork. In the outer corner area, it enables length compensation of 4 to 6 cm.<\/p>\n","protected":false},"excerpt":{"rendered":"<p>We offer used <strong>Huennebeck Rasto corner clamps<\/strong>.<\/p>\n<p>If you are interested, please send us your inquiry.<\/p>\n<p>&nbsp;<\/p>\n","protected":false},"featured_media":6537,"template":"","meta":[],"product_brand":[],"product_cat":[220,222,224],"product_tag":[],"class_list":{"0":"post-11946","1":"product","2":"type-product","3":"status-publish","4":"has-post-thumbnail","6":"product_cat-huennebeck-en","7":"product_cat-huennebeck-rasto-en","8":"product_cat-formwork","10":"first","11":"instock","12":"taxable","13":"shipping-taxable","14":"product-type-simple"},"yoast_head":"<!-- This site is optimized with the Yoast SEO plugin v27.3 - https:\/\/yoast.com\/product\/yoast-seo-wordpress\/ -->\n<title>Huennebeck Rasto corner clamps - JH - ITC GmbH<\/title>\n<meta name=\"description\" content=\"Huennebeck Rasto corner clamps used and cheap\" \/>\n<meta name=\"robots\" content=\"index, follow, max-snippet:-1, max-image-preview:large, max-video-preview:-1\" \/>\n<link rel=\"canonical\" href=\"https:\/\/www.jh-itc.de\/en\/shop\/huennebeck-en\/huennebeck-rasto-en\/ennebeck-rasto-corner-clamps\/\" \/>\n<meta property=\"og:locale\" content=\"en_US\" \/>\n<meta property=\"og:type\" content=\"article\" \/>\n<meta property=\"og:title\" content=\"Huennebeck Rasto corner clamps - JH - ITC GmbH\" \/>\n<meta property=\"og:description\" content=\"Huennebeck Rasto corner clamps used and cheap\" \/>\n<meta property=\"og:url\" content=\"https:\/\/www.jh-itc.de\/en\/shop\/huennebeck-en\/huennebeck-rasto-en\/ennebeck-rasto-corner-clamps\/\" \/>\n<meta property=\"og:site_name\" content=\"JH - ITC GmbH\" \/>\n<meta property=\"article:publisher\" content=\"https:\/\/www.facebook.com\/schalungshandel\" \/>\n<meta property=\"article:modified_time\" content=\"2021-04-28T19:25:04+00:00\" \/>\n<meta property=\"og:image\" content=\"https:\/\/www.jh-itc.de\/wp-content\/uploads\/2017\/05\/Rasto-Eckzwinge-_-Small.jpg\" \/>\n\t<meta property=\"og:image:width\" content=\"640\" \/>\n\t<meta property=\"og:image:height\" content=\"480\" \/>\n\t<meta property=\"og:image:type\" content=\"image\/jpeg\" \/>\n<meta name=\"twitter:card\" content=\"summary_large_image\" \/>\n<meta name=\"twitter:site\" content=\"@JH_ITC\" \/>\n<!-- \/ Yoast SEO plugin. -->","yoast_head_json":{"title":"Huennebeck Rasto corner clamps - JH - ITC GmbH","description":"Huennebeck Rasto corner clamps used and cheap","robots":{"index":"index","follow":"follow","max-snippet":"max-snippet:-1","max-image-preview":"max-image-preview:large","max-video-preview":"max-video-preview:-1"},"canonical":"https:\/\/www.jh-itc.de\/en\/shop\/huennebeck-en\/huennebeck-rasto-en\/ennebeck-rasto-corner-clamps\/","og_locale":"en_US","og_type":"article","og_title":"Huennebeck Rasto corner clamps - JH - ITC GmbH","og_description":"Huennebeck Rasto corner clamps used and cheap","og_url":"https:\/\/www.jh-itc.de\/en\/shop\/huennebeck-en\/huennebeck-rasto-en\/ennebeck-rasto-corner-clamps\/","og_site_name":"JH - ITC GmbH","article_publisher":"https:\/\/www.facebook.com\/schalungshandel","article_modified_time":"2021-04-28T19:25:04+00:00","og_image":[{"width":640,"height":480,"url":"https:\/\/www.jh-itc.de\/wp-content\/uploads\/2017\/05\/Rasto-Eckzwinge-_-Small.jpg","type":"image\/jpeg"}],"twitter_card":"summary_large_image","twitter_site":"@JH_ITC","schema":{"@context":"https:\/\/schema.org","@graph":[{"@type":"WebPage","@id":"https:\/\/www.jh-itc.de\/en\/shop\/huennebeck-en\/huennebeck-rasto-en\/ennebeck-rasto-corner-clamps\/","url":"https:\/\/www.jh-itc.de\/en\/shop\/huennebeck-en\/huennebeck-rasto-en\/ennebeck-rasto-corner-clamps\/","name":"Huennebeck Rasto corner clamps - JH - ITC GmbH","isPartOf":{"@id":"https:\/\/www.jh-itc.de\/en\/#website"},"primaryImageOfPage":{"@id":"https:\/\/www.jh-itc.de\/en\/shop\/huennebeck-en\/huennebeck-rasto-en\/ennebeck-rasto-corner-clamps\/#primaryimage"},"image":{"@id":"https:\/\/www.jh-itc.de\/en\/shop\/huennebeck-en\/huennebeck-rasto-en\/ennebeck-rasto-corner-clamps\/#primaryimage"},"thumbnailUrl":"https:\/\/www.jh-itc.de\/wp-content\/uploads\/2017\/05\/Rasto-Eckzwinge-_-Small.jpg","datePublished":"2021-02-24T19:48:04+00:00","dateModified":"2021-04-28T19:25:04+00:00","description":"Huennebeck Rasto corner clamps used and cheap","breadcrumb":{"@id":"https:\/\/www.jh-itc.de\/en\/shop\/huennebeck-en\/huennebeck-rasto-en\/ennebeck-rasto-corner-clamps\/#breadcrumb"},"inLanguage":"en-US","potentialAction":[{"@type":"ReadAction","target":["https:\/\/www.jh-itc.de\/en\/shop\/huennebeck-en\/huennebeck-rasto-en\/ennebeck-rasto-corner-clamps\/"]}]},{"@type":"ImageObject","inLanguage":"en-US","@id":"https:\/\/www.jh-itc.de\/en\/shop\/huennebeck-en\/huennebeck-rasto-en\/ennebeck-rasto-corner-clamps\/#primaryimage","url":"https:\/\/www.jh-itc.de\/wp-content\/uploads\/2017\/05\/Rasto-Eckzwinge-_-Small.jpg","contentUrl":"https:\/\/www.jh-itc.de\/wp-content\/uploads\/2017\/05\/Rasto-Eckzwinge-_-Small.jpg","width":640,"height":480},{"@type":"BreadcrumbList","@id":"https:\/\/www.jh-itc.de\/en\/shop\/huennebeck-en\/huennebeck-rasto-en\/ennebeck-rasto-corner-clamps\/#breadcrumb","itemListElement":[{"@type":"ListItem","position":1,"name":"Home","item":"https:\/\/www.jh-itc.de\/en\/"},{"@type":"ListItem","position":2,"name":"Store","item":"https:\/\/www.jh-itc.de\/en\/?page_id=7087"},{"@type":"ListItem","position":3,"name":"Huennebeck Rasto corner clamps"}]},{"@type":"WebSite","@id":"https:\/\/www.jh-itc.de\/en\/#website","url":"https:\/\/www.jh-itc.de\/en\/","name":"JH - ITC GmbH","description":"Ihr Experte f\u00fcr gebrauchte St\u00fctzen, Schalungen und Ger\u00fcste","publisher":{"@id":"https:\/\/www.jh-itc.de\/en\/#organization"},"potentialAction":[{"@type":"SearchAction","target":{"@type":"EntryPoint","urlTemplate":"https:\/\/www.jh-itc.de\/en\/?s={search_term_string}"},"query-input":{"@type":"PropertyValueSpecification","valueRequired":true,"valueName":"search_term_string"}}],"inLanguage":"en-US"},{"@type":"Organization","@id":"https:\/\/www.jh-itc.de\/en\/#organization","name":"JH-ITC GmbH","url":"https:\/\/www.jh-itc.de\/en\/","logo":{"@type":"ImageObject","inLanguage":"en-US","@id":"https:\/\/www.jh-itc.de\/en\/#\/schema\/logo\/image\/","url":"https:\/\/www.jh-itc.de\/wp-content\/uploads\/2016\/01\/JH-ITC2-1.png","contentUrl":"https:\/\/www.jh-itc.de\/wp-content\/uploads\/2016\/01\/JH-ITC2-1.png","width":300,"height":102,"caption":"JH-ITC GmbH"},"image":{"@id":"https:\/\/www.jh-itc.de\/en\/#\/schema\/logo\/image\/"},"sameAs":["https:\/\/www.facebook.com\/schalungshandel","https:\/\/x.com\/JH_ITC","https:\/\/www.linkedin.com\/in\/jhitc","https:\/\/youtu.be\/rMdZ-FLfI-Y"]}]}},"_links":{"self":[{"href":"https:\/\/www.jh-itc.de\/en\/wp-json\/wp\/v2\/product\/11946","targetHints":{"allow":["GET"]}}],"collection":[{"href":"https:\/\/www.jh-itc.de\/en\/wp-json\/wp\/v2\/product"}],"about":[{"href":"https:\/\/www.jh-itc.de\/en\/wp-json\/wp\/v2\/types\/product"}],"wp:featuredmedia":[{"embeddable":true,"href":"https:\/\/www.jh-itc.de\/en\/wp-json\/wp\/v2\/media\/6537"}],"wp:attachment":[{"href":"https:\/\/www.jh-itc.de\/en\/wp-json\/wp\/v2\/media?parent=11946"}],"wp:term":[{"taxonomy":"product_brand","embeddable":true,"href":"https:\/\/www.jh-itc.de\/en\/wp-json\/wp\/v2\/product_brand?post=11946"},{"taxonomy":"product_cat","embeddable":true,"href":"https:\/\/www.jh-itc.de\/en\/wp-json\/wp\/v2\/product_cat?post=11946"},{"taxonomy":"product_tag","embeddable":true,"href":"https:\/\/www.jh-itc.de\/en\/wp-json\/wp\/v2\/product_tag?post=11946"}],"curies":[{"name":"wp","href":"https:\/\/api.w.org\/{rel}","templated":true}]}}