{"id":11958,"date":"2018-04-12T14:11:06","date_gmt":"2021-02-24T19:48:26","guid":{"rendered":"https:\/\/www.jh-itc.de\/shop\/uncategorized\/layher-falsework\/"},"modified":"2021-04-28T21:02:34","modified_gmt":"2021-04-28T19:02:34","slug":"layher-teaching-scaffold","status":"publish","type":"product","link":"https:\/\/www.jh-itc.de\/en\/shop\/scaffolding\/layher-en\/layher-teaching-scaffold\/","title":{"rendered":"Layher falsework"},"content":{"rendered":"","protected":false},"excerpt":{"rendered":"<p>We offer a lot of used<strong> Layher<\/strong> falsework material.<\/p>\n<p>This lot is in good condition and available from abroad.<\/p>\n<table width=\"272\">\n<tbody>\n<tr>\n<td width=\"80\">Quantity<\/td>\n<td width=\"192\">Article description<\/td>\n<\/tr>\n<tr>\n<td>833<\/td>\n<td>Frame 1.50 m without zip<\/td>\n<\/tr>\n<tr>\n<td>192<\/td>\n<td>Frame 1.36 m without zip<\/td>\n<\/tr>\n<tr>\n<td>1965<\/td>\n<td>Frame 0.75 m without RV<\/td>\n<\/tr>\n<tr>\n<td>2977<\/td>\n<td>Diagonal short\/red<\/td>\n<\/tr>\n<tr>\n<td>545<\/td>\n<td>Diagonal long\/blue<\/td>\n<\/tr>\n<tr>\n<td>520<\/td>\n<td>Room diagonal 1,54m<\/td>\n<\/tr>\n<tr>\n<td>3<\/td>\n<td>Stiffener 1,09m\/black<\/td>\n<\/tr>\n<tr>\n<td>3194<\/td>\n<td>Foot spindle 0,60m reinforced<\/td>\n<\/tr>\n<tr>\n<td>2664<\/td>\n<td>Head spindle 160 reinforced<\/td>\n<\/tr>\n<tr>\n<td>2683<\/td>\n<td>Drop plug<\/td>\n<\/tr>\n<tr>\n<td>15371<\/td>\n<td>falsework pipe connector<\/td>\n<\/tr>\n<\/tbody>\n<\/table>\n<p>&nbsp;<\/p>\n","protected":false},"featured_media":6864,"template":"","meta":[],"product_brand":[],"product_cat":[235,218],"product_tag":[],"class_list":{"0":"post-11958","1":"product","2":"type-product","3":"status-publish","4":"has-post-thumbnail","6":"product_cat-layher-en","7":"product_cat-scaffolding","9":"first","10":"instock","11":"taxable","12":"shipping-taxable","13":"product-type-simple"},"yoast_head":"<!-- This site is optimized with the Yoast SEO plugin v27.3 - https:\/\/yoast.com\/product\/yoast-seo-wordpress\/ -->\n<title>Layher falsework - JH - ITC GmbH<\/title>\n<meta name=\"description\" content=\"Layher falsework. Renowned manufacturers \u2714 New &amp; used formwork, props, scaffolding &amp; construction machinery \u2714 Request a quote now!\" \/>\n<meta name=\"robots\" content=\"index, follow, max-snippet:-1, max-image-preview:large, max-video-preview:-1\" \/>\n<link rel=\"canonical\" href=\"https:\/\/www.jh-itc.de\/en\/shop\/scaffolding\/layher-en\/layher-teaching-scaffold\/\" \/>\n<meta property=\"og:locale\" content=\"en_US\" \/>\n<meta property=\"og:type\" content=\"article\" \/>\n<meta property=\"og:title\" content=\"Layher falsework - JH - ITC GmbH\" \/>\n<meta property=\"og:description\" content=\"Layher falsework. Renowned manufacturers \u2714 New &amp; used formwork, props, scaffolding &amp; construction machinery \u2714 Request a quote now!\" \/>\n<meta property=\"og:url\" content=\"https:\/\/www.jh-itc.de\/en\/shop\/scaffolding\/layher-en\/layher-teaching-scaffold\/\" \/>\n<meta property=\"og:site_name\" content=\"JH - ITC GmbH\" \/>\n<meta property=\"article:publisher\" content=\"https:\/\/www.facebook.com\/schalungshandel\" \/>\n<meta property=\"article:modified_time\" content=\"2021-04-28T19:02:34+00:00\" \/>\n<meta property=\"og:image\" content=\"https:\/\/www.jh-itc.de\/wp-content\/uploads\/2018\/04\/e911f487ee49a1684fe544c100e53947.jpg\" \/>\n\t<meta property=\"og:image:width\" content=\"640\" \/>\n\t<meta property=\"og:image:height\" content=\"480\" \/>\n\t<meta property=\"og:image:type\" content=\"image\/jpeg\" \/>\n<meta name=\"twitter:card\" content=\"summary_large_image\" \/>\n<meta name=\"twitter:site\" content=\"@JH_ITC\" \/>\n<!-- \/ Yoast SEO plugin. -->","yoast_head_json":{"title":"Layher falsework - JH - ITC GmbH","description":"Layher falsework. Renowned manufacturers \u2714 New & used formwork, props, scaffolding & construction machinery \u2714 Request a quote now!","robots":{"index":"index","follow":"follow","max-snippet":"max-snippet:-1","max-image-preview":"max-image-preview:large","max-video-preview":"max-video-preview:-1"},"canonical":"https:\/\/www.jh-itc.de\/en\/shop\/scaffolding\/layher-en\/layher-teaching-scaffold\/","og_locale":"en_US","og_type":"article","og_title":"Layher falsework - JH - ITC GmbH","og_description":"Layher falsework. Renowned manufacturers \u2714 New & used formwork, props, scaffolding & construction machinery \u2714 Request a quote now!","og_url":"https:\/\/www.jh-itc.de\/en\/shop\/scaffolding\/layher-en\/layher-teaching-scaffold\/","og_site_name":"JH - ITC GmbH","article_publisher":"https:\/\/www.facebook.com\/schalungshandel","article_modified_time":"2021-04-28T19:02:34+00:00","og_image":[{"width":640,"height":480,"url":"https:\/\/www.jh-itc.de\/wp-content\/uploads\/2018\/04\/e911f487ee49a1684fe544c100e53947.jpg","type":"image\/jpeg"}],"twitter_card":"summary_large_image","twitter_site":"@JH_ITC","schema":{"@context":"https:\/\/schema.org","@graph":[{"@type":"WebPage","@id":"https:\/\/www.jh-itc.de\/en\/shop\/scaffolding\/layher-en\/layher-teaching-scaffold\/","url":"https:\/\/www.jh-itc.de\/en\/shop\/scaffolding\/layher-en\/layher-teaching-scaffold\/","name":"Layher falsework - JH - ITC GmbH","isPartOf":{"@id":"https:\/\/www.jh-itc.de\/en\/#website"},"primaryImageOfPage":{"@id":"https:\/\/www.jh-itc.de\/en\/shop\/scaffolding\/layher-en\/layher-teaching-scaffold\/#primaryimage"},"image":{"@id":"https:\/\/www.jh-itc.de\/en\/shop\/scaffolding\/layher-en\/layher-teaching-scaffold\/#primaryimage"},"thumbnailUrl":"https:\/\/www.jh-itc.de\/wp-content\/uploads\/2018\/04\/e911f487ee49a1684fe544c100e53947.jpg","datePublished":"2021-02-24T19:48:26+00:00","dateModified":"2021-04-28T19:02:34+00:00","description":"Layher falsework. Renowned manufacturers \u2714 New & used formwork, props, scaffolding & construction machinery \u2714 Request a quote now!","breadcrumb":{"@id":"https:\/\/www.jh-itc.de\/en\/shop\/scaffolding\/layher-en\/layher-teaching-scaffold\/#breadcrumb"},"inLanguage":"en-US","potentialAction":[{"@type":"ReadAction","target":["https:\/\/www.jh-itc.de\/en\/shop\/scaffolding\/layher-en\/layher-teaching-scaffold\/"]}]},{"@type":"ImageObject","inLanguage":"en-US","@id":"https:\/\/www.jh-itc.de\/en\/shop\/scaffolding\/layher-en\/layher-teaching-scaffold\/#primaryimage","url":"https:\/\/www.jh-itc.de\/wp-content\/uploads\/2018\/04\/e911f487ee49a1684fe544c100e53947.jpg","contentUrl":"https:\/\/www.jh-itc.de\/wp-content\/uploads\/2018\/04\/e911f487ee49a1684fe544c100e53947.jpg","width":640,"height":480},{"@type":"BreadcrumbList","@id":"https:\/\/www.jh-itc.de\/en\/shop\/scaffolding\/layher-en\/layher-teaching-scaffold\/#breadcrumb","itemListElement":[{"@type":"ListItem","position":1,"name":"Home","item":"https:\/\/www.jh-itc.de\/en\/"},{"@type":"ListItem","position":2,"name":"Store","item":"https:\/\/www.jh-itc.de\/en\/?page_id=7087"},{"@type":"ListItem","position":3,"name":"Layher falsework"}]},{"@type":"WebSite","@id":"https:\/\/www.jh-itc.de\/en\/#website","url":"https:\/\/www.jh-itc.de\/en\/","name":"JH - ITC GmbH","description":"Ihr Experte f\u00fcr gebrauchte St\u00fctzen, Schalungen und Ger\u00fcste","publisher":{"@id":"https:\/\/www.jh-itc.de\/en\/#organization"},"potentialAction":[{"@type":"SearchAction","target":{"@type":"EntryPoint","urlTemplate":"https:\/\/www.jh-itc.de\/en\/?s={search_term_string}"},"query-input":{"@type":"PropertyValueSpecification","valueRequired":true,"valueName":"search_term_string"}}],"inLanguage":"en-US"},{"@type":"Organization","@id":"https:\/\/www.jh-itc.de\/en\/#organization","name":"JH-ITC GmbH","url":"https:\/\/www.jh-itc.de\/en\/","logo":{"@type":"ImageObject","inLanguage":"en-US","@id":"https:\/\/www.jh-itc.de\/en\/#\/schema\/logo\/image\/","url":"https:\/\/www.jh-itc.de\/wp-content\/uploads\/2016\/01\/JH-ITC2-1.png","contentUrl":"https:\/\/www.jh-itc.de\/wp-content\/uploads\/2016\/01\/JH-ITC2-1.png","width":300,"height":102,"caption":"JH-ITC GmbH"},"image":{"@id":"https:\/\/www.jh-itc.de\/en\/#\/schema\/logo\/image\/"},"sameAs":["https:\/\/www.facebook.com\/schalungshandel","https:\/\/x.com\/JH_ITC","https:\/\/www.linkedin.com\/in\/jhitc","https:\/\/youtu.be\/rMdZ-FLfI-Y"]}]}},"_links":{"self":[{"href":"https:\/\/www.jh-itc.de\/en\/wp-json\/wp\/v2\/product\/11958","targetHints":{"allow":["GET"]}}],"collection":[{"href":"https:\/\/www.jh-itc.de\/en\/wp-json\/wp\/v2\/product"}],"about":[{"href":"https:\/\/www.jh-itc.de\/en\/wp-json\/wp\/v2\/types\/product"}],"wp:featuredmedia":[{"embeddable":true,"href":"https:\/\/www.jh-itc.de\/en\/wp-json\/wp\/v2\/media\/6864"}],"wp:attachment":[{"href":"https:\/\/www.jh-itc.de\/en\/wp-json\/wp\/v2\/media?parent=11958"}],"wp:term":[{"taxonomy":"product_brand","embeddable":true,"href":"https:\/\/www.jh-itc.de\/en\/wp-json\/wp\/v2\/product_brand?post=11958"},{"taxonomy":"product_cat","embeddable":true,"href":"https:\/\/www.jh-itc.de\/en\/wp-json\/wp\/v2\/product_cat?post=11958"},{"taxonomy":"product_tag","embeddable":true,"href":"https:\/\/www.jh-itc.de\/en\/wp-json\/wp\/v2\/product_tag?post=11958"}],"curies":[{"name":"wp","href":"https:\/\/api.w.org\/{rel}","templated":true}]}}