{"id":11972,"date":"2018-11-15T01:06:16","date_gmt":"2021-02-24T19:49:00","guid":{"rendered":"https:\/\/www.jh-itc.de\/shop\/uncategorized\/putzmeister-concrete-pump-bsa-1409-d\/"},"modified":"2021-04-28T21:03:20","modified_gmt":"2021-04-28T19:03:20","slug":"putzmeister-concrete-pump-bsa-1409-d","status":"publish","type":"product","link":"https:\/\/www.jh-itc.de\/en\/shop\/construction-machinery\/putzmeister-concrete-pump-bsa-1409-d\/","title":{"rendered":"Putzmeister concrete pump BSA 1409 D"},"content":{"rendered":"","protected":false},"excerpt":{"rendered":"<p>We offer a <strong>Putzmeister concrete pump BSA 1409 D<\/strong>.<\/p>\n<hr>\n<p>Year of manufacture \/ Year = 2014<\/p>\n<p>Operating hours \/ Hrs = 657 hrs<\/p>\n<p>Max. Volume flow = 94\/63 m\u00b3\/h<\/p>\n<p>Engine power = 140 kw<\/p>\n<hr>\n<p>If you are interested please send us your request<\/p>\n<p>&nbsp;<\/p>\n","protected":false},"featured_media":4730,"template":"","meta":[],"product_brand":[],"product_cat":[219],"product_tag":[],"class_list":{"0":"post-11972","1":"product","2":"type-product","3":"status-publish","4":"has-post-thumbnail","6":"product_cat-construction-machinery","8":"first","9":"outofstock","10":"taxable","11":"shipping-taxable","12":"product-type-simple"},"yoast_head":"<!-- This site is optimized with the Yoast SEO plugin v27.3 - https:\/\/yoast.com\/product\/yoast-seo-wordpress\/ -->\n<title>Putzmeister concrete pump BSA 1409 D - JH - ITC GmbH<\/title>\n<meta name=\"description\" content=\"Concrete pump + pipes and distributor in a very good condition for sale\" \/>\n<meta name=\"robots\" content=\"index, follow, max-snippet:-1, max-image-preview:large, max-video-preview:-1\" \/>\n<link rel=\"canonical\" href=\"https:\/\/www.jh-itc.de\/en\/shop\/construction-machinery\/putzmeister-concrete-pump-bsa-1409-d\/\" \/>\n<meta property=\"og:locale\" content=\"en_US\" \/>\n<meta property=\"og:type\" content=\"article\" \/>\n<meta property=\"og:title\" content=\"Putzmeister concrete pump BSA 1409 D - JH - ITC GmbH\" \/>\n<meta property=\"og:description\" content=\"Concrete pump + pipes and distributor in a very good condition for sale\" \/>\n<meta property=\"og:url\" content=\"https:\/\/www.jh-itc.de\/en\/shop\/construction-machinery\/putzmeister-concrete-pump-bsa-1409-d\/\" \/>\n<meta property=\"og:site_name\" content=\"JH - ITC GmbH\" \/>\n<meta property=\"article:publisher\" content=\"https:\/\/www.facebook.com\/schalungshandel\" \/>\n<meta property=\"article:modified_time\" content=\"2021-04-28T19:03:20+00:00\" \/>\n<meta property=\"og:image\" content=\"https:\/\/www.jh-itc.de\/wp-content\/uploads\/2018\/11\/Putzmeister-BSA-1409-3-Klein.jpeg\" \/>\n\t<meta property=\"og:image:width\" content=\"800\" \/>\n\t<meta property=\"og:image:height\" content=\"480\" \/>\n\t<meta property=\"og:image:type\" content=\"image\/jpeg\" \/>\n<meta name=\"twitter:card\" content=\"summary_large_image\" \/>\n<meta name=\"twitter:site\" content=\"@JH_ITC\" \/>\n<!-- \/ Yoast SEO plugin. -->","yoast_head_json":{"title":"Putzmeister concrete pump BSA 1409 D - JH - ITC GmbH","description":"Concrete pump + pipes and distributor in a very good condition for sale","robots":{"index":"index","follow":"follow","max-snippet":"max-snippet:-1","max-image-preview":"max-image-preview:large","max-video-preview":"max-video-preview:-1"},"canonical":"https:\/\/www.jh-itc.de\/en\/shop\/construction-machinery\/putzmeister-concrete-pump-bsa-1409-d\/","og_locale":"en_US","og_type":"article","og_title":"Putzmeister concrete pump BSA 1409 D - JH - ITC GmbH","og_description":"Concrete pump + pipes and distributor in a very good condition for sale","og_url":"https:\/\/www.jh-itc.de\/en\/shop\/construction-machinery\/putzmeister-concrete-pump-bsa-1409-d\/","og_site_name":"JH - ITC GmbH","article_publisher":"https:\/\/www.facebook.com\/schalungshandel","article_modified_time":"2021-04-28T19:03:20+00:00","og_image":[{"width":800,"height":480,"url":"https:\/\/www.jh-itc.de\/wp-content\/uploads\/2018\/11\/Putzmeister-BSA-1409-3-Klein.jpeg","type":"image\/jpeg"}],"twitter_card":"summary_large_image","twitter_site":"@JH_ITC","schema":{"@context":"https:\/\/schema.org","@graph":[{"@type":"WebPage","@id":"https:\/\/www.jh-itc.de\/en\/shop\/construction-machinery\/putzmeister-concrete-pump-bsa-1409-d\/","url":"https:\/\/www.jh-itc.de\/en\/shop\/construction-machinery\/putzmeister-concrete-pump-bsa-1409-d\/","name":"Putzmeister concrete pump BSA 1409 D - JH - ITC GmbH","isPartOf":{"@id":"https:\/\/www.jh-itc.de\/en\/#website"},"primaryImageOfPage":{"@id":"https:\/\/www.jh-itc.de\/en\/shop\/construction-machinery\/putzmeister-concrete-pump-bsa-1409-d\/#primaryimage"},"image":{"@id":"https:\/\/www.jh-itc.de\/en\/shop\/construction-machinery\/putzmeister-concrete-pump-bsa-1409-d\/#primaryimage"},"thumbnailUrl":"https:\/\/www.jh-itc.de\/wp-content\/uploads\/2018\/11\/Putzmeister-BSA-1409-3-Klein.jpeg","datePublished":"2021-02-24T19:49:00+00:00","dateModified":"2021-04-28T19:03:20+00:00","description":"Concrete pump + pipes and distributor in a very good condition for sale","breadcrumb":{"@id":"https:\/\/www.jh-itc.de\/en\/shop\/construction-machinery\/putzmeister-concrete-pump-bsa-1409-d\/#breadcrumb"},"inLanguage":"en-US","potentialAction":[{"@type":"ReadAction","target":["https:\/\/www.jh-itc.de\/en\/shop\/construction-machinery\/putzmeister-concrete-pump-bsa-1409-d\/"]}]},{"@type":"ImageObject","inLanguage":"en-US","@id":"https:\/\/www.jh-itc.de\/en\/shop\/construction-machinery\/putzmeister-concrete-pump-bsa-1409-d\/#primaryimage","url":"https:\/\/www.jh-itc.de\/wp-content\/uploads\/2018\/11\/Putzmeister-BSA-1409-3-Klein.jpeg","contentUrl":"https:\/\/www.jh-itc.de\/wp-content\/uploads\/2018\/11\/Putzmeister-BSA-1409-3-Klein.jpeg","width":800,"height":480},{"@type":"BreadcrumbList","@id":"https:\/\/www.jh-itc.de\/en\/shop\/construction-machinery\/putzmeister-concrete-pump-bsa-1409-d\/#breadcrumb","itemListElement":[{"@type":"ListItem","position":1,"name":"Home","item":"https:\/\/www.jh-itc.de\/en\/"},{"@type":"ListItem","position":2,"name":"Store","item":"https:\/\/www.jh-itc.de\/en\/?page_id=7087"},{"@type":"ListItem","position":3,"name":"Putzmeister concrete pump BSA 1409 D"}]},{"@type":"WebSite","@id":"https:\/\/www.jh-itc.de\/en\/#website","url":"https:\/\/www.jh-itc.de\/en\/","name":"JH - ITC GmbH","description":"Ihr Experte f\u00fcr gebrauchte St\u00fctzen, Schalungen und Ger\u00fcste","publisher":{"@id":"https:\/\/www.jh-itc.de\/en\/#organization"},"potentialAction":[{"@type":"SearchAction","target":{"@type":"EntryPoint","urlTemplate":"https:\/\/www.jh-itc.de\/en\/?s={search_term_string}"},"query-input":{"@type":"PropertyValueSpecification","valueRequired":true,"valueName":"search_term_string"}}],"inLanguage":"en-US"},{"@type":"Organization","@id":"https:\/\/www.jh-itc.de\/en\/#organization","name":"JH-ITC GmbH","url":"https:\/\/www.jh-itc.de\/en\/","logo":{"@type":"ImageObject","inLanguage":"en-US","@id":"https:\/\/www.jh-itc.de\/en\/#\/schema\/logo\/image\/","url":"https:\/\/www.jh-itc.de\/wp-content\/uploads\/2016\/01\/JH-ITC2-1.png","contentUrl":"https:\/\/www.jh-itc.de\/wp-content\/uploads\/2016\/01\/JH-ITC2-1.png","width":300,"height":102,"caption":"JH-ITC GmbH"},"image":{"@id":"https:\/\/www.jh-itc.de\/en\/#\/schema\/logo\/image\/"},"sameAs":["https:\/\/www.facebook.com\/schalungshandel","https:\/\/x.com\/JH_ITC","https:\/\/www.linkedin.com\/in\/jhitc","https:\/\/youtu.be\/rMdZ-FLfI-Y"]}]}},"_links":{"self":[{"href":"https:\/\/www.jh-itc.de\/en\/wp-json\/wp\/v2\/product\/11972","targetHints":{"allow":["GET"]}}],"collection":[{"href":"https:\/\/www.jh-itc.de\/en\/wp-json\/wp\/v2\/product"}],"about":[{"href":"https:\/\/www.jh-itc.de\/en\/wp-json\/wp\/v2\/types\/product"}],"wp:featuredmedia":[{"embeddable":true,"href":"https:\/\/www.jh-itc.de\/en\/wp-json\/wp\/v2\/media\/4730"}],"wp:attachment":[{"href":"https:\/\/www.jh-itc.de\/en\/wp-json\/wp\/v2\/media?parent=11972"}],"wp:term":[{"taxonomy":"product_brand","embeddable":true,"href":"https:\/\/www.jh-itc.de\/en\/wp-json\/wp\/v2\/product_brand?post=11972"},{"taxonomy":"product_cat","embeddable":true,"href":"https:\/\/www.jh-itc.de\/en\/wp-json\/wp\/v2\/product_cat?post=11972"},{"taxonomy":"product_tag","embeddable":true,"href":"https:\/\/www.jh-itc.de\/en\/wp-json\/wp\/v2\/product_tag?post=11972"}],"curies":[{"name":"wp","href":"https:\/\/api.w.org\/{rel}","templated":true}]}}