{"id":12002,"date":"2019-12-13T00:48:32","date_gmt":"2021-02-24T19:49:15","guid":{"rendered":"https:\/\/www.jh-itc.de\/shop\/uncategorized\/doka-ff100-tec\/"},"modified":"2021-04-28T21:34:24","modified_gmt":"2021-04-28T19:34:24","slug":"doka-ff100-tec","status":"publish","type":"product","link":"https:\/\/www.jh-itc.de\/en\/shop\/formwork\/doka-ff100-tec\/","title":{"rendered":"Doka FF100 tec"},"content":{"rendered":"<p>The large-area <strong>formwork Doka FF100 tec<\/strong> is a ready-to-use, heavy-duty large-area formwork with system grid<\/p>\n<p><strong>Unlimited <\/strong><strong>concreting speed up to 3.60 m concreting height<br \/>\n<\/strong>\u25aa up to 3.60 m concreting height only 2 tie holes 20.0<br \/>\n\u25aa hydrostatic load even when using the new concretes<\/p>\n<p>Up to 3.60 m concreting height hydrostatic load capacity: 90 kN\/m2<\/p>\n<hr>\n<div class=\"page \">\n<div class=\"productdetail productdetail--tabview \">\n<div>\n<div class=\"productteaser\">\n<div class=\"productteaser__description\">\n<div class=\"uk-container uk-container-center\">\n<p class=\"text-bold\">\n<\/div>\n<\/div>\n<\/div>\n<\/div>\n<\/div>\n<\/div>\n","protected":false},"excerpt":{"rendered":"<p>We offer used <strong>Doka FF 100 tec large-area formwork<\/strong>.<\/p>\n<p>This is in very good condition.<\/p>\n<p>If you are interested, please send us your inquiry.<\/p>\n<p>&nbsp;<\/p>\n","protected":false},"featured_media":8604,"template":"","meta":[],"product_brand":[],"product_cat":[225,224],"product_tag":[],"class_list":{"0":"post-12002","1":"product","2":"type-product","3":"status-publish","4":"has-post-thumbnail","6":"product_cat-doka-en","7":"product_cat-formwork","9":"first","10":"instock","11":"taxable","12":"shipping-taxable","13":"product-type-simple"},"yoast_head":"<!-- This site is optimized with the Yoast SEO plugin v27.3 - https:\/\/yoast.com\/product\/yoast-seo-wordpress\/ -->\n<title>Doka FF100 tec - JH - ITC GmbH<\/title>\n<meta name=\"description\" content=\"The Doka large-area formwork FF100 tec\" \/>\n<meta name=\"robots\" content=\"index, follow, max-snippet:-1, max-image-preview:large, max-video-preview:-1\" \/>\n<link rel=\"canonical\" href=\"https:\/\/www.jh-itc.de\/en\/shop\/formwork\/doka-ff100-tec\/\" \/>\n<meta property=\"og:locale\" content=\"en_US\" \/>\n<meta property=\"og:type\" content=\"article\" \/>\n<meta property=\"og:title\" content=\"Doka FF100 tec - JH - ITC GmbH\" \/>\n<meta property=\"og:description\" content=\"The Doka large-area formwork FF100 tec\" \/>\n<meta property=\"og:url\" content=\"https:\/\/www.jh-itc.de\/en\/shop\/formwork\/doka-ff100-tec\/\" \/>\n<meta property=\"og:site_name\" content=\"JH - ITC GmbH\" \/>\n<meta property=\"article:publisher\" content=\"https:\/\/www.facebook.com\/schalungshandel\" \/>\n<meta property=\"article:modified_time\" content=\"2021-04-28T19:34:24+00:00\" \/>\n<meta property=\"og:image\" content=\"https:\/\/www.jh-itc.de\/wp-content\/uploads\/2019\/12\/Doka-FF100-tec-1.jpeg\" \/>\n\t<meta property=\"og:image:width\" content=\"640\" \/>\n\t<meta property=\"og:image:height\" content=\"480\" \/>\n\t<meta property=\"og:image:type\" content=\"image\/jpeg\" \/>\n<meta name=\"twitter:card\" content=\"summary_large_image\" \/>\n<meta name=\"twitter:site\" content=\"@JH_ITC\" \/>\n<!-- \/ Yoast SEO plugin. -->","yoast_head_json":{"title":"Doka FF100 tec - JH - ITC GmbH","description":"The Doka large-area formwork FF100 tec","robots":{"index":"index","follow":"follow","max-snippet":"max-snippet:-1","max-image-preview":"max-image-preview:large","max-video-preview":"max-video-preview:-1"},"canonical":"https:\/\/www.jh-itc.de\/en\/shop\/formwork\/doka-ff100-tec\/","og_locale":"en_US","og_type":"article","og_title":"Doka FF100 tec - JH - ITC GmbH","og_description":"The Doka large-area formwork FF100 tec","og_url":"https:\/\/www.jh-itc.de\/en\/shop\/formwork\/doka-ff100-tec\/","og_site_name":"JH - ITC GmbH","article_publisher":"https:\/\/www.facebook.com\/schalungshandel","article_modified_time":"2021-04-28T19:34:24+00:00","og_image":[{"width":640,"height":480,"url":"https:\/\/www.jh-itc.de\/wp-content\/uploads\/2019\/12\/Doka-FF100-tec-1.jpeg","type":"image\/jpeg"}],"twitter_card":"summary_large_image","twitter_site":"@JH_ITC","schema":{"@context":"https:\/\/schema.org","@graph":[{"@type":"WebPage","@id":"https:\/\/www.jh-itc.de\/en\/shop\/formwork\/doka-ff100-tec\/","url":"https:\/\/www.jh-itc.de\/en\/shop\/formwork\/doka-ff100-tec\/","name":"Doka FF100 tec - JH - ITC GmbH","isPartOf":{"@id":"https:\/\/www.jh-itc.de\/en\/#website"},"primaryImageOfPage":{"@id":"https:\/\/www.jh-itc.de\/en\/shop\/formwork\/doka-ff100-tec\/#primaryimage"},"image":{"@id":"https:\/\/www.jh-itc.de\/en\/shop\/formwork\/doka-ff100-tec\/#primaryimage"},"thumbnailUrl":"https:\/\/www.jh-itc.de\/wp-content\/uploads\/2019\/12\/Doka-FF100-tec-1.jpeg","datePublished":"2021-02-24T19:49:15+00:00","dateModified":"2021-04-28T19:34:24+00:00","description":"The Doka large-area formwork FF100 tec","breadcrumb":{"@id":"https:\/\/www.jh-itc.de\/en\/shop\/formwork\/doka-ff100-tec\/#breadcrumb"},"inLanguage":"en-US","potentialAction":[{"@type":"ReadAction","target":["https:\/\/www.jh-itc.de\/en\/shop\/formwork\/doka-ff100-tec\/"]}]},{"@type":"ImageObject","inLanguage":"en-US","@id":"https:\/\/www.jh-itc.de\/en\/shop\/formwork\/doka-ff100-tec\/#primaryimage","url":"https:\/\/www.jh-itc.de\/wp-content\/uploads\/2019\/12\/Doka-FF100-tec-1.jpeg","contentUrl":"https:\/\/www.jh-itc.de\/wp-content\/uploads\/2019\/12\/Doka-FF100-tec-1.jpeg","width":640,"height":480},{"@type":"BreadcrumbList","@id":"https:\/\/www.jh-itc.de\/en\/shop\/formwork\/doka-ff100-tec\/#breadcrumb","itemListElement":[{"@type":"ListItem","position":1,"name":"Home","item":"https:\/\/www.jh-itc.de\/en\/"},{"@type":"ListItem","position":2,"name":"Store","item":"https:\/\/www.jh-itc.de\/en\/?page_id=7087"},{"@type":"ListItem","position":3,"name":"Doka FF100 tec"}]},{"@type":"WebSite","@id":"https:\/\/www.jh-itc.de\/en\/#website","url":"https:\/\/www.jh-itc.de\/en\/","name":"JH - ITC GmbH","description":"Ihr Experte f\u00fcr gebrauchte St\u00fctzen, Schalungen und Ger\u00fcste","publisher":{"@id":"https:\/\/www.jh-itc.de\/en\/#organization"},"potentialAction":[{"@type":"SearchAction","target":{"@type":"EntryPoint","urlTemplate":"https:\/\/www.jh-itc.de\/en\/?s={search_term_string}"},"query-input":{"@type":"PropertyValueSpecification","valueRequired":true,"valueName":"search_term_string"}}],"inLanguage":"en-US"},{"@type":"Organization","@id":"https:\/\/www.jh-itc.de\/en\/#organization","name":"JH-ITC GmbH","url":"https:\/\/www.jh-itc.de\/en\/","logo":{"@type":"ImageObject","inLanguage":"en-US","@id":"https:\/\/www.jh-itc.de\/en\/#\/schema\/logo\/image\/","url":"https:\/\/www.jh-itc.de\/wp-content\/uploads\/2016\/01\/JH-ITC2-1.png","contentUrl":"https:\/\/www.jh-itc.de\/wp-content\/uploads\/2016\/01\/JH-ITC2-1.png","width":300,"height":102,"caption":"JH-ITC GmbH"},"image":{"@id":"https:\/\/www.jh-itc.de\/en\/#\/schema\/logo\/image\/"},"sameAs":["https:\/\/www.facebook.com\/schalungshandel","https:\/\/x.com\/JH_ITC","https:\/\/www.linkedin.com\/in\/jhitc","https:\/\/youtu.be\/rMdZ-FLfI-Y"]}]}},"_links":{"self":[{"href":"https:\/\/www.jh-itc.de\/en\/wp-json\/wp\/v2\/product\/12002","targetHints":{"allow":["GET"]}}],"collection":[{"href":"https:\/\/www.jh-itc.de\/en\/wp-json\/wp\/v2\/product"}],"about":[{"href":"https:\/\/www.jh-itc.de\/en\/wp-json\/wp\/v2\/types\/product"}],"wp:featuredmedia":[{"embeddable":true,"href":"https:\/\/www.jh-itc.de\/en\/wp-json\/wp\/v2\/media\/8604"}],"wp:attachment":[{"href":"https:\/\/www.jh-itc.de\/en\/wp-json\/wp\/v2\/media?parent=12002"}],"wp:term":[{"taxonomy":"product_brand","embeddable":true,"href":"https:\/\/www.jh-itc.de\/en\/wp-json\/wp\/v2\/product_brand?post=12002"},{"taxonomy":"product_cat","embeddable":true,"href":"https:\/\/www.jh-itc.de\/en\/wp-json\/wp\/v2\/product_cat?post=12002"},{"taxonomy":"product_tag","embeddable":true,"href":"https:\/\/www.jh-itc.de\/en\/wp-json\/wp\/v2\/product_tag?post=12002"}],"curies":[{"name":"wp","href":"https:\/\/api.w.org\/{rel}","templated":true}]}}