{"id":12630,"date":"2015-06-09T13:06:12","date_gmt":"2021-03-01T19:01:16","guid":{"rendered":"https:\/\/www.jh-itc.de\/shop\/uncategorized\/peri-multiprop-480\/"},"modified":"2023-02-15T15:53:21","modified_gmt":"2023-02-15T14:53:21","slug":"peri-multiprop-for-sale","status":"publish","type":"product","link":"https:\/\/www.jh-itc.de\/en\/shop\/props\/peri-multiprop-for-sale\/","title":{"rendered":"Peri Multiprop 480"},"content":{"rendered":"","protected":false},"excerpt":{"rendered":"<p>We offer used <strong>Peri Multiprop 480 <\/strong>.<\/p>\n<p>Send us your request.<\/p>\n<p>&nbsp;<\/p>\n","protected":false},"featured_media":6638,"template":"","meta":[],"product_brand":[],"product_cat":[227,232,223],"product_tag":[],"class_list":{"0":"post-12630","1":"product","2":"type-product","3":"status-publish","4":"has-post-thumbnail","6":"product_cat-peri-en","7":"product_cat-peri-multiprops-en","8":"product_cat-props","10":"first","11":"instock","12":"taxable","13":"shipping-taxable","14":"product-type-simple"},"yoast_head":"<!-- This site is optimized with the Yoast SEO plugin v27.3 - https:\/\/yoast.com\/product\/yoast-seo-wordpress\/ -->\n<title>Peri Multiprop 480 - JH - ITC GmbH<\/title>\n<meta name=\"description\" content=\"Peri Multiprop, Peri MP 250, Peri MP 350, Peri MP 480, Peri MP 625\" \/>\n<meta name=\"robots\" content=\"index, follow, max-snippet:-1, max-image-preview:large, max-video-preview:-1\" \/>\n<link rel=\"canonical\" href=\"https:\/\/www.jh-itc.de\/en\/shop\/props\/peri-multiprop-for-sale\/\" \/>\n<meta property=\"og:locale\" content=\"en_US\" \/>\n<meta property=\"og:type\" content=\"article\" \/>\n<meta property=\"og:title\" content=\"Peri Multiprop 480 - JH - ITC GmbH\" \/>\n<meta property=\"og:description\" content=\"Peri Multiprop, Peri MP 250, Peri MP 350, Peri MP 480, Peri MP 625\" \/>\n<meta property=\"og:url\" content=\"https:\/\/www.jh-itc.de\/en\/shop\/props\/peri-multiprop-for-sale\/\" \/>\n<meta property=\"og:site_name\" content=\"JH - ITC GmbH\" \/>\n<meta property=\"article:publisher\" content=\"https:\/\/www.facebook.com\/schalungshandel\" \/>\n<meta property=\"article:modified_time\" content=\"2023-02-15T14:53:21+00:00\" \/>\n<meta property=\"og:image\" content=\"https:\/\/www.jh-itc.de\/wp-content\/uploads\/2015\/06\/jh-itc_Peri-MP-1.jpg\" \/>\n\t<meta property=\"og:image:width\" content=\"480\" \/>\n\t<meta property=\"og:image:height\" content=\"480\" \/>\n\t<meta property=\"og:image:type\" content=\"image\/jpeg\" \/>\n<meta name=\"twitter:card\" content=\"summary_large_image\" \/>\n<meta name=\"twitter:site\" content=\"@JH_ITC\" \/>\n<!-- \/ Yoast SEO plugin. -->","yoast_head_json":{"title":"Peri Multiprop 480 - JH - ITC GmbH","description":"Peri Multiprop, Peri MP 250, Peri MP 350, Peri MP 480, Peri MP 625","robots":{"index":"index","follow":"follow","max-snippet":"max-snippet:-1","max-image-preview":"max-image-preview:large","max-video-preview":"max-video-preview:-1"},"canonical":"https:\/\/www.jh-itc.de\/en\/shop\/props\/peri-multiprop-for-sale\/","og_locale":"en_US","og_type":"article","og_title":"Peri Multiprop 480 - JH - ITC GmbH","og_description":"Peri Multiprop, Peri MP 250, Peri MP 350, Peri MP 480, Peri MP 625","og_url":"https:\/\/www.jh-itc.de\/en\/shop\/props\/peri-multiprop-for-sale\/","og_site_name":"JH - ITC GmbH","article_publisher":"https:\/\/www.facebook.com\/schalungshandel","article_modified_time":"2023-02-15T14:53:21+00:00","og_image":[{"width":480,"height":480,"url":"https:\/\/www.jh-itc.de\/wp-content\/uploads\/2015\/06\/jh-itc_Peri-MP-1.jpg","type":"image\/jpeg"}],"twitter_card":"summary_large_image","twitter_site":"@JH_ITC","schema":{"@context":"https:\/\/schema.org","@graph":[{"@type":"WebPage","@id":"https:\/\/www.jh-itc.de\/en\/shop\/props\/peri-multiprop-for-sale\/","url":"https:\/\/www.jh-itc.de\/en\/shop\/props\/peri-multiprop-for-sale\/","name":"Peri Multiprop 480 - JH - ITC GmbH","isPartOf":{"@id":"https:\/\/www.jh-itc.de\/en\/#website"},"primaryImageOfPage":{"@id":"https:\/\/www.jh-itc.de\/en\/shop\/props\/peri-multiprop-for-sale\/#primaryimage"},"image":{"@id":"https:\/\/www.jh-itc.de\/en\/shop\/props\/peri-multiprop-for-sale\/#primaryimage"},"thumbnailUrl":"https:\/\/www.jh-itc.de\/wp-content\/uploads\/2015\/06\/jh-itc_Peri-MP-1.jpg","datePublished":"2021-03-01T19:01:16+00:00","dateModified":"2023-02-15T14:53:21+00:00","description":"Peri Multiprop, Peri MP 250, Peri MP 350, Peri MP 480, Peri MP 625","breadcrumb":{"@id":"https:\/\/www.jh-itc.de\/en\/shop\/props\/peri-multiprop-for-sale\/#breadcrumb"},"inLanguage":"en-US","potentialAction":[{"@type":"ReadAction","target":["https:\/\/www.jh-itc.de\/en\/shop\/props\/peri-multiprop-for-sale\/"]}]},{"@type":"ImageObject","inLanguage":"en-US","@id":"https:\/\/www.jh-itc.de\/en\/shop\/props\/peri-multiprop-for-sale\/#primaryimage","url":"https:\/\/www.jh-itc.de\/wp-content\/uploads\/2015\/06\/jh-itc_Peri-MP-1.jpg","contentUrl":"https:\/\/www.jh-itc.de\/wp-content\/uploads\/2015\/06\/jh-itc_Peri-MP-1.jpg","width":480,"height":480},{"@type":"BreadcrumbList","@id":"https:\/\/www.jh-itc.de\/en\/shop\/props\/peri-multiprop-for-sale\/#breadcrumb","itemListElement":[{"@type":"ListItem","position":1,"name":"Home","item":"https:\/\/www.jh-itc.de\/en\/"},{"@type":"ListItem","position":2,"name":"Store","item":"https:\/\/www.jh-itc.de\/en\/?page_id=7087"},{"@type":"ListItem","position":3,"name":"Peri Multiprop 480"}]},{"@type":"WebSite","@id":"https:\/\/www.jh-itc.de\/en\/#website","url":"https:\/\/www.jh-itc.de\/en\/","name":"JH - ITC GmbH","description":"Ihr Experte f\u00fcr gebrauchte St\u00fctzen, Schalungen und Ger\u00fcste","publisher":{"@id":"https:\/\/www.jh-itc.de\/en\/#organization"},"potentialAction":[{"@type":"SearchAction","target":{"@type":"EntryPoint","urlTemplate":"https:\/\/www.jh-itc.de\/en\/?s={search_term_string}"},"query-input":{"@type":"PropertyValueSpecification","valueRequired":true,"valueName":"search_term_string"}}],"inLanguage":"en-US"},{"@type":"Organization","@id":"https:\/\/www.jh-itc.de\/en\/#organization","name":"JH-ITC GmbH","url":"https:\/\/www.jh-itc.de\/en\/","logo":{"@type":"ImageObject","inLanguage":"en-US","@id":"https:\/\/www.jh-itc.de\/en\/#\/schema\/logo\/image\/","url":"https:\/\/www.jh-itc.de\/wp-content\/uploads\/2016\/01\/JH-ITC2-1.png","contentUrl":"https:\/\/www.jh-itc.de\/wp-content\/uploads\/2016\/01\/JH-ITC2-1.png","width":300,"height":102,"caption":"JH-ITC GmbH"},"image":{"@id":"https:\/\/www.jh-itc.de\/en\/#\/schema\/logo\/image\/"},"sameAs":["https:\/\/www.facebook.com\/schalungshandel","https:\/\/x.com\/JH_ITC","https:\/\/www.linkedin.com\/in\/jhitc","https:\/\/youtu.be\/rMdZ-FLfI-Y"]}]}},"_links":{"self":[{"href":"https:\/\/www.jh-itc.de\/en\/wp-json\/wp\/v2\/product\/12630","targetHints":{"allow":["GET"]}}],"collection":[{"href":"https:\/\/www.jh-itc.de\/en\/wp-json\/wp\/v2\/product"}],"about":[{"href":"https:\/\/www.jh-itc.de\/en\/wp-json\/wp\/v2\/types\/product"}],"wp:featuredmedia":[{"embeddable":true,"href":"https:\/\/www.jh-itc.de\/en\/wp-json\/wp\/v2\/media\/6638"}],"wp:attachment":[{"href":"https:\/\/www.jh-itc.de\/en\/wp-json\/wp\/v2\/media?parent=12630"}],"wp:term":[{"taxonomy":"product_brand","embeddable":true,"href":"https:\/\/www.jh-itc.de\/en\/wp-json\/wp\/v2\/product_brand?post=12630"},{"taxonomy":"product_cat","embeddable":true,"href":"https:\/\/www.jh-itc.de\/en\/wp-json\/wp\/v2\/product_cat?post=12630"},{"taxonomy":"product_tag","embeddable":true,"href":"https:\/\/www.jh-itc.de\/en\/wp-json\/wp\/v2\/product_tag?post=12630"}],"curies":[{"name":"wp","href":"https:\/\/api.w.org\/{rel}","templated":true}]}}