{"id":12674,"date":"2020-04-16T22:36:34","date_gmt":"2021-03-01T19:01:53","guid":{"rendered":"https:\/\/www.jh-itc.de\/shop\/uncategorized\/combisafe-steel-mesh-barrier-system\/"},"modified":"2021-04-28T21:36:41","modified_gmt":"2021-04-28T19:36:41","slug":"combisafe","status":"publish","type":"product","link":"https:\/\/www.jh-itc.de\/en\/shop\/props\/combisafe\/","title":{"rendered":"Combisafe steel mesh barrier system"},"content":{"rendered":"","protected":false},"excerpt":{"rendered":"<p>We can offer you the following used <strong>Combisafe steel grid system<\/strong>.<\/p>\n<table width=\"0\">\n<tbody>\n<tr>\n<td width=\"153\"><strong>Material-No.<\/strong><\/td>\n<td width=\"536\"><strong>Designation<\/strong><\/td>\n<td width=\"136\"><strong>Quantity<\/strong><\/td>\n<\/tr>\n<tr>\n<td width=\"153\"><\/td>\n<td width=\"536\"><\/td>\n<td width=\"136\"><\/td>\n<\/tr>\n<tr>\n<td width=\"153\">B403633400<\/td>\n<td width=\"536\">Steel protective grating 2.50 m Combisafe (railing)<\/td>\n<td width=\"136\">422<\/td>\n<\/tr>\n<tr>\n<td width=\"153\">B403633500<\/td>\n<td width=\"536\">Guard-railing post 1102 4-sided Combisafe<\/td>\n<td width=\"136\">146<\/td>\n<\/tr>\n<tr>\n<td width=\"153\">B403633505<\/td>\n<td width=\"536\">Guard-railing post 2000 4-sided Combisafe<\/td>\n<td width=\"136\">689<\/td>\n<\/tr>\n<tr>\n<td width=\"153\">B403633510<\/td>\n<td width=\"536\">Post extension Combisafe 1245<\/td>\n<td width=\"136\">70<\/td>\n<\/tr>\n<tr>\n<td width=\"153\">B403633550<\/td>\n<td width=\"536\">Multi-clamp Combisafe (post holder w. crank)<\/td>\n<td width=\"136\">26<\/td>\n<\/tr>\n<tr>\n<td width=\"153\">B403633600<\/td>\n<td width=\"536\">Multifoot Combisafe<\/td>\n<td width=\"136\">776<\/td>\n<\/tr>\n<tr>\n<td width=\"153\">B403633650<\/td>\n<td width=\"536\">Steel mesh box Combisafe<\/td>\n<td width=\"136\">9<\/td>\n<\/tr>\n<tr>\n<td width=\"153\">B403635210<\/td>\n<td width=\"536\">Guard-railing post SGP<\/td>\n<td width=\"136\">170<\/td>\n<\/tr>\n<tr>\n<td width=\"153\">B403636009<\/td>\n<td width=\"536\">Screw-on set DW 15 with wing nut<\/td>\n<td width=\"136\">117<\/td>\n<\/tr>\n<tr>\n<td width=\"153\">B403636070<\/td>\n<td width=\"536\">Additional piece 2 railing posts Robusta<\/td>\n<td width=\"136\">179<\/td>\n<\/tr>\n<tr>\n<td width=\"153\">B403650025<\/td>\n<td width=\"536\">Protecto footrest holder<\/td>\n<td width=\"136\">40<\/td>\n<\/tr>\n<tr>\n<td width=\"153\">B403650035<\/td>\n<td width=\"536\">Protecto stair console<\/td>\n<td width=\"136\">40<\/td>\n<\/tr>\n<\/tbody>\n<\/table>\n<p>The material is in good used condition and available on request.<\/p>\n","protected":false},"featured_media":12675,"template":"","meta":[],"product_brand":[],"product_cat":[223,224,229],"product_tag":[],"class_list":{"0":"post-12674","1":"product","2":"type-product","3":"status-publish","4":"has-post-thumbnail","6":"product_cat-props","7":"product_cat-formwork","8":"product_cat-special-items","10":"first","11":"instock","12":"taxable","13":"shipping-taxable","14":"product-type-simple"},"yoast_head":"<!-- This site is optimized with the Yoast SEO plugin v27.3 - https:\/\/yoast.com\/product\/yoast-seo-wordpress\/ -->\n<title>Combisafe steel mesh barrier system - JH - ITC GmbH<\/title>\n<meta name=\"description\" content=\"Combisafe steel mesh barrier system. Renowned manufacturers \u2714 New &amp; used formwork, props, scaffolding &amp; construction machinery \u2714 Request a quote now!\" \/>\n<meta name=\"robots\" content=\"index, follow, max-snippet:-1, max-image-preview:large, max-video-preview:-1\" \/>\n<link rel=\"canonical\" href=\"https:\/\/www.jh-itc.de\/en\/shop\/props\/combisafe\/\" \/>\n<meta property=\"og:locale\" content=\"en_US\" \/>\n<meta property=\"og:type\" content=\"article\" \/>\n<meta property=\"og:title\" content=\"Combisafe steel mesh barrier system - JH - ITC GmbH\" \/>\n<meta property=\"og:description\" content=\"Combisafe steel mesh barrier system. Renowned manufacturers \u2714 New &amp; used formwork, props, scaffolding &amp; construction machinery \u2714 Request a quote now!\" \/>\n<meta property=\"og:url\" content=\"https:\/\/www.jh-itc.de\/en\/shop\/props\/combisafe\/\" \/>\n<meta property=\"og:site_name\" content=\"JH - ITC GmbH\" \/>\n<meta property=\"article:publisher\" content=\"https:\/\/www.facebook.com\/schalungshandel\" \/>\n<meta property=\"article:modified_time\" content=\"2021-04-28T19:36:41+00:00\" \/>\n<meta property=\"og:image\" content=\"https:\/\/www.jh-itc.de\/wp-content\/uploads\/2020\/04\/Combisafe-Material-5.jpg\" \/>\n\t<meta property=\"og:image:width\" content=\"1600\" \/>\n\t<meta property=\"og:image:height\" content=\"1200\" \/>\n\t<meta property=\"og:image:type\" content=\"image\/jpeg\" \/>\n<meta name=\"twitter:card\" content=\"summary_large_image\" \/>\n<meta name=\"twitter:site\" content=\"@JH_ITC\" \/>\n<!-- \/ Yoast SEO plugin. -->","yoast_head_json":{"title":"Combisafe steel mesh barrier system - JH - ITC GmbH","description":"Combisafe steel mesh barrier system. Renowned manufacturers \u2714 New & used formwork, props, scaffolding & construction machinery \u2714 Request a quote now!","robots":{"index":"index","follow":"follow","max-snippet":"max-snippet:-1","max-image-preview":"max-image-preview:large","max-video-preview":"max-video-preview:-1"},"canonical":"https:\/\/www.jh-itc.de\/en\/shop\/props\/combisafe\/","og_locale":"en_US","og_type":"article","og_title":"Combisafe steel mesh barrier system - JH - ITC GmbH","og_description":"Combisafe steel mesh barrier system. Renowned manufacturers \u2714 New & used formwork, props, scaffolding & construction machinery \u2714 Request a quote now!","og_url":"https:\/\/www.jh-itc.de\/en\/shop\/props\/combisafe\/","og_site_name":"JH - ITC GmbH","article_publisher":"https:\/\/www.facebook.com\/schalungshandel","article_modified_time":"2021-04-28T19:36:41+00:00","og_image":[{"width":1600,"height":1200,"url":"https:\/\/www.jh-itc.de\/wp-content\/uploads\/2020\/04\/Combisafe-Material-5.jpg","type":"image\/jpeg"}],"twitter_card":"summary_large_image","twitter_site":"@JH_ITC","schema":{"@context":"https:\/\/schema.org","@graph":[{"@type":"WebPage","@id":"https:\/\/www.jh-itc.de\/en\/shop\/props\/combisafe\/","url":"https:\/\/www.jh-itc.de\/en\/shop\/props\/combisafe\/","name":"Combisafe steel mesh barrier system - JH - ITC GmbH","isPartOf":{"@id":"https:\/\/www.jh-itc.de\/en\/#website"},"primaryImageOfPage":{"@id":"https:\/\/www.jh-itc.de\/en\/shop\/props\/combisafe\/#primaryimage"},"image":{"@id":"https:\/\/www.jh-itc.de\/en\/shop\/props\/combisafe\/#primaryimage"},"thumbnailUrl":"https:\/\/www.jh-itc.de\/wp-content\/uploads\/2020\/04\/Combisafe-Material-5.jpg","datePublished":"2021-03-01T19:01:53+00:00","dateModified":"2021-04-28T19:36:41+00:00","description":"Combisafe steel mesh barrier system. Renowned manufacturers \u2714 New & used formwork, props, scaffolding & construction machinery \u2714 Request a quote now!","breadcrumb":{"@id":"https:\/\/www.jh-itc.de\/en\/shop\/props\/combisafe\/#breadcrumb"},"inLanguage":"en-US","potentialAction":[{"@type":"ReadAction","target":["https:\/\/www.jh-itc.de\/en\/shop\/props\/combisafe\/"]}]},{"@type":"ImageObject","inLanguage":"en-US","@id":"https:\/\/www.jh-itc.de\/en\/shop\/props\/combisafe\/#primaryimage","url":"https:\/\/www.jh-itc.de\/wp-content\/uploads\/2020\/04\/Combisafe-Material-5.jpg","contentUrl":"https:\/\/www.jh-itc.de\/wp-content\/uploads\/2020\/04\/Combisafe-Material-5.jpg","width":1600,"height":1200},{"@type":"BreadcrumbList","@id":"https:\/\/www.jh-itc.de\/en\/shop\/props\/combisafe\/#breadcrumb","itemListElement":[{"@type":"ListItem","position":1,"name":"Home","item":"https:\/\/www.jh-itc.de\/en\/"},{"@type":"ListItem","position":2,"name":"Store","item":"https:\/\/www.jh-itc.de\/en\/?page_id=7087"},{"@type":"ListItem","position":3,"name":"Combisafe steel mesh barrier system"}]},{"@type":"WebSite","@id":"https:\/\/www.jh-itc.de\/en\/#website","url":"https:\/\/www.jh-itc.de\/en\/","name":"JH - ITC GmbH","description":"Ihr Experte f\u00fcr gebrauchte St\u00fctzen, Schalungen und Ger\u00fcste","publisher":{"@id":"https:\/\/www.jh-itc.de\/en\/#organization"},"potentialAction":[{"@type":"SearchAction","target":{"@type":"EntryPoint","urlTemplate":"https:\/\/www.jh-itc.de\/en\/?s={search_term_string}"},"query-input":{"@type":"PropertyValueSpecification","valueRequired":true,"valueName":"search_term_string"}}],"inLanguage":"en-US"},{"@type":"Organization","@id":"https:\/\/www.jh-itc.de\/en\/#organization","name":"JH-ITC GmbH","url":"https:\/\/www.jh-itc.de\/en\/","logo":{"@type":"ImageObject","inLanguage":"en-US","@id":"https:\/\/www.jh-itc.de\/en\/#\/schema\/logo\/image\/","url":"https:\/\/www.jh-itc.de\/wp-content\/uploads\/2016\/01\/JH-ITC2-1.png","contentUrl":"https:\/\/www.jh-itc.de\/wp-content\/uploads\/2016\/01\/JH-ITC2-1.png","width":300,"height":102,"caption":"JH-ITC GmbH"},"image":{"@id":"https:\/\/www.jh-itc.de\/en\/#\/schema\/logo\/image\/"},"sameAs":["https:\/\/www.facebook.com\/schalungshandel","https:\/\/x.com\/JH_ITC","https:\/\/www.linkedin.com\/in\/jhitc","https:\/\/youtu.be\/rMdZ-FLfI-Y"]}]}},"_links":{"self":[{"href":"https:\/\/www.jh-itc.de\/en\/wp-json\/wp\/v2\/product\/12674","targetHints":{"allow":["GET"]}}],"collection":[{"href":"https:\/\/www.jh-itc.de\/en\/wp-json\/wp\/v2\/product"}],"about":[{"href":"https:\/\/www.jh-itc.de\/en\/wp-json\/wp\/v2\/types\/product"}],"wp:featuredmedia":[{"embeddable":true,"href":"https:\/\/www.jh-itc.de\/en\/wp-json\/wp\/v2\/media\/12675"}],"wp:attachment":[{"href":"https:\/\/www.jh-itc.de\/en\/wp-json\/wp\/v2\/media?parent=12674"}],"wp:term":[{"taxonomy":"product_brand","embeddable":true,"href":"https:\/\/www.jh-itc.de\/en\/wp-json\/wp\/v2\/product_brand?post=12674"},{"taxonomy":"product_cat","embeddable":true,"href":"https:\/\/www.jh-itc.de\/en\/wp-json\/wp\/v2\/product_cat?post=12674"},{"taxonomy":"product_tag","embeddable":true,"href":"https:\/\/www.jh-itc.de\/en\/wp-json\/wp\/v2\/product_tag?post=12674"}],"curies":[{"name":"wp","href":"https:\/\/api.w.org\/{rel}","templated":true}]}}