{"id":12705,"date":"2016-12-04T13:30:57","date_gmt":"2021-03-01T19:02:07","guid":{"rendered":"https:\/\/www.jh-itc.de\/shop\/uncategorized\/huennebeck-manto-formwork-2-70m-120m\/"},"modified":"2023-02-15T15:53:58","modified_gmt":"2023-02-15T14:53:58","slug":"huennebeck-manto-formwork","status":"publish","type":"product","link":"https:\/\/www.jh-itc.de\/en\/shop\/huennebeck-en\/huennebeck-manto-en\/huennebeck-manto-formwork\/","title":{"rendered":"H\u00fcnnebeck Manto formwork 2.70m + 120m"},"content":{"rendered":"","protected":false},"excerpt":{"rendered":"<p>We offer a lot of refurbished H\u00fcnnebeck Manto formwork 2,70 +1,20m.<\/p>\n<p>We can cover these optionally with new alkus formwork facing or wooden formwork facing for you.<\/p>\n<p>There are about 700m\u00b2 available .<\/p>\n<p>If you are interested, please send us your inquiry.<\/p>\n<p>&nbsp;<\/p>\n","protected":false},"featured_media":12709,"template":"","meta":[],"product_brand":[],"product_cat":[220,221,224],"product_tag":[],"class_list":{"0":"post-12705","1":"product","2":"type-product","3":"status-publish","4":"has-post-thumbnail","6":"product_cat-huennebeck-en","7":"product_cat-huennebeck-manto-en","8":"product_cat-formwork","10":"first","11":"instock","12":"taxable","13":"shipping-taxable","14":"product-type-simple"},"yoast_head":"<!-- This site is optimized with the Yoast SEO plugin v27.3 - https:\/\/yoast.com\/product\/yoast-seo-wordpress\/ -->\n<title>H\u00fcnnebeck Manto formwork - second-hand<\/title>\n<meta name=\"description\" content=\"H\u00fcnnebeck Manto formwork 2.70m + 120m. Renowned manufacturers \u2714 New &amp; used formwork, props, scaffolding &amp; construction machinery \u2714 Request a quote now!\" \/>\n<meta name=\"robots\" content=\"index, follow, max-snippet:-1, max-image-preview:large, max-video-preview:-1\" \/>\n<link rel=\"canonical\" href=\"https:\/\/www.jh-itc.de\/en\/shop\/huennebeck-en\/huennebeck-manto-en\/huennebeck-manto-formwork\/\" \/>\n<meta property=\"og:locale\" content=\"en_US\" \/>\n<meta property=\"og:type\" content=\"article\" \/>\n<meta property=\"og:title\" content=\"H\u00fcnnebeck Manto formwork - second-hand\" \/>\n<meta property=\"og:description\" content=\"H\u00fcnnebeck Manto formwork 2.70m + 120m. Renowned manufacturers \u2714 New &amp; used formwork, props, scaffolding &amp; construction machinery \u2714 Request a quote now!\" \/>\n<meta property=\"og:url\" content=\"https:\/\/www.jh-itc.de\/en\/shop\/huennebeck-en\/huennebeck-manto-en\/huennebeck-manto-formwork\/\" \/>\n<meta property=\"og:site_name\" content=\"JH - ITC GmbH\" \/>\n<meta property=\"article:publisher\" content=\"https:\/\/www.facebook.com\/schalungshandel\" \/>\n<meta property=\"article:modified_time\" content=\"2023-02-15T14:53:58+00:00\" \/>\n<meta property=\"og:image\" content=\"https:\/\/www.jh-itc.de\/wp-content\/uploads\/2016\/12\/Manto-with-alkus-6-rotated.jpg\" \/>\n\t<meta property=\"og:image:width\" content=\"768\" \/>\n\t<meta property=\"og:image:height\" content=\"1024\" \/>\n\t<meta property=\"og:image:type\" content=\"image\/jpeg\" \/>\n<meta name=\"twitter:card\" content=\"summary_large_image\" \/>\n<meta name=\"twitter:site\" content=\"@JH_ITC\" \/>\n<!-- \/ Yoast SEO plugin. -->","yoast_head_json":{"title":"H\u00fcnnebeck Manto formwork - second-hand","description":"H\u00fcnnebeck Manto formwork 2.70m + 120m. Renowned manufacturers \u2714 New & used formwork, props, scaffolding & construction machinery \u2714 Request a quote now!","robots":{"index":"index","follow":"follow","max-snippet":"max-snippet:-1","max-image-preview":"max-image-preview:large","max-video-preview":"max-video-preview:-1"},"canonical":"https:\/\/www.jh-itc.de\/en\/shop\/huennebeck-en\/huennebeck-manto-en\/huennebeck-manto-formwork\/","og_locale":"en_US","og_type":"article","og_title":"H\u00fcnnebeck Manto formwork - second-hand","og_description":"H\u00fcnnebeck Manto formwork 2.70m + 120m. Renowned manufacturers \u2714 New & used formwork, props, scaffolding & construction machinery \u2714 Request a quote now!","og_url":"https:\/\/www.jh-itc.de\/en\/shop\/huennebeck-en\/huennebeck-manto-en\/huennebeck-manto-formwork\/","og_site_name":"JH - ITC GmbH","article_publisher":"https:\/\/www.facebook.com\/schalungshandel","article_modified_time":"2023-02-15T14:53:58+00:00","og_image":[{"width":768,"height":1024,"url":"https:\/\/www.jh-itc.de\/wp-content\/uploads\/2016\/12\/Manto-with-alkus-6-rotated.jpg","type":"image\/jpeg"}],"twitter_card":"summary_large_image","twitter_site":"@JH_ITC","schema":{"@context":"https:\/\/schema.org","@graph":[{"@type":"WebPage","@id":"https:\/\/www.jh-itc.de\/en\/shop\/huennebeck-en\/huennebeck-manto-en\/huennebeck-manto-formwork\/","url":"https:\/\/www.jh-itc.de\/en\/shop\/huennebeck-en\/huennebeck-manto-en\/huennebeck-manto-formwork\/","name":"H\u00fcnnebeck Manto formwork - second-hand","isPartOf":{"@id":"https:\/\/www.jh-itc.de\/en\/#website"},"primaryImageOfPage":{"@id":"https:\/\/www.jh-itc.de\/en\/shop\/huennebeck-en\/huennebeck-manto-en\/huennebeck-manto-formwork\/#primaryimage"},"image":{"@id":"https:\/\/www.jh-itc.de\/en\/shop\/huennebeck-en\/huennebeck-manto-en\/huennebeck-manto-formwork\/#primaryimage"},"thumbnailUrl":"https:\/\/www.jh-itc.de\/wp-content\/uploads\/2016\/12\/Manto-with-alkus-6-rotated.jpg","datePublished":"2021-03-01T19:02:07+00:00","dateModified":"2023-02-15T14:53:58+00:00","description":"H\u00fcnnebeck Manto formwork 2.70m + 120m. Renowned manufacturers \u2714 New & used formwork, props, scaffolding & construction machinery \u2714 Request a quote now!","breadcrumb":{"@id":"https:\/\/www.jh-itc.de\/en\/shop\/huennebeck-en\/huennebeck-manto-en\/huennebeck-manto-formwork\/#breadcrumb"},"inLanguage":"en-US","potentialAction":[{"@type":"ReadAction","target":["https:\/\/www.jh-itc.de\/en\/shop\/huennebeck-en\/huennebeck-manto-en\/huennebeck-manto-formwork\/"]}]},{"@type":"ImageObject","inLanguage":"en-US","@id":"https:\/\/www.jh-itc.de\/en\/shop\/huennebeck-en\/huennebeck-manto-en\/huennebeck-manto-formwork\/#primaryimage","url":"https:\/\/www.jh-itc.de\/wp-content\/uploads\/2016\/12\/Manto-with-alkus-6-rotated.jpg","contentUrl":"https:\/\/www.jh-itc.de\/wp-content\/uploads\/2016\/12\/Manto-with-alkus-6-rotated.jpg","width":768,"height":1024},{"@type":"BreadcrumbList","@id":"https:\/\/www.jh-itc.de\/en\/shop\/huennebeck-en\/huennebeck-manto-en\/huennebeck-manto-formwork\/#breadcrumb","itemListElement":[{"@type":"ListItem","position":1,"name":"Home","item":"https:\/\/www.jh-itc.de\/en\/"},{"@type":"ListItem","position":2,"name":"Store","item":"https:\/\/www.jh-itc.de\/en\/?page_id=7087"},{"@type":"ListItem","position":3,"name":"H\u00fcnnebeck Manto formwork 2.70m + 120m"}]},{"@type":"WebSite","@id":"https:\/\/www.jh-itc.de\/en\/#website","url":"https:\/\/www.jh-itc.de\/en\/","name":"JH - ITC GmbH","description":"Ihr Experte f\u00fcr gebrauchte St\u00fctzen, Schalungen und Ger\u00fcste","publisher":{"@id":"https:\/\/www.jh-itc.de\/en\/#organization"},"potentialAction":[{"@type":"SearchAction","target":{"@type":"EntryPoint","urlTemplate":"https:\/\/www.jh-itc.de\/en\/?s={search_term_string}"},"query-input":{"@type":"PropertyValueSpecification","valueRequired":true,"valueName":"search_term_string"}}],"inLanguage":"en-US"},{"@type":"Organization","@id":"https:\/\/www.jh-itc.de\/en\/#organization","name":"JH-ITC GmbH","url":"https:\/\/www.jh-itc.de\/en\/","logo":{"@type":"ImageObject","inLanguage":"en-US","@id":"https:\/\/www.jh-itc.de\/en\/#\/schema\/logo\/image\/","url":"https:\/\/www.jh-itc.de\/wp-content\/uploads\/2016\/01\/JH-ITC2-1.png","contentUrl":"https:\/\/www.jh-itc.de\/wp-content\/uploads\/2016\/01\/JH-ITC2-1.png","width":300,"height":102,"caption":"JH-ITC GmbH"},"image":{"@id":"https:\/\/www.jh-itc.de\/en\/#\/schema\/logo\/image\/"},"sameAs":["https:\/\/www.facebook.com\/schalungshandel","https:\/\/x.com\/JH_ITC","https:\/\/www.linkedin.com\/in\/jhitc","https:\/\/youtu.be\/rMdZ-FLfI-Y"]}]}},"_links":{"self":[{"href":"https:\/\/www.jh-itc.de\/en\/wp-json\/wp\/v2\/product\/12705","targetHints":{"allow":["GET"]}}],"collection":[{"href":"https:\/\/www.jh-itc.de\/en\/wp-json\/wp\/v2\/product"}],"about":[{"href":"https:\/\/www.jh-itc.de\/en\/wp-json\/wp\/v2\/types\/product"}],"wp:featuredmedia":[{"embeddable":true,"href":"https:\/\/www.jh-itc.de\/en\/wp-json\/wp\/v2\/media\/12709"}],"wp:attachment":[{"href":"https:\/\/www.jh-itc.de\/en\/wp-json\/wp\/v2\/media?parent=12705"}],"wp:term":[{"taxonomy":"product_brand","embeddable":true,"href":"https:\/\/www.jh-itc.de\/en\/wp-json\/wp\/v2\/product_brand?post=12705"},{"taxonomy":"product_cat","embeddable":true,"href":"https:\/\/www.jh-itc.de\/en\/wp-json\/wp\/v2\/product_cat?post=12705"},{"taxonomy":"product_tag","embeddable":true,"href":"https:\/\/www.jh-itc.de\/en\/wp-json\/wp\/v2\/product_tag?post=12705"}],"curies":[{"name":"wp","href":"https:\/\/api.w.org\/{rel}","templated":true}]}}