{"id":12745,"date":"2016-11-03T17:51:44","date_gmt":"2021-03-01T19:02:32","guid":{"rendered":"https:\/\/www.jh-itc.de\/shop\/uncategorized\/2-x-bhkw-gtk-72k-with-sewage-gas\/"},"modified":"2021-03-01T20:02:32","modified_gmt":"2021-03-01T19:02:32","slug":"2-x-bhkw-gtk-72k-mit-klaergas-2","status":"publish","type":"product","link":"https:\/\/www.jh-itc.de\/en\/shop\/industrial-machinery\/2-x-bhkw-gtk-72k-mit-klaergas-2\/","title":{"rendered":"2 x BHKW GTK-72K with sewage gas"},"content":{"rendered":"","protected":false},"excerpt":{"rendered":"<p>We offer 2 x used cogeneration units GTK 72K.<\/p>\n<p>Fuel : Sewage gas<br \/>\nYear of manufacture: 8\/1999<br \/>\nModel number: 00296<br \/>\nEl. Power: 72KW<br \/>\nTherm. Power: 125 KW<br \/>\nEngine type: MAN E 2866E<br \/>\nGenerator type: Stamford UCi 274D<\/p>\n<p>with electric cabinet<\/p>\n<p>If you are interested please send us your request<\/p>\n","protected":false},"featured_media":0,"template":"","meta":[],"product_brand":[],"product_cat":[245],"product_tag":[],"class_list":{"0":"post-12745","1":"product","2":"type-product","3":"status-publish","5":"product_cat-industrial-machinery","7":"first","8":"instock","9":"taxable","10":"shipping-taxable","11":"product-type-simple"},"yoast_head":"<!-- This site is optimized with the Yoast SEO plugin v27.3 - https:\/\/yoast.com\/product\/yoast-seo-wordpress\/ -->\n<title>2 x BHKW GTK-72K with sewage gas - JH - ITC GmbH<\/title>\n<meta name=\"description\" content=\"2 x BHKW GTK-72K with sewage gas. Renowned manufacturers \u2714 New &amp; used formwork, props, scaffolding &amp; construction machinery \u2714 Request a quote now!\" \/>\n<meta name=\"robots\" content=\"index, follow, max-snippet:-1, max-image-preview:large, max-video-preview:-1\" \/>\n<link rel=\"canonical\" href=\"https:\/\/www.jh-itc.de\/en\/shop\/industrial-machinery\/2-x-bhkw-gtk-72k-mit-klaergas-2\/\" \/>\n<meta property=\"og:locale\" content=\"en_US\" \/>\n<meta property=\"og:type\" content=\"article\" \/>\n<meta property=\"og:title\" content=\"2 x BHKW GTK-72K with sewage gas - JH - ITC GmbH\" \/>\n<meta property=\"og:description\" content=\"2 x BHKW GTK-72K with sewage gas. Renowned manufacturers \u2714 New &amp; used formwork, props, scaffolding &amp; construction machinery \u2714 Request a quote now!\" \/>\n<meta property=\"og:url\" content=\"https:\/\/www.jh-itc.de\/en\/shop\/industrial-machinery\/2-x-bhkw-gtk-72k-mit-klaergas-2\/\" \/>\n<meta property=\"og:site_name\" content=\"JH - ITC GmbH\" \/>\n<meta property=\"article:publisher\" content=\"https:\/\/www.facebook.com\/schalungshandel\" \/>\n<meta property=\"og:image\" content=\"https:\/\/www.jh-itc.de\/wp-content\/uploads\/2016\/11\/BHKW-GTK-72K-5.jpg\" \/>\n\t<meta property=\"og:image:width\" content=\"640\" \/>\n\t<meta property=\"og:image:height\" content=\"480\" \/>\n\t<meta property=\"og:image:type\" content=\"image\/jpeg\" \/>\n<meta name=\"twitter:card\" content=\"summary_large_image\" \/>\n<meta name=\"twitter:site\" content=\"@JH_ITC\" \/>\n<!-- \/ Yoast SEO plugin. -->","yoast_head_json":{"title":"2 x BHKW GTK-72K with sewage gas - JH - ITC GmbH","description":"2 x BHKW GTK-72K with sewage gas. Renowned manufacturers \u2714 New & used formwork, props, scaffolding & construction machinery \u2714 Request a quote now!","robots":{"index":"index","follow":"follow","max-snippet":"max-snippet:-1","max-image-preview":"max-image-preview:large","max-video-preview":"max-video-preview:-1"},"canonical":"https:\/\/www.jh-itc.de\/en\/shop\/industrial-machinery\/2-x-bhkw-gtk-72k-mit-klaergas-2\/","og_locale":"en_US","og_type":"article","og_title":"2 x BHKW GTK-72K with sewage gas - JH - ITC GmbH","og_description":"2 x BHKW GTK-72K with sewage gas. Renowned manufacturers \u2714 New & used formwork, props, scaffolding & construction machinery \u2714 Request a quote now!","og_url":"https:\/\/www.jh-itc.de\/en\/shop\/industrial-machinery\/2-x-bhkw-gtk-72k-mit-klaergas-2\/","og_site_name":"JH - ITC GmbH","article_publisher":"https:\/\/www.facebook.com\/schalungshandel","og_image":[{"width":640,"height":480,"url":"https:\/\/www.jh-itc.de\/wp-content\/uploads\/2016\/11\/BHKW-GTK-72K-5.jpg","type":"image\/jpeg"}],"twitter_card":"summary_large_image","twitter_site":"@JH_ITC","schema":{"@context":"https:\/\/schema.org","@graph":[{"@type":"WebPage","@id":"https:\/\/www.jh-itc.de\/en\/shop\/industrial-machinery\/2-x-bhkw-gtk-72k-mit-klaergas-2\/","url":"https:\/\/www.jh-itc.de\/en\/shop\/industrial-machinery\/2-x-bhkw-gtk-72k-mit-klaergas-2\/","name":"2 x BHKW GTK-72K with sewage gas - JH - ITC GmbH","isPartOf":{"@id":"https:\/\/www.jh-itc.de\/en\/#website"},"datePublished":"2021-03-01T19:02:32+00:00","description":"2 x BHKW GTK-72K with sewage gas. Renowned manufacturers \u2714 New & used formwork, props, scaffolding & construction machinery \u2714 Request a quote now!","breadcrumb":{"@id":"https:\/\/www.jh-itc.de\/en\/shop\/industrial-machinery\/2-x-bhkw-gtk-72k-mit-klaergas-2\/#breadcrumb"},"inLanguage":"en-US","potentialAction":[{"@type":"ReadAction","target":["https:\/\/www.jh-itc.de\/en\/shop\/industrial-machinery\/2-x-bhkw-gtk-72k-mit-klaergas-2\/"]}]},{"@type":"BreadcrumbList","@id":"https:\/\/www.jh-itc.de\/en\/shop\/industrial-machinery\/2-x-bhkw-gtk-72k-mit-klaergas-2\/#breadcrumb","itemListElement":[{"@type":"ListItem","position":1,"name":"Home","item":"https:\/\/www.jh-itc.de\/en\/"},{"@type":"ListItem","position":2,"name":"Store","item":"https:\/\/www.jh-itc.de\/en\/?page_id=7087"},{"@type":"ListItem","position":3,"name":"2 x BHKW GTK-72K with sewage gas"}]},{"@type":"WebSite","@id":"https:\/\/www.jh-itc.de\/en\/#website","url":"https:\/\/www.jh-itc.de\/en\/","name":"JH - ITC GmbH","description":"Ihr Experte f\u00fcr gebrauchte St\u00fctzen, Schalungen und Ger\u00fcste","publisher":{"@id":"https:\/\/www.jh-itc.de\/en\/#organization"},"potentialAction":[{"@type":"SearchAction","target":{"@type":"EntryPoint","urlTemplate":"https:\/\/www.jh-itc.de\/en\/?s={search_term_string}"},"query-input":{"@type":"PropertyValueSpecification","valueRequired":true,"valueName":"search_term_string"}}],"inLanguage":"en-US"},{"@type":"Organization","@id":"https:\/\/www.jh-itc.de\/en\/#organization","name":"JH-ITC GmbH","url":"https:\/\/www.jh-itc.de\/en\/","logo":{"@type":"ImageObject","inLanguage":"en-US","@id":"https:\/\/www.jh-itc.de\/en\/#\/schema\/logo\/image\/","url":"https:\/\/www.jh-itc.de\/wp-content\/uploads\/2016\/01\/JH-ITC2-1.png","contentUrl":"https:\/\/www.jh-itc.de\/wp-content\/uploads\/2016\/01\/JH-ITC2-1.png","width":300,"height":102,"caption":"JH-ITC GmbH"},"image":{"@id":"https:\/\/www.jh-itc.de\/en\/#\/schema\/logo\/image\/"},"sameAs":["https:\/\/www.facebook.com\/schalungshandel","https:\/\/x.com\/JH_ITC","https:\/\/www.linkedin.com\/in\/jhitc","https:\/\/youtu.be\/rMdZ-FLfI-Y"]}]}},"_links":{"self":[{"href":"https:\/\/www.jh-itc.de\/en\/wp-json\/wp\/v2\/product\/12745","targetHints":{"allow":["GET"]}}],"collection":[{"href":"https:\/\/www.jh-itc.de\/en\/wp-json\/wp\/v2\/product"}],"about":[{"href":"https:\/\/www.jh-itc.de\/en\/wp-json\/wp\/v2\/types\/product"}],"wp:attachment":[{"href":"https:\/\/www.jh-itc.de\/en\/wp-json\/wp\/v2\/media?parent=12745"}],"wp:term":[{"taxonomy":"product_brand","embeddable":true,"href":"https:\/\/www.jh-itc.de\/en\/wp-json\/wp\/v2\/product_brand?post=12745"},{"taxonomy":"product_cat","embeddable":true,"href":"https:\/\/www.jh-itc.de\/en\/wp-json\/wp\/v2\/product_cat?post=12745"},{"taxonomy":"product_tag","embeddable":true,"href":"https:\/\/www.jh-itc.de\/en\/wp-json\/wp\/v2\/product_tag?post=12745"}],"curies":[{"name":"wp","href":"https:\/\/api.w.org\/{rel}","templated":true}]}}