{"id":12943,"date":"2020-04-27T22:40:07","date_gmt":"2021-03-01T19:05:31","guid":{"rendered":"https:\/\/www.jh-itc.de\/shop\/uncategorized\/doka-framax-clamping-rails-doka-framax-universal-walings\/"},"modified":"2021-04-28T21:36:48","modified_gmt":"2021-04-28T19:36:48","slug":"doka-framax-clamp-rails","status":"publish","type":"product","link":"https:\/\/www.jh-itc.de\/en\/shop\/doka-en\/doka-alu-framax-en\/doka-framax-clamp-rails\/","title":{"rendered":"Doka Framax clamping rails"},"content":{"rendered":"<p>For stiffening panel assemblies, levelling and corners as well as forming stop ends.<\/p>\n","protected":false},"excerpt":{"rendered":"<p>We offer used <strong>Doka Framax clamping rails in 1.50m and 0.90m<\/strong>.<\/p>\n<p>These are in good condition and available from stock.<\/p>\n<p>If you are interested, please send us your inquiry.<\/p>\n<p>&nbsp;<\/p>\n","protected":false},"featured_media":12944,"template":"","meta":[],"product_brand":[],"product_cat":[225,242,243,244,224],"product_tag":[],"class_list":{"0":"post-12943","1":"product","2":"type-product","3":"status-publish","4":"has-post-thumbnail","6":"product_cat-doka-en","7":"product_cat-doka-alu-framax-en","8":"product_cat-doka-framax-en","9":"product_cat-doka-frameco-en","10":"product_cat-formwork","12":"first","13":"instock","14":"taxable","15":"shipping-taxable","16":"product-type-simple"},"yoast_head":"<!-- This site is optimized with the Yoast SEO plugin v27.3 - https:\/\/yoast.com\/product\/yoast-seo-wordpress\/ -->\n<title>Doka Framax clamping rails - JH - ITC GmbH<\/title>\n<meta name=\"description\" content=\"We offer used Doka Framax clamping rails in 150cm and 90cm for bracing panel formations, levelling and corner forming, as well as for forming stop ends. these are in good condition and available from stock. if you are interested, please send us your enquiry.\" \/>\n<meta name=\"robots\" content=\"index, follow, max-snippet:-1, max-image-preview:large, max-video-preview:-1\" \/>\n<link rel=\"canonical\" href=\"https:\/\/www.jh-itc.de\/en\/shop\/doka-en\/doka-alu-framax-en\/doka-framax-clamp-rails\/\" \/>\n<meta property=\"og:locale\" content=\"en_US\" \/>\n<meta property=\"og:type\" content=\"article\" \/>\n<meta property=\"og:title\" content=\"Doka Framax clamping rails - JH - ITC GmbH\" \/>\n<meta property=\"og:description\" content=\"We offer used Doka Framax clamping rails in 150cm and 90cm for bracing panel formations, levelling and corner forming, as well as for forming stop ends. these are in good condition and available from stock. if you are interested, please send us your enquiry.\" \/>\n<meta property=\"og:url\" content=\"https:\/\/www.jh-itc.de\/en\/shop\/doka-en\/doka-alu-framax-en\/doka-framax-clamp-rails\/\" \/>\n<meta property=\"og:site_name\" content=\"JH - ITC GmbH\" \/>\n<meta property=\"article:publisher\" content=\"https:\/\/www.facebook.com\/schalungshandel\" \/>\n<meta property=\"article:modified_time\" content=\"2021-04-28T19:36:48+00:00\" \/>\n<meta property=\"og:image\" content=\"https:\/\/www.jh-itc.de\/wp-content\/uploads\/2020\/04\/jh-itc_Doka-Framax-Klemmschienen-5.jpg\" \/>\n\t<meta property=\"og:image:width\" content=\"640\" \/>\n\t<meta property=\"og:image:height\" content=\"480\" \/>\n\t<meta property=\"og:image:type\" content=\"image\/jpeg\" \/>\n<meta name=\"twitter:card\" content=\"summary_large_image\" \/>\n<meta name=\"twitter:site\" content=\"@JH_ITC\" \/>\n<!-- \/ Yoast SEO plugin. -->","yoast_head_json":{"title":"Doka Framax clamping rails - JH - ITC GmbH","description":"We offer used Doka Framax clamping rails in 150cm and 90cm for bracing panel formations, levelling and corner forming, as well as for forming stop ends. these are in good condition and available from stock. if you are interested, please send us your enquiry.","robots":{"index":"index","follow":"follow","max-snippet":"max-snippet:-1","max-image-preview":"max-image-preview:large","max-video-preview":"max-video-preview:-1"},"canonical":"https:\/\/www.jh-itc.de\/en\/shop\/doka-en\/doka-alu-framax-en\/doka-framax-clamp-rails\/","og_locale":"en_US","og_type":"article","og_title":"Doka Framax clamping rails - JH - ITC GmbH","og_description":"We offer used Doka Framax clamping rails in 150cm and 90cm for bracing panel formations, levelling and corner forming, as well as for forming stop ends. these are in good condition and available from stock. if you are interested, please send us your enquiry.","og_url":"https:\/\/www.jh-itc.de\/en\/shop\/doka-en\/doka-alu-framax-en\/doka-framax-clamp-rails\/","og_site_name":"JH - ITC GmbH","article_publisher":"https:\/\/www.facebook.com\/schalungshandel","article_modified_time":"2021-04-28T19:36:48+00:00","og_image":[{"width":640,"height":480,"url":"https:\/\/www.jh-itc.de\/wp-content\/uploads\/2020\/04\/jh-itc_Doka-Framax-Klemmschienen-5.jpg","type":"image\/jpeg"}],"twitter_card":"summary_large_image","twitter_site":"@JH_ITC","schema":{"@context":"https:\/\/schema.org","@graph":[{"@type":"WebPage","@id":"https:\/\/www.jh-itc.de\/en\/shop\/doka-en\/doka-alu-framax-en\/doka-framax-clamp-rails\/","url":"https:\/\/www.jh-itc.de\/en\/shop\/doka-en\/doka-alu-framax-en\/doka-framax-clamp-rails\/","name":"Doka Framax clamping rails - JH - ITC GmbH","isPartOf":{"@id":"https:\/\/www.jh-itc.de\/en\/#website"},"primaryImageOfPage":{"@id":"https:\/\/www.jh-itc.de\/en\/shop\/doka-en\/doka-alu-framax-en\/doka-framax-clamp-rails\/#primaryimage"},"image":{"@id":"https:\/\/www.jh-itc.de\/en\/shop\/doka-en\/doka-alu-framax-en\/doka-framax-clamp-rails\/#primaryimage"},"thumbnailUrl":"https:\/\/www.jh-itc.de\/wp-content\/uploads\/2020\/04\/jh-itc_Doka-Framax-Klemmschienen-5.jpg","datePublished":"2021-03-01T19:05:31+00:00","dateModified":"2021-04-28T19:36:48+00:00","description":"We offer used Doka Framax clamping rails in 150cm and 90cm for bracing panel formations, levelling and corner forming, as well as for forming stop ends. these are in good condition and available from stock. if you are interested, please send us your enquiry.","breadcrumb":{"@id":"https:\/\/www.jh-itc.de\/en\/shop\/doka-en\/doka-alu-framax-en\/doka-framax-clamp-rails\/#breadcrumb"},"inLanguage":"en-US","potentialAction":[{"@type":"ReadAction","target":["https:\/\/www.jh-itc.de\/en\/shop\/doka-en\/doka-alu-framax-en\/doka-framax-clamp-rails\/"]}]},{"@type":"ImageObject","inLanguage":"en-US","@id":"https:\/\/www.jh-itc.de\/en\/shop\/doka-en\/doka-alu-framax-en\/doka-framax-clamp-rails\/#primaryimage","url":"https:\/\/www.jh-itc.de\/wp-content\/uploads\/2020\/04\/jh-itc_Doka-Framax-Klemmschienen-5.jpg","contentUrl":"https:\/\/www.jh-itc.de\/wp-content\/uploads\/2020\/04\/jh-itc_Doka-Framax-Klemmschienen-5.jpg","width":640,"height":480},{"@type":"BreadcrumbList","@id":"https:\/\/www.jh-itc.de\/en\/shop\/doka-en\/doka-alu-framax-en\/doka-framax-clamp-rails\/#breadcrumb","itemListElement":[{"@type":"ListItem","position":1,"name":"Home","item":"https:\/\/www.jh-itc.de\/en\/"},{"@type":"ListItem","position":2,"name":"Store","item":"https:\/\/www.jh-itc.de\/en\/?page_id=7087"},{"@type":"ListItem","position":3,"name":"Doka Framax clamping rails"}]},{"@type":"WebSite","@id":"https:\/\/www.jh-itc.de\/en\/#website","url":"https:\/\/www.jh-itc.de\/en\/","name":"JH - ITC GmbH","description":"Ihr Experte f\u00fcr gebrauchte St\u00fctzen, Schalungen und Ger\u00fcste","publisher":{"@id":"https:\/\/www.jh-itc.de\/en\/#organization"},"potentialAction":[{"@type":"SearchAction","target":{"@type":"EntryPoint","urlTemplate":"https:\/\/www.jh-itc.de\/en\/?s={search_term_string}"},"query-input":{"@type":"PropertyValueSpecification","valueRequired":true,"valueName":"search_term_string"}}],"inLanguage":"en-US"},{"@type":"Organization","@id":"https:\/\/www.jh-itc.de\/en\/#organization","name":"JH-ITC GmbH","url":"https:\/\/www.jh-itc.de\/en\/","logo":{"@type":"ImageObject","inLanguage":"en-US","@id":"https:\/\/www.jh-itc.de\/en\/#\/schema\/logo\/image\/","url":"https:\/\/www.jh-itc.de\/wp-content\/uploads\/2016\/01\/JH-ITC2-1.png","contentUrl":"https:\/\/www.jh-itc.de\/wp-content\/uploads\/2016\/01\/JH-ITC2-1.png","width":300,"height":102,"caption":"JH-ITC GmbH"},"image":{"@id":"https:\/\/www.jh-itc.de\/en\/#\/schema\/logo\/image\/"},"sameAs":["https:\/\/www.facebook.com\/schalungshandel","https:\/\/x.com\/JH_ITC","https:\/\/www.linkedin.com\/in\/jhitc","https:\/\/youtu.be\/rMdZ-FLfI-Y"]}]}},"_links":{"self":[{"href":"https:\/\/www.jh-itc.de\/en\/wp-json\/wp\/v2\/product\/12943","targetHints":{"allow":["GET"]}}],"collection":[{"href":"https:\/\/www.jh-itc.de\/en\/wp-json\/wp\/v2\/product"}],"about":[{"href":"https:\/\/www.jh-itc.de\/en\/wp-json\/wp\/v2\/types\/product"}],"wp:featuredmedia":[{"embeddable":true,"href":"https:\/\/www.jh-itc.de\/en\/wp-json\/wp\/v2\/media\/12944"}],"wp:attachment":[{"href":"https:\/\/www.jh-itc.de\/en\/wp-json\/wp\/v2\/media?parent=12943"}],"wp:term":[{"taxonomy":"product_brand","embeddable":true,"href":"https:\/\/www.jh-itc.de\/en\/wp-json\/wp\/v2\/product_brand?post=12943"},{"taxonomy":"product_cat","embeddable":true,"href":"https:\/\/www.jh-itc.de\/en\/wp-json\/wp\/v2\/product_cat?post=12943"},{"taxonomy":"product_tag","embeddable":true,"href":"https:\/\/www.jh-itc.de\/en\/wp-json\/wp\/v2\/product_tag?post=12943"}],"curies":[{"name":"wp","href":"https:\/\/api.w.org\/{rel}","templated":true}]}}