{"id":42740,"date":"2022-11-29T13:38:02","date_gmt":"2023-04-24T13:52:40","guid":{"rendered":"https:\/\/www.jh-itc.de\/shop\/uncategorized\/peri-quattro-column-formwork\/"},"modified":"2023-04-24T15:52:40","modified_gmt":"2023-04-24T13:52:40","slug":"peri-quattro-column-formwork","status":"publish","type":"product","link":"https:\/\/www.jh-itc.de\/en\/shop\/formwork\/peri-quattro-column-formwork\/","title":{"rendered":"Peri Quattro column formwork"},"content":{"rendered":"<p>The one-piece QUATTRO column formwork is suitable for forming square or rectangular columns up to 4.50 m high. The complete column, including push-pull props and concreting platform, can be moved with just one crane lift. If necessary, the transfer can also be done manually with the help of 4 transfer wheels. With the high-quality plastic formwork skin screwed from behind, a high exposed concrete quality is basically achieved.<\/p>\n<p>Here is a link for you to download:<\/p>\n<p><a href=\"https:\/\/www.jh-itc.de\/wp-content\/uploads\/2022\/12\/Peri_QUATTRO.pdf\">https:\/\/www.jh-itc.de\/wp-content\/uploads\/2022\/12\/Peri_QUATTRO.pdf<\/a><\/p>\n","protected":false},"excerpt":{"rendered":"<p>We offer the following used Peri Quattro column formwork.<\/p>\n<p>&nbsp;<\/p>\n<table width=\"417\">\n<tbody>\n<tr>\n<td width=\"80\"><span style=\"color: #ffffff;\">Art.no.<\/span><\/td>\n<td width=\"264\"><span style=\"color: #ffffff;\">Article description<\/span><\/td>\n<td width=\"73\"><span style=\"color: #ffffff;\">Quantity<\/span><\/td>\n<\/tr>\n<tr>\n<td><span style=\"color: #ffffff;\">109925<\/span><\/td>\n<td><span style=\"color: #ffffff;\">Column element QUATTRO QES 275<\/span><\/td>\n<td><span style=\"color: #ffffff;\">40<\/span><\/td>\n<\/tr>\n<tr>\n<td><span style=\"color: #ffffff;\">109924<\/span><\/td>\n<td><span style=\"color: #ffffff;\">QUATTRO QES 125 column element<\/span><\/td>\n<td><span style=\"color: #ffffff;\">32<\/span><\/td>\n<\/tr>\n<tr>\n<td><span style=\"color: #ffffff;\">109923<\/span><\/td>\n<td><span style=\"color: #ffffff;\">Column element QUATTRO QES 50<\/span><\/td>\n<td><span style=\"color: #ffffff;\">40<\/span><\/td>\n<\/tr>\n<tr>\n<td><span style=\"color: #ffffff;\">037610<\/span><\/td>\n<td><span style=\"color: #ffffff;\">Triangular strip QDL 275<\/span><\/td>\n<td><span style=\"color: #ffffff;\">1<\/span><\/td>\n<\/tr>\n<tr>\n<td><span style=\"color: #ffffff;\">037600<\/span><\/td>\n<td><span style=\"color: #ffffff;\">Triangular strip QDL 125<\/span><\/td>\n<td><span style=\"color: #ffffff;\">1<\/span><\/td>\n<\/tr>\n<tr>\n<td><span style=\"color: #ffffff;\">037590<\/span><\/td>\n<td><span style=\"color: #ffffff;\">Triangular strip QDL 50<\/span><\/td>\n<td><span style=\"color: #ffffff;\">1<\/span><\/td>\n<\/tr>\n<tr>\n<td><span style=\"color: #ffffff;\">037540<\/span><\/td>\n<td><span style=\"color: #ffffff;\">QUATTRO QA clamping set<\/span><\/td>\n<td><span style=\"color: #ffffff;\">86<\/span><\/td>\n<\/tr>\n<tr>\n<td><span style=\"color: #ffffff;\">037530<\/span><\/td>\n<td><span style=\"color: #ffffff;\">Push-pull prop connector QUATTRO QR<\/span><\/td>\n<td><span style=\"color: #ffffff;\">90<\/span><\/td>\n<\/tr>\n<tr>\n<td><span style=\"color: #ffffff;\">037400<\/span><\/td>\n<td><span style=\"color: #ffffff;\">Concreting platform complete<\/span><\/td>\n<td><span style=\"color: #ffffff;\">7<\/span><\/td>\n<\/tr>\n<tr>\n<td><span style=\"color: #ffffff;\">051410<\/span><\/td>\n<td><span style=\"color: #ffffff;\">Ladder 180\/6, galv.<\/span><\/td>\n<td><span style=\"color: #ffffff;\">4<\/span><\/td>\n<\/tr>\n<tr>\n<td><span style=\"color: #ffffff;\">103724<\/span><\/td>\n<td><span style=\"color: #ffffff;\">Exit ladder 180\/2, galv.<\/span><\/td>\n<td><span style=\"color: #ffffff;\">2<\/span><\/td>\n<\/tr>\n<tr>\n<td><span style=\"color: #ffffff;\">051460<\/span><\/td>\n<td><span style=\"color: #ffffff;\">Ladder base, galv.<\/span><\/td>\n<td><span style=\"color: #ffffff;\">2<\/span><\/td>\n<\/tr>\n<tr>\n<td><span style=\"color: #ffffff;\">103718<\/span><\/td>\n<td><span style=\"color: #ffffff;\">Ladder hook, galvanized<\/span><\/td>\n<td><span style=\"color: #ffffff;\">4<\/span><\/td>\n<\/tr>\n<tr>\n<td><span style=\"color: #ffffff;\">103391<\/span><\/td>\n<td><span style=\"color: #ffffff;\">QUATTRO conductor connection<\/span><\/td>\n<td><span style=\"color: #ffffff;\">4<\/span><\/td>\n<\/tr>\n<tr>\n<td><span style=\"color: #ffffff;\">051450<\/span><\/td>\n<td><span style=\"color: #ffffff;\">Back guard 150, galvanized<\/span><\/td>\n<td><span style=\"color: #ffffff;\">2<\/span><\/td>\n<\/tr>\n<tr>\n<td><span style=\"color: #ffffff;\">028010<\/span><\/td>\n<td><span style=\"color: #ffffff;\">Push-pull prop RSS I (2.05 &#8211; 2.94m)<\/span><\/td>\n<td><span style=\"color: #ffffff;\">41<\/span><\/td>\n<\/tr>\n<tr>\n<td><span style=\"color: #ffffff;\">028020<\/span><\/td>\n<td><span style=\"color: #ffffff;\">Push-pull prop RSS II (2,91 &#8211; 3,80m)<\/span><\/td>\n<td><span style=\"color: #ffffff;\">17<\/span><\/td>\n<\/tr>\n<tr>\n<td><span style=\"color: #ffffff;\">106000<\/span><\/td>\n<td><span style=\"color: #ffffff;\">Base plate-2 for RSS, galvanized.<\/span><\/td>\n<td><span style=\"color: #ffffff;\">53<\/span><\/td>\n<\/tr>\n<tr>\n<td><span style=\"color: #ffffff;\">028270<\/span><\/td>\n<td><span style=\"color: #ffffff;\">Cantilever AV 190<\/span><\/td>\n<td><span style=\"color: #ffffff;\">28<\/span><\/td>\n<\/tr>\n<tr>\n<td><span style=\"color: #ffffff;\">108135<\/span><\/td>\n<td><span style=\"color: #ffffff;\">Cantilever AV 210<\/span><\/td>\n<td><span style=\"color: #ffffff;\">7<\/span><\/td>\n<\/tr>\n<\/tbody>\n<\/table>\n<p>If you are interested, please send us your inquiry.<\/p>\n","protected":false},"featured_media":40488,"template":"","meta":[],"product_brand":[],"product_cat":[227,224],"product_tag":[],"class_list":{"0":"post-42740","1":"product","2":"type-product","3":"status-publish","4":"has-post-thumbnail","6":"product_cat-peri-en","7":"product_cat-formwork","9":"first","10":"instock","11":"taxable","12":"shipping-taxable","13":"product-type-simple"},"yoast_head":"<!-- This site is optimized with the Yoast SEO plugin v27.3 - https:\/\/yoast.com\/product\/yoast-seo-wordpress\/ -->\n<title>Peri Quattro column formwork - JH - ITC GmbH<\/title>\n<meta name=\"description\" content=\"Peri Quattro column formwork. Renowned manufacturers \u2714 New &amp; used formwork, props, scaffolding &amp; construction machinery \u2714 Request a quote now!\" \/>\n<meta name=\"robots\" content=\"index, follow, max-snippet:-1, max-image-preview:large, max-video-preview:-1\" \/>\n<link rel=\"canonical\" href=\"https:\/\/www.jh-itc.de\/en\/shop\/formwork\/peri-quattro-column-formwork\/\" \/>\n<meta property=\"og:locale\" content=\"en_US\" \/>\n<meta property=\"og:type\" content=\"article\" \/>\n<meta property=\"og:title\" content=\"Peri Quattro column formwork - JH - ITC GmbH\" \/>\n<meta property=\"og:description\" content=\"Peri Quattro column formwork. Renowned manufacturers \u2714 New &amp; used formwork, props, scaffolding &amp; construction machinery \u2714 Request a quote now!\" \/>\n<meta property=\"og:url\" content=\"https:\/\/www.jh-itc.de\/en\/shop\/formwork\/peri-quattro-column-formwork\/\" \/>\n<meta property=\"og:site_name\" content=\"JH - ITC GmbH\" \/>\n<meta property=\"article:publisher\" content=\"https:\/\/www.facebook.com\/schalungshandel\" \/>\n<meta property=\"og:image\" content=\"https:\/\/www.jh-itc.de\/wp-content\/uploads\/2022\/11\/quattro-saeulenschalung.jpg\" \/>\n\t<meta property=\"og:image:width\" content=\"1272\" \/>\n\t<meta property=\"og:image:height\" content=\"900\" \/>\n\t<meta property=\"og:image:type\" content=\"image\/jpeg\" \/>\n<meta name=\"twitter:card\" content=\"summary_large_image\" \/>\n<meta name=\"twitter:site\" content=\"@JH_ITC\" \/>\n<!-- \/ Yoast SEO plugin. -->","yoast_head_json":{"title":"Peri Quattro column formwork - JH - ITC GmbH","description":"Peri Quattro column formwork. Renowned manufacturers \u2714 New & used formwork, props, scaffolding & construction machinery \u2714 Request a quote now!","robots":{"index":"index","follow":"follow","max-snippet":"max-snippet:-1","max-image-preview":"max-image-preview:large","max-video-preview":"max-video-preview:-1"},"canonical":"https:\/\/www.jh-itc.de\/en\/shop\/formwork\/peri-quattro-column-formwork\/","og_locale":"en_US","og_type":"article","og_title":"Peri Quattro column formwork - JH - ITC GmbH","og_description":"Peri Quattro column formwork. Renowned manufacturers \u2714 New & used formwork, props, scaffolding & construction machinery \u2714 Request a quote now!","og_url":"https:\/\/www.jh-itc.de\/en\/shop\/formwork\/peri-quattro-column-formwork\/","og_site_name":"JH - ITC GmbH","article_publisher":"https:\/\/www.facebook.com\/schalungshandel","og_image":[{"width":1272,"height":900,"url":"https:\/\/www.jh-itc.de\/wp-content\/uploads\/2022\/11\/quattro-saeulenschalung.jpg","type":"image\/jpeg"}],"twitter_card":"summary_large_image","twitter_site":"@JH_ITC","schema":{"@context":"https:\/\/schema.org","@graph":[{"@type":"WebPage","@id":"https:\/\/www.jh-itc.de\/en\/shop\/formwork\/peri-quattro-column-formwork\/","url":"https:\/\/www.jh-itc.de\/en\/shop\/formwork\/peri-quattro-column-formwork\/","name":"Peri Quattro column formwork - JH - ITC GmbH","isPartOf":{"@id":"https:\/\/www.jh-itc.de\/en\/#website"},"primaryImageOfPage":{"@id":"https:\/\/www.jh-itc.de\/en\/shop\/formwork\/peri-quattro-column-formwork\/#primaryimage"},"image":{"@id":"https:\/\/www.jh-itc.de\/en\/shop\/formwork\/peri-quattro-column-formwork\/#primaryimage"},"thumbnailUrl":"https:\/\/www.jh-itc.de\/wp-content\/uploads\/2022\/11\/quattro-saeulenschalung.jpg","datePublished":"2023-04-24T13:52:40+00:00","description":"Peri Quattro column formwork. Renowned manufacturers \u2714 New & used formwork, props, scaffolding & construction machinery \u2714 Request a quote now!","breadcrumb":{"@id":"https:\/\/www.jh-itc.de\/en\/shop\/formwork\/peri-quattro-column-formwork\/#breadcrumb"},"inLanguage":"en-US","potentialAction":[{"@type":"ReadAction","target":["https:\/\/www.jh-itc.de\/en\/shop\/formwork\/peri-quattro-column-formwork\/"]}]},{"@type":"ImageObject","inLanguage":"en-US","@id":"https:\/\/www.jh-itc.de\/en\/shop\/formwork\/peri-quattro-column-formwork\/#primaryimage","url":"https:\/\/www.jh-itc.de\/wp-content\/uploads\/2022\/11\/quattro-saeulenschalung.jpg","contentUrl":"https:\/\/www.jh-itc.de\/wp-content\/uploads\/2022\/11\/quattro-saeulenschalung.jpg","width":1272,"height":900},{"@type":"BreadcrumbList","@id":"https:\/\/www.jh-itc.de\/en\/shop\/formwork\/peri-quattro-column-formwork\/#breadcrumb","itemListElement":[{"@type":"ListItem","position":1,"name":"Home","item":"https:\/\/www.jh-itc.de\/en\/"},{"@type":"ListItem","position":2,"name":"Store","item":"https:\/\/www.jh-itc.de\/en\/?page_id=7087"},{"@type":"ListItem","position":3,"name":"Peri Quattro column formwork"}]},{"@type":"WebSite","@id":"https:\/\/www.jh-itc.de\/en\/#website","url":"https:\/\/www.jh-itc.de\/en\/","name":"JH - ITC GmbH","description":"Ihr Experte f\u00fcr gebrauchte St\u00fctzen, Schalungen und Ger\u00fcste","publisher":{"@id":"https:\/\/www.jh-itc.de\/en\/#organization"},"potentialAction":[{"@type":"SearchAction","target":{"@type":"EntryPoint","urlTemplate":"https:\/\/www.jh-itc.de\/en\/?s={search_term_string}"},"query-input":{"@type":"PropertyValueSpecification","valueRequired":true,"valueName":"search_term_string"}}],"inLanguage":"en-US"},{"@type":"Organization","@id":"https:\/\/www.jh-itc.de\/en\/#organization","name":"JH-ITC GmbH","url":"https:\/\/www.jh-itc.de\/en\/","logo":{"@type":"ImageObject","inLanguage":"en-US","@id":"https:\/\/www.jh-itc.de\/en\/#\/schema\/logo\/image\/","url":"https:\/\/www.jh-itc.de\/wp-content\/uploads\/2016\/01\/JH-ITC2-1.png","contentUrl":"https:\/\/www.jh-itc.de\/wp-content\/uploads\/2016\/01\/JH-ITC2-1.png","width":300,"height":102,"caption":"JH-ITC GmbH"},"image":{"@id":"https:\/\/www.jh-itc.de\/en\/#\/schema\/logo\/image\/"},"sameAs":["https:\/\/www.facebook.com\/schalungshandel","https:\/\/x.com\/JH_ITC","https:\/\/www.linkedin.com\/in\/jhitc","https:\/\/youtu.be\/rMdZ-FLfI-Y"]}]}},"_links":{"self":[{"href":"https:\/\/www.jh-itc.de\/en\/wp-json\/wp\/v2\/product\/42740","targetHints":{"allow":["GET"]}}],"collection":[{"href":"https:\/\/www.jh-itc.de\/en\/wp-json\/wp\/v2\/product"}],"about":[{"href":"https:\/\/www.jh-itc.de\/en\/wp-json\/wp\/v2\/types\/product"}],"wp:featuredmedia":[{"embeddable":true,"href":"https:\/\/www.jh-itc.de\/en\/wp-json\/wp\/v2\/media\/40488"}],"wp:attachment":[{"href":"https:\/\/www.jh-itc.de\/en\/wp-json\/wp\/v2\/media?parent=42740"}],"wp:term":[{"taxonomy":"product_brand","embeddable":true,"href":"https:\/\/www.jh-itc.de\/en\/wp-json\/wp\/v2\/product_brand?post=42740"},{"taxonomy":"product_cat","embeddable":true,"href":"https:\/\/www.jh-itc.de\/en\/wp-json\/wp\/v2\/product_cat?post=42740"},{"taxonomy":"product_tag","embeddable":true,"href":"https:\/\/www.jh-itc.de\/en\/wp-json\/wp\/v2\/product_tag?post=42740"}],"curies":[{"name":"wp","href":"https:\/\/api.w.org\/{rel}","templated":true}]}}