{"id":42780,"date":"2022-07-22T08:43:24","date_gmt":"2023-04-24T13:52:52","guid":{"rendered":"https:\/\/www.jh-itc.de\/shop\/uncategorized\/huennebeck-rasto-formwork-300x240\/"},"modified":"2023-04-24T15:52:52","modified_gmt":"2023-04-24T13:52:52","slug":"huennebeck-rasto-formwork-300x240","status":"publish","type":"product","link":"https:\/\/www.jh-itc.de\/en\/shop\/huennebeck-en\/huennebeck-rasto-en\/huennebeck-rasto-formwork-300x240\/","title":{"rendered":"H\u00fcnnebeck Rasto formwork 300&#215;240"},"content":{"rendered":"","protected":false},"excerpt":{"rendered":"<p>We offer 21 x <strong>H\u00fcnnebeck Rasto formwork panels XXL 300&#215;240<\/strong> with new formlining.<\/p>\n<p>These are in good condition and immediately available from stock.<\/p>\n<p>If you are interested, please send us your inquiry.<\/p>\n","protected":false},"featured_media":39320,"template":"","meta":[],"product_brand":[],"product_cat":[220,222,224],"product_tag":[],"class_list":{"0":"post-42780","1":"product","2":"type-product","3":"status-publish","4":"has-post-thumbnail","6":"product_cat-huennebeck-en","7":"product_cat-huennebeck-rasto-en","8":"product_cat-formwork","10":"first","11":"instock","12":"taxable","13":"shipping-taxable","14":"product-type-simple"},"yoast_head":"<!-- This site is optimized with the Yoast SEO plugin v27.3 - https:\/\/yoast.com\/product\/yoast-seo-wordpress\/ -->\n<title>H\u00fcnnebeck Rasto formwork 300x240 - JH - ITC GmbH<\/title>\n<meta name=\"description\" content=\"H\u00fcnnebeck Rasto formwork 300x240. Renowned manufacturers \u2714 New &amp; used formwork, props, scaffolding &amp; construction machinery \u2714 Request a quote now!\" \/>\n<meta name=\"robots\" content=\"index, follow, max-snippet:-1, max-image-preview:large, max-video-preview:-1\" \/>\n<link rel=\"canonical\" href=\"https:\/\/www.jh-itc.de\/en\/shop\/huennebeck-en\/huennebeck-rasto-en\/huennebeck-rasto-formwork-300x240\/\" \/>\n<meta property=\"og:locale\" content=\"en_US\" \/>\n<meta property=\"og:type\" content=\"article\" \/>\n<meta property=\"og:title\" content=\"H\u00fcnnebeck Rasto formwork 300x240 - JH - ITC GmbH\" \/>\n<meta property=\"og:description\" content=\"H\u00fcnnebeck Rasto formwork 300x240. Renowned manufacturers \u2714 New &amp; used formwork, props, scaffolding &amp; construction machinery \u2714 Request a quote now!\" \/>\n<meta property=\"og:url\" content=\"https:\/\/www.jh-itc.de\/en\/shop\/huennebeck-en\/huennebeck-rasto-en\/huennebeck-rasto-formwork-300x240\/\" \/>\n<meta property=\"og:site_name\" content=\"JH - ITC GmbH\" \/>\n<meta property=\"article:publisher\" content=\"https:\/\/www.facebook.com\/schalungshandel\" \/>\n<meta property=\"og:image\" content=\"https:\/\/www.jh-itc.de\/wp-content\/uploads\/2022\/07\/Huennebeck-Rasto-240x300_www.jh-itc.de-2.jpg\" \/>\n\t<meta property=\"og:image:width\" content=\"1536\" \/>\n\t<meta property=\"og:image:height\" content=\"2048\" \/>\n\t<meta property=\"og:image:type\" content=\"image\/jpeg\" \/>\n<meta name=\"twitter:card\" content=\"summary_large_image\" \/>\n<meta name=\"twitter:site\" content=\"@JH_ITC\" \/>\n<!-- \/ Yoast SEO plugin. -->","yoast_head_json":{"title":"H\u00fcnnebeck Rasto formwork 300x240 - JH - ITC GmbH","description":"H\u00fcnnebeck Rasto formwork 300x240. Renowned manufacturers \u2714 New & used formwork, props, scaffolding & construction machinery \u2714 Request a quote now!","robots":{"index":"index","follow":"follow","max-snippet":"max-snippet:-1","max-image-preview":"max-image-preview:large","max-video-preview":"max-video-preview:-1"},"canonical":"https:\/\/www.jh-itc.de\/en\/shop\/huennebeck-en\/huennebeck-rasto-en\/huennebeck-rasto-formwork-300x240\/","og_locale":"en_US","og_type":"article","og_title":"H\u00fcnnebeck Rasto formwork 300x240 - JH - ITC GmbH","og_description":"H\u00fcnnebeck Rasto formwork 300x240. Renowned manufacturers \u2714 New & used formwork, props, scaffolding & construction machinery \u2714 Request a quote now!","og_url":"https:\/\/www.jh-itc.de\/en\/shop\/huennebeck-en\/huennebeck-rasto-en\/huennebeck-rasto-formwork-300x240\/","og_site_name":"JH - ITC GmbH","article_publisher":"https:\/\/www.facebook.com\/schalungshandel","og_image":[{"width":1536,"height":2048,"url":"https:\/\/www.jh-itc.de\/wp-content\/uploads\/2022\/07\/Huennebeck-Rasto-240x300_www.jh-itc.de-2.jpg","type":"image\/jpeg"}],"twitter_card":"summary_large_image","twitter_site":"@JH_ITC","schema":{"@context":"https:\/\/schema.org","@graph":[{"@type":"WebPage","@id":"https:\/\/www.jh-itc.de\/en\/shop\/huennebeck-en\/huennebeck-rasto-en\/huennebeck-rasto-formwork-300x240\/","url":"https:\/\/www.jh-itc.de\/en\/shop\/huennebeck-en\/huennebeck-rasto-en\/huennebeck-rasto-formwork-300x240\/","name":"H\u00fcnnebeck Rasto formwork 300x240 - JH - ITC GmbH","isPartOf":{"@id":"https:\/\/www.jh-itc.de\/en\/#website"},"primaryImageOfPage":{"@id":"https:\/\/www.jh-itc.de\/en\/shop\/huennebeck-en\/huennebeck-rasto-en\/huennebeck-rasto-formwork-300x240\/#primaryimage"},"image":{"@id":"https:\/\/www.jh-itc.de\/en\/shop\/huennebeck-en\/huennebeck-rasto-en\/huennebeck-rasto-formwork-300x240\/#primaryimage"},"thumbnailUrl":"https:\/\/www.jh-itc.de\/wp-content\/uploads\/2022\/07\/Huennebeck-Rasto-240x300_www.jh-itc.de-2.jpg","datePublished":"2023-04-24T13:52:52+00:00","description":"H\u00fcnnebeck Rasto formwork 300x240. Renowned manufacturers \u2714 New & used formwork, props, scaffolding & construction machinery \u2714 Request a quote now!","breadcrumb":{"@id":"https:\/\/www.jh-itc.de\/en\/shop\/huennebeck-en\/huennebeck-rasto-en\/huennebeck-rasto-formwork-300x240\/#breadcrumb"},"inLanguage":"en-US","potentialAction":[{"@type":"ReadAction","target":["https:\/\/www.jh-itc.de\/en\/shop\/huennebeck-en\/huennebeck-rasto-en\/huennebeck-rasto-formwork-300x240\/"]}]},{"@type":"ImageObject","inLanguage":"en-US","@id":"https:\/\/www.jh-itc.de\/en\/shop\/huennebeck-en\/huennebeck-rasto-en\/huennebeck-rasto-formwork-300x240\/#primaryimage","url":"https:\/\/www.jh-itc.de\/wp-content\/uploads\/2022\/07\/Huennebeck-Rasto-240x300_www.jh-itc.de-2.jpg","contentUrl":"https:\/\/www.jh-itc.de\/wp-content\/uploads\/2022\/07\/Huennebeck-Rasto-240x300_www.jh-itc.de-2.jpg","width":1536,"height":2048},{"@type":"BreadcrumbList","@id":"https:\/\/www.jh-itc.de\/en\/shop\/huennebeck-en\/huennebeck-rasto-en\/huennebeck-rasto-formwork-300x240\/#breadcrumb","itemListElement":[{"@type":"ListItem","position":1,"name":"Home","item":"https:\/\/www.jh-itc.de\/en\/"},{"@type":"ListItem","position":2,"name":"Store","item":"https:\/\/www.jh-itc.de\/en\/?page_id=7087"},{"@type":"ListItem","position":3,"name":"H\u00fcnnebeck Rasto formwork 300&#215;240"}]},{"@type":"WebSite","@id":"https:\/\/www.jh-itc.de\/en\/#website","url":"https:\/\/www.jh-itc.de\/en\/","name":"JH - ITC GmbH","description":"Ihr Experte f\u00fcr gebrauchte St\u00fctzen, Schalungen und Ger\u00fcste","publisher":{"@id":"https:\/\/www.jh-itc.de\/en\/#organization"},"potentialAction":[{"@type":"SearchAction","target":{"@type":"EntryPoint","urlTemplate":"https:\/\/www.jh-itc.de\/en\/?s={search_term_string}"},"query-input":{"@type":"PropertyValueSpecification","valueRequired":true,"valueName":"search_term_string"}}],"inLanguage":"en-US"},{"@type":"Organization","@id":"https:\/\/www.jh-itc.de\/en\/#organization","name":"JH-ITC GmbH","url":"https:\/\/www.jh-itc.de\/en\/","logo":{"@type":"ImageObject","inLanguage":"en-US","@id":"https:\/\/www.jh-itc.de\/en\/#\/schema\/logo\/image\/","url":"https:\/\/www.jh-itc.de\/wp-content\/uploads\/2016\/01\/JH-ITC2-1.png","contentUrl":"https:\/\/www.jh-itc.de\/wp-content\/uploads\/2016\/01\/JH-ITC2-1.png","width":300,"height":102,"caption":"JH-ITC GmbH"},"image":{"@id":"https:\/\/www.jh-itc.de\/en\/#\/schema\/logo\/image\/"},"sameAs":["https:\/\/www.facebook.com\/schalungshandel","https:\/\/x.com\/JH_ITC","https:\/\/www.linkedin.com\/in\/jhitc","https:\/\/youtu.be\/rMdZ-FLfI-Y"]}]}},"_links":{"self":[{"href":"https:\/\/www.jh-itc.de\/en\/wp-json\/wp\/v2\/product\/42780","targetHints":{"allow":["GET"]}}],"collection":[{"href":"https:\/\/www.jh-itc.de\/en\/wp-json\/wp\/v2\/product"}],"about":[{"href":"https:\/\/www.jh-itc.de\/en\/wp-json\/wp\/v2\/types\/product"}],"wp:featuredmedia":[{"embeddable":true,"href":"https:\/\/www.jh-itc.de\/en\/wp-json\/wp\/v2\/media\/39320"}],"wp:attachment":[{"href":"https:\/\/www.jh-itc.de\/en\/wp-json\/wp\/v2\/media?parent=42780"}],"wp:term":[{"taxonomy":"product_brand","embeddable":true,"href":"https:\/\/www.jh-itc.de\/en\/wp-json\/wp\/v2\/product_brand?post=42780"},{"taxonomy":"product_cat","embeddable":true,"href":"https:\/\/www.jh-itc.de\/en\/wp-json\/wp\/v2\/product_cat?post=42780"},{"taxonomy":"product_tag","embeddable":true,"href":"https:\/\/www.jh-itc.de\/en\/wp-json\/wp\/v2\/product_tag?post=42780"}],"curies":[{"name":"wp","href":"https:\/\/api.w.org\/{rel}","templated":true}]}}