{"id":42913,"date":"2022-02-25T10:19:30","date_gmt":"2023-04-24T13:53:57","guid":{"rendered":"https:\/\/www.jh-itc.de\/shop\/uncategorized\/flygt-itt-compit-pe-pump-shaft\/"},"modified":"2025-02-20T15:19:16","modified_gmt":"2025-02-20T14:19:16","slug":"flygt-itt-compit-pe-pump-well","status":"publish","type":"product","link":"https:\/\/www.jh-itc.de\/en\/shop\/special-items\/flygt-itt-compit-pe-pump-well\/","title":{"rendered":"FLYGT ITT Compit -PE Pump shaft"},"content":{"rendered":"<p>Here is a data sheet:<\/p>\n<p>https:\/\/www.jh-itc.de\/wp-content\/uploads\/2022\/02\/PS_01_Kunststoffschacht_Druckentwaesserung.pdf<\/p>\n<p>&nbsp;<\/p>\n<p>&nbsp;<\/p>\n","protected":false},"excerpt":{"rendered":"<p>We offer a FLYGT ITT COMPIT-PE sewer manhole made of PE.<\/p>\n<p>If you are interested, please send us your inquiry.<\/p>\n<p>&nbsp;<\/p>\n<p>&nbsp;<\/p>\n<p>&nbsp;<\/p>\n","protected":false},"featured_media":38296,"template":"","meta":[],"product_brand":[],"product_cat":[229],"product_tag":[],"class_list":{"0":"post-42913","1":"product","2":"type-product","3":"status-publish","4":"has-post-thumbnail","6":"product_cat-special-items","8":"first","9":"instock","10":"taxable","11":"shipping-taxable","12":"product-type-simple"},"yoast_head":"<!-- This site is optimized with the Yoast SEO plugin v27.3 - https:\/\/yoast.com\/product\/yoast-seo-wordpress\/ -->\n<title>FLYGT ITT Compit -PE Pump shaft - JH - ITC GmbH<\/title>\n<meta name=\"description\" content=\"FLYGT ITT Compit -PE Pump shaft. Renowned manufacturers \u2714 New &amp; used formwork, props, scaffolding &amp; construction machinery \u2714 Request a quote now!\" \/>\n<meta name=\"robots\" content=\"index, follow, max-snippet:-1, max-image-preview:large, max-video-preview:-1\" \/>\n<link rel=\"canonical\" href=\"https:\/\/www.jh-itc.de\/en\/shop\/special-items\/flygt-itt-compit-pe-pump-well\/\" \/>\n<meta property=\"og:locale\" content=\"en_US\" \/>\n<meta property=\"og:type\" content=\"article\" \/>\n<meta property=\"og:title\" content=\"FLYGT ITT Compit -PE Pump shaft - JH - ITC GmbH\" \/>\n<meta property=\"og:description\" content=\"FLYGT ITT Compit -PE Pump shaft. Renowned manufacturers \u2714 New &amp; used formwork, props, scaffolding &amp; construction machinery \u2714 Request a quote now!\" \/>\n<meta property=\"og:url\" content=\"https:\/\/www.jh-itc.de\/en\/shop\/special-items\/flygt-itt-compit-pe-pump-well\/\" \/>\n<meta property=\"og:site_name\" content=\"JH - ITC GmbH\" \/>\n<meta property=\"article:publisher\" content=\"https:\/\/www.facebook.com\/schalungshandel\" \/>\n<meta property=\"article:modified_time\" content=\"2025-02-20T14:19:16+00:00\" \/>\n<meta property=\"og:image\" content=\"https:\/\/www.jh-itc.de\/wp-content\/uploads\/2022\/02\/FLYGT-Pumpstation-4-scaled.jpg\" \/>\n\t<meta property=\"og:image:width\" content=\"1920\" \/>\n\t<meta property=\"og:image:height\" content=\"2560\" \/>\n\t<meta property=\"og:image:type\" content=\"image\/jpeg\" \/>\n<meta name=\"twitter:card\" content=\"summary_large_image\" \/>\n<meta name=\"twitter:site\" content=\"@JH_ITC\" \/>\n<!-- \/ Yoast SEO plugin. -->","yoast_head_json":{"title":"FLYGT ITT Compit -PE Pump shaft - JH - ITC GmbH","description":"FLYGT ITT Compit -PE Pump shaft. Renowned manufacturers \u2714 New & used formwork, props, scaffolding & construction machinery \u2714 Request a quote now!","robots":{"index":"index","follow":"follow","max-snippet":"max-snippet:-1","max-image-preview":"max-image-preview:large","max-video-preview":"max-video-preview:-1"},"canonical":"https:\/\/www.jh-itc.de\/en\/shop\/special-items\/flygt-itt-compit-pe-pump-well\/","og_locale":"en_US","og_type":"article","og_title":"FLYGT ITT Compit -PE Pump shaft - JH - ITC GmbH","og_description":"FLYGT ITT Compit -PE Pump shaft. Renowned manufacturers \u2714 New & used formwork, props, scaffolding & construction machinery \u2714 Request a quote now!","og_url":"https:\/\/www.jh-itc.de\/en\/shop\/special-items\/flygt-itt-compit-pe-pump-well\/","og_site_name":"JH - ITC GmbH","article_publisher":"https:\/\/www.facebook.com\/schalungshandel","article_modified_time":"2025-02-20T14:19:16+00:00","og_image":[{"width":1920,"height":2560,"url":"https:\/\/www.jh-itc.de\/wp-content\/uploads\/2022\/02\/FLYGT-Pumpstation-4-scaled.jpg","type":"image\/jpeg"}],"twitter_card":"summary_large_image","twitter_site":"@JH_ITC","schema":{"@context":"https:\/\/schema.org","@graph":[{"@type":"WebPage","@id":"https:\/\/www.jh-itc.de\/en\/shop\/special-items\/flygt-itt-compit-pe-pump-well\/","url":"https:\/\/www.jh-itc.de\/en\/shop\/special-items\/flygt-itt-compit-pe-pump-well\/","name":"FLYGT ITT Compit -PE Pump shaft - JH - ITC GmbH","isPartOf":{"@id":"https:\/\/www.jh-itc.de\/en\/#website"},"primaryImageOfPage":{"@id":"https:\/\/www.jh-itc.de\/en\/shop\/special-items\/flygt-itt-compit-pe-pump-well\/#primaryimage"},"image":{"@id":"https:\/\/www.jh-itc.de\/en\/shop\/special-items\/flygt-itt-compit-pe-pump-well\/#primaryimage"},"thumbnailUrl":"https:\/\/www.jh-itc.de\/wp-content\/uploads\/2022\/02\/FLYGT-Pumpstation-4-scaled.jpg","datePublished":"2023-04-24T13:53:57+00:00","dateModified":"2025-02-20T14:19:16+00:00","description":"FLYGT ITT Compit -PE Pump shaft. Renowned manufacturers \u2714 New & used formwork, props, scaffolding & construction machinery \u2714 Request a quote now!","breadcrumb":{"@id":"https:\/\/www.jh-itc.de\/en\/shop\/special-items\/flygt-itt-compit-pe-pump-well\/#breadcrumb"},"inLanguage":"en-US","potentialAction":[{"@type":"ReadAction","target":["https:\/\/www.jh-itc.de\/en\/shop\/special-items\/flygt-itt-compit-pe-pump-well\/"]}]},{"@type":"ImageObject","inLanguage":"en-US","@id":"https:\/\/www.jh-itc.de\/en\/shop\/special-items\/flygt-itt-compit-pe-pump-well\/#primaryimage","url":"https:\/\/www.jh-itc.de\/wp-content\/uploads\/2022\/02\/FLYGT-Pumpstation-4-scaled.jpg","contentUrl":"https:\/\/www.jh-itc.de\/wp-content\/uploads\/2022\/02\/FLYGT-Pumpstation-4-scaled.jpg","width":1920,"height":2560},{"@type":"BreadcrumbList","@id":"https:\/\/www.jh-itc.de\/en\/shop\/special-items\/flygt-itt-compit-pe-pump-well\/#breadcrumb","itemListElement":[{"@type":"ListItem","position":1,"name":"Home","item":"https:\/\/www.jh-itc.de\/en\/"},{"@type":"ListItem","position":2,"name":"Store","item":"https:\/\/www.jh-itc.de\/en\/?page_id=7087"},{"@type":"ListItem","position":3,"name":"FLYGT ITT Compit -PE Pump shaft"}]},{"@type":"WebSite","@id":"https:\/\/www.jh-itc.de\/en\/#website","url":"https:\/\/www.jh-itc.de\/en\/","name":"JH - ITC GmbH","description":"Ihr Experte f\u00fcr gebrauchte St\u00fctzen, Schalungen und Ger\u00fcste","publisher":{"@id":"https:\/\/www.jh-itc.de\/en\/#organization"},"potentialAction":[{"@type":"SearchAction","target":{"@type":"EntryPoint","urlTemplate":"https:\/\/www.jh-itc.de\/en\/?s={search_term_string}"},"query-input":{"@type":"PropertyValueSpecification","valueRequired":true,"valueName":"search_term_string"}}],"inLanguage":"en-US"},{"@type":"Organization","@id":"https:\/\/www.jh-itc.de\/en\/#organization","name":"JH-ITC GmbH","url":"https:\/\/www.jh-itc.de\/en\/","logo":{"@type":"ImageObject","inLanguage":"en-US","@id":"https:\/\/www.jh-itc.de\/en\/#\/schema\/logo\/image\/","url":"https:\/\/www.jh-itc.de\/wp-content\/uploads\/2016\/01\/JH-ITC2-1.png","contentUrl":"https:\/\/www.jh-itc.de\/wp-content\/uploads\/2016\/01\/JH-ITC2-1.png","width":300,"height":102,"caption":"JH-ITC GmbH"},"image":{"@id":"https:\/\/www.jh-itc.de\/en\/#\/schema\/logo\/image\/"},"sameAs":["https:\/\/www.facebook.com\/schalungshandel","https:\/\/x.com\/JH_ITC","https:\/\/www.linkedin.com\/in\/jhitc","https:\/\/youtu.be\/rMdZ-FLfI-Y"]}]}},"_links":{"self":[{"href":"https:\/\/www.jh-itc.de\/en\/wp-json\/wp\/v2\/product\/42913","targetHints":{"allow":["GET"]}}],"collection":[{"href":"https:\/\/www.jh-itc.de\/en\/wp-json\/wp\/v2\/product"}],"about":[{"href":"https:\/\/www.jh-itc.de\/en\/wp-json\/wp\/v2\/types\/product"}],"wp:featuredmedia":[{"embeddable":true,"href":"https:\/\/www.jh-itc.de\/en\/wp-json\/wp\/v2\/media\/38296"}],"wp:attachment":[{"href":"https:\/\/www.jh-itc.de\/en\/wp-json\/wp\/v2\/media?parent=42913"}],"wp:term":[{"taxonomy":"product_brand","embeddable":true,"href":"https:\/\/www.jh-itc.de\/en\/wp-json\/wp\/v2\/product_brand?post=42913"},{"taxonomy":"product_cat","embeddable":true,"href":"https:\/\/www.jh-itc.de\/en\/wp-json\/wp\/v2\/product_cat?post=42913"},{"taxonomy":"product_tag","embeddable":true,"href":"https:\/\/www.jh-itc.de\/en\/wp-json\/wp\/v2\/product_tag?post=42913"}],"curies":[{"name":"wp","href":"https:\/\/api.w.org\/{rel}","templated":true}]}}