{"id":43059,"date":"2021-09-28T10:41:45","date_gmt":"2023-04-24T13:56:14","guid":{"rendered":"https:\/\/www.jh-itc.de\/shop\/uncategorized\/peri-aluminum-beam-mpb-24\/"},"modified":"2023-04-24T15:56:14","modified_gmt":"2023-04-24T13:56:14","slug":"peri-alutraeger-mpb-24","status":"publish","type":"product","link":"https:\/\/www.jh-itc.de\/en\/shop\/formwork\/peri-alutraeger-mpb-24\/","title":{"rendered":"Peri aluminum beam MPB 24"},"content":{"rendered":"","protected":false},"excerpt":{"rendered":"<p>We offer the following Peri aluminum carrier MPB 24.<\/p>\n<p>33 x Peri aluminum beam MPB 24-3.00m = 24.00 kg<\/p>\n<p>40 x Peri aluminum beam MPB 24 &#8211; 4.20m = 33.70 kg<\/p>\n<p>28 x Peri aluminum beam MPB 24 &#8211; 6.00m = 48.10 kg<\/p>\n<p>If you are interested, please send us your inquiry.<\/p>\n<p>&nbsp;<\/p>\n<p>&nbsp;<\/p>\n","protected":false},"featured_media":36447,"template":"","meta":[],"product_brand":[],"product_cat":[227,232,224],"product_tag":[],"class_list":{"0":"post-43059","1":"product","2":"type-product","3":"status-publish","4":"has-post-thumbnail","6":"product_cat-peri-en","7":"product_cat-peri-multiprops-en","8":"product_cat-formwork","10":"first","11":"instock","12":"taxable","13":"shipping-taxable","14":"product-type-simple"},"yoast_head":"<!-- This site is optimized with the Yoast SEO plugin v27.3 - https:\/\/yoast.com\/product\/yoast-seo-wordpress\/ -->\n<title>Peri aluminum beam MPB 24 - JH - ITC GmbH<\/title>\n<meta name=\"description\" content=\"Peri aluminum beam MPB 24. Renowned manufacturers \u2714 New &amp; used formwork, props, scaffolding &amp; construction machinery \u2714 Request a quote now!\" \/>\n<meta name=\"robots\" content=\"index, follow, max-snippet:-1, max-image-preview:large, max-video-preview:-1\" \/>\n<link rel=\"canonical\" href=\"https:\/\/www.jh-itc.de\/en\/shop\/formwork\/peri-alutraeger-mpb-24\/\" \/>\n<meta property=\"og:locale\" content=\"en_US\" \/>\n<meta property=\"og:type\" content=\"article\" \/>\n<meta property=\"og:title\" content=\"Peri aluminum beam MPB 24 - JH - ITC GmbH\" \/>\n<meta property=\"og:description\" content=\"Peri aluminum beam MPB 24. Renowned manufacturers \u2714 New &amp; used formwork, props, scaffolding &amp; construction machinery \u2714 Request a quote now!\" \/>\n<meta property=\"og:url\" content=\"https:\/\/www.jh-itc.de\/en\/shop\/formwork\/peri-alutraeger-mpb-24\/\" \/>\n<meta property=\"og:site_name\" content=\"JH - ITC GmbH\" \/>\n<meta property=\"article:publisher\" content=\"https:\/\/www.facebook.com\/schalungshandel\" \/>\n<meta property=\"og:image\" content=\"https:\/\/www.jh-itc.de\/wp-content\/uploads\/2021\/09\/Peri-Alutraeger-MPB24-1.jpg\" \/>\n\t<meta property=\"og:image:width\" content=\"2048\" \/>\n\t<meta property=\"og:image:height\" content=\"1536\" \/>\n\t<meta property=\"og:image:type\" content=\"image\/jpeg\" \/>\n<meta name=\"twitter:card\" content=\"summary_large_image\" \/>\n<meta name=\"twitter:site\" content=\"@JH_ITC\" \/>\n<!-- \/ Yoast SEO plugin. -->","yoast_head_json":{"title":"Peri aluminum beam MPB 24 - JH - ITC GmbH","description":"Peri aluminum beam MPB 24. Renowned manufacturers \u2714 New & used formwork, props, scaffolding & construction machinery \u2714 Request a quote now!","robots":{"index":"index","follow":"follow","max-snippet":"max-snippet:-1","max-image-preview":"max-image-preview:large","max-video-preview":"max-video-preview:-1"},"canonical":"https:\/\/www.jh-itc.de\/en\/shop\/formwork\/peri-alutraeger-mpb-24\/","og_locale":"en_US","og_type":"article","og_title":"Peri aluminum beam MPB 24 - JH - ITC GmbH","og_description":"Peri aluminum beam MPB 24. Renowned manufacturers \u2714 New & used formwork, props, scaffolding & construction machinery \u2714 Request a quote now!","og_url":"https:\/\/www.jh-itc.de\/en\/shop\/formwork\/peri-alutraeger-mpb-24\/","og_site_name":"JH - ITC GmbH","article_publisher":"https:\/\/www.facebook.com\/schalungshandel","og_image":[{"width":2048,"height":1536,"url":"https:\/\/www.jh-itc.de\/wp-content\/uploads\/2021\/09\/Peri-Alutraeger-MPB24-1.jpg","type":"image\/jpeg"}],"twitter_card":"summary_large_image","twitter_site":"@JH_ITC","schema":{"@context":"https:\/\/schema.org","@graph":[{"@type":"WebPage","@id":"https:\/\/www.jh-itc.de\/en\/shop\/formwork\/peri-alutraeger-mpb-24\/","url":"https:\/\/www.jh-itc.de\/en\/shop\/formwork\/peri-alutraeger-mpb-24\/","name":"Peri aluminum beam MPB 24 - JH - ITC GmbH","isPartOf":{"@id":"https:\/\/www.jh-itc.de\/en\/#website"},"primaryImageOfPage":{"@id":"https:\/\/www.jh-itc.de\/en\/shop\/formwork\/peri-alutraeger-mpb-24\/#primaryimage"},"image":{"@id":"https:\/\/www.jh-itc.de\/en\/shop\/formwork\/peri-alutraeger-mpb-24\/#primaryimage"},"thumbnailUrl":"https:\/\/www.jh-itc.de\/wp-content\/uploads\/2021\/09\/Peri-Alutraeger-MPB24-1.jpg","datePublished":"2023-04-24T13:56:14+00:00","description":"Peri aluminum beam MPB 24. Renowned manufacturers \u2714 New & used formwork, props, scaffolding & construction machinery \u2714 Request a quote now!","breadcrumb":{"@id":"https:\/\/www.jh-itc.de\/en\/shop\/formwork\/peri-alutraeger-mpb-24\/#breadcrumb"},"inLanguage":"en-US","potentialAction":[{"@type":"ReadAction","target":["https:\/\/www.jh-itc.de\/en\/shop\/formwork\/peri-alutraeger-mpb-24\/"]}]},{"@type":"ImageObject","inLanguage":"en-US","@id":"https:\/\/www.jh-itc.de\/en\/shop\/formwork\/peri-alutraeger-mpb-24\/#primaryimage","url":"https:\/\/www.jh-itc.de\/wp-content\/uploads\/2021\/09\/Peri-Alutraeger-MPB24-1.jpg","contentUrl":"https:\/\/www.jh-itc.de\/wp-content\/uploads\/2021\/09\/Peri-Alutraeger-MPB24-1.jpg","width":2048,"height":1536},{"@type":"BreadcrumbList","@id":"https:\/\/www.jh-itc.de\/en\/shop\/formwork\/peri-alutraeger-mpb-24\/#breadcrumb","itemListElement":[{"@type":"ListItem","position":1,"name":"Home","item":"https:\/\/www.jh-itc.de\/en\/"},{"@type":"ListItem","position":2,"name":"Store","item":"https:\/\/www.jh-itc.de\/en\/?page_id=7087"},{"@type":"ListItem","position":3,"name":"Peri aluminum beam MPB 24"}]},{"@type":"WebSite","@id":"https:\/\/www.jh-itc.de\/en\/#website","url":"https:\/\/www.jh-itc.de\/en\/","name":"JH - ITC GmbH","description":"Ihr Experte f\u00fcr gebrauchte St\u00fctzen, Schalungen und Ger\u00fcste","publisher":{"@id":"https:\/\/www.jh-itc.de\/en\/#organization"},"potentialAction":[{"@type":"SearchAction","target":{"@type":"EntryPoint","urlTemplate":"https:\/\/www.jh-itc.de\/en\/?s={search_term_string}"},"query-input":{"@type":"PropertyValueSpecification","valueRequired":true,"valueName":"search_term_string"}}],"inLanguage":"en-US"},{"@type":"Organization","@id":"https:\/\/www.jh-itc.de\/en\/#organization","name":"JH-ITC GmbH","url":"https:\/\/www.jh-itc.de\/en\/","logo":{"@type":"ImageObject","inLanguage":"en-US","@id":"https:\/\/www.jh-itc.de\/en\/#\/schema\/logo\/image\/","url":"https:\/\/www.jh-itc.de\/wp-content\/uploads\/2016\/01\/JH-ITC2-1.png","contentUrl":"https:\/\/www.jh-itc.de\/wp-content\/uploads\/2016\/01\/JH-ITC2-1.png","width":300,"height":102,"caption":"JH-ITC GmbH"},"image":{"@id":"https:\/\/www.jh-itc.de\/en\/#\/schema\/logo\/image\/"},"sameAs":["https:\/\/www.facebook.com\/schalungshandel","https:\/\/x.com\/JH_ITC","https:\/\/www.linkedin.com\/in\/jhitc","https:\/\/youtu.be\/rMdZ-FLfI-Y"]}]}},"_links":{"self":[{"href":"https:\/\/www.jh-itc.de\/en\/wp-json\/wp\/v2\/product\/43059","targetHints":{"allow":["GET"]}}],"collection":[{"href":"https:\/\/www.jh-itc.de\/en\/wp-json\/wp\/v2\/product"}],"about":[{"href":"https:\/\/www.jh-itc.de\/en\/wp-json\/wp\/v2\/types\/product"}],"wp:featuredmedia":[{"embeddable":true,"href":"https:\/\/www.jh-itc.de\/en\/wp-json\/wp\/v2\/media\/36447"}],"wp:attachment":[{"href":"https:\/\/www.jh-itc.de\/en\/wp-json\/wp\/v2\/media?parent=43059"}],"wp:term":[{"taxonomy":"product_brand","embeddable":true,"href":"https:\/\/www.jh-itc.de\/en\/wp-json\/wp\/v2\/product_brand?post=43059"},{"taxonomy":"product_cat","embeddable":true,"href":"https:\/\/www.jh-itc.de\/en\/wp-json\/wp\/v2\/product_cat?post=43059"},{"taxonomy":"product_tag","embeddable":true,"href":"https:\/\/www.jh-itc.de\/en\/wp-json\/wp\/v2\/product_tag?post=43059"}],"curies":[{"name":"wp","href":"https:\/\/api.w.org\/{rel}","templated":true}]}}