{"id":92047,"date":"2023-10-31T14:13:38","date_gmt":"2024-10-08T11:51:09","guid":{"rendered":"https:\/\/www.jh-itc.de\/shop\/uncategorized\/stair-tower-system-from-altrad-assco-futuro\/"},"modified":"2024-10-08T13:51:09","modified_gmt":"2024-10-08T11:51:09","slug":"stair-tower-system-from-altrad-assco-futuro","status":"publish","type":"product","link":"https:\/\/www.jh-itc.de\/en\/shop\/scaffolding\/plettac-en\/stair-tower-system-from-altrad-assco-futuro\/","title":{"rendered":"Stair tower system from Altrad assco futuro"},"content":{"rendered":"<p>Here is a link for more information:<\/p>\n<p><a href=\"https:\/\/www.jh-itc.de\/wp-content\/uploads\/2023\/10\/Treppenturmsystem_assco_08_2022_web.pdf\" target=\"_blank\" rel=\"noopener\">https:\/\/www.jh-itc.de\/wp-content\/uploads\/2023\/10\/Treppenturmsystem_assco_08_2022_web.pdf<\/a><\/p>\n<p>&nbsp;<\/p>\n<p>&nbsp;<\/p>\n<p>&nbsp;<\/p>\n","protected":false},"excerpt":{"rendered":"<p>We offer a stair tower system from Altrad assco futuro.<\/p>\n<p>This has been used once and is in very good condition.<\/p>\n<p>If you are interested, please send us your inquiry.<\/p>\n","protected":false},"featured_media":0,"template":"","meta":[],"product_brand":[],"product_cat":[281,218],"product_tag":[],"class_list":{"0":"post-92047","1":"product","2":"type-product","3":"status-publish","5":"product_cat-plettac-en","6":"product_cat-scaffolding","8":"first","9":"instock","10":"taxable","11":"shipping-taxable","12":"product-type-simple"},"yoast_head":"<!-- This site is optimized with the Yoast SEO plugin v27.3 - https:\/\/yoast.com\/product\/yoast-seo-wordpress\/ -->\n<title>Stair tower system from Altrad assco futuro - JH - ITC GmbH<\/title>\n<meta name=\"description\" content=\"Stair tower system from Altrad assco futuro. Renowned manufacturers \u2714 New &amp; used formwork, props, scaffolding &amp; construction machinery \u2714 Request a quote now!\" \/>\n<meta name=\"robots\" content=\"index, follow, max-snippet:-1, max-image-preview:large, max-video-preview:-1\" \/>\n<link rel=\"canonical\" href=\"https:\/\/www.jh-itc.de\/en\/shop\/scaffolding\/plettac-en\/stair-tower-system-from-altrad-assco-futuro\/\" \/>\n<meta property=\"og:locale\" content=\"en_US\" \/>\n<meta property=\"og:type\" content=\"article\" \/>\n<meta property=\"og:title\" content=\"Stair tower system from Altrad assco futuro - JH - ITC GmbH\" \/>\n<meta property=\"og:description\" content=\"Stair tower system from Altrad assco futuro. Renowned manufacturers \u2714 New &amp; used formwork, props, scaffolding &amp; construction machinery \u2714 Request a quote now!\" \/>\n<meta property=\"og:url\" content=\"https:\/\/www.jh-itc.de\/en\/shop\/scaffolding\/plettac-en\/stair-tower-system-from-altrad-assco-futuro\/\" \/>\n<meta property=\"og:site_name\" content=\"JH - ITC GmbH\" \/>\n<meta property=\"article:publisher\" content=\"https:\/\/www.facebook.com\/schalungshandel\" \/>\n<meta property=\"og:image\" content=\"https:\/\/www.jh-itc.de\/wp-content\/uploads\/2023\/10\/Treppenturm-System-Assco.jpg\" \/>\n\t<meta property=\"og:image:width\" content=\"1600\" \/>\n\t<meta property=\"og:image:height\" content=\"1105\" \/>\n\t<meta property=\"og:image:type\" content=\"image\/jpeg\" \/>\n<meta name=\"twitter:card\" content=\"summary_large_image\" \/>\n<meta name=\"twitter:site\" content=\"@JH_ITC\" \/>\n<!-- \/ Yoast SEO plugin. -->","yoast_head_json":{"title":"Stair tower system from Altrad assco futuro - JH - ITC GmbH","description":"Stair tower system from Altrad assco futuro. Renowned manufacturers \u2714 New & used formwork, props, scaffolding & construction machinery \u2714 Request a quote now!","robots":{"index":"index","follow":"follow","max-snippet":"max-snippet:-1","max-image-preview":"max-image-preview:large","max-video-preview":"max-video-preview:-1"},"canonical":"https:\/\/www.jh-itc.de\/en\/shop\/scaffolding\/plettac-en\/stair-tower-system-from-altrad-assco-futuro\/","og_locale":"en_US","og_type":"article","og_title":"Stair tower system from Altrad assco futuro - JH - ITC GmbH","og_description":"Stair tower system from Altrad assco futuro. Renowned manufacturers \u2714 New & used formwork, props, scaffolding & construction machinery \u2714 Request a quote now!","og_url":"https:\/\/www.jh-itc.de\/en\/shop\/scaffolding\/plettac-en\/stair-tower-system-from-altrad-assco-futuro\/","og_site_name":"JH - ITC GmbH","article_publisher":"https:\/\/www.facebook.com\/schalungshandel","og_image":[{"width":1600,"height":1105,"url":"https:\/\/www.jh-itc.de\/wp-content\/uploads\/2023\/10\/Treppenturm-System-Assco.jpg","type":"image\/jpeg"}],"twitter_card":"summary_large_image","twitter_site":"@JH_ITC","schema":{"@context":"https:\/\/schema.org","@graph":[{"@type":"WebPage","@id":"https:\/\/www.jh-itc.de\/en\/shop\/scaffolding\/plettac-en\/stair-tower-system-from-altrad-assco-futuro\/","url":"https:\/\/www.jh-itc.de\/en\/shop\/scaffolding\/plettac-en\/stair-tower-system-from-altrad-assco-futuro\/","name":"Stair tower system from Altrad assco futuro - JH - ITC GmbH","isPartOf":{"@id":"https:\/\/www.jh-itc.de\/en\/#website"},"datePublished":"2024-10-08T11:51:09+00:00","description":"Stair tower system from Altrad assco futuro. Renowned manufacturers \u2714 New & used formwork, props, scaffolding & construction machinery \u2714 Request a quote now!","breadcrumb":{"@id":"https:\/\/www.jh-itc.de\/en\/shop\/scaffolding\/plettac-en\/stair-tower-system-from-altrad-assco-futuro\/#breadcrumb"},"inLanguage":"en-US","potentialAction":[{"@type":"ReadAction","target":["https:\/\/www.jh-itc.de\/en\/shop\/scaffolding\/plettac-en\/stair-tower-system-from-altrad-assco-futuro\/"]}]},{"@type":"BreadcrumbList","@id":"https:\/\/www.jh-itc.de\/en\/shop\/scaffolding\/plettac-en\/stair-tower-system-from-altrad-assco-futuro\/#breadcrumb","itemListElement":[{"@type":"ListItem","position":1,"name":"Home","item":"https:\/\/www.jh-itc.de\/en\/"},{"@type":"ListItem","position":2,"name":"Store","item":"https:\/\/www.jh-itc.de\/en\/?page_id=7087"},{"@type":"ListItem","position":3,"name":"Stair tower system from Altrad assco futuro"}]},{"@type":"WebSite","@id":"https:\/\/www.jh-itc.de\/en\/#website","url":"https:\/\/www.jh-itc.de\/en\/","name":"JH - ITC GmbH","description":"Ihr Experte f\u00fcr gebrauchte St\u00fctzen, Schalungen und Ger\u00fcste","publisher":{"@id":"https:\/\/www.jh-itc.de\/en\/#organization"},"potentialAction":[{"@type":"SearchAction","target":{"@type":"EntryPoint","urlTemplate":"https:\/\/www.jh-itc.de\/en\/?s={search_term_string}"},"query-input":{"@type":"PropertyValueSpecification","valueRequired":true,"valueName":"search_term_string"}}],"inLanguage":"en-US"},{"@type":"Organization","@id":"https:\/\/www.jh-itc.de\/en\/#organization","name":"JH-ITC GmbH","url":"https:\/\/www.jh-itc.de\/en\/","logo":{"@type":"ImageObject","inLanguage":"en-US","@id":"https:\/\/www.jh-itc.de\/en\/#\/schema\/logo\/image\/","url":"https:\/\/www.jh-itc.de\/wp-content\/uploads\/2016\/01\/JH-ITC2-1.png","contentUrl":"https:\/\/www.jh-itc.de\/wp-content\/uploads\/2016\/01\/JH-ITC2-1.png","width":300,"height":102,"caption":"JH-ITC GmbH"},"image":{"@id":"https:\/\/www.jh-itc.de\/en\/#\/schema\/logo\/image\/"},"sameAs":["https:\/\/www.facebook.com\/schalungshandel","https:\/\/x.com\/JH_ITC","https:\/\/www.linkedin.com\/in\/jhitc","https:\/\/youtu.be\/rMdZ-FLfI-Y"]}]}},"_links":{"self":[{"href":"https:\/\/www.jh-itc.de\/en\/wp-json\/wp\/v2\/product\/92047","targetHints":{"allow":["GET"]}}],"collection":[{"href":"https:\/\/www.jh-itc.de\/en\/wp-json\/wp\/v2\/product"}],"about":[{"href":"https:\/\/www.jh-itc.de\/en\/wp-json\/wp\/v2\/types\/product"}],"wp:attachment":[{"href":"https:\/\/www.jh-itc.de\/en\/wp-json\/wp\/v2\/media?parent=92047"}],"wp:term":[{"taxonomy":"product_brand","embeddable":true,"href":"https:\/\/www.jh-itc.de\/en\/wp-json\/wp\/v2\/product_brand?post=92047"},{"taxonomy":"product_cat","embeddable":true,"href":"https:\/\/www.jh-itc.de\/en\/wp-json\/wp\/v2\/product_cat?post=92047"},{"taxonomy":"product_tag","embeddable":true,"href":"https:\/\/www.jh-itc.de\/en\/wp-json\/wp\/v2\/product_tag?post=92047"}],"curies":[{"name":"wp","href":"https:\/\/api.w.org\/{rel}","templated":true}]}}