{"id":92182,"date":"2024-03-11T16:28:52","date_gmt":"2024-10-08T11:54:30","guid":{"rendered":"https:\/\/www.jh-itc.de\/shop\/uncategorized\/meva-dec-slab-formwork-with-alkus\/"},"modified":"2024-10-08T13:54:30","modified_gmt":"2024-10-08T11:54:30","slug":"meva-dec-slab-formwork-with-alkus","status":"publish","type":"product","link":"https:\/\/www.jh-itc.de\/en\/shop\/meva-en\/meva-dec-en\/meva-dec-slab-formwork-with-alkus\/","title":{"rendered":"Meva Dec slab formwork with alkus"},"content":{"rendered":"","protected":false},"excerpt":{"rendered":"<p>We offer used Meva Dec slab formwork with alkus formlining.<\/p>\n<p>If you are interested, please send us your inquiry.<\/p>\n<p>&nbsp;<\/p>\n","protected":false},"featured_media":46154,"template":"","meta":[],"product_brand":[],"product_cat":[239,240,224],"product_tag":[],"class_list":{"0":"post-92182","1":"product","2":"type-product","3":"status-publish","4":"has-post-thumbnail","6":"product_cat-meva-en","7":"product_cat-meva-dec-en","8":"product_cat-formwork","10":"first","11":"instock","12":"taxable","13":"shipping-taxable","14":"product-type-simple"},"yoast_head":"<!-- This site is optimized with the Yoast SEO plugin v27.2 - https:\/\/yoast.com\/product\/yoast-seo-wordpress\/ -->\n<title>Meva Dec slab formwork with alkus - JH - ITC GmbH<\/title>\n<meta name=\"description\" content=\"Meva Dec slab formwork with alkus. Renowned manufacturers \u2714 New &amp; used formwork, props, scaffolding &amp; construction machinery \u2714 Request a quote now!\" \/>\n<meta name=\"robots\" content=\"index, follow, max-snippet:-1, max-image-preview:large, max-video-preview:-1\" \/>\n<link rel=\"canonical\" href=\"https:\/\/www.jh-itc.de\/en\/shop\/meva-en\/meva-dec-en\/meva-dec-slab-formwork-with-alkus\/\" \/>\n<meta property=\"og:locale\" content=\"en_US\" \/>\n<meta property=\"og:type\" content=\"article\" \/>\n<meta property=\"og:title\" content=\"Meva Dec slab formwork with alkus - JH - ITC GmbH\" \/>\n<meta property=\"og:description\" content=\"Meva Dec slab formwork with alkus. Renowned manufacturers \u2714 New &amp; used formwork, props, scaffolding &amp; construction machinery \u2714 Request a quote now!\" \/>\n<meta property=\"og:url\" content=\"https:\/\/www.jh-itc.de\/en\/shop\/meva-en\/meva-dec-en\/meva-dec-slab-formwork-with-alkus\/\" \/>\n<meta property=\"og:site_name\" content=\"JH - ITC GmbH\" \/>\n<meta property=\"article:publisher\" content=\"https:\/\/www.facebook.com\/schalungshandel\" \/>\n<meta property=\"og:image\" content=\"https:\/\/www.jh-itc.de\/wp-content\/uploads\/2024\/03\/23.02.2024-Wareneingang-LKW-Meva-3.jpg\" \/>\n\t<meta property=\"og:image:width\" content=\"1920\" \/>\n\t<meta property=\"og:image:height\" content=\"1080\" \/>\n\t<meta property=\"og:image:type\" content=\"image\/jpeg\" \/>\n<meta name=\"twitter:card\" content=\"summary_large_image\" \/>\n<meta name=\"twitter:site\" content=\"@JH_ITC\" \/>\n<!-- \/ Yoast SEO plugin. -->","yoast_head_json":{"title":"Meva Dec slab formwork with alkus - JH - ITC GmbH","description":"Meva Dec slab formwork with alkus. Renowned manufacturers \u2714 New & used formwork, props, scaffolding & construction machinery \u2714 Request a quote now!","robots":{"index":"index","follow":"follow","max-snippet":"max-snippet:-1","max-image-preview":"max-image-preview:large","max-video-preview":"max-video-preview:-1"},"canonical":"https:\/\/www.jh-itc.de\/en\/shop\/meva-en\/meva-dec-en\/meva-dec-slab-formwork-with-alkus\/","og_locale":"en_US","og_type":"article","og_title":"Meva Dec slab formwork with alkus - JH - ITC GmbH","og_description":"Meva Dec slab formwork with alkus. Renowned manufacturers \u2714 New & used formwork, props, scaffolding & construction machinery \u2714 Request a quote now!","og_url":"https:\/\/www.jh-itc.de\/en\/shop\/meva-en\/meva-dec-en\/meva-dec-slab-formwork-with-alkus\/","og_site_name":"JH - ITC GmbH","article_publisher":"https:\/\/www.facebook.com\/schalungshandel","og_image":[{"width":1920,"height":1080,"url":"https:\/\/www.jh-itc.de\/wp-content\/uploads\/2024\/03\/23.02.2024-Wareneingang-LKW-Meva-3.jpg","type":"image\/jpeg"}],"twitter_card":"summary_large_image","twitter_site":"@JH_ITC","schema":{"@context":"https:\/\/schema.org","@graph":[{"@type":"WebPage","@id":"https:\/\/www.jh-itc.de\/en\/shop\/meva-en\/meva-dec-en\/meva-dec-slab-formwork-with-alkus\/","url":"https:\/\/www.jh-itc.de\/en\/shop\/meva-en\/meva-dec-en\/meva-dec-slab-formwork-with-alkus\/","name":"Meva Dec slab formwork with alkus - JH - ITC GmbH","isPartOf":{"@id":"https:\/\/www.jh-itc.de\/en\/#website"},"primaryImageOfPage":{"@id":"https:\/\/www.jh-itc.de\/en\/shop\/meva-en\/meva-dec-en\/meva-dec-slab-formwork-with-alkus\/#primaryimage"},"image":{"@id":"https:\/\/www.jh-itc.de\/en\/shop\/meva-en\/meva-dec-en\/meva-dec-slab-formwork-with-alkus\/#primaryimage"},"thumbnailUrl":"https:\/\/www.jh-itc.de\/wp-content\/uploads\/2024\/03\/23.02.2024-Wareneingang-LKW-Meva-3.jpg","datePublished":"2024-10-08T11:54:30+00:00","description":"Meva Dec slab formwork with alkus. Renowned manufacturers \u2714 New & used formwork, props, scaffolding & construction machinery \u2714 Request a quote now!","breadcrumb":{"@id":"https:\/\/www.jh-itc.de\/en\/shop\/meva-en\/meva-dec-en\/meva-dec-slab-formwork-with-alkus\/#breadcrumb"},"inLanguage":"en-US","potentialAction":[{"@type":"ReadAction","target":["https:\/\/www.jh-itc.de\/en\/shop\/meva-en\/meva-dec-en\/meva-dec-slab-formwork-with-alkus\/"]}]},{"@type":"ImageObject","inLanguage":"en-US","@id":"https:\/\/www.jh-itc.de\/en\/shop\/meva-en\/meva-dec-en\/meva-dec-slab-formwork-with-alkus\/#primaryimage","url":"https:\/\/www.jh-itc.de\/wp-content\/uploads\/2024\/03\/23.02.2024-Wareneingang-LKW-Meva-3.jpg","contentUrl":"https:\/\/www.jh-itc.de\/wp-content\/uploads\/2024\/03\/23.02.2024-Wareneingang-LKW-Meva-3.jpg","width":1920,"height":1080},{"@type":"BreadcrumbList","@id":"https:\/\/www.jh-itc.de\/en\/shop\/meva-en\/meva-dec-en\/meva-dec-slab-formwork-with-alkus\/#breadcrumb","itemListElement":[{"@type":"ListItem","position":1,"name":"Home","item":"https:\/\/www.jh-itc.de\/en\/"},{"@type":"ListItem","position":2,"name":"Store","item":"https:\/\/www.jh-itc.de\/en\/?page_id=7087"},{"@type":"ListItem","position":3,"name":"Meva Dec slab formwork with alkus"}]},{"@type":"WebSite","@id":"https:\/\/www.jh-itc.de\/en\/#website","url":"https:\/\/www.jh-itc.de\/en\/","name":"JH - ITC GmbH","description":"Ihr Experte f\u00fcr gebrauchte St\u00fctzen, Schalungen und Ger\u00fcste","publisher":{"@id":"https:\/\/www.jh-itc.de\/en\/#organization"},"potentialAction":[{"@type":"SearchAction","target":{"@type":"EntryPoint","urlTemplate":"https:\/\/www.jh-itc.de\/en\/?s={search_term_string}"},"query-input":{"@type":"PropertyValueSpecification","valueRequired":true,"valueName":"search_term_string"}}],"inLanguage":"en-US"},{"@type":"Organization","@id":"https:\/\/www.jh-itc.de\/en\/#organization","name":"JH-ITC GmbH","url":"https:\/\/www.jh-itc.de\/en\/","logo":{"@type":"ImageObject","inLanguage":"en-US","@id":"https:\/\/www.jh-itc.de\/en\/#\/schema\/logo\/image\/","url":"https:\/\/www.jh-itc.de\/wp-content\/uploads\/2016\/01\/JH-ITC2-1.png","contentUrl":"https:\/\/www.jh-itc.de\/wp-content\/uploads\/2016\/01\/JH-ITC2-1.png","width":300,"height":102,"caption":"JH-ITC GmbH"},"image":{"@id":"https:\/\/www.jh-itc.de\/en\/#\/schema\/logo\/image\/"},"sameAs":["https:\/\/www.facebook.com\/schalungshandel","https:\/\/x.com\/JH_ITC","https:\/\/www.linkedin.com\/in\/jhitc","https:\/\/youtu.be\/rMdZ-FLfI-Y"]}]}},"_links":{"self":[{"href":"https:\/\/www.jh-itc.de\/en\/wp-json\/wp\/v2\/product\/92182","targetHints":{"allow":["GET"]}}],"collection":[{"href":"https:\/\/www.jh-itc.de\/en\/wp-json\/wp\/v2\/product"}],"about":[{"href":"https:\/\/www.jh-itc.de\/en\/wp-json\/wp\/v2\/types\/product"}],"wp:featuredmedia":[{"embeddable":true,"href":"https:\/\/www.jh-itc.de\/en\/wp-json\/wp\/v2\/media\/46154"}],"wp:attachment":[{"href":"https:\/\/www.jh-itc.de\/en\/wp-json\/wp\/v2\/media?parent=92182"}],"wp:term":[{"taxonomy":"product_brand","embeddable":true,"href":"https:\/\/www.jh-itc.de\/en\/wp-json\/wp\/v2\/product_brand?post=92182"},{"taxonomy":"product_cat","embeddable":true,"href":"https:\/\/www.jh-itc.de\/en\/wp-json\/wp\/v2\/product_cat?post=92182"},{"taxonomy":"product_tag","embeddable":true,"href":"https:\/\/www.jh-itc.de\/en\/wp-json\/wp\/v2\/product_tag?post=92182"}],"curies":[{"name":"wp","href":"https:\/\/api.w.org\/{rel}","templated":true}]}}