{"id":92195,"date":"2024-01-22T16:32:13","date_gmt":"2024-10-08T11:54:46","guid":{"rendered":"https:\/\/www.jh-itc.de\/shop\/uncategorized\/huennebeck-manto-270-120\/"},"modified":"2024-10-08T13:54:46","modified_gmt":"2024-10-08T11:54:46","slug":"huennebeck-manto-270-120","status":"publish","type":"product","link":"https:\/\/www.jh-itc.de\/en\/shop\/huennebeck-en\/huennebeck-manto-en\/huennebeck-manto-270-120\/","title":{"rendered":"H\u00fcnnebeck Manto 270 +120"},"content":{"rendered":"","protected":false},"excerpt":{"rendered":"<p>We offer a lot with 818 m\u00b2 &#8211; used H\u00fcnnebeck Manto formwork 270 + 120 with accessories.<\/p>\n<p>The formlining is either new or in very good used condition.<\/p>\n<table width=\"0\">\n<tbody>\n<tr>\n<td width=\"271\"><strong>Part number<\/strong><\/td>\n<td width=\"650\"><strong>Description<\/strong><\/td>\n<td width=\"194\"><strong>Qty<\/strong><\/td>\n<\/tr>\n<tr>\n<td width=\"271\">534990<\/td>\n<td width=\"650\">MANTO giant panel 240 x 270<\/td>\n<td width=\"194\">60<\/td>\n<\/tr>\n<tr>\n<td width=\"271\">446000<\/td>\n<td width=\"650\">MANTO panel 120 x 270<\/td>\n<td width=\"194\">23<\/td>\n<\/tr>\n<tr>\n<td width=\"271\">446022<\/td>\n<td width=\"650\">MANTO panel 105 x 270<\/td>\n<td width=\"194\">20<\/td>\n<\/tr>\n<tr>\n<td width=\"271\">446033<\/td>\n<td width=\"650\">MANTO panel 90 x 270<\/td>\n<td width=\"194\">30<\/td>\n<\/tr>\n<tr>\n<td width=\"271\">446044<\/td>\n<td width=\"650\">MANTO panel 75 x 270<\/td>\n<td width=\"194\">12<\/td>\n<\/tr>\n<tr>\n<td width=\"271\">446055<\/td>\n<td width=\"650\">MANTO panel 60 x 270<\/td>\n<td width=\"194\">32<\/td>\n<\/tr>\n<tr>\n<td width=\"271\">450786<\/td>\n<td width=\"650\">MANTO panel 45 x 270<\/td>\n<td width=\"194\">23<\/td>\n<\/tr>\n<tr>\n<td width=\"271\">600007<\/td>\n<td width=\"650\">MANTO panel 30 x 270<\/td>\n<td width=\"194\">14<\/td>\n<\/tr>\n<tr>\n<td width=\"271\">458175<\/td>\n<td width=\"650\">MANTO panel 120 x 120<\/td>\n<td width=\"194\">9<\/td>\n<\/tr>\n<tr>\n<td width=\"271\">458186<\/td>\n<td width=\"650\">MANTO panel 105 x 120<\/td>\n<td width=\"194\">7<\/td>\n<\/tr>\n<tr>\n<td width=\"271\">458197<\/td>\n<td width=\"650\">MANTO panel 90 x 120<\/td>\n<td width=\"194\">8<\/td>\n<\/tr>\n<tr>\n<td width=\"271\">458201<\/td>\n<td width=\"650\">MANTO panel 75 x 120<\/td>\n<td width=\"194\">8<\/td>\n<\/tr>\n<tr>\n<td width=\"271\">458223<\/td>\n<td width=\"650\">MANTO panel 60 x 120<\/td>\n<td width=\"194\">8<\/td>\n<\/tr>\n<tr>\n<td width=\"271\">458245<\/td>\n<td width=\"650\">MANTO panel 45 x 120<\/td>\n<td width=\"194\">4<\/td>\n<\/tr>\n<tr>\n<td width=\"271\">446066<\/td>\n<td width=\"650\">MANTO panel 240 x 120<\/td>\n<td width=\"194\">8<\/td>\n<\/tr>\n<tr>\n<td width=\"271\">454340<\/td>\n<td width=\"650\">MANTO MP panel 75 x 270<\/td>\n<td width=\"194\">18<\/td>\n<\/tr>\n<tr>\n<td width=\"271\">535001<\/td>\n<td width=\"650\">MANTO inside corner 35\/270<\/td>\n<td width=\"194\">33<\/td>\n<\/tr>\n<tr>\n<td width=\"271\">604010<\/td>\n<td width=\"650\">MANTO inside corner S 35\/120<\/td>\n<td width=\"194\">8<\/td>\n<\/tr>\n<tr>\n<td width=\"271\">450764<\/td>\n<td width=\"650\">Multi-purpose waler 100<\/td>\n<td width=\"194\">14<\/td>\n<\/tr>\n<tr>\n<td width=\"271\">448000<\/td>\n<td width=\"650\">Aligning panel clamp<\/td>\n<td width=\"194\">463<\/td>\n<\/tr>\n<tr>\n<td width=\"271\">448227<\/td>\n<td width=\"650\">Outer corner clamp<\/td>\n<td width=\"194\">50<\/td>\n<\/tr>\n<tr>\n<td width=\"271\">467898<\/td>\n<td width=\"650\">Adjustable aligning clamp<\/td>\n<td width=\"194\">196<\/td>\n<\/tr>\n<tr>\n<td width=\"271\">448205<\/td>\n<td width=\"650\">MANTO walkway bracket 90<\/td>\n<td width=\"194\">245<\/td>\n<\/tr>\n<tr>\n<td width=\"271\">193220<\/td>\n<td width=\"650\">TK railing post<\/td>\n<td width=\"194\">20<\/td>\n<\/tr>\n<tr>\n<td width=\"271\">565114<\/td>\n<td width=\"650\">MANTO strut connector<\/td>\n<td width=\"194\">15<\/td>\n<\/tr>\n<tr>\n<td width=\"271\">565103<\/td>\n<td width=\"650\">MANTO aligning strut<\/td>\n<td width=\"194\">67<\/td>\n<\/tr>\n<tr>\n<td width=\"271\">024387<\/td>\n<td width=\"650\">Tie rod 100 (DW15)<\/td>\n<td width=\"194\">150<\/td>\n<\/tr>\n<tr>\n<td width=\"271\">048344<\/td>\n<td width=\"650\">Tie nut 230<\/td>\n<td width=\"194\">300<\/td>\n<\/tr>\n<tr>\n<td width=\"271\">601210<\/td>\n<td width=\"650\">Aligning strut K600<\/td>\n<td width=\"194\">20<\/td>\n<\/tr>\n<\/tbody>\n<\/table>\n<p>If you are interested, please send us your inquiry.<\/p>\n<p>&nbsp;<\/p>\n<p>&nbsp;<\/p>\n","protected":false},"featured_media":45594,"template":"","meta":[],"product_brand":[],"product_cat":[220,221,224],"product_tag":[],"class_list":{"0":"post-92195","1":"product","2":"type-product","3":"status-publish","4":"has-post-thumbnail","6":"product_cat-huennebeck-en","7":"product_cat-huennebeck-manto-en","8":"product_cat-formwork","10":"first","11":"instock","12":"taxable","13":"shipping-taxable","14":"product-type-simple"},"yoast_head":"<!-- This site is optimized with the Yoast SEO plugin v27.3 - https:\/\/yoast.com\/product\/yoast-seo-wordpress\/ -->\n<title>H\u00fcnnebeck Manto 270 +120 - JH - ITC GmbH<\/title>\n<meta name=\"description\" content=\"H\u00fcnnebeck Manto 270 +120. Renowned manufacturers \u2714 New &amp; used formwork, props, scaffolding &amp; construction machinery \u2714 Request a quote now!\" \/>\n<meta name=\"robots\" content=\"index, follow, max-snippet:-1, max-image-preview:large, max-video-preview:-1\" \/>\n<link rel=\"canonical\" href=\"https:\/\/www.jh-itc.de\/en\/shop\/huennebeck-en\/huennebeck-manto-en\/huennebeck-manto-270-120\/\" \/>\n<meta property=\"og:locale\" content=\"en_US\" \/>\n<meta property=\"og:type\" content=\"article\" \/>\n<meta property=\"og:title\" content=\"H\u00fcnnebeck Manto 270 +120 - JH - ITC GmbH\" \/>\n<meta property=\"og:description\" content=\"H\u00fcnnebeck Manto 270 +120. Renowned manufacturers \u2714 New &amp; used formwork, props, scaffolding &amp; construction machinery \u2714 Request a quote now!\" \/>\n<meta property=\"og:url\" content=\"https:\/\/www.jh-itc.de\/en\/shop\/huennebeck-en\/huennebeck-manto-en\/huennebeck-manto-270-120\/\" \/>\n<meta property=\"og:site_name\" content=\"JH - ITC GmbH\" \/>\n<meta property=\"article:publisher\" content=\"https:\/\/www.facebook.com\/schalungshandel\" \/>\n<meta property=\"og:image\" content=\"https:\/\/www.jh-itc.de\/wp-content\/uploads\/2024\/01\/Manto-1.jpg\" \/>\n\t<meta property=\"og:image:width\" content=\"1024\" \/>\n\t<meta property=\"og:image:height\" content=\"768\" \/>\n\t<meta property=\"og:image:type\" content=\"image\/jpeg\" \/>\n<meta name=\"twitter:card\" content=\"summary_large_image\" \/>\n<meta name=\"twitter:site\" content=\"@JH_ITC\" \/>\n<!-- \/ Yoast SEO plugin. -->","yoast_head_json":{"title":"H\u00fcnnebeck Manto 270 +120 - JH - ITC GmbH","description":"H\u00fcnnebeck Manto 270 +120. Renowned manufacturers \u2714 New & used formwork, props, scaffolding & construction machinery \u2714 Request a quote now!","robots":{"index":"index","follow":"follow","max-snippet":"max-snippet:-1","max-image-preview":"max-image-preview:large","max-video-preview":"max-video-preview:-1"},"canonical":"https:\/\/www.jh-itc.de\/en\/shop\/huennebeck-en\/huennebeck-manto-en\/huennebeck-manto-270-120\/","og_locale":"en_US","og_type":"article","og_title":"H\u00fcnnebeck Manto 270 +120 - JH - ITC GmbH","og_description":"H\u00fcnnebeck Manto 270 +120. Renowned manufacturers \u2714 New & used formwork, props, scaffolding & construction machinery \u2714 Request a quote now!","og_url":"https:\/\/www.jh-itc.de\/en\/shop\/huennebeck-en\/huennebeck-manto-en\/huennebeck-manto-270-120\/","og_site_name":"JH - ITC GmbH","article_publisher":"https:\/\/www.facebook.com\/schalungshandel","og_image":[{"width":1024,"height":768,"url":"https:\/\/www.jh-itc.de\/wp-content\/uploads\/2024\/01\/Manto-1.jpg","type":"image\/jpeg"}],"twitter_card":"summary_large_image","twitter_site":"@JH_ITC","schema":{"@context":"https:\/\/schema.org","@graph":[{"@type":"WebPage","@id":"https:\/\/www.jh-itc.de\/en\/shop\/huennebeck-en\/huennebeck-manto-en\/huennebeck-manto-270-120\/","url":"https:\/\/www.jh-itc.de\/en\/shop\/huennebeck-en\/huennebeck-manto-en\/huennebeck-manto-270-120\/","name":"H\u00fcnnebeck Manto 270 +120 - JH - ITC GmbH","isPartOf":{"@id":"https:\/\/www.jh-itc.de\/en\/#website"},"primaryImageOfPage":{"@id":"https:\/\/www.jh-itc.de\/en\/shop\/huennebeck-en\/huennebeck-manto-en\/huennebeck-manto-270-120\/#primaryimage"},"image":{"@id":"https:\/\/www.jh-itc.de\/en\/shop\/huennebeck-en\/huennebeck-manto-en\/huennebeck-manto-270-120\/#primaryimage"},"thumbnailUrl":"https:\/\/www.jh-itc.de\/wp-content\/uploads\/2024\/01\/Manto-1.jpg","datePublished":"2024-10-08T11:54:46+00:00","description":"H\u00fcnnebeck Manto 270 +120. Renowned manufacturers \u2714 New & used formwork, props, scaffolding & construction machinery \u2714 Request a quote now!","breadcrumb":{"@id":"https:\/\/www.jh-itc.de\/en\/shop\/huennebeck-en\/huennebeck-manto-en\/huennebeck-manto-270-120\/#breadcrumb"},"inLanguage":"en-US","potentialAction":[{"@type":"ReadAction","target":["https:\/\/www.jh-itc.de\/en\/shop\/huennebeck-en\/huennebeck-manto-en\/huennebeck-manto-270-120\/"]}]},{"@type":"ImageObject","inLanguage":"en-US","@id":"https:\/\/www.jh-itc.de\/en\/shop\/huennebeck-en\/huennebeck-manto-en\/huennebeck-manto-270-120\/#primaryimage","url":"https:\/\/www.jh-itc.de\/wp-content\/uploads\/2024\/01\/Manto-1.jpg","contentUrl":"https:\/\/www.jh-itc.de\/wp-content\/uploads\/2024\/01\/Manto-1.jpg","width":1024,"height":768},{"@type":"BreadcrumbList","@id":"https:\/\/www.jh-itc.de\/en\/shop\/huennebeck-en\/huennebeck-manto-en\/huennebeck-manto-270-120\/#breadcrumb","itemListElement":[{"@type":"ListItem","position":1,"name":"Home","item":"https:\/\/www.jh-itc.de\/en\/"},{"@type":"ListItem","position":2,"name":"Store","item":"https:\/\/www.jh-itc.de\/en\/?page_id=7087"},{"@type":"ListItem","position":3,"name":"H\u00fcnnebeck Manto 270 +120"}]},{"@type":"WebSite","@id":"https:\/\/www.jh-itc.de\/en\/#website","url":"https:\/\/www.jh-itc.de\/en\/","name":"JH - ITC GmbH","description":"Ihr Experte f\u00fcr gebrauchte St\u00fctzen, Schalungen und Ger\u00fcste","publisher":{"@id":"https:\/\/www.jh-itc.de\/en\/#organization"},"potentialAction":[{"@type":"SearchAction","target":{"@type":"EntryPoint","urlTemplate":"https:\/\/www.jh-itc.de\/en\/?s={search_term_string}"},"query-input":{"@type":"PropertyValueSpecification","valueRequired":true,"valueName":"search_term_string"}}],"inLanguage":"en-US"},{"@type":"Organization","@id":"https:\/\/www.jh-itc.de\/en\/#organization","name":"JH-ITC GmbH","url":"https:\/\/www.jh-itc.de\/en\/","logo":{"@type":"ImageObject","inLanguage":"en-US","@id":"https:\/\/www.jh-itc.de\/en\/#\/schema\/logo\/image\/","url":"https:\/\/www.jh-itc.de\/wp-content\/uploads\/2016\/01\/JH-ITC2-1.png","contentUrl":"https:\/\/www.jh-itc.de\/wp-content\/uploads\/2016\/01\/JH-ITC2-1.png","width":300,"height":102,"caption":"JH-ITC GmbH"},"image":{"@id":"https:\/\/www.jh-itc.de\/en\/#\/schema\/logo\/image\/"},"sameAs":["https:\/\/www.facebook.com\/schalungshandel","https:\/\/x.com\/JH_ITC","https:\/\/www.linkedin.com\/in\/jhitc","https:\/\/youtu.be\/rMdZ-FLfI-Y"]}]}},"_links":{"self":[{"href":"https:\/\/www.jh-itc.de\/en\/wp-json\/wp\/v2\/product\/92195","targetHints":{"allow":["GET"]}}],"collection":[{"href":"https:\/\/www.jh-itc.de\/en\/wp-json\/wp\/v2\/product"}],"about":[{"href":"https:\/\/www.jh-itc.de\/en\/wp-json\/wp\/v2\/types\/product"}],"wp:featuredmedia":[{"embeddable":true,"href":"https:\/\/www.jh-itc.de\/en\/wp-json\/wp\/v2\/media\/45594"}],"wp:attachment":[{"href":"https:\/\/www.jh-itc.de\/en\/wp-json\/wp\/v2\/media?parent=92195"}],"wp:term":[{"taxonomy":"product_brand","embeddable":true,"href":"https:\/\/www.jh-itc.de\/en\/wp-json\/wp\/v2\/product_brand?post=92195"},{"taxonomy":"product_cat","embeddable":true,"href":"https:\/\/www.jh-itc.de\/en\/wp-json\/wp\/v2\/product_cat?post=92195"},{"taxonomy":"product_tag","embeddable":true,"href":"https:\/\/www.jh-itc.de\/en\/wp-json\/wp\/v2\/product_tag?post=92195"}],"curies":[{"name":"wp","href":"https:\/\/api.w.org\/{rel}","templated":true}]}}