{"id":92903,"date":"2024-11-26T17:44:12","date_gmt":"2024-11-26T16:44:23","guid":{"rendered":"https:\/\/www.jh-itc.de\/shop\/uncategorized\/peri-sky-deck\/"},"modified":"2024-11-26T17:44:23","modified_gmt":"2024-11-26T16:44:23","slug":"peri-sky-deck","status":"publish","type":"product","link":"https:\/\/www.jh-itc.de\/en\/shop\/peri-en\/peri-sky-deck-en\/peri-sky-deck\/","title":{"rendered":"Peri Sky Deck"},"content":{"rendered":"","protected":false},"excerpt":{"rendered":"<p>We offer a lot of 230 m\u00b2 &#8211; used Peri Sky Deck formwork incl. Accessories on.<\/p>\n<p>The formwork was refurbished by us with new formlining and has since been used once.<\/p>\n<table width=\"486\">\n<tbody>\n<tr>\n<td width=\"104\">Item no.<\/td>\n<td width=\"287\">Article description<\/td>\n<td width=\"95\">Quantity<\/td>\n<\/tr>\n<tr>\n<td>061000<\/td>\n<td>Panel SDP 150&#215;75<\/td>\n<td>180<\/td>\n<\/tr>\n<tr>\n<td>061011<\/td>\n<td>Panel SDP 150&#215;50<\/td>\n<td>10<\/td>\n<\/tr>\n<tr>\n<td>061020<\/td>\n<td>Panel SDP 150&#215;37.5<\/td>\n<td>8<\/td>\n<\/tr>\n<tr>\n<td>061010<\/td>\n<td>Panel SDP 75&#215;75<\/td>\n<td>16<\/td>\n<\/tr>\n<tr>\n<td>061013<\/td>\n<td>Panel SDP 75&#215;50<\/td>\n<td>5<\/td>\n<\/tr>\n<tr>\n<td>061030<\/td>\n<td>Panel SDP 75&#215;37.5<\/td>\n<td>2<\/td>\n<\/tr>\n<tr>\n<td>061100<\/td>\n<td>SLT 225 side member<\/td>\n<td>70<\/td>\n<\/tr>\n<tr>\n<td>061110<\/td>\n<td>SLT 150 side member<\/td>\n<td>26<\/td>\n<\/tr>\n<tr>\n<td>061026<\/td>\n<td>Cover strip SAL 150<\/td>\n<td>65<\/td>\n<\/tr>\n<tr>\n<td>061045<\/td>\n<td>Edge beam SRT 150-2<\/td>\n<td>22<\/td>\n<\/tr>\n<tr>\n<td>061046<\/td>\n<td>Edge beam SRT 75-2<\/td>\n<td>9<\/td>\n<\/tr>\n<tr>\n<td>061210<\/td>\n<td>Case head SFK<\/td>\n<td>120<\/td>\n<\/tr>\n<tr>\n<td>061200<\/td>\n<td>Support head SSK<\/td>\n<td>30<\/td>\n<\/tr>\n<tr>\n<td>061180<\/td>\n<td>Combi-head SCK<\/td>\n<td>15<\/td>\n<\/tr>\n<tr>\n<td>061051<\/td>\n<td>Wall bracket SWH-2<\/td>\n<td>8<\/td>\n<\/tr>\n<tr>\n<td>061023<\/td>\n<td>End bearing SSL<\/td>\n<td>36<\/td>\n<\/tr>\n<tr>\n<td>061280<\/td>\n<td>Panel wedge chamber SPKK<\/td>\n<td>12<\/td>\n<\/tr>\n<tr>\n<td>065074<\/td>\n<td>Turnbuckle M12\/3.0 KN<\/td>\n<td>15<\/td>\n<\/tr>\n<tr>\n<td>061530<\/td>\n<td>Large pallet SD 150&#215;225, galvanized.<\/td>\n<td>4<\/td>\n<\/tr>\n<tr>\n<td>028000<\/td>\n<td>Universal reamers 57-120<\/td>\n<td>16<\/td>\n<\/tr>\n<tr>\n<td>103434<\/td>\n<td>Pallet RP 80&#215;120\/2 galvanized.<\/td>\n<td>1<\/td>\n<\/tr>\n<tr>\n<td>065016<\/td>\n<td>Mesh box 80&#215;120-K lacquered.<\/td>\n<td>3<\/td>\n<\/tr>\n<\/tbody>\n<\/table>\n<p>If you are interested, please send us your inquiry.<\/p>\n<p>&nbsp;<\/p>\n<p>&nbsp;<\/p>\n<p>&nbsp;<\/p>\n","protected":false},"featured_media":92872,"template":"","meta":[],"product_brand":[],"product_cat":[227,237,224],"product_tag":[],"class_list":{"0":"post-92903","1":"product","2":"type-product","3":"status-publish","4":"has-post-thumbnail","6":"product_cat-peri-en","7":"product_cat-peri-sky-deck-en","8":"product_cat-formwork","10":"first","11":"instock","12":"taxable","13":"shipping-taxable","14":"product-type-simple"},"yoast_head":"<!-- This site is optimized with the Yoast SEO plugin v27.3 - https:\/\/yoast.com\/product\/yoast-seo-wordpress\/ -->\n<title>Peri Sky Deck - JH - ITC GmbH<\/title>\n<meta name=\"description\" content=\"Peri Sky Deck. Renowned manufacturers \u2714 New &amp; used formwork, props, scaffolding &amp; construction machinery \u2714 Request a quote now!\" \/>\n<meta name=\"robots\" content=\"index, follow, max-snippet:-1, max-image-preview:large, max-video-preview:-1\" \/>\n<link rel=\"canonical\" href=\"https:\/\/www.jh-itc.de\/en\/shop\/peri-en\/peri-sky-deck-en\/peri-sky-deck\/\" \/>\n<meta property=\"og:locale\" content=\"en_US\" \/>\n<meta property=\"og:type\" content=\"article\" \/>\n<meta property=\"og:title\" content=\"Peri Sky Deck - JH - ITC GmbH\" \/>\n<meta property=\"og:description\" content=\"Peri Sky Deck. Renowned manufacturers \u2714 New &amp; used formwork, props, scaffolding &amp; construction machinery \u2714 Request a quote now!\" \/>\n<meta property=\"og:url\" content=\"https:\/\/www.jh-itc.de\/en\/shop\/peri-en\/peri-sky-deck-en\/peri-sky-deck\/\" \/>\n<meta property=\"og:site_name\" content=\"JH - ITC GmbH\" \/>\n<meta property=\"article:publisher\" content=\"https:\/\/www.facebook.com\/schalungshandel\" \/>\n<meta property=\"og:image\" content=\"https:\/\/www.jh-itc.de\/wp-content\/uploads\/2024\/11\/Peri-Sky-Deck_230sqm-3.jpg\" \/>\n\t<meta property=\"og:image:width\" content=\"2048\" \/>\n\t<meta property=\"og:image:height\" content=\"2048\" \/>\n\t<meta property=\"og:image:type\" content=\"image\/jpeg\" \/>\n<meta name=\"twitter:card\" content=\"summary_large_image\" \/>\n<meta name=\"twitter:site\" content=\"@JH_ITC\" \/>\n<!-- \/ Yoast SEO plugin. -->","yoast_head_json":{"title":"Peri Sky Deck - JH - ITC GmbH","description":"Peri Sky Deck. Renowned manufacturers \u2714 New & used formwork, props, scaffolding & construction machinery \u2714 Request a quote now!","robots":{"index":"index","follow":"follow","max-snippet":"max-snippet:-1","max-image-preview":"max-image-preview:large","max-video-preview":"max-video-preview:-1"},"canonical":"https:\/\/www.jh-itc.de\/en\/shop\/peri-en\/peri-sky-deck-en\/peri-sky-deck\/","og_locale":"en_US","og_type":"article","og_title":"Peri Sky Deck - JH - ITC GmbH","og_description":"Peri Sky Deck. Renowned manufacturers \u2714 New & used formwork, props, scaffolding & construction machinery \u2714 Request a quote now!","og_url":"https:\/\/www.jh-itc.de\/en\/shop\/peri-en\/peri-sky-deck-en\/peri-sky-deck\/","og_site_name":"JH - ITC GmbH","article_publisher":"https:\/\/www.facebook.com\/schalungshandel","og_image":[{"width":2048,"height":2048,"url":"https:\/\/www.jh-itc.de\/wp-content\/uploads\/2024\/11\/Peri-Sky-Deck_230sqm-3.jpg","type":"image\/jpeg"}],"twitter_card":"summary_large_image","twitter_site":"@JH_ITC","schema":{"@context":"https:\/\/schema.org","@graph":[{"@type":"WebPage","@id":"https:\/\/www.jh-itc.de\/en\/shop\/peri-en\/peri-sky-deck-en\/peri-sky-deck\/","url":"https:\/\/www.jh-itc.de\/en\/shop\/peri-en\/peri-sky-deck-en\/peri-sky-deck\/","name":"Peri Sky Deck - JH - ITC GmbH","isPartOf":{"@id":"https:\/\/www.jh-itc.de\/en\/#website"},"primaryImageOfPage":{"@id":"https:\/\/www.jh-itc.de\/en\/shop\/peri-en\/peri-sky-deck-en\/peri-sky-deck\/#primaryimage"},"image":{"@id":"https:\/\/www.jh-itc.de\/en\/shop\/peri-en\/peri-sky-deck-en\/peri-sky-deck\/#primaryimage"},"thumbnailUrl":"https:\/\/www.jh-itc.de\/wp-content\/uploads\/2024\/11\/Peri-Sky-Deck_230sqm-3.jpg","datePublished":"2024-11-26T16:44:23+00:00","description":"Peri Sky Deck. Renowned manufacturers \u2714 New & used formwork, props, scaffolding & construction machinery \u2714 Request a quote now!","breadcrumb":{"@id":"https:\/\/www.jh-itc.de\/en\/shop\/peri-en\/peri-sky-deck-en\/peri-sky-deck\/#breadcrumb"},"inLanguage":"en-US","potentialAction":[{"@type":"ReadAction","target":["https:\/\/www.jh-itc.de\/en\/shop\/peri-en\/peri-sky-deck-en\/peri-sky-deck\/"]}]},{"@type":"ImageObject","inLanguage":"en-US","@id":"https:\/\/www.jh-itc.de\/en\/shop\/peri-en\/peri-sky-deck-en\/peri-sky-deck\/#primaryimage","url":"https:\/\/www.jh-itc.de\/wp-content\/uploads\/2024\/11\/Peri-Sky-Deck_230sqm-3.jpg","contentUrl":"https:\/\/www.jh-itc.de\/wp-content\/uploads\/2024\/11\/Peri-Sky-Deck_230sqm-3.jpg","width":2048,"height":2048,"caption":"Peri Sky Deck"},{"@type":"BreadcrumbList","@id":"https:\/\/www.jh-itc.de\/en\/shop\/peri-en\/peri-sky-deck-en\/peri-sky-deck\/#breadcrumb","itemListElement":[{"@type":"ListItem","position":1,"name":"Home","item":"https:\/\/www.jh-itc.de\/en\/"},{"@type":"ListItem","position":2,"name":"Store","item":"https:\/\/www.jh-itc.de\/en\/?page_id=7087"},{"@type":"ListItem","position":3,"name":"Peri Sky Deck"}]},{"@type":"WebSite","@id":"https:\/\/www.jh-itc.de\/en\/#website","url":"https:\/\/www.jh-itc.de\/en\/","name":"JH - ITC GmbH","description":"Ihr Experte f\u00fcr gebrauchte St\u00fctzen, Schalungen und Ger\u00fcste","publisher":{"@id":"https:\/\/www.jh-itc.de\/en\/#organization"},"potentialAction":[{"@type":"SearchAction","target":{"@type":"EntryPoint","urlTemplate":"https:\/\/www.jh-itc.de\/en\/?s={search_term_string}"},"query-input":{"@type":"PropertyValueSpecification","valueRequired":true,"valueName":"search_term_string"}}],"inLanguage":"en-US"},{"@type":"Organization","@id":"https:\/\/www.jh-itc.de\/en\/#organization","name":"JH-ITC GmbH","url":"https:\/\/www.jh-itc.de\/en\/","logo":{"@type":"ImageObject","inLanguage":"en-US","@id":"https:\/\/www.jh-itc.de\/en\/#\/schema\/logo\/image\/","url":"https:\/\/www.jh-itc.de\/wp-content\/uploads\/2016\/01\/JH-ITC2-1.png","contentUrl":"https:\/\/www.jh-itc.de\/wp-content\/uploads\/2016\/01\/JH-ITC2-1.png","width":300,"height":102,"caption":"JH-ITC GmbH"},"image":{"@id":"https:\/\/www.jh-itc.de\/en\/#\/schema\/logo\/image\/"},"sameAs":["https:\/\/www.facebook.com\/schalungshandel","https:\/\/x.com\/JH_ITC","https:\/\/www.linkedin.com\/in\/jhitc","https:\/\/youtu.be\/rMdZ-FLfI-Y"]}]}},"_links":{"self":[{"href":"https:\/\/www.jh-itc.de\/en\/wp-json\/wp\/v2\/product\/92903","targetHints":{"allow":["GET"]}}],"collection":[{"href":"https:\/\/www.jh-itc.de\/en\/wp-json\/wp\/v2\/product"}],"about":[{"href":"https:\/\/www.jh-itc.de\/en\/wp-json\/wp\/v2\/types\/product"}],"wp:featuredmedia":[{"embeddable":true,"href":"https:\/\/www.jh-itc.de\/en\/wp-json\/wp\/v2\/media\/92872"}],"wp:attachment":[{"href":"https:\/\/www.jh-itc.de\/en\/wp-json\/wp\/v2\/media?parent=92903"}],"wp:term":[{"taxonomy":"product_brand","embeddable":true,"href":"https:\/\/www.jh-itc.de\/en\/wp-json\/wp\/v2\/product_brand?post=92903"},{"taxonomy":"product_cat","embeddable":true,"href":"https:\/\/www.jh-itc.de\/en\/wp-json\/wp\/v2\/product_cat?post=92903"},{"taxonomy":"product_tag","embeddable":true,"href":"https:\/\/www.jh-itc.de\/en\/wp-json\/wp\/v2\/product_tag?post=92903"}],"curies":[{"name":"wp","href":"https:\/\/api.w.org\/{rel}","templated":true}]}}