{"id":94145,"date":"2025-03-10T17:32:11","date_gmt":"2025-03-10T16:32:18","guid":{"rendered":"https:\/\/www.jh-itc.de\/shop\/uncategorized\/formwork-gallows-gsk\/"},"modified":"2025-03-10T17:32:18","modified_gmt":"2025-03-10T16:32:18","slug":"formwork-gallows-gsk","status":"publish","type":"product","link":"https:\/\/www.jh-itc.de\/en\/shop\/formwork\/formwork-gallows-gsk\/","title":{"rendered":"Formwork gallows GSK"},"content":{"rendered":"","protected":false},"excerpt":{"rendered":"<p>We offer 2 x used formwork gallows GSK on behalf of our customers.<\/p>\n<p>The GSK formwork gallows meet a need in the construction industry for a practical fall protection system with a large working radius for erecting slab formwork during the shell construction or precast element assembly phase.<\/p>\n<p>The formwork gallows type GSK is a mobile personal safety device for securing a maximum of two people. Only one person per formwork gallow jib is to be secured to the retractable type fall arrester.<\/p>\n<p>&nbsp;<\/p>\n<p>If you are interested, please send us your inquiry.<\/p>\n","protected":false},"featured_media":94140,"template":"","meta":[],"product_brand":[],"product_cat":[224],"product_tag":[],"class_list":{"0":"post-94145","1":"product","2":"type-product","3":"status-publish","4":"has-post-thumbnail","6":"product_cat-formwork","8":"first","9":"instock","10":"taxable","11":"shipping-taxable","12":"product-type-simple"},"yoast_head":"<!-- This site is optimized with the Yoast SEO plugin v27.4 - https:\/\/yoast.com\/product\/yoast-seo-wordpress\/ -->\n<title>Formwork gallows GSK - JH - ITC GmbH<\/title>\n<meta name=\"description\" content=\"Formwork gallows GSK. Renowned manufacturers \u2714 New &amp; used formwork, props, scaffolding &amp; construction machinery \u2714 Request a quote now!\" \/>\n<meta name=\"robots\" content=\"index, follow, max-snippet:-1, max-image-preview:large, max-video-preview:-1\" \/>\n<link rel=\"canonical\" href=\"https:\/\/www.jh-itc.de\/en\/shop\/formwork\/formwork-gallows-gsk\/\" \/>\n<meta property=\"og:locale\" content=\"en_US\" \/>\n<meta property=\"og:type\" content=\"article\" \/>\n<meta property=\"og:title\" content=\"Formwork gallows GSK - JH - ITC GmbH\" \/>\n<meta property=\"og:description\" content=\"Formwork gallows GSK. Renowned manufacturers \u2714 New &amp; used formwork, props, scaffolding &amp; construction machinery \u2714 Request a quote now!\" \/>\n<meta property=\"og:url\" content=\"https:\/\/www.jh-itc.de\/en\/shop\/formwork\/formwork-gallows-gsk\/\" \/>\n<meta property=\"og:site_name\" content=\"JH - ITC GmbH\" \/>\n<meta property=\"article:publisher\" content=\"https:\/\/www.facebook.com\/schalungshandel\" \/>\n<meta property=\"og:image\" content=\"https:\/\/www.jh-itc.de\/wp-content\/uploads\/2025\/03\/Schalungsgalhgen-GSK-Im-Einsatz.jpg\" \/>\n\t<meta property=\"og:image:width\" content=\"1273\" \/>\n\t<meta property=\"og:image:height\" content=\"847\" \/>\n\t<meta property=\"og:image:type\" content=\"image\/jpeg\" \/>\n<meta name=\"twitter:card\" content=\"summary_large_image\" \/>\n<meta name=\"twitter:site\" content=\"@JH_ITC\" \/>\n<!-- \/ Yoast SEO plugin. -->","yoast_head_json":{"title":"Formwork gallows GSK - JH - ITC GmbH","description":"Formwork gallows GSK. Renowned manufacturers \u2714 New & used formwork, props, scaffolding & construction machinery \u2714 Request a quote now!","robots":{"index":"index","follow":"follow","max-snippet":"max-snippet:-1","max-image-preview":"max-image-preview:large","max-video-preview":"max-video-preview:-1"},"canonical":"https:\/\/www.jh-itc.de\/en\/shop\/formwork\/formwork-gallows-gsk\/","og_locale":"en_US","og_type":"article","og_title":"Formwork gallows GSK - JH - ITC GmbH","og_description":"Formwork gallows GSK. Renowned manufacturers \u2714 New & used formwork, props, scaffolding & construction machinery \u2714 Request a quote now!","og_url":"https:\/\/www.jh-itc.de\/en\/shop\/formwork\/formwork-gallows-gsk\/","og_site_name":"JH - ITC GmbH","article_publisher":"https:\/\/www.facebook.com\/schalungshandel","og_image":[{"width":1273,"height":847,"url":"https:\/\/www.jh-itc.de\/wp-content\/uploads\/2025\/03\/Schalungsgalhgen-GSK-Im-Einsatz.jpg","type":"image\/jpeg"}],"twitter_card":"summary_large_image","twitter_site":"@JH_ITC","schema":{"@context":"https:\/\/schema.org","@graph":[{"@type":"WebPage","@id":"https:\/\/www.jh-itc.de\/en\/shop\/formwork\/formwork-gallows-gsk\/","url":"https:\/\/www.jh-itc.de\/en\/shop\/formwork\/formwork-gallows-gsk\/","name":"Formwork gallows GSK - JH - ITC GmbH","isPartOf":{"@id":"https:\/\/www.jh-itc.de\/en\/#website"},"primaryImageOfPage":{"@id":"https:\/\/www.jh-itc.de\/en\/shop\/formwork\/formwork-gallows-gsk\/#primaryimage"},"image":{"@id":"https:\/\/www.jh-itc.de\/en\/shop\/formwork\/formwork-gallows-gsk\/#primaryimage"},"thumbnailUrl":"https:\/\/www.jh-itc.de\/wp-content\/uploads\/2025\/03\/Schalungsgalhgen-GSK-Im-Einsatz.jpg","datePublished":"2025-03-10T16:32:18+00:00","description":"Formwork gallows GSK. Renowned manufacturers \u2714 New & used formwork, props, scaffolding & construction machinery \u2714 Request a quote now!","breadcrumb":{"@id":"https:\/\/www.jh-itc.de\/en\/shop\/formwork\/formwork-gallows-gsk\/#breadcrumb"},"inLanguage":"en-US","potentialAction":[{"@type":"ReadAction","target":["https:\/\/www.jh-itc.de\/en\/shop\/formwork\/formwork-gallows-gsk\/"]}]},{"@type":"ImageObject","inLanguage":"en-US","@id":"https:\/\/www.jh-itc.de\/en\/shop\/formwork\/formwork-gallows-gsk\/#primaryimage","url":"https:\/\/www.jh-itc.de\/wp-content\/uploads\/2025\/03\/Schalungsgalhgen-GSK-Im-Einsatz.jpg","contentUrl":"https:\/\/www.jh-itc.de\/wp-content\/uploads\/2025\/03\/Schalungsgalhgen-GSK-Im-Einsatz.jpg","width":1273,"height":847},{"@type":"BreadcrumbList","@id":"https:\/\/www.jh-itc.de\/en\/shop\/formwork\/formwork-gallows-gsk\/#breadcrumb","itemListElement":[{"@type":"ListItem","position":1,"name":"Home","item":"https:\/\/www.jh-itc.de\/en\/"},{"@type":"ListItem","position":2,"name":"Store","item":"https:\/\/www.jh-itc.de\/en\/?page_id=7087"},{"@type":"ListItem","position":3,"name":"Formwork gallows GSK"}]},{"@type":"WebSite","@id":"https:\/\/www.jh-itc.de\/en\/#website","url":"https:\/\/www.jh-itc.de\/en\/","name":"JH - ITC GmbH","description":"Ihr Experte f\u00fcr gebrauchte St\u00fctzen, Schalungen und Ger\u00fcste","publisher":{"@id":"https:\/\/www.jh-itc.de\/en\/#organization"},"potentialAction":[{"@type":"SearchAction","target":{"@type":"EntryPoint","urlTemplate":"https:\/\/www.jh-itc.de\/en\/?s={search_term_string}"},"query-input":{"@type":"PropertyValueSpecification","valueRequired":true,"valueName":"search_term_string"}}],"inLanguage":"en-US"},{"@type":"Organization","@id":"https:\/\/www.jh-itc.de\/en\/#organization","name":"JH-ITC GmbH","url":"https:\/\/www.jh-itc.de\/en\/","logo":{"@type":"ImageObject","inLanguage":"en-US","@id":"https:\/\/www.jh-itc.de\/en\/#\/schema\/logo\/image\/","url":"https:\/\/www.jh-itc.de\/wp-content\/uploads\/2016\/01\/JH-ITC2-1.png","contentUrl":"https:\/\/www.jh-itc.de\/wp-content\/uploads\/2016\/01\/JH-ITC2-1.png","width":300,"height":102,"caption":"JH-ITC GmbH"},"image":{"@id":"https:\/\/www.jh-itc.de\/en\/#\/schema\/logo\/image\/"},"sameAs":["https:\/\/www.facebook.com\/schalungshandel","https:\/\/x.com\/JH_ITC","https:\/\/www.linkedin.com\/in\/jhitc","https:\/\/youtu.be\/rMdZ-FLfI-Y"]}]}},"_links":{"self":[{"href":"https:\/\/www.jh-itc.de\/en\/wp-json\/wp\/v2\/product\/94145","targetHints":{"allow":["GET"]}}],"collection":[{"href":"https:\/\/www.jh-itc.de\/en\/wp-json\/wp\/v2\/product"}],"about":[{"href":"https:\/\/www.jh-itc.de\/en\/wp-json\/wp\/v2\/types\/product"}],"wp:featuredmedia":[{"embeddable":true,"href":"https:\/\/www.jh-itc.de\/en\/wp-json\/wp\/v2\/media\/94140"}],"wp:attachment":[{"href":"https:\/\/www.jh-itc.de\/en\/wp-json\/wp\/v2\/media?parent=94145"}],"wp:term":[{"taxonomy":"product_brand","embeddable":true,"href":"https:\/\/www.jh-itc.de\/en\/wp-json\/wp\/v2\/product_brand?post=94145"},{"taxonomy":"product_cat","embeddable":true,"href":"https:\/\/www.jh-itc.de\/en\/wp-json\/wp\/v2\/product_cat?post=94145"},{"taxonomy":"product_tag","embeddable":true,"href":"https:\/\/www.jh-itc.de\/en\/wp-json\/wp\/v2\/product_tag?post=94145"}],"curies":[{"name":"wp","href":"https:\/\/api.w.org\/{rel}","templated":true}]}}