{"id":92219,"date":"2024-10-10T10:16:56","date_gmt":"2024-10-10T08:16:56","guid":{"rendered":"https:\/\/www.jh-itc.de\/encofrado-usado\/"},"modified":"2024-10-10T10:19:52","modified_gmt":"2024-10-10T08:19:52","slug":"encofrado-usado","status":"publish","type":"page","link":"https:\/\/www.jh-itc.de\/es\/encofrado-usado\/","title":{"rendered":"Encofrados usados: una alternativa favorable y sostenible a la compra de nuevos"},"content":{"rendered":"\n<p>Disponemos de encofrados de distintos tama\u00f1os y calidades para su uso en techos y paredes. Si quieres reducir costes en la adquisici\u00f3n de materiales, <strong>los encofrados usados<\/strong> son una buena opci\u00f3n. En t\u00e9rminos de calidad, no tienen nada que envidiar a los encofrados nuevos. Sin embargo, se consideran mucho m\u00e1s sostenibles y respetuosas con el medio ambiente. Puedes confiar en la pericia y experiencia de nuestro equipo. Te ofrecemos una amplia selecci\u00f3n de encofrados ya usados, pero que est\u00e1n como nuevos. Puedes confiar en que ser\u00e1n s\u00f3lidos y dimensionalmente estables, como siempre. Adem\u00e1s, cumplen naturalmente todos los requisitos que normalmente se exigen a los encofrados.<\/p>\n\n<p>Por supuesto, tambi\u00e9n puedes utilizar encofrados usados para sujetar el hormig\u00f3n l\u00edquido y que pueda endurecerse tranquilamente. La presi\u00f3n y la carga que act\u00faan sobre el encofrado son tan elevadas que no deben producirse da\u00f1os materiales en las piezas del encofrado. De lo contrario, siempre existe el riesgo de que cedan bajo el peso del hormig\u00f3n. Esto significa que antes de que te ofrezcamos encofrados usados, los sometemos a un estricto control de calidad para que nada se interponga en el camino de un uso sin preocupaciones.<\/p>\n\n<h2 class=\"wp-block-heading\">Reacondicionado y flexible en su uso: el encofrado usado ofrece muchas ventajas<\/h2>\n\n<p>Tenemos a tu disposici\u00f3n una selecci\u00f3n de encofrados de marca. Los modelos usados son revisados por nuestro experimentado equipo despu\u00e9s de someterlos a pruebas para garantizar que recibes un producto impecable. Al mismo tiempo, contribuyes de forma importante a la protecci\u00f3n del medio ambiente y al ahorro de costes previsto.<\/p>\n\n<p>Tampoco hay restricciones en cuanto a las opciones de aplicaci\u00f3n. En resumen, en el proceso de construcci\u00f3n te beneficias de lo siguiente:<\/p>\n\n<ul class=\"wp-block-list\">\n<li>reducir costes<\/li>\n\n\n\n<li>uso sostenible de recursos importantes<\/li>\n\n\n\n<li>Disponibilidad r\u00e1pida<\/li>\n\n\n\n<li>posibilidades de aplicaci\u00f3n flexibles.<\/li>\n<\/ul>\n\n<p>Con nosotros puedes encontrar encofrados usados en distintas variantes. Adem\u00e1s de los modelos est\u00e1ndar, tambi\u00e9n puedes optar por dise\u00f1os especiales que s\u00f3lo son adecuados para proyectos de construcci\u00f3n individuales. Con nosotros, puedes combinar de forma flexible el encofrado que realmente necesitas en la pr\u00e1ctica.<\/p>\n\n<h3 class=\"wp-block-heading\">Nos centramos en la buena calidad a bajo precio para ti<\/h3>\n\n<p>Los retos a los que se enfrentan las empresas de construcci\u00f3n son enormes. Por un lado, la r\u00e1pida disponibilidad de materiales se convierte en una tarea tit\u00e1nica, y por otro, no hay que perder de vista los costes a la hora de <a href=\"https:\/\/www.jh-itc.de\/es\/categor&#xED;a-de-productos\/apuntalar\/\">comprar<\/a> encofrados o <a href=\"https:\/\/www.jh-itc.de\/es\/categor&#xED;a-de-productos\/apuntalar\/\">puntales para el suelo<\/a>, por ejemplo. Por este motivo, te ofrecemos encofrados y mucho m\u00e1s equipamiento para la construcci\u00f3n profesional de fabricantes de renombre, de la m\u00e1xima calidad y a bajo precio. \u00bfTienes preguntas sobre nuestras ofertas o nuestro servicio? Entonces ponte en contacto con nosotros ahora: \u00a1juntos encontraremos la soluci\u00f3n \u00f3ptima para tu empresa!<\/p>\n","protected":false},"excerpt":{"rendered":"<p>Disponemos de encofrados de distintos tama\u00f1os y calidades para su uso en techos y paredes. Si quieres reducir costes en la adquisici\u00f3n de materiales, los encofrados usados son una buena opci\u00f3n. En t\u00e9rminos de calidad, no tienen nada que envidiar a los encofrados nuevos. Sin embargo, se consideran mucho m\u00e1s sostenibles y respetuosas con el [&hellip;]<\/p>\n","protected":false},"author":9,"featured_media":0,"parent":0,"menu_order":0,"comment_status":"closed","ping_status":"closed","template":"","meta":{"footnotes":""},"class_list":["post-92219","page","type-page","status-publish"],"yoast_head":"<!-- This site is optimized with the Yoast SEO plugin v27.4 - https:\/\/yoast.com\/product\/yoast-seo-wordpress\/ -->\n<title>- Encofrado usado de buena calidad de un profesional JH - ITC GmbH<\/title>\n<meta name=\"description\" content=\"Reduce costes y optimiza el proceso de construcci\u00f3n: \u00a1el encofrado usado, que puedes encontrar en JH-ITC, promete muchas ventajas!\" \/>\n<meta name=\"robots\" content=\"index, follow, max-snippet:-1, max-image-preview:large, max-video-preview:-1\" \/>\n<link rel=\"canonical\" href=\"https:\/\/www.jh-itc.de\/es\/encofrado-usado\/\" \/>\n<meta property=\"og:locale\" content=\"es_ES\" \/>\n<meta property=\"og:type\" content=\"article\" \/>\n<meta property=\"og:title\" content=\"- Encofrado usado de buena calidad de un profesional JH - ITC GmbH\" \/>\n<meta property=\"og:description\" content=\"Reduce costes y optimiza el proceso de construcci\u00f3n: \u00a1el encofrado usado, que puedes encontrar en JH-ITC, promete muchas ventajas!\" \/>\n<meta property=\"og:url\" content=\"https:\/\/www.jh-itc.de\/es\/encofrado-usado\/\" \/>\n<meta property=\"og:site_name\" content=\"JH - ITC GmbH\" \/>\n<meta property=\"article:publisher\" content=\"https:\/\/www.facebook.com\/schalungshandel\" \/>\n<meta property=\"article:modified_time\" content=\"2024-10-10T08:19:52+00:00\" \/>\n<meta name=\"twitter:card\" content=\"summary_large_image\" \/>\n<meta name=\"twitter:site\" content=\"@JH_ITC\" \/>\n<meta name=\"twitter:label1\" content=\"Tiempo de lectura\" \/>\n\t<meta name=\"twitter:data1\" content=\"2 minutos\" \/>\n<!-- \/ Yoast SEO plugin. -->","yoast_head_json":{"title":"- Encofrado usado de buena calidad de un profesional JH - ITC GmbH","description":"Reduce costes y optimiza el proceso de construcci\u00f3n: \u00a1el encofrado usado, que puedes encontrar en JH-ITC, promete muchas ventajas!","robots":{"index":"index","follow":"follow","max-snippet":"max-snippet:-1","max-image-preview":"max-image-preview:large","max-video-preview":"max-video-preview:-1"},"canonical":"https:\/\/www.jh-itc.de\/es\/encofrado-usado\/","og_locale":"es_ES","og_type":"article","og_title":"- Encofrado usado de buena calidad de un profesional JH - ITC GmbH","og_description":"Reduce costes y optimiza el proceso de construcci\u00f3n: \u00a1el encofrado usado, que puedes encontrar en JH-ITC, promete muchas ventajas!","og_url":"https:\/\/www.jh-itc.de\/es\/encofrado-usado\/","og_site_name":"JH - ITC GmbH","article_publisher":"https:\/\/www.facebook.com\/schalungshandel","article_modified_time":"2024-10-10T08:19:52+00:00","twitter_card":"summary_large_image","twitter_site":"@JH_ITC","twitter_misc":{"Tiempo de lectura":"2 minutos"},"schema":{"@context":"https:\/\/schema.org","@graph":[{"@type":"WebPage","@id":"https:\/\/www.jh-itc.de\/es\/encofrado-usado\/","url":"https:\/\/www.jh-itc.de\/es\/encofrado-usado\/","name":"- Encofrado usado de buena calidad de un profesional JH - ITC GmbH","isPartOf":{"@id":"https:\/\/www.jh-itc.de\/es\/#website"},"datePublished":"2024-10-10T08:16:56+00:00","dateModified":"2024-10-10T08:19:52+00:00","description":"Reduce costes y optimiza el proceso de construcci\u00f3n: \u00a1el encofrado usado, que puedes encontrar en JH-ITC, promete muchas ventajas!","breadcrumb":{"@id":"https:\/\/www.jh-itc.de\/es\/encofrado-usado\/#breadcrumb"},"inLanguage":"es","potentialAction":[{"@type":"ReadAction","target":["https:\/\/www.jh-itc.de\/es\/encofrado-usado\/"]}]},{"@type":"BreadcrumbList","@id":"https:\/\/www.jh-itc.de\/es\/encofrado-usado\/#breadcrumb","itemListElement":[{"@type":"ListItem","position":1,"name":"Home","item":"https:\/\/www.jh-itc.de\/es\/"},{"@type":"ListItem","position":2,"name":"Encofrados usados: una alternativa favorable y sostenible a la compra de nuevos"}]},{"@type":"WebSite","@id":"https:\/\/www.jh-itc.de\/es\/#website","url":"https:\/\/www.jh-itc.de\/es\/","name":"JH - ITC GmbH","description":"Ihr Experte f\u00fcr gebrauchte St\u00fctzen, Schalungen und Ger\u00fcste","publisher":{"@id":"https:\/\/www.jh-itc.de\/es\/#organization"},"potentialAction":[{"@type":"SearchAction","target":{"@type":"EntryPoint","urlTemplate":"https:\/\/www.jh-itc.de\/es\/?s={search_term_string}"},"query-input":{"@type":"PropertyValueSpecification","valueRequired":true,"valueName":"search_term_string"}}],"inLanguage":"es"},{"@type":"Organization","@id":"https:\/\/www.jh-itc.de\/es\/#organization","name":"JH-ITC GmbH","url":"https:\/\/www.jh-itc.de\/es\/","logo":{"@type":"ImageObject","inLanguage":"es","@id":"https:\/\/www.jh-itc.de\/es\/#\/schema\/logo\/image\/","url":"https:\/\/www.jh-itc.de\/wp-content\/uploads\/2016\/01\/JH-ITC2-1.png","contentUrl":"https:\/\/www.jh-itc.de\/wp-content\/uploads\/2016\/01\/JH-ITC2-1.png","width":300,"height":102,"caption":"JH-ITC GmbH"},"image":{"@id":"https:\/\/www.jh-itc.de\/es\/#\/schema\/logo\/image\/"},"sameAs":["https:\/\/www.facebook.com\/schalungshandel","https:\/\/x.com\/JH_ITC","https:\/\/www.linkedin.com\/in\/jhitc","https:\/\/youtu.be\/rMdZ-FLfI-Y"]}]}},"_links":{"self":[{"href":"https:\/\/www.jh-itc.de\/es\/wp-json\/wp\/v2\/pages\/92219","targetHints":{"allow":["GET"]}}],"collection":[{"href":"https:\/\/www.jh-itc.de\/es\/wp-json\/wp\/v2\/pages"}],"about":[{"href":"https:\/\/www.jh-itc.de\/es\/wp-json\/wp\/v2\/types\/page"}],"author":[{"embeddable":true,"href":"https:\/\/www.jh-itc.de\/es\/wp-json\/wp\/v2\/users\/9"}],"replies":[{"embeddable":true,"href":"https:\/\/www.jh-itc.de\/es\/wp-json\/wp\/v2\/comments?post=92219"}],"version-history":[{"count":4,"href":"https:\/\/www.jh-itc.de\/es\/wp-json\/wp\/v2\/pages\/92219\/revisions"}],"predecessor-version":[{"id":92229,"href":"https:\/\/www.jh-itc.de\/es\/wp-json\/wp\/v2\/pages\/92219\/revisions\/92229"}],"wp:attachment":[{"href":"https:\/\/www.jh-itc.de\/es\/wp-json\/wp\/v2\/media?parent=92219"}],"curies":[{"name":"wp","href":"https:\/\/api.w.org\/{rel}","templated":true}]}}