{"id":14680,"date":"2017-05-17T13:34:08","date_gmt":"2021-04-28T19:24:57","guid":{"rendered":"https:\/\/www.jh-itc.de\/shop\/sin%20categor\u00eda\/conexion-del-puntal-huennebeck-manto\/"},"modified":"2021-04-28T21:25:16","modified_gmt":"2021-04-28T19:25:16","slug":"huennebeck-manto-conexion","status":"publish","type":"product","link":"https:\/\/www.jh-itc.de\/es\/shop\/huennebeck-es\/huennebeck-manto-es\/huennebeck-manto-conexion\/","title":{"rendered":"Conexi\u00f3n del puntal Huennebeck Manto"},"content":{"rendered":"","protected":false},"excerpt":{"rendered":"<p>Ofrecemos <strong>conexi\u00f3n de puntal Huennebeck Manto<\/strong> de segunda mano.<\/p>\n<p>Est\u00e1n en buen estado y disponibles en stock.<\/p>\n","protected":false},"featured_media":14693,"template":"","meta":[],"product_brand":[],"product_cat":[279,287,306],"product_tag":[],"class_list":{"0":"post-14680","1":"product","2":"type-product","3":"status-publish","4":"has-post-thumbnail","6":"product_cat-huennebeck-es","7":"product_cat-huennebeck-manto-es","8":"product_cat-encofrado","10":"first","11":"instock","12":"taxable","13":"shipping-taxable","14":"product-type-simple"},"yoast_head":"<!-- This site is optimized with the Yoast SEO plugin v27.3 - https:\/\/yoast.com\/product\/yoast-seo-wordpress\/ -->\n<title>Conexi\u00f3n del puntal Huennebeck Manto - JH - ITC GmbH<\/title>\n<meta name=\"description\" content=\"Conexi\u00f3n del puntal Huennebck Manto\" \/>\n<meta name=\"robots\" content=\"index, follow, max-snippet:-1, max-image-preview:large, max-video-preview:-1\" \/>\n<link rel=\"canonical\" href=\"https:\/\/www.jh-itc.de\/es\/shop\/huennebeck-es\/huennebeck-manto-es\/huennebeck-manto-conexion\/\" \/>\n<meta property=\"og:locale\" content=\"es_ES\" \/>\n<meta property=\"og:type\" content=\"article\" \/>\n<meta property=\"og:title\" content=\"Conexi\u00f3n del puntal Huennebeck Manto - JH - ITC GmbH\" \/>\n<meta property=\"og:description\" content=\"Conexi\u00f3n del puntal Huennebck Manto\" \/>\n<meta property=\"og:url\" content=\"https:\/\/www.jh-itc.de\/es\/shop\/huennebeck-es\/huennebeck-manto-es\/huennebeck-manto-conexion\/\" \/>\n<meta property=\"og:site_name\" content=\"JH - ITC GmbH\" \/>\n<meta property=\"article:publisher\" content=\"https:\/\/www.facebook.com\/schalungshandel\" \/>\n<meta property=\"article:modified_time\" content=\"2021-04-28T19:25:16+00:00\" \/>\n<meta property=\"og:image\" content=\"https:\/\/www.jh-itc.de\/wp-content\/uploads\/2017\/05\/Manto-Strebenanschluss.jpg\" \/>\n\t<meta property=\"og:image:width\" content=\"640\" \/>\n\t<meta property=\"og:image:height\" content=\"480\" \/>\n\t<meta property=\"og:image:type\" content=\"image\/jpeg\" \/>\n<meta name=\"twitter:card\" content=\"summary_large_image\" \/>\n<meta name=\"twitter:site\" content=\"@JH_ITC\" \/>\n<!-- \/ Yoast SEO plugin. -->","yoast_head_json":{"title":"Conexi\u00f3n del puntal Huennebeck Manto - JH - ITC GmbH","description":"Conexi\u00f3n del puntal Huennebck Manto","robots":{"index":"index","follow":"follow","max-snippet":"max-snippet:-1","max-image-preview":"max-image-preview:large","max-video-preview":"max-video-preview:-1"},"canonical":"https:\/\/www.jh-itc.de\/es\/shop\/huennebeck-es\/huennebeck-manto-es\/huennebeck-manto-conexion\/","og_locale":"es_ES","og_type":"article","og_title":"Conexi\u00f3n del puntal Huennebeck Manto - JH - ITC GmbH","og_description":"Conexi\u00f3n del puntal Huennebck Manto","og_url":"https:\/\/www.jh-itc.de\/es\/shop\/huennebeck-es\/huennebeck-manto-es\/huennebeck-manto-conexion\/","og_site_name":"JH - ITC GmbH","article_publisher":"https:\/\/www.facebook.com\/schalungshandel","article_modified_time":"2021-04-28T19:25:16+00:00","og_image":[{"width":640,"height":480,"url":"https:\/\/www.jh-itc.de\/wp-content\/uploads\/2017\/05\/Manto-Strebenanschluss.jpg","type":"image\/jpeg"}],"twitter_card":"summary_large_image","twitter_site":"@JH_ITC","schema":{"@context":"https:\/\/schema.org","@graph":[{"@type":"WebPage","@id":"https:\/\/www.jh-itc.de\/es\/shop\/huennebeck-es\/huennebeck-manto-es\/huennebeck-manto-conexion\/","url":"https:\/\/www.jh-itc.de\/es\/shop\/huennebeck-es\/huennebeck-manto-es\/huennebeck-manto-conexion\/","name":"Conexi\u00f3n del puntal Huennebeck Manto - JH - ITC GmbH","isPartOf":{"@id":"https:\/\/www.jh-itc.de\/es\/#website"},"primaryImageOfPage":{"@id":"https:\/\/www.jh-itc.de\/es\/shop\/huennebeck-es\/huennebeck-manto-es\/huennebeck-manto-conexion\/#primaryimage"},"image":{"@id":"https:\/\/www.jh-itc.de\/es\/shop\/huennebeck-es\/huennebeck-manto-es\/huennebeck-manto-conexion\/#primaryimage"},"thumbnailUrl":"https:\/\/www.jh-itc.de\/wp-content\/uploads\/2017\/05\/Manto-Strebenanschluss.jpg","datePublished":"2021-04-28T19:24:57+00:00","dateModified":"2021-04-28T19:25:16+00:00","description":"Conexi\u00f3n del puntal Huennebck Manto","breadcrumb":{"@id":"https:\/\/www.jh-itc.de\/es\/shop\/huennebeck-es\/huennebeck-manto-es\/huennebeck-manto-conexion\/#breadcrumb"},"inLanguage":"es","potentialAction":[{"@type":"ReadAction","target":["https:\/\/www.jh-itc.de\/es\/shop\/huennebeck-es\/huennebeck-manto-es\/huennebeck-manto-conexion\/"]}]},{"@type":"ImageObject","inLanguage":"es","@id":"https:\/\/www.jh-itc.de\/es\/shop\/huennebeck-es\/huennebeck-manto-es\/huennebeck-manto-conexion\/#primaryimage","url":"https:\/\/www.jh-itc.de\/wp-content\/uploads\/2017\/05\/Manto-Strebenanschluss.jpg","contentUrl":"https:\/\/www.jh-itc.de\/wp-content\/uploads\/2017\/05\/Manto-Strebenanschluss.jpg","width":640,"height":480},{"@type":"BreadcrumbList","@id":"https:\/\/www.jh-itc.de\/es\/shop\/huennebeck-es\/huennebeck-manto-es\/huennebeck-manto-conexion\/#breadcrumb","itemListElement":[{"@type":"ListItem","position":1,"name":"Home","item":"https:\/\/www.jh-itc.de\/es\/"},{"@type":"ListItem","position":2,"name":"Tienda","item":"https:\/\/www.jh-itc.de\/es\/tienda\/"},{"@type":"ListItem","position":3,"name":"Conexi\u00f3n del puntal Huennebeck Manto"}]},{"@type":"WebSite","@id":"https:\/\/www.jh-itc.de\/es\/#website","url":"https:\/\/www.jh-itc.de\/es\/","name":"JH - ITC GmbH","description":"Ihr Experte f\u00fcr gebrauchte St\u00fctzen, Schalungen und Ger\u00fcste","publisher":{"@id":"https:\/\/www.jh-itc.de\/es\/#organization"},"potentialAction":[{"@type":"SearchAction","target":{"@type":"EntryPoint","urlTemplate":"https:\/\/www.jh-itc.de\/es\/?s={search_term_string}"},"query-input":{"@type":"PropertyValueSpecification","valueRequired":true,"valueName":"search_term_string"}}],"inLanguage":"es"},{"@type":"Organization","@id":"https:\/\/www.jh-itc.de\/es\/#organization","name":"JH-ITC GmbH","url":"https:\/\/www.jh-itc.de\/es\/","logo":{"@type":"ImageObject","inLanguage":"es","@id":"https:\/\/www.jh-itc.de\/es\/#\/schema\/logo\/image\/","url":"https:\/\/www.jh-itc.de\/wp-content\/uploads\/2016\/01\/JH-ITC2-1.png","contentUrl":"https:\/\/www.jh-itc.de\/wp-content\/uploads\/2016\/01\/JH-ITC2-1.png","width":300,"height":102,"caption":"JH-ITC GmbH"},"image":{"@id":"https:\/\/www.jh-itc.de\/es\/#\/schema\/logo\/image\/"},"sameAs":["https:\/\/www.facebook.com\/schalungshandel","https:\/\/x.com\/JH_ITC","https:\/\/www.linkedin.com\/in\/jhitc","https:\/\/youtu.be\/rMdZ-FLfI-Y"]}]}},"_links":{"self":[{"href":"https:\/\/www.jh-itc.de\/es\/wp-json\/wp\/v2\/product\/14680","targetHints":{"allow":["GET"]}}],"collection":[{"href":"https:\/\/www.jh-itc.de\/es\/wp-json\/wp\/v2\/product"}],"about":[{"href":"https:\/\/www.jh-itc.de\/es\/wp-json\/wp\/v2\/types\/product"}],"wp:featuredmedia":[{"embeddable":true,"href":"https:\/\/www.jh-itc.de\/es\/wp-json\/wp\/v2\/media\/14693"}],"wp:attachment":[{"href":"https:\/\/www.jh-itc.de\/es\/wp-json\/wp\/v2\/media?parent=14680"}],"wp:term":[{"taxonomy":"product_brand","embeddable":true,"href":"https:\/\/www.jh-itc.de\/es\/wp-json\/wp\/v2\/product_brand?post=14680"},{"taxonomy":"product_cat","embeddable":true,"href":"https:\/\/www.jh-itc.de\/es\/wp-json\/wp\/v2\/product_cat?post=14680"},{"taxonomy":"product_tag","embeddable":true,"href":"https:\/\/www.jh-itc.de\/es\/wp-json\/wp\/v2\/product_tag?post=14680"}],"curies":[{"name":"wp","href":"https:\/\/api.w.org\/{rel}","templated":true}]}}