{"id":14811,"date":"2017-07-01T11:38:47","date_gmt":"2021-04-28T19:25:23","guid":{"rendered":"https:\/\/www.jh-itc.de\/shop\/sin%20categor\u00eda\/huennebeck-soporta-a-20-300\/"},"modified":"2021-04-28T21:26:19","modified_gmt":"2021-04-28T19:26:19","slug":"huennebeck-stuetzen-a-20-300","status":"publish","type":"product","link":"https:\/\/www.jh-itc.de\/es\/shop\/huennebeck-es\/huennebeck-stuetzen-a-20-300\/","title":{"rendered":"H\u00fcnnebeck soporta A 20-300"},"content":{"rendered":"","protected":false},"excerpt":{"rendered":"<p>Ofrecemos los siguientes puntales de techo en stock<\/p>\n<p>652 <strong>soportes H\u00fcnnebeck A 20-300<\/strong><\/p>\n<p>14 x cajas apilables<\/p>\n<p>&nbsp;<\/p>\n","protected":false},"featured_media":14845,"template":"","meta":[],"product_brand":[],"product_cat":[308,279],"product_tag":[],"class_list":{"0":"post-14811","1":"product","2":"type-product","3":"status-publish","4":"has-post-thumbnail","6":"product_cat-apuntalar","7":"product_cat-huennebeck-es","9":"first","10":"outofstock","11":"taxable","12":"shipping-taxable","13":"product-type-simple"},"yoast_head":"<!-- This site is optimized with the Yoast SEO plugin v27.3 - https:\/\/yoast.com\/product\/yoast-seo-wordpress\/ -->\n<title>H\u00fcnnebeck soporta A 20-300 - JH - ITC GmbH<\/title>\n<meta name=\"description\" content=\"Puntales Huennebeck A 300\" \/>\n<meta name=\"robots\" content=\"index, follow, max-snippet:-1, max-image-preview:large, max-video-preview:-1\" \/>\n<link rel=\"canonical\" href=\"https:\/\/www.jh-itc.de\/es\/shop\/huennebeck-es\/huennebeck-stuetzen-a-20-300\/\" \/>\n<meta property=\"og:locale\" content=\"es_ES\" \/>\n<meta property=\"og:type\" content=\"article\" \/>\n<meta property=\"og:title\" content=\"H\u00fcnnebeck soporta A 20-300 - JH - ITC GmbH\" \/>\n<meta property=\"og:description\" content=\"Puntales Huennebeck A 300\" \/>\n<meta property=\"og:url\" content=\"https:\/\/www.jh-itc.de\/es\/shop\/huennebeck-es\/huennebeck-stuetzen-a-20-300\/\" \/>\n<meta property=\"og:site_name\" content=\"JH - ITC GmbH\" \/>\n<meta property=\"article:publisher\" content=\"https:\/\/www.facebook.com\/schalungshandel\" \/>\n<meta property=\"article:modified_time\" content=\"2021-04-28T19:26:19+00:00\" \/>\n<meta property=\"og:image\" content=\"https:\/\/www.jh-itc.de\/wp-content\/uploads\/2017\/07\/f5b61ac2ee239d1477f509497a30c438.jpg\" \/>\n\t<meta property=\"og:image:width\" content=\"640\" \/>\n\t<meta property=\"og:image:height\" content=\"480\" \/>\n\t<meta property=\"og:image:type\" content=\"image\/jpeg\" \/>\n<meta name=\"twitter:card\" content=\"summary_large_image\" \/>\n<meta name=\"twitter:site\" content=\"@JH_ITC\" \/>\n<!-- \/ Yoast SEO plugin. -->","yoast_head_json":{"title":"H\u00fcnnebeck soporta A 20-300 - JH - ITC GmbH","description":"Puntales Huennebeck A 300","robots":{"index":"index","follow":"follow","max-snippet":"max-snippet:-1","max-image-preview":"max-image-preview:large","max-video-preview":"max-video-preview:-1"},"canonical":"https:\/\/www.jh-itc.de\/es\/shop\/huennebeck-es\/huennebeck-stuetzen-a-20-300\/","og_locale":"es_ES","og_type":"article","og_title":"H\u00fcnnebeck soporta A 20-300 - JH - ITC GmbH","og_description":"Puntales Huennebeck A 300","og_url":"https:\/\/www.jh-itc.de\/es\/shop\/huennebeck-es\/huennebeck-stuetzen-a-20-300\/","og_site_name":"JH - ITC GmbH","article_publisher":"https:\/\/www.facebook.com\/schalungshandel","article_modified_time":"2021-04-28T19:26:19+00:00","og_image":[{"width":640,"height":480,"url":"https:\/\/www.jh-itc.de\/wp-content\/uploads\/2017\/07\/f5b61ac2ee239d1477f509497a30c438.jpg","type":"image\/jpeg"}],"twitter_card":"summary_large_image","twitter_site":"@JH_ITC","schema":{"@context":"https:\/\/schema.org","@graph":[{"@type":"WebPage","@id":"https:\/\/www.jh-itc.de\/es\/shop\/huennebeck-es\/huennebeck-stuetzen-a-20-300\/","url":"https:\/\/www.jh-itc.de\/es\/shop\/huennebeck-es\/huennebeck-stuetzen-a-20-300\/","name":"H\u00fcnnebeck soporta A 20-300 - JH - ITC GmbH","isPartOf":{"@id":"https:\/\/www.jh-itc.de\/es\/#website"},"primaryImageOfPage":{"@id":"https:\/\/www.jh-itc.de\/es\/shop\/huennebeck-es\/huennebeck-stuetzen-a-20-300\/#primaryimage"},"image":{"@id":"https:\/\/www.jh-itc.de\/es\/shop\/huennebeck-es\/huennebeck-stuetzen-a-20-300\/#primaryimage"},"thumbnailUrl":"https:\/\/www.jh-itc.de\/wp-content\/uploads\/2017\/07\/f5b61ac2ee239d1477f509497a30c438.jpg","datePublished":"2021-04-28T19:25:23+00:00","dateModified":"2021-04-28T19:26:19+00:00","description":"Puntales Huennebeck A 300","breadcrumb":{"@id":"https:\/\/www.jh-itc.de\/es\/shop\/huennebeck-es\/huennebeck-stuetzen-a-20-300\/#breadcrumb"},"inLanguage":"es","potentialAction":[{"@type":"ReadAction","target":["https:\/\/www.jh-itc.de\/es\/shop\/huennebeck-es\/huennebeck-stuetzen-a-20-300\/"]}]},{"@type":"ImageObject","inLanguage":"es","@id":"https:\/\/www.jh-itc.de\/es\/shop\/huennebeck-es\/huennebeck-stuetzen-a-20-300\/#primaryimage","url":"https:\/\/www.jh-itc.de\/wp-content\/uploads\/2017\/07\/f5b61ac2ee239d1477f509497a30c438.jpg","contentUrl":"https:\/\/www.jh-itc.de\/wp-content\/uploads\/2017\/07\/f5b61ac2ee239d1477f509497a30c438.jpg","width":640,"height":480},{"@type":"BreadcrumbList","@id":"https:\/\/www.jh-itc.de\/es\/shop\/huennebeck-es\/huennebeck-stuetzen-a-20-300\/#breadcrumb","itemListElement":[{"@type":"ListItem","position":1,"name":"Home","item":"https:\/\/www.jh-itc.de\/es\/"},{"@type":"ListItem","position":2,"name":"Tienda","item":"https:\/\/www.jh-itc.de\/es\/tienda\/"},{"@type":"ListItem","position":3,"name":"H\u00fcnnebeck soporta A 20-300"}]},{"@type":"WebSite","@id":"https:\/\/www.jh-itc.de\/es\/#website","url":"https:\/\/www.jh-itc.de\/es\/","name":"JH - ITC GmbH","description":"Ihr Experte f\u00fcr gebrauchte St\u00fctzen, Schalungen und Ger\u00fcste","publisher":{"@id":"https:\/\/www.jh-itc.de\/es\/#organization"},"potentialAction":[{"@type":"SearchAction","target":{"@type":"EntryPoint","urlTemplate":"https:\/\/www.jh-itc.de\/es\/?s={search_term_string}"},"query-input":{"@type":"PropertyValueSpecification","valueRequired":true,"valueName":"search_term_string"}}],"inLanguage":"es"},{"@type":"Organization","@id":"https:\/\/www.jh-itc.de\/es\/#organization","name":"JH-ITC GmbH","url":"https:\/\/www.jh-itc.de\/es\/","logo":{"@type":"ImageObject","inLanguage":"es","@id":"https:\/\/www.jh-itc.de\/es\/#\/schema\/logo\/image\/","url":"https:\/\/www.jh-itc.de\/wp-content\/uploads\/2016\/01\/JH-ITC2-1.png","contentUrl":"https:\/\/www.jh-itc.de\/wp-content\/uploads\/2016\/01\/JH-ITC2-1.png","width":300,"height":102,"caption":"JH-ITC GmbH"},"image":{"@id":"https:\/\/www.jh-itc.de\/es\/#\/schema\/logo\/image\/"},"sameAs":["https:\/\/www.facebook.com\/schalungshandel","https:\/\/x.com\/JH_ITC","https:\/\/www.linkedin.com\/in\/jhitc","https:\/\/youtu.be\/rMdZ-FLfI-Y"]}]}},"_links":{"self":[{"href":"https:\/\/www.jh-itc.de\/es\/wp-json\/wp\/v2\/product\/14811","targetHints":{"allow":["GET"]}}],"collection":[{"href":"https:\/\/www.jh-itc.de\/es\/wp-json\/wp\/v2\/product"}],"about":[{"href":"https:\/\/www.jh-itc.de\/es\/wp-json\/wp\/v2\/types\/product"}],"wp:featuredmedia":[{"embeddable":true,"href":"https:\/\/www.jh-itc.de\/es\/wp-json\/wp\/v2\/media\/14845"}],"wp:attachment":[{"href":"https:\/\/www.jh-itc.de\/es\/wp-json\/wp\/v2\/media?parent=14811"}],"wp:term":[{"taxonomy":"product_brand","embeddable":true,"href":"https:\/\/www.jh-itc.de\/es\/wp-json\/wp\/v2\/product_brand?post=14811"},{"taxonomy":"product_cat","embeddable":true,"href":"https:\/\/www.jh-itc.de\/es\/wp-json\/wp\/v2\/product_cat?post=14811"},{"taxonomy":"product_tag","embeddable":true,"href":"https:\/\/www.jh-itc.de\/es\/wp-json\/wp\/v2\/product_tag?post=14811"}],"curies":[{"name":"wp","href":"https:\/\/api.w.org\/{rel}","templated":true}]}}