{"id":14983,"date":"2017-11-29T19:42:56","date_gmt":"2021-04-28T19:26:12","guid":{"rendered":"https:\/\/www.jh-itc.de\/shop\/sin%20categor\u00eda\/doka-eurex-20-400\/"},"modified":"2021-04-28T21:26:27","modified_gmt":"2021-04-28T19:26:27","slug":"doka-eurex-20-400","status":"publish","type":"product","link":"https:\/\/www.jh-itc.de\/es\/shop\/doka-es\/doka-stuetzen-es\/doka-eurex-20-400\/","title":{"rendered":"Doka Eurex 20-400"},"content":{"rendered":"","protected":false},"excerpt":{"rendered":"<p>Ofrecemos <strong>puntales de suelo Doka Eurex 20-400<\/strong>.<\/p>\n<p>Se apilan en el <strong>pal\u00e9 apilable Doka de 1,55&#215;0,85 m<\/strong> <\/p>\n<p>Estos han sido limpiados y probados.<\/p>\n<p>Si est\u00e1 interesado, env\u00edenos su consulta.<\/p>\n<p>&nbsp;<\/p>\n","protected":false},"featured_media":15004,"template":"","meta":[],"product_brand":[],"product_cat":[275,308,269],"product_tag":[],"class_list":{"0":"post-14983","1":"product","2":"type-product","3":"status-publish","4":"has-post-thumbnail","6":"product_cat-doka-stuetzen-es","7":"product_cat-apuntalar","8":"product_cat-doka-es","10":"first","11":"instock","12":"taxable","13":"shipping-taxable","14":"product-type-simple"},"yoast_head":"<!-- This site is optimized with the Yoast SEO plugin v27.4 - https:\/\/yoast.com\/product\/yoast-seo-wordpress\/ -->\n<title>- JH - ITC GmbH - Doka floor props<\/title>\n<meta name=\"description\" content=\"Puntales de suelo Doka Eurex 20-400, usados y en buen estado. Los puntales de suelo Doka son la elecci\u00f3n correcta para cada aplicaci\u00f3n, impresionando a clientes de todo el mundo.\" \/>\n<meta name=\"robots\" content=\"index, follow, max-snippet:-1, max-image-preview:large, max-video-preview:-1\" \/>\n<link rel=\"canonical\" href=\"https:\/\/www.jh-itc.de\/es\/shop\/doka-es\/doka-stuetzen-es\/doka-eurex-20-400\/\" \/>\n<meta property=\"og:locale\" content=\"es_ES\" \/>\n<meta property=\"og:type\" content=\"article\" \/>\n<meta property=\"og:title\" content=\"- JH - ITC GmbH - Doka floor props\" \/>\n<meta property=\"og:description\" content=\"Puntales de suelo Doka Eurex 20-400, usados y en buen estado. Los puntales de suelo Doka son la elecci\u00f3n correcta para cada aplicaci\u00f3n, impresionando a clientes de todo el mundo.\" \/>\n<meta property=\"og:url\" content=\"https:\/\/www.jh-itc.de\/es\/shop\/doka-es\/doka-stuetzen-es\/doka-eurex-20-400\/\" \/>\n<meta property=\"og:site_name\" content=\"JH - ITC GmbH\" \/>\n<meta property=\"article:publisher\" content=\"https:\/\/www.facebook.com\/schalungshandel\" \/>\n<meta property=\"article:modified_time\" content=\"2021-04-28T19:26:27+00:00\" \/>\n<meta property=\"og:image\" content=\"https:\/\/www.jh-itc.de\/wp-content\/uploads\/2017\/11\/Doka-Eurex-20-400-2.jpg\" \/>\n\t<meta property=\"og:image:width\" content=\"640\" \/>\n\t<meta property=\"og:image:height\" content=\"480\" \/>\n\t<meta property=\"og:image:type\" content=\"image\/jpeg\" \/>\n<meta name=\"twitter:card\" content=\"summary_large_image\" \/>\n<meta name=\"twitter:site\" content=\"@JH_ITC\" \/>\n<!-- \/ Yoast SEO plugin. -->","yoast_head_json":{"title":"- JH - ITC GmbH - Doka floor props","description":"Puntales de suelo Doka Eurex 20-400, usados y en buen estado. Los puntales de suelo Doka son la elecci\u00f3n correcta para cada aplicaci\u00f3n, impresionando a clientes de todo el mundo.","robots":{"index":"index","follow":"follow","max-snippet":"max-snippet:-1","max-image-preview":"max-image-preview:large","max-video-preview":"max-video-preview:-1"},"canonical":"https:\/\/www.jh-itc.de\/es\/shop\/doka-es\/doka-stuetzen-es\/doka-eurex-20-400\/","og_locale":"es_ES","og_type":"article","og_title":"- JH - ITC GmbH - Doka floor props","og_description":"Puntales de suelo Doka Eurex 20-400, usados y en buen estado. Los puntales de suelo Doka son la elecci\u00f3n correcta para cada aplicaci\u00f3n, impresionando a clientes de todo el mundo.","og_url":"https:\/\/www.jh-itc.de\/es\/shop\/doka-es\/doka-stuetzen-es\/doka-eurex-20-400\/","og_site_name":"JH - ITC GmbH","article_publisher":"https:\/\/www.facebook.com\/schalungshandel","article_modified_time":"2021-04-28T19:26:27+00:00","og_image":[{"width":640,"height":480,"url":"https:\/\/www.jh-itc.de\/wp-content\/uploads\/2017\/11\/Doka-Eurex-20-400-2.jpg","type":"image\/jpeg"}],"twitter_card":"summary_large_image","twitter_site":"@JH_ITC","schema":{"@context":"https:\/\/schema.org","@graph":[{"@type":"WebPage","@id":"https:\/\/www.jh-itc.de\/es\/shop\/doka-es\/doka-stuetzen-es\/doka-eurex-20-400\/","url":"https:\/\/www.jh-itc.de\/es\/shop\/doka-es\/doka-stuetzen-es\/doka-eurex-20-400\/","name":"- JH - ITC GmbH - Doka floor props","isPartOf":{"@id":"https:\/\/www.jh-itc.de\/es\/#website"},"primaryImageOfPage":{"@id":"https:\/\/www.jh-itc.de\/es\/shop\/doka-es\/doka-stuetzen-es\/doka-eurex-20-400\/#primaryimage"},"image":{"@id":"https:\/\/www.jh-itc.de\/es\/shop\/doka-es\/doka-stuetzen-es\/doka-eurex-20-400\/#primaryimage"},"thumbnailUrl":"https:\/\/www.jh-itc.de\/wp-content\/uploads\/2017\/11\/Doka-Eurex-20-400-2.jpg","datePublished":"2021-04-28T19:26:12+00:00","dateModified":"2021-04-28T19:26:27+00:00","description":"Puntales de suelo Doka Eurex 20-400, usados y en buen estado. Los puntales de suelo Doka son la elecci\u00f3n correcta para cada aplicaci\u00f3n, impresionando a clientes de todo el mundo.","breadcrumb":{"@id":"https:\/\/www.jh-itc.de\/es\/shop\/doka-es\/doka-stuetzen-es\/doka-eurex-20-400\/#breadcrumb"},"inLanguage":"es","potentialAction":[{"@type":"ReadAction","target":["https:\/\/www.jh-itc.de\/es\/shop\/doka-es\/doka-stuetzen-es\/doka-eurex-20-400\/"]}]},{"@type":"ImageObject","inLanguage":"es","@id":"https:\/\/www.jh-itc.de\/es\/shop\/doka-es\/doka-stuetzen-es\/doka-eurex-20-400\/#primaryimage","url":"https:\/\/www.jh-itc.de\/wp-content\/uploads\/2017\/11\/Doka-Eurex-20-400-2.jpg","contentUrl":"https:\/\/www.jh-itc.de\/wp-content\/uploads\/2017\/11\/Doka-Eurex-20-400-2.jpg","width":640,"height":480},{"@type":"BreadcrumbList","@id":"https:\/\/www.jh-itc.de\/es\/shop\/doka-es\/doka-stuetzen-es\/doka-eurex-20-400\/#breadcrumb","itemListElement":[{"@type":"ListItem","position":1,"name":"Home","item":"https:\/\/www.jh-itc.de\/es\/"},{"@type":"ListItem","position":2,"name":"Tienda","item":"https:\/\/www.jh-itc.de\/es\/tienda\/"},{"@type":"ListItem","position":3,"name":"Doka Eurex 20-400"}]},{"@type":"WebSite","@id":"https:\/\/www.jh-itc.de\/es\/#website","url":"https:\/\/www.jh-itc.de\/es\/","name":"JH - ITC GmbH","description":"Ihr Experte f\u00fcr gebrauchte St\u00fctzen, Schalungen und Ger\u00fcste","publisher":{"@id":"https:\/\/www.jh-itc.de\/es\/#organization"},"potentialAction":[{"@type":"SearchAction","target":{"@type":"EntryPoint","urlTemplate":"https:\/\/www.jh-itc.de\/es\/?s={search_term_string}"},"query-input":{"@type":"PropertyValueSpecification","valueRequired":true,"valueName":"search_term_string"}}],"inLanguage":"es"},{"@type":"Organization","@id":"https:\/\/www.jh-itc.de\/es\/#organization","name":"JH-ITC GmbH","url":"https:\/\/www.jh-itc.de\/es\/","logo":{"@type":"ImageObject","inLanguage":"es","@id":"https:\/\/www.jh-itc.de\/es\/#\/schema\/logo\/image\/","url":"https:\/\/www.jh-itc.de\/wp-content\/uploads\/2016\/01\/JH-ITC2-1.png","contentUrl":"https:\/\/www.jh-itc.de\/wp-content\/uploads\/2016\/01\/JH-ITC2-1.png","width":300,"height":102,"caption":"JH-ITC GmbH"},"image":{"@id":"https:\/\/www.jh-itc.de\/es\/#\/schema\/logo\/image\/"},"sameAs":["https:\/\/www.facebook.com\/schalungshandel","https:\/\/x.com\/JH_ITC","https:\/\/www.linkedin.com\/in\/jhitc","https:\/\/youtu.be\/rMdZ-FLfI-Y"]}]}},"_links":{"self":[{"href":"https:\/\/www.jh-itc.de\/es\/wp-json\/wp\/v2\/product\/14983","targetHints":{"allow":["GET"]}}],"collection":[{"href":"https:\/\/www.jh-itc.de\/es\/wp-json\/wp\/v2\/product"}],"about":[{"href":"https:\/\/www.jh-itc.de\/es\/wp-json\/wp\/v2\/types\/product"}],"wp:featuredmedia":[{"embeddable":true,"href":"https:\/\/www.jh-itc.de\/es\/wp-json\/wp\/v2\/media\/15004"}],"wp:attachment":[{"href":"https:\/\/www.jh-itc.de\/es\/wp-json\/wp\/v2\/media?parent=14983"}],"wp:term":[{"taxonomy":"product_brand","embeddable":true,"href":"https:\/\/www.jh-itc.de\/es\/wp-json\/wp\/v2\/product_brand?post=14983"},{"taxonomy":"product_cat","embeddable":true,"href":"https:\/\/www.jh-itc.de\/es\/wp-json\/wp\/v2\/product_cat?post=14983"},{"taxonomy":"product_tag","embeddable":true,"href":"https:\/\/www.jh-itc.de\/es\/wp-json\/wp\/v2\/product_tag?post=14983"}],"curies":[{"name":"wp","href":"https:\/\/api.w.org\/{rel}","templated":true}]}}