{"id":16450,"date":"2019-06-23T11:50:35","date_gmt":"2021-04-28T19:32:50","guid":{"rendered":"https:\/\/www.jh-itc.de\/shop\/sin%20categor\u00eda\/encofrado-huennebeck-rasto-300m\/"},"modified":"2021-04-28T21:33:06","modified_gmt":"2021-04-28T19:33:06","slug":"huennebeck-rasto-encofrado-300m","status":"publish","type":"product","link":"https:\/\/www.jh-itc.de\/es\/shop\/huennebeck-es\/huennebeck-rasto-es\/huennebeck-rasto-encofrado-300m\/","title":{"rendered":"Encofrado H\u00fcnnebeck Rasto 3,00m"},"content":{"rendered":"","protected":false},"excerpt":{"rendered":"<p>Ofrecemos un lote de <strong>423 m\u00b2 de<\/strong> segunda mano <strong>&#8211; Encofrado H\u00fcnnebeck Rasto 3.00m<\/strong> incl. Accesorios en.<\/p>\n<p>El encofrado est\u00e1 en muy buen estado y listo para su uso inmediato.<\/p>\n<table width=\"302\">\n<tbody>\n<tr>\n<td width=\"80\">Cantidad<\/td>\n<td width=\"222\">Descripci\u00f3n del art\u00edculo<\/td>\n<\/tr>\n<tr>\n<td>26<\/td>\n<td>Perno 16 mm 60\/70<\/td>\n<\/tr>\n<tr>\n<td>33<\/td>\n<td>Parte superior de conexi\u00f3n de la consola Manto HITA<\/td>\n<\/tr>\n<tr>\n<td>54<\/td>\n<td>Conexi\u00f3n inferior del soporte MANTO HITA<\/td>\n<\/tr>\n<tr>\n<td>12<\/td>\n<td>Base de puntal 25cm H\u00fccco<\/td>\n<\/tr>\n<tr>\n<td>100<\/td>\n<td>Tablero RASTO 90 x 300<\/td>\n<\/tr>\n<tr>\n<td>8<\/td>\n<td>Tablero RASTO 75 x 300<\/td>\n<\/tr>\n<tr>\n<td>8<\/td>\n<td>Tablero RASTO 65 x 300<\/td>\n<\/tr>\n<tr>\n<td>8<\/td>\n<td>Tablero RASTO 60 x 300<\/td>\n<\/tr>\n<tr>\n<td>8<\/td>\n<td>Tablero RASTO 55 x 300<\/td>\n<\/tr>\n<tr>\n<td>8<\/td>\n<td>Tablero RASTO 50 x 300<\/td>\n<\/tr>\n<tr>\n<td>8<\/td>\n<td>Tablero RASTO 45 x 300<\/td>\n<\/tr>\n<tr>\n<td>8<\/td>\n<td>Tablero RASTO 30 x 300<\/td>\n<\/tr>\n<tr>\n<td>10<\/td>\n<td>Tablero RASTO 90 x 150<\/td>\n<\/tr>\n<tr>\n<td>4<\/td>\n<td>Tablero RASTO 75 x 150<\/td>\n<\/tr>\n<tr>\n<td>6<\/td>\n<td>Tablero RASTO 65 x 150<\/td>\n<\/tr>\n<tr>\n<td>2<\/td>\n<td>Tablero RASTO 55 x 150<\/td>\n<\/tr>\n<tr>\n<td>4<\/td>\n<td>RASTO esquina interior 30\/300<\/td>\n<\/tr>\n<tr>\n<td>2<\/td>\n<td>RASTO esquina interior 30\/150<\/td>\n<\/tr>\n<tr>\n<td>4<\/td>\n<td>Esquina articulada RASTO 30\/300<\/td>\n<\/tr>\n<tr>\n<td>2<\/td>\n<td>Esquina articulada RASTO 15\/300<\/td>\n<\/tr>\n<tr>\n<td>4<\/td>\n<td>Esquina articulada RASTO 15\/150<\/td>\n<\/tr>\n<tr>\n<td>8<\/td>\n<td>Tablero RASTO VZ 70 x 300 S<\/td>\n<\/tr>\n<tr>\n<td>10<\/td>\n<td>Compensaci\u00f3n de esquinas RASTO 5\/300<\/td>\n<\/tr>\n<tr>\n<td>80<\/td>\n<td>Tensor de pernos<\/td>\n<\/tr>\n<tr>\n<td>72<\/td>\n<td>Tensor de pernos largos<\/td>\n<\/tr>\n<tr>\n<td>314<\/td>\n<td>Pinza RASTO<\/td>\n<\/tr>\n<tr>\n<td>72<\/td>\n<td>Abrazadera de esquina RASTO V<\/td>\n<\/tr>\n<tr>\n<td>78<\/td>\n<td>Pinza combinada RASTO<\/td>\n<\/tr>\n<tr>\n<td>120<\/td>\n<td>Abrazadera de centrado<\/td>\n<\/tr>\n<tr>\n<td>307<\/td>\n<td>Tuerca de centrado 100<\/td>\n<\/tr>\n<tr>\n<td>38<\/td>\n<td>Consola de funcionamiento de RASTO<\/td>\n<\/tr>\n<tr>\n<td>25<\/td>\n<td>Puntal TAKKO<\/td>\n<\/tr>\n<tr>\n<td>4<\/td>\n<td>Pie de apoyo<\/td>\n<\/tr>\n<tr>\n<td>4<\/td>\n<td>Ganchos de transporte RASTO\/TAKKO<\/td>\n<\/tr>\n<tr>\n<td>614<\/td>\n<td>Tuerca de anclaje 85<\/td>\n<\/tr>\n<tr>\n<td>250<\/td>\n<td>tirante 100 cm (DW 15)<\/td>\n<\/tr>\n<tr>\n<td>18<\/td>\n<td>Tirante de pared GR.4 (3,20 m- 3,90 m)<\/td>\n<\/tr>\n<tr>\n<td>2<\/td>\n<td>Marco apilable europeo 120\/80<\/td>\n<\/tr>\n<tr>\n<td>93<\/td>\n<td>Puntales de apilamiento<\/td>\n<\/tr>\n<tr>\n<td>24<\/td>\n<td>Compensaci\u00f3n del grosor de la pared 3,00m<\/td>\n<\/tr>\n<\/tbody>\n<\/table>\n<p>Si est\u00e1 interesado, env\u00edenos su consulta.<\/p>\n<p>&nbsp;<\/p>\n","protected":false},"featured_media":16453,"template":"","meta":[],"product_brand":[],"product_cat":[279,288,306],"product_tag":[],"class_list":{"0":"post-16450","1":"product","2":"type-product","3":"status-publish","4":"has-post-thumbnail","6":"product_cat-huennebeck-es","7":"product_cat-huennebeck-rasto-es","8":"product_cat-encofrado","10":"first","11":"instock","12":"taxable","13":"shipping-taxable","14":"product-type-simple"},"yoast_head":"<!-- This site is optimized with the Yoast SEO plugin v27.3 - https:\/\/yoast.com\/product\/yoast-seo-wordpress\/ -->\n<title>Encofrado H\u00fcnnebeck Rasto 3,00m - JH - ITC GmbH<\/title>\n<meta name=\"description\" content=\"Ofrecemos un encofrado usado H\u00fcnnebeck Rasto incl. Accesorios en.\" \/>\n<meta name=\"robots\" content=\"index, follow, max-snippet:-1, max-image-preview:large, max-video-preview:-1\" \/>\n<link rel=\"canonical\" href=\"https:\/\/www.jh-itc.de\/es\/shop\/huennebeck-es\/huennebeck-rasto-es\/huennebeck-rasto-encofrado-300m\/\" \/>\n<meta property=\"og:locale\" content=\"es_ES\" \/>\n<meta property=\"og:type\" content=\"article\" \/>\n<meta property=\"og:title\" content=\"Encofrado H\u00fcnnebeck Rasto 3,00m - JH - ITC GmbH\" \/>\n<meta property=\"og:description\" content=\"Ofrecemos un encofrado usado H\u00fcnnebeck Rasto incl. Accesorios en.\" \/>\n<meta property=\"og:url\" content=\"https:\/\/www.jh-itc.de\/es\/shop\/huennebeck-es\/huennebeck-rasto-es\/huennebeck-rasto-encofrado-300m\/\" \/>\n<meta property=\"og:site_name\" content=\"JH - ITC GmbH\" \/>\n<meta property=\"article:publisher\" content=\"https:\/\/www.facebook.com\/schalungshandel\" \/>\n<meta property=\"article:modified_time\" content=\"2021-04-28T19:33:06+00:00\" \/>\n<meta property=\"og:image\" content=\"https:\/\/www.jh-itc.de\/wp-content\/uploads\/2019\/06\/Rasto-300-1-Klein.jpeg\" \/>\n\t<meta property=\"og:image:width\" content=\"640\" \/>\n\t<meta property=\"og:image:height\" content=\"480\" \/>\n\t<meta property=\"og:image:type\" content=\"image\/jpeg\" \/>\n<meta name=\"twitter:card\" content=\"summary_large_image\" \/>\n<meta name=\"twitter:site\" content=\"@JH_ITC\" \/>\n<!-- \/ Yoast SEO plugin. -->","yoast_head_json":{"title":"Encofrado H\u00fcnnebeck Rasto 3,00m - JH - ITC GmbH","description":"Ofrecemos un encofrado usado H\u00fcnnebeck Rasto incl. Accesorios en.","robots":{"index":"index","follow":"follow","max-snippet":"max-snippet:-1","max-image-preview":"max-image-preview:large","max-video-preview":"max-video-preview:-1"},"canonical":"https:\/\/www.jh-itc.de\/es\/shop\/huennebeck-es\/huennebeck-rasto-es\/huennebeck-rasto-encofrado-300m\/","og_locale":"es_ES","og_type":"article","og_title":"Encofrado H\u00fcnnebeck Rasto 3,00m - JH - ITC GmbH","og_description":"Ofrecemos un encofrado usado H\u00fcnnebeck Rasto incl. Accesorios en.","og_url":"https:\/\/www.jh-itc.de\/es\/shop\/huennebeck-es\/huennebeck-rasto-es\/huennebeck-rasto-encofrado-300m\/","og_site_name":"JH - ITC GmbH","article_publisher":"https:\/\/www.facebook.com\/schalungshandel","article_modified_time":"2021-04-28T19:33:06+00:00","og_image":[{"width":640,"height":480,"url":"https:\/\/www.jh-itc.de\/wp-content\/uploads\/2019\/06\/Rasto-300-1-Klein.jpeg","type":"image\/jpeg"}],"twitter_card":"summary_large_image","twitter_site":"@JH_ITC","schema":{"@context":"https:\/\/schema.org","@graph":[{"@type":"WebPage","@id":"https:\/\/www.jh-itc.de\/es\/shop\/huennebeck-es\/huennebeck-rasto-es\/huennebeck-rasto-encofrado-300m\/","url":"https:\/\/www.jh-itc.de\/es\/shop\/huennebeck-es\/huennebeck-rasto-es\/huennebeck-rasto-encofrado-300m\/","name":"Encofrado H\u00fcnnebeck Rasto 3,00m - JH - ITC GmbH","isPartOf":{"@id":"https:\/\/www.jh-itc.de\/es\/#website"},"primaryImageOfPage":{"@id":"https:\/\/www.jh-itc.de\/es\/shop\/huennebeck-es\/huennebeck-rasto-es\/huennebeck-rasto-encofrado-300m\/#primaryimage"},"image":{"@id":"https:\/\/www.jh-itc.de\/es\/shop\/huennebeck-es\/huennebeck-rasto-es\/huennebeck-rasto-encofrado-300m\/#primaryimage"},"thumbnailUrl":"https:\/\/www.jh-itc.de\/wp-content\/uploads\/2019\/06\/Rasto-300-1-Klein.jpeg","datePublished":"2021-04-28T19:32:50+00:00","dateModified":"2021-04-28T19:33:06+00:00","description":"Ofrecemos un encofrado usado H\u00fcnnebeck Rasto incl. Accesorios en.","breadcrumb":{"@id":"https:\/\/www.jh-itc.de\/es\/shop\/huennebeck-es\/huennebeck-rasto-es\/huennebeck-rasto-encofrado-300m\/#breadcrumb"},"inLanguage":"es","potentialAction":[{"@type":"ReadAction","target":["https:\/\/www.jh-itc.de\/es\/shop\/huennebeck-es\/huennebeck-rasto-es\/huennebeck-rasto-encofrado-300m\/"]}]},{"@type":"ImageObject","inLanguage":"es","@id":"https:\/\/www.jh-itc.de\/es\/shop\/huennebeck-es\/huennebeck-rasto-es\/huennebeck-rasto-encofrado-300m\/#primaryimage","url":"https:\/\/www.jh-itc.de\/wp-content\/uploads\/2019\/06\/Rasto-300-1-Klein.jpeg","contentUrl":"https:\/\/www.jh-itc.de\/wp-content\/uploads\/2019\/06\/Rasto-300-1-Klein.jpeg","width":640,"height":480},{"@type":"BreadcrumbList","@id":"https:\/\/www.jh-itc.de\/es\/shop\/huennebeck-es\/huennebeck-rasto-es\/huennebeck-rasto-encofrado-300m\/#breadcrumb","itemListElement":[{"@type":"ListItem","position":1,"name":"Home","item":"https:\/\/www.jh-itc.de\/es\/"},{"@type":"ListItem","position":2,"name":"Tienda","item":"https:\/\/www.jh-itc.de\/es\/tienda\/"},{"@type":"ListItem","position":3,"name":"Encofrado H\u00fcnnebeck Rasto 3,00m"}]},{"@type":"WebSite","@id":"https:\/\/www.jh-itc.de\/es\/#website","url":"https:\/\/www.jh-itc.de\/es\/","name":"JH - ITC GmbH","description":"Ihr Experte f\u00fcr gebrauchte St\u00fctzen, Schalungen und Ger\u00fcste","publisher":{"@id":"https:\/\/www.jh-itc.de\/es\/#organization"},"potentialAction":[{"@type":"SearchAction","target":{"@type":"EntryPoint","urlTemplate":"https:\/\/www.jh-itc.de\/es\/?s={search_term_string}"},"query-input":{"@type":"PropertyValueSpecification","valueRequired":true,"valueName":"search_term_string"}}],"inLanguage":"es"},{"@type":"Organization","@id":"https:\/\/www.jh-itc.de\/es\/#organization","name":"JH-ITC GmbH","url":"https:\/\/www.jh-itc.de\/es\/","logo":{"@type":"ImageObject","inLanguage":"es","@id":"https:\/\/www.jh-itc.de\/es\/#\/schema\/logo\/image\/","url":"https:\/\/www.jh-itc.de\/wp-content\/uploads\/2016\/01\/JH-ITC2-1.png","contentUrl":"https:\/\/www.jh-itc.de\/wp-content\/uploads\/2016\/01\/JH-ITC2-1.png","width":300,"height":102,"caption":"JH-ITC GmbH"},"image":{"@id":"https:\/\/www.jh-itc.de\/es\/#\/schema\/logo\/image\/"},"sameAs":["https:\/\/www.facebook.com\/schalungshandel","https:\/\/x.com\/JH_ITC","https:\/\/www.linkedin.com\/in\/jhitc","https:\/\/youtu.be\/rMdZ-FLfI-Y"]}]}},"_links":{"self":[{"href":"https:\/\/www.jh-itc.de\/es\/wp-json\/wp\/v2\/product\/16450","targetHints":{"allow":["GET"]}}],"collection":[{"href":"https:\/\/www.jh-itc.de\/es\/wp-json\/wp\/v2\/product"}],"about":[{"href":"https:\/\/www.jh-itc.de\/es\/wp-json\/wp\/v2\/types\/product"}],"wp:featuredmedia":[{"embeddable":true,"href":"https:\/\/www.jh-itc.de\/es\/wp-json\/wp\/v2\/media\/16453"}],"wp:attachment":[{"href":"https:\/\/www.jh-itc.de\/es\/wp-json\/wp\/v2\/media?parent=16450"}],"wp:term":[{"taxonomy":"product_brand","embeddable":true,"href":"https:\/\/www.jh-itc.de\/es\/wp-json\/wp\/v2\/product_brand?post=16450"},{"taxonomy":"product_cat","embeddable":true,"href":"https:\/\/www.jh-itc.de\/es\/wp-json\/wp\/v2\/product_cat?post=16450"},{"taxonomy":"product_tag","embeddable":true,"href":"https:\/\/www.jh-itc.de\/es\/wp-json\/wp\/v2\/product_tag?post=16450"}],"curies":[{"name":"wp","href":"https:\/\/api.w.org\/{rel}","templated":true}]}}