{"id":16485,"date":"2019-11-01T11:18:17","date_gmt":"2021-04-28T19:34:28","guid":{"rendered":"https:\/\/www.jh-itc.de\/shop\/sin categor\u00eda\/peri-mp-50\/"},"modified":"2021-04-28T21:34:28","modified_gmt":"2021-04-28T19:34:28","slug":"peri-mp-50-2","status":"publish","type":"product","link":"https:\/\/www.jh-itc.de\/es\/shop\/peri-es\/peri-mp-50-2\/","title":{"rendered":"Peri MP 50"},"content":{"rendered":"<p>La extensi\u00f3n para los puntales de techo Multiprop.<\/p>\n<p>Esto aumenta el rango de uso de cada puntal Multprop en 50 cm y se monta utilizando la abrazadera de liberaci\u00f3n r\u00e1pida.<\/p>\n","protected":false},"excerpt":{"rendered":"<p>Ofrecemos 80 x <strong>Peri MP 50 pies<\/strong>.<\/p>\n<p>Est\u00e1n en buen estado de uso y disponibles en stock.<\/p>\n","protected":false},"featured_media":16495,"template":"","meta":[],"product_brand":[],"product_cat":[308,304,305],"product_tag":[],"class_list":{"0":"post-16485","1":"product","2":"type-product","3":"status-publish","4":"has-post-thumbnail","6":"product_cat-apuntalar","7":"product_cat-peri-es","8":"product_cat-peri-multiprops-es","10":"first","11":"instock","12":"taxable","13":"shipping-taxable","14":"product-type-simple"},"yoast_head":"<!-- This site is optimized with the Yoast SEO plugin v27.3 - https:\/\/yoast.com\/product\/yoast-seo-wordpress\/ -->\n<title>Peri MP 50 - JH - ITC GmbH<\/title>\n<meta name=\"description\" content=\"Peri MP 50. Fabricantes de renombre \u2714 Encofrados, puntales, andamios y maquinaria de construcci\u00f3n nuevos y usados \u2714 \u00a1Solicite un presupuesto ahora!\" \/>\n<meta name=\"robots\" content=\"index, follow, max-snippet:-1, max-image-preview:large, max-video-preview:-1\" \/>\n<link rel=\"canonical\" href=\"https:\/\/www.jh-itc.de\/es\/shop\/peri-es\/peri-mp-50-2\/\" \/>\n<meta property=\"og:locale\" content=\"es_ES\" \/>\n<meta property=\"og:type\" content=\"article\" \/>\n<meta property=\"og:title\" content=\"Peri MP 50 - JH - ITC GmbH\" \/>\n<meta property=\"og:description\" content=\"Peri MP 50. Fabricantes de renombre \u2714 Encofrados, puntales, andamios y maquinaria de construcci\u00f3n nuevos y usados \u2714 \u00a1Solicite un presupuesto ahora!\" \/>\n<meta property=\"og:url\" content=\"https:\/\/www.jh-itc.de\/es\/shop\/peri-es\/peri-mp-50-2\/\" \/>\n<meta property=\"og:site_name\" content=\"JH - ITC GmbH\" \/>\n<meta property=\"article:publisher\" content=\"https:\/\/www.facebook.com\/schalungshandel\" \/>\n<meta property=\"og:image\" content=\"https:\/\/www.jh-itc.de\/wp-content\/uploads\/2019\/11\/Peri-MP-50.jpeg\" \/>\n\t<meta property=\"og:image:width\" content=\"640\" \/>\n\t<meta property=\"og:image:height\" content=\"480\" \/>\n\t<meta property=\"og:image:type\" content=\"image\/jpeg\" \/>\n<meta name=\"twitter:card\" content=\"summary_large_image\" \/>\n<meta name=\"twitter:site\" content=\"@JH_ITC\" \/>\n<!-- \/ Yoast SEO plugin. -->","yoast_head_json":{"title":"Peri MP 50 - JH - ITC GmbH","description":"Peri MP 50. Fabricantes de renombre \u2714 Encofrados, puntales, andamios y maquinaria de construcci\u00f3n nuevos y usados \u2714 \u00a1Solicite un presupuesto ahora!","robots":{"index":"index","follow":"follow","max-snippet":"max-snippet:-1","max-image-preview":"max-image-preview:large","max-video-preview":"max-video-preview:-1"},"canonical":"https:\/\/www.jh-itc.de\/es\/shop\/peri-es\/peri-mp-50-2\/","og_locale":"es_ES","og_type":"article","og_title":"Peri MP 50 - JH - ITC GmbH","og_description":"Peri MP 50. Fabricantes de renombre \u2714 Encofrados, puntales, andamios y maquinaria de construcci\u00f3n nuevos y usados \u2714 \u00a1Solicite un presupuesto ahora!","og_url":"https:\/\/www.jh-itc.de\/es\/shop\/peri-es\/peri-mp-50-2\/","og_site_name":"JH - ITC GmbH","article_publisher":"https:\/\/www.facebook.com\/schalungshandel","og_image":[{"width":640,"height":480,"url":"https:\/\/www.jh-itc.de\/wp-content\/uploads\/2019\/11\/Peri-MP-50.jpeg","type":"image\/jpeg"}],"twitter_card":"summary_large_image","twitter_site":"@JH_ITC","schema":{"@context":"https:\/\/schema.org","@graph":[{"@type":"WebPage","@id":"https:\/\/www.jh-itc.de\/es\/shop\/peri-es\/peri-mp-50-2\/","url":"https:\/\/www.jh-itc.de\/es\/shop\/peri-es\/peri-mp-50-2\/","name":"Peri MP 50 - JH - ITC GmbH","isPartOf":{"@id":"https:\/\/www.jh-itc.de\/es\/#website"},"primaryImageOfPage":{"@id":"https:\/\/www.jh-itc.de\/es\/shop\/peri-es\/peri-mp-50-2\/#primaryimage"},"image":{"@id":"https:\/\/www.jh-itc.de\/es\/shop\/peri-es\/peri-mp-50-2\/#primaryimage"},"thumbnailUrl":"https:\/\/www.jh-itc.de\/wp-content\/uploads\/2019\/11\/Peri-MP-50.jpeg","datePublished":"2021-04-28T19:34:28+00:00","description":"Peri MP 50. Fabricantes de renombre \u2714 Encofrados, puntales, andamios y maquinaria de construcci\u00f3n nuevos y usados \u2714 \u00a1Solicite un presupuesto ahora!","breadcrumb":{"@id":"https:\/\/www.jh-itc.de\/es\/shop\/peri-es\/peri-mp-50-2\/#breadcrumb"},"inLanguage":"es","potentialAction":[{"@type":"ReadAction","target":["https:\/\/www.jh-itc.de\/es\/shop\/peri-es\/peri-mp-50-2\/"]}]},{"@type":"ImageObject","inLanguage":"es","@id":"https:\/\/www.jh-itc.de\/es\/shop\/peri-es\/peri-mp-50-2\/#primaryimage","url":"https:\/\/www.jh-itc.de\/wp-content\/uploads\/2019\/11\/Peri-MP-50.jpeg","contentUrl":"https:\/\/www.jh-itc.de\/wp-content\/uploads\/2019\/11\/Peri-MP-50.jpeg","width":640,"height":480},{"@type":"BreadcrumbList","@id":"https:\/\/www.jh-itc.de\/es\/shop\/peri-es\/peri-mp-50-2\/#breadcrumb","itemListElement":[{"@type":"ListItem","position":1,"name":"Home","item":"https:\/\/www.jh-itc.de\/es\/"},{"@type":"ListItem","position":2,"name":"Tienda","item":"https:\/\/www.jh-itc.de\/es\/tienda\/"},{"@type":"ListItem","position":3,"name":"Peri MP 50"}]},{"@type":"WebSite","@id":"https:\/\/www.jh-itc.de\/es\/#website","url":"https:\/\/www.jh-itc.de\/es\/","name":"JH - ITC GmbH","description":"Ihr Experte f\u00fcr gebrauchte St\u00fctzen, Schalungen und Ger\u00fcste","publisher":{"@id":"https:\/\/www.jh-itc.de\/es\/#organization"},"potentialAction":[{"@type":"SearchAction","target":{"@type":"EntryPoint","urlTemplate":"https:\/\/www.jh-itc.de\/es\/?s={search_term_string}"},"query-input":{"@type":"PropertyValueSpecification","valueRequired":true,"valueName":"search_term_string"}}],"inLanguage":"es"},{"@type":"Organization","@id":"https:\/\/www.jh-itc.de\/es\/#organization","name":"JH-ITC GmbH","url":"https:\/\/www.jh-itc.de\/es\/","logo":{"@type":"ImageObject","inLanguage":"es","@id":"https:\/\/www.jh-itc.de\/es\/#\/schema\/logo\/image\/","url":"https:\/\/www.jh-itc.de\/wp-content\/uploads\/2016\/01\/JH-ITC2-1.png","contentUrl":"https:\/\/www.jh-itc.de\/wp-content\/uploads\/2016\/01\/JH-ITC2-1.png","width":300,"height":102,"caption":"JH-ITC GmbH"},"image":{"@id":"https:\/\/www.jh-itc.de\/es\/#\/schema\/logo\/image\/"},"sameAs":["https:\/\/www.facebook.com\/schalungshandel","https:\/\/x.com\/JH_ITC","https:\/\/www.linkedin.com\/in\/jhitc","https:\/\/youtu.be\/rMdZ-FLfI-Y"]}]}},"_links":{"self":[{"href":"https:\/\/www.jh-itc.de\/es\/wp-json\/wp\/v2\/product\/16485","targetHints":{"allow":["GET"]}}],"collection":[{"href":"https:\/\/www.jh-itc.de\/es\/wp-json\/wp\/v2\/product"}],"about":[{"href":"https:\/\/www.jh-itc.de\/es\/wp-json\/wp\/v2\/types\/product"}],"wp:featuredmedia":[{"embeddable":true,"href":"https:\/\/www.jh-itc.de\/es\/wp-json\/wp\/v2\/media\/16495"}],"wp:attachment":[{"href":"https:\/\/www.jh-itc.de\/es\/wp-json\/wp\/v2\/media?parent=16485"}],"wp:term":[{"taxonomy":"product_brand","embeddable":true,"href":"https:\/\/www.jh-itc.de\/es\/wp-json\/wp\/v2\/product_brand?post=16485"},{"taxonomy":"product_cat","embeddable":true,"href":"https:\/\/www.jh-itc.de\/es\/wp-json\/wp\/v2\/product_cat?post=16485"},{"taxonomy":"product_tag","embeddable":true,"href":"https:\/\/www.jh-itc.de\/es\/wp-json\/wp\/v2\/product_tag?post=16485"}],"curies":[{"name":"wp","href":"https:\/\/api.w.org\/{rel}","templated":true}]}}