{"id":16488,"date":"2019-08-23T12:18:37","date_gmt":"2021-04-28T19:34:30","guid":{"rendered":"https:\/\/www.jh-itc.de\/shop\/sin%20categor\u00eda\/gancho-elevador-doka-df\/"},"modified":"2021-04-28T21:34:36","modified_gmt":"2021-04-28T19:34:36","slug":"doka-umsetzbuegel-df","status":"publish","type":"product","link":"https:\/\/www.jh-itc.de\/es\/shop\/doka-es\/doka-umsetzbuegel-df\/","title":{"rendered":"Gancho elevador Doka DF"},"content":{"rendered":"","protected":false},"excerpt":{"rendered":"<p><strong>Ofrecemos ganchos de elevaci\u00f3n Doka DF de segunda mano.<\/strong><\/p>\n<p align=\"LEFT\">Las construcciones de tableros y las mesas terminadas pueden levantarse con el gancho de elevaci\u00f3n DF.<\/p>\n<p>Se necesitan 4 piezas de soportes de transferencia DF por mesa.<\/p>\n<p>Si est\u00e1 interesado, env\u00edenos su consulta.<\/p>\n","protected":false},"featured_media":16504,"template":"","meta":[],"product_brand":[],"product_cat":[269,306],"product_tag":[],"class_list":{"0":"post-16488","1":"product","2":"type-product","3":"status-publish","4":"has-post-thumbnail","6":"product_cat-doka-es","7":"product_cat-encofrado","9":"first","10":"instock","11":"taxable","12":"shipping-taxable","13":"product-type-simple"},"yoast_head":"<!-- This site is optimized with the Yoast SEO plugin v27.3 - https:\/\/yoast.com\/product\/yoast-seo-wordpress\/ -->\n<title>Gancho elevador Doka DF - JH - ITC GmbH<\/title>\n<meta name=\"description\" content=\"Gancho elevador Doka DF. Fabricantes de renombre \u2714 Encofrados, puntales, andamios y maquinaria de construcci\u00f3n nuevos y usados \u2714 \u00a1Solicite un presupuesto ahora!\" \/>\n<meta name=\"robots\" content=\"index, follow, max-snippet:-1, max-image-preview:large, max-video-preview:-1\" \/>\n<link rel=\"canonical\" href=\"https:\/\/www.jh-itc.de\/es\/shop\/doka-es\/doka-umsetzbuegel-df\/\" \/>\n<meta property=\"og:locale\" content=\"es_ES\" \/>\n<meta property=\"og:type\" content=\"article\" \/>\n<meta property=\"og:title\" content=\"Gancho elevador Doka DF - JH - ITC GmbH\" \/>\n<meta property=\"og:description\" content=\"Gancho elevador Doka DF. Fabricantes de renombre \u2714 Encofrados, puntales, andamios y maquinaria de construcci\u00f3n nuevos y usados \u2714 \u00a1Solicite un presupuesto ahora!\" \/>\n<meta property=\"og:url\" content=\"https:\/\/www.jh-itc.de\/es\/shop\/doka-es\/doka-umsetzbuegel-df\/\" \/>\n<meta property=\"og:site_name\" content=\"JH - ITC GmbH\" \/>\n<meta property=\"article:publisher\" content=\"https:\/\/www.facebook.com\/schalungshandel\" \/>\n<meta property=\"article:modified_time\" content=\"2021-04-28T19:34:36+00:00\" \/>\n<meta property=\"og:image\" content=\"https:\/\/www.jh-itc.de\/wp-content\/uploads\/2019\/08\/jh-itc_Doka-Umsetzgabel-DF-2.jpg\" \/>\n\t<meta property=\"og:image:width\" content=\"480\" \/>\n\t<meta property=\"og:image:height\" content=\"853\" \/>\n\t<meta property=\"og:image:type\" content=\"image\/jpeg\" \/>\n<meta name=\"twitter:card\" content=\"summary_large_image\" \/>\n<meta name=\"twitter:site\" content=\"@JH_ITC\" \/>\n<!-- \/ Yoast SEO plugin. -->","yoast_head_json":{"title":"Gancho elevador Doka DF - JH - ITC GmbH","description":"Gancho elevador Doka DF. Fabricantes de renombre \u2714 Encofrados, puntales, andamios y maquinaria de construcci\u00f3n nuevos y usados \u2714 \u00a1Solicite un presupuesto ahora!","robots":{"index":"index","follow":"follow","max-snippet":"max-snippet:-1","max-image-preview":"max-image-preview:large","max-video-preview":"max-video-preview:-1"},"canonical":"https:\/\/www.jh-itc.de\/es\/shop\/doka-es\/doka-umsetzbuegel-df\/","og_locale":"es_ES","og_type":"article","og_title":"Gancho elevador Doka DF - JH - ITC GmbH","og_description":"Gancho elevador Doka DF. Fabricantes de renombre \u2714 Encofrados, puntales, andamios y maquinaria de construcci\u00f3n nuevos y usados \u2714 \u00a1Solicite un presupuesto ahora!","og_url":"https:\/\/www.jh-itc.de\/es\/shop\/doka-es\/doka-umsetzbuegel-df\/","og_site_name":"JH - ITC GmbH","article_publisher":"https:\/\/www.facebook.com\/schalungshandel","article_modified_time":"2021-04-28T19:34:36+00:00","og_image":[{"width":480,"height":853,"url":"https:\/\/www.jh-itc.de\/wp-content\/uploads\/2019\/08\/jh-itc_Doka-Umsetzgabel-DF-2.jpg","type":"image\/jpeg"}],"twitter_card":"summary_large_image","twitter_site":"@JH_ITC","schema":{"@context":"https:\/\/schema.org","@graph":[{"@type":"WebPage","@id":"https:\/\/www.jh-itc.de\/es\/shop\/doka-es\/doka-umsetzbuegel-df\/","url":"https:\/\/www.jh-itc.de\/es\/shop\/doka-es\/doka-umsetzbuegel-df\/","name":"Gancho elevador Doka DF - JH - ITC GmbH","isPartOf":{"@id":"https:\/\/www.jh-itc.de\/es\/#website"},"primaryImageOfPage":{"@id":"https:\/\/www.jh-itc.de\/es\/shop\/doka-es\/doka-umsetzbuegel-df\/#primaryimage"},"image":{"@id":"https:\/\/www.jh-itc.de\/es\/shop\/doka-es\/doka-umsetzbuegel-df\/#primaryimage"},"thumbnailUrl":"https:\/\/www.jh-itc.de\/wp-content\/uploads\/2019\/08\/jh-itc_Doka-Umsetzgabel-DF-2.jpg","datePublished":"2021-04-28T19:34:30+00:00","dateModified":"2021-04-28T19:34:36+00:00","description":"Gancho elevador Doka DF. Fabricantes de renombre \u2714 Encofrados, puntales, andamios y maquinaria de construcci\u00f3n nuevos y usados \u2714 \u00a1Solicite un presupuesto ahora!","breadcrumb":{"@id":"https:\/\/www.jh-itc.de\/es\/shop\/doka-es\/doka-umsetzbuegel-df\/#breadcrumb"},"inLanguage":"es","potentialAction":[{"@type":"ReadAction","target":["https:\/\/www.jh-itc.de\/es\/shop\/doka-es\/doka-umsetzbuegel-df\/"]}]},{"@type":"ImageObject","inLanguage":"es","@id":"https:\/\/www.jh-itc.de\/es\/shop\/doka-es\/doka-umsetzbuegel-df\/#primaryimage","url":"https:\/\/www.jh-itc.de\/wp-content\/uploads\/2019\/08\/jh-itc_Doka-Umsetzgabel-DF-2.jpg","contentUrl":"https:\/\/www.jh-itc.de\/wp-content\/uploads\/2019\/08\/jh-itc_Doka-Umsetzgabel-DF-2.jpg","width":480,"height":853},{"@type":"BreadcrumbList","@id":"https:\/\/www.jh-itc.de\/es\/shop\/doka-es\/doka-umsetzbuegel-df\/#breadcrumb","itemListElement":[{"@type":"ListItem","position":1,"name":"Home","item":"https:\/\/www.jh-itc.de\/es\/"},{"@type":"ListItem","position":2,"name":"Tienda","item":"https:\/\/www.jh-itc.de\/es\/tienda\/"},{"@type":"ListItem","position":3,"name":"Gancho elevador Doka DF"}]},{"@type":"WebSite","@id":"https:\/\/www.jh-itc.de\/es\/#website","url":"https:\/\/www.jh-itc.de\/es\/","name":"JH - ITC GmbH","description":"Ihr Experte f\u00fcr gebrauchte St\u00fctzen, Schalungen und Ger\u00fcste","publisher":{"@id":"https:\/\/www.jh-itc.de\/es\/#organization"},"potentialAction":[{"@type":"SearchAction","target":{"@type":"EntryPoint","urlTemplate":"https:\/\/www.jh-itc.de\/es\/?s={search_term_string}"},"query-input":{"@type":"PropertyValueSpecification","valueRequired":true,"valueName":"search_term_string"}}],"inLanguage":"es"},{"@type":"Organization","@id":"https:\/\/www.jh-itc.de\/es\/#organization","name":"JH-ITC GmbH","url":"https:\/\/www.jh-itc.de\/es\/","logo":{"@type":"ImageObject","inLanguage":"es","@id":"https:\/\/www.jh-itc.de\/es\/#\/schema\/logo\/image\/","url":"https:\/\/www.jh-itc.de\/wp-content\/uploads\/2016\/01\/JH-ITC2-1.png","contentUrl":"https:\/\/www.jh-itc.de\/wp-content\/uploads\/2016\/01\/JH-ITC2-1.png","width":300,"height":102,"caption":"JH-ITC GmbH"},"image":{"@id":"https:\/\/www.jh-itc.de\/es\/#\/schema\/logo\/image\/"},"sameAs":["https:\/\/www.facebook.com\/schalungshandel","https:\/\/x.com\/JH_ITC","https:\/\/www.linkedin.com\/in\/jhitc","https:\/\/youtu.be\/rMdZ-FLfI-Y"]}]}},"_links":{"self":[{"href":"https:\/\/www.jh-itc.de\/es\/wp-json\/wp\/v2\/product\/16488","targetHints":{"allow":["GET"]}}],"collection":[{"href":"https:\/\/www.jh-itc.de\/es\/wp-json\/wp\/v2\/product"}],"about":[{"href":"https:\/\/www.jh-itc.de\/es\/wp-json\/wp\/v2\/types\/product"}],"wp:featuredmedia":[{"embeddable":true,"href":"https:\/\/www.jh-itc.de\/es\/wp-json\/wp\/v2\/media\/16504"}],"wp:attachment":[{"href":"https:\/\/www.jh-itc.de\/es\/wp-json\/wp\/v2\/media?parent=16488"}],"wp:term":[{"taxonomy":"product_brand","embeddable":true,"href":"https:\/\/www.jh-itc.de\/es\/wp-json\/wp\/v2\/product_brand?post=16488"},{"taxonomy":"product_cat","embeddable":true,"href":"https:\/\/www.jh-itc.de\/es\/wp-json\/wp\/v2\/product_cat?post=16488"},{"taxonomy":"product_tag","embeddable":true,"href":"https:\/\/www.jh-itc.de\/es\/wp-json\/wp\/v2\/product_tag?post=16488"}],"curies":[{"name":"wp","href":"https:\/\/api.w.org\/{rel}","templated":true}]}}