{"id":16529,"date":"2019-10-10T00:09:15","date_gmt":"2021-04-28T19:34:35","guid":{"rendered":"https:\/\/www.jh-itc.de\/shop\/sin%20categor\u00eda\/puntales-de-techo-ischebeck\/"},"modified":"2021-04-28T21:34:48","modified_gmt":"2021-04-28T19:34:48","slug":"ischebeck-ceiling-supports","status":"publish","type":"product","link":"https:\/\/www.jh-itc.de\/es\/shop\/ischebeck-es\/ischebeck-ceiling-supports\/","title":{"rendered":"Puntales de techo Ischebeck"},"content":{"rendered":"<table width=\"0\">\n<tbody>\n<tr>\n<td style=\"text-align: left\" width=\"508\"><strong>Descripci\u00f3n del art\u00edculo<\/strong><\/td>\n<td style=\"text-align: left\" width=\"418\"><strong>Descripci\u00f3n<\/strong><\/td>\n<td style=\"text-align: left\" width=\"138\"><strong>Cantidad \/ Cantidad<\/strong><\/td>\n<\/tr>\n<tr>\n<td style=\"text-align: left\" width=\"508\">Soporte tubular de acero AS 550 (20kN)<\/td>\n<td style=\"text-align: left\" width=\"418\">Puntal de acero AS 550<\/td>\n<td style=\"text-align: left\" width=\"138\">281<\/td>\n<\/tr>\n<tr>\n<td style=\"text-align: left\" width=\"508\">Laca apilable. 1,50m x 0,80m<\/td>\n<td style=\"text-align: left\" width=\"418\">Palet apilable pintado de 1,50m x 0,80m<\/td>\n<td style=\"text-align: left\" width=\"138\">6<\/td>\n<\/tr>\n<tr>\n<td style=\"text-align: left\" width=\"508\">Soporte de encofrado Gr. 7 &#8211; 4,00m-5,50m (20kN)<\/td>\n<td style=\"text-align: left\" width=\"418\">Puntal de acero GR. 7 &#8211; 550<\/td>\n<td style=\"text-align: left\" width=\"138\">192<\/td>\n<\/tr>\n<tr>\n<td style=\"text-align: left\" width=\"508\">Laca apilable. 1,50m x 0,80m<\/td>\n<td style=\"text-align: left\" width=\"418\">Palet apilable pintado de 1,50m x 0,80m<\/td>\n<td style=\"text-align: left\" width=\"138\">6<\/td>\n<\/tr>\n<tr>\n<td style=\"text-align: left\" width=\"508\">Ischebeck Titan S Gr. 4 (2,60-4,10m)<\/td>\n<td style=\"text-align: left\" width=\"418\">Ischebeck Titan S Gr. 4 (2,60-4,10m)<\/td>\n<td style=\"text-align: left\" width=\"138\">74<\/td>\n<\/tr>\n<tr>\n<td style=\"text-align: left\" width=\"508\">Laca apilable. 1,50m x 0,80m<\/td>\n<td style=\"text-align: left\" width=\"418\">Palet apilable pintado de 1,50m x 0,80m<\/td>\n<td style=\"text-align: left\" width=\"138\">2<\/td>\n<\/tr>\n<tr>\n<td style=\"text-align: left\" width=\"508\">Puntal de encofrado GR.3 &#8211; 2,30m-3,50m (20kN)<\/td>\n<td style=\"text-align: left\" width=\"418\">Puntal de acero GR.3 &#8211; 350<\/td>\n<td style=\"text-align: left\" width=\"138\">733<\/td>\n<\/tr>\n<tr>\n<td style=\"text-align: left\" width=\"508\">Laca apilable. 1,50m x 0,80m<\/td>\n<td style=\"text-align: left\" width=\"418\">Palet apilable pintado de 1,50m x 0,80m<\/td>\n<td style=\"text-align: left\" width=\"138\">13<\/td>\n<\/tr>\n<\/tbody>\n<\/table>\n","protected":false},"excerpt":{"rendered":"<p>Ofrecemos soportes Ischebeck pintados de segunda mano.<\/p>\n<p>Si est\u00e1 interesado, env\u00edenos su consulta.<\/p>\n","protected":false},"featured_media":16538,"template":"","meta":[],"product_brand":[],"product_cat":[308,291],"product_tag":[],"class_list":{"0":"post-16529","1":"product","2":"type-product","3":"status-publish","4":"has-post-thumbnail","6":"product_cat-apuntalar","7":"product_cat-ischebeck-es","9":"first","10":"instock","11":"taxable","12":"shipping-taxable","13":"product-type-simple"},"yoast_head":"<!-- This site is optimized with the Yoast SEO plugin v27.3 - https:\/\/yoast.com\/product\/yoast-seo-wordpress\/ -->\n<title>Puntales de techo Ischebeck - JH - ITC GmbH<\/title>\n<meta name=\"description\" content=\"Puntales de techo Ischebeck. Fabricantes de renombre \u2714 Encofrados, puntales, andamios y maquinaria de construcci\u00f3n nuevos y usados \u2714 \u00a1Solicite un presupuesto ahora!\" \/>\n<meta name=\"robots\" content=\"index, follow, max-snippet:-1, max-image-preview:large, max-video-preview:-1\" \/>\n<link rel=\"canonical\" href=\"https:\/\/www.jh-itc.de\/es\/shop\/ischebeck-es\/ischebeck-ceiling-supports\/\" \/>\n<meta property=\"og:locale\" content=\"es_ES\" \/>\n<meta property=\"og:type\" content=\"article\" \/>\n<meta property=\"og:title\" content=\"Puntales de techo Ischebeck - JH - ITC GmbH\" \/>\n<meta property=\"og:description\" content=\"Puntales de techo Ischebeck. Fabricantes de renombre \u2714 Encofrados, puntales, andamios y maquinaria de construcci\u00f3n nuevos y usados \u2714 \u00a1Solicite un presupuesto ahora!\" \/>\n<meta property=\"og:url\" content=\"https:\/\/www.jh-itc.de\/es\/shop\/ischebeck-es\/ischebeck-ceiling-supports\/\" \/>\n<meta property=\"og:site_name\" content=\"JH - ITC GmbH\" \/>\n<meta property=\"article:publisher\" content=\"https:\/\/www.facebook.com\/schalungshandel\" \/>\n<meta property=\"article:modified_time\" content=\"2021-04-28T19:34:48+00:00\" \/>\n<meta property=\"og:image\" content=\"https:\/\/www.jh-itc.de\/wp-content\/uploads\/2019\/10\/f455017dbd8d27acdd886130727ff657-e1570659093760.jpg\" \/>\n\t<meta property=\"og:image:width\" content=\"640\" \/>\n\t<meta property=\"og:image:height\" content=\"480\" \/>\n\t<meta property=\"og:image:type\" content=\"image\/jpeg\" \/>\n<meta name=\"twitter:card\" content=\"summary_large_image\" \/>\n<meta name=\"twitter:site\" content=\"@JH_ITC\" \/>\n<meta name=\"twitter:label1\" content=\"Tiempo de lectura\" \/>\n\t<meta name=\"twitter:data1\" content=\"1 minuto\" \/>\n<!-- \/ Yoast SEO plugin. -->","yoast_head_json":{"title":"Puntales de techo Ischebeck - JH - ITC GmbH","description":"Puntales de techo Ischebeck. Fabricantes de renombre \u2714 Encofrados, puntales, andamios y maquinaria de construcci\u00f3n nuevos y usados \u2714 \u00a1Solicite un presupuesto ahora!","robots":{"index":"index","follow":"follow","max-snippet":"max-snippet:-1","max-image-preview":"max-image-preview:large","max-video-preview":"max-video-preview:-1"},"canonical":"https:\/\/www.jh-itc.de\/es\/shop\/ischebeck-es\/ischebeck-ceiling-supports\/","og_locale":"es_ES","og_type":"article","og_title":"Puntales de techo Ischebeck - JH - ITC GmbH","og_description":"Puntales de techo Ischebeck. Fabricantes de renombre \u2714 Encofrados, puntales, andamios y maquinaria de construcci\u00f3n nuevos y usados \u2714 \u00a1Solicite un presupuesto ahora!","og_url":"https:\/\/www.jh-itc.de\/es\/shop\/ischebeck-es\/ischebeck-ceiling-supports\/","og_site_name":"JH - ITC GmbH","article_publisher":"https:\/\/www.facebook.com\/schalungshandel","article_modified_time":"2021-04-28T19:34:48+00:00","og_image":[{"width":640,"height":480,"url":"https:\/\/www.jh-itc.de\/wp-content\/uploads\/2019\/10\/f455017dbd8d27acdd886130727ff657-e1570659093760.jpg","type":"image\/jpeg"}],"twitter_card":"summary_large_image","twitter_site":"@JH_ITC","twitter_misc":{"Tiempo de lectura":"1 minuto"},"schema":{"@context":"https:\/\/schema.org","@graph":[{"@type":"WebPage","@id":"https:\/\/www.jh-itc.de\/es\/shop\/ischebeck-es\/ischebeck-ceiling-supports\/","url":"https:\/\/www.jh-itc.de\/es\/shop\/ischebeck-es\/ischebeck-ceiling-supports\/","name":"Puntales de techo Ischebeck - JH - ITC GmbH","isPartOf":{"@id":"https:\/\/www.jh-itc.de\/es\/#website"},"primaryImageOfPage":{"@id":"https:\/\/www.jh-itc.de\/es\/shop\/ischebeck-es\/ischebeck-ceiling-supports\/#primaryimage"},"image":{"@id":"https:\/\/www.jh-itc.de\/es\/shop\/ischebeck-es\/ischebeck-ceiling-supports\/#primaryimage"},"thumbnailUrl":"https:\/\/www.jh-itc.de\/wp-content\/uploads\/2019\/10\/f455017dbd8d27acdd886130727ff657-e1570659093760.jpg","datePublished":"2021-04-28T19:34:35+00:00","dateModified":"2021-04-28T19:34:48+00:00","description":"Puntales de techo Ischebeck. Fabricantes de renombre \u2714 Encofrados, puntales, andamios y maquinaria de construcci\u00f3n nuevos y usados \u2714 \u00a1Solicite un presupuesto ahora!","breadcrumb":{"@id":"https:\/\/www.jh-itc.de\/es\/shop\/ischebeck-es\/ischebeck-ceiling-supports\/#breadcrumb"},"inLanguage":"es","potentialAction":[{"@type":"ReadAction","target":["https:\/\/www.jh-itc.de\/es\/shop\/ischebeck-es\/ischebeck-ceiling-supports\/"]}]},{"@type":"ImageObject","inLanguage":"es","@id":"https:\/\/www.jh-itc.de\/es\/shop\/ischebeck-es\/ischebeck-ceiling-supports\/#primaryimage","url":"https:\/\/www.jh-itc.de\/wp-content\/uploads\/2019\/10\/f455017dbd8d27acdd886130727ff657-e1570659093760.jpg","contentUrl":"https:\/\/www.jh-itc.de\/wp-content\/uploads\/2019\/10\/f455017dbd8d27acdd886130727ff657-e1570659093760.jpg","width":640,"height":480},{"@type":"BreadcrumbList","@id":"https:\/\/www.jh-itc.de\/es\/shop\/ischebeck-es\/ischebeck-ceiling-supports\/#breadcrumb","itemListElement":[{"@type":"ListItem","position":1,"name":"Home","item":"https:\/\/www.jh-itc.de\/es\/"},{"@type":"ListItem","position":2,"name":"Tienda","item":"https:\/\/www.jh-itc.de\/es\/tienda\/"},{"@type":"ListItem","position":3,"name":"Puntales de techo Ischebeck"}]},{"@type":"WebSite","@id":"https:\/\/www.jh-itc.de\/es\/#website","url":"https:\/\/www.jh-itc.de\/es\/","name":"JH - ITC GmbH","description":"Ihr Experte f\u00fcr gebrauchte St\u00fctzen, Schalungen und Ger\u00fcste","publisher":{"@id":"https:\/\/www.jh-itc.de\/es\/#organization"},"potentialAction":[{"@type":"SearchAction","target":{"@type":"EntryPoint","urlTemplate":"https:\/\/www.jh-itc.de\/es\/?s={search_term_string}"},"query-input":{"@type":"PropertyValueSpecification","valueRequired":true,"valueName":"search_term_string"}}],"inLanguage":"es"},{"@type":"Organization","@id":"https:\/\/www.jh-itc.de\/es\/#organization","name":"JH-ITC GmbH","url":"https:\/\/www.jh-itc.de\/es\/","logo":{"@type":"ImageObject","inLanguage":"es","@id":"https:\/\/www.jh-itc.de\/es\/#\/schema\/logo\/image\/","url":"https:\/\/www.jh-itc.de\/wp-content\/uploads\/2016\/01\/JH-ITC2-1.png","contentUrl":"https:\/\/www.jh-itc.de\/wp-content\/uploads\/2016\/01\/JH-ITC2-1.png","width":300,"height":102,"caption":"JH-ITC GmbH"},"image":{"@id":"https:\/\/www.jh-itc.de\/es\/#\/schema\/logo\/image\/"},"sameAs":["https:\/\/www.facebook.com\/schalungshandel","https:\/\/x.com\/JH_ITC","https:\/\/www.linkedin.com\/in\/jhitc","https:\/\/youtu.be\/rMdZ-FLfI-Y"]}]}},"_links":{"self":[{"href":"https:\/\/www.jh-itc.de\/es\/wp-json\/wp\/v2\/product\/16529","targetHints":{"allow":["GET"]}}],"collection":[{"href":"https:\/\/www.jh-itc.de\/es\/wp-json\/wp\/v2\/product"}],"about":[{"href":"https:\/\/www.jh-itc.de\/es\/wp-json\/wp\/v2\/types\/product"}],"wp:featuredmedia":[{"embeddable":true,"href":"https:\/\/www.jh-itc.de\/es\/wp-json\/wp\/v2\/media\/16538"}],"wp:attachment":[{"href":"https:\/\/www.jh-itc.de\/es\/wp-json\/wp\/v2\/media?parent=16529"}],"wp:term":[{"taxonomy":"product_brand","embeddable":true,"href":"https:\/\/www.jh-itc.de\/es\/wp-json\/wp\/v2\/product_brand?post=16529"},{"taxonomy":"product_cat","embeddable":true,"href":"https:\/\/www.jh-itc.de\/es\/wp-json\/wp\/v2\/product_cat?post=16529"},{"taxonomy":"product_tag","embeddable":true,"href":"https:\/\/www.jh-itc.de\/es\/wp-json\/wp\/v2\/product_tag?post=16529"}],"curies":[{"name":"wp","href":"https:\/\/api.w.org\/{rel}","templated":true}]}}