{"id":16665,"date":"2020-03-14T01:10:27","date_gmt":"2021-04-28T19:35:02","guid":{"rendered":"https:\/\/www.jh-itc.de\/shop\/sin%20categor\u00eda\/cabezales-de-cuatro-vias-para-vigas-de-madera\/"},"modified":"2021-04-28T21:35:21","modified_gmt":"2021-04-28T19:35:21","slug":"cabeceras-de-cuatro-vias-para-portadores-de-madera","status":"publish","type":"product","link":"https:\/\/www.jh-itc.de\/es\/shop\/noe-es\/cabeceras-de-cuatro-vias-para-portadores-de-madera\/","title":{"rendered":"Cabezales de cuatro v\u00edas para vigas de madera"},"content":{"rendered":"","protected":false},"excerpt":{"rendered":"<p>Ofrecemos unas 5000 <strong>horquillas<\/strong> para vigas de madera.<\/p>\n<p>Si est\u00e1 interesado, env\u00edenos su consulta.<\/p>\n<p>&nbsp;<\/p>\n","protected":false},"featured_media":16677,"template":"","meta":[],"product_brand":[],"product_cat":[308,300,306],"product_tag":[],"class_list":{"0":"post-16665","1":"product","2":"type-product","3":"status-publish","4":"has-post-thumbnail","6":"product_cat-apuntalar","7":"product_cat-noe-es","8":"product_cat-encofrado","10":"first","11":"instock","12":"taxable","13":"shipping-taxable","14":"product-type-simple"},"yoast_head":"<!-- This site is optimized with the Yoast SEO plugin v27.3 - https:\/\/yoast.com\/product\/yoast-seo-wordpress\/ -->\n<title>Cabezales de cuatro v\u00edas para vigas de madera - JH - ITC GmbH<\/title>\n<meta name=\"description\" content=\"Ofrecemos cabezales de cuatro v\u00edas sin usar para vigas de madera. Si est\u00e1 interesado, env\u00ede su consulta a www.jh-itc.de.\" \/>\n<meta name=\"robots\" content=\"index, follow, max-snippet:-1, max-image-preview:large, max-video-preview:-1\" \/>\n<link rel=\"canonical\" href=\"https:\/\/www.jh-itc.de\/es\/shop\/noe-es\/cabeceras-de-cuatro-vias-para-portadores-de-madera\/\" \/>\n<meta property=\"og:locale\" content=\"es_ES\" \/>\n<meta property=\"og:type\" content=\"article\" \/>\n<meta property=\"og:title\" content=\"Cabezales de cuatro v\u00edas para vigas de madera - JH - ITC GmbH\" \/>\n<meta property=\"og:description\" content=\"Ofrecemos cabezales de cuatro v\u00edas sin usar para vigas de madera. Si est\u00e1 interesado, env\u00ede su consulta a www.jh-itc.de.\" \/>\n<meta property=\"og:url\" content=\"https:\/\/www.jh-itc.de\/es\/shop\/noe-es\/cabeceras-de-cuatro-vias-para-portadores-de-madera\/\" \/>\n<meta property=\"og:site_name\" content=\"JH - ITC GmbH\" \/>\n<meta property=\"article:publisher\" content=\"https:\/\/www.facebook.com\/schalungshandel\" \/>\n<meta property=\"article:modified_time\" content=\"2021-04-28T19:35:21+00:00\" \/>\n<meta property=\"og:image\" content=\"https:\/\/www.jh-itc.de\/wp-content\/uploads\/2020\/03\/Gabelkopf-3.jpg\" \/>\n\t<meta property=\"og:image:width\" content=\"1600\" \/>\n\t<meta property=\"og:image:height\" content=\"900\" \/>\n\t<meta property=\"og:image:type\" content=\"image\/jpeg\" \/>\n<meta name=\"twitter:card\" content=\"summary_large_image\" \/>\n<meta name=\"twitter:site\" content=\"@JH_ITC\" \/>\n<!-- \/ Yoast SEO plugin. -->","yoast_head_json":{"title":"Cabezales de cuatro v\u00edas para vigas de madera - JH - ITC GmbH","description":"Ofrecemos cabezales de cuatro v\u00edas sin usar para vigas de madera. Si est\u00e1 interesado, env\u00ede su consulta a www.jh-itc.de.","robots":{"index":"index","follow":"follow","max-snippet":"max-snippet:-1","max-image-preview":"max-image-preview:large","max-video-preview":"max-video-preview:-1"},"canonical":"https:\/\/www.jh-itc.de\/es\/shop\/noe-es\/cabeceras-de-cuatro-vias-para-portadores-de-madera\/","og_locale":"es_ES","og_type":"article","og_title":"Cabezales de cuatro v\u00edas para vigas de madera - JH - ITC GmbH","og_description":"Ofrecemos cabezales de cuatro v\u00edas sin usar para vigas de madera. Si est\u00e1 interesado, env\u00ede su consulta a www.jh-itc.de.","og_url":"https:\/\/www.jh-itc.de\/es\/shop\/noe-es\/cabeceras-de-cuatro-vias-para-portadores-de-madera\/","og_site_name":"JH - ITC GmbH","article_publisher":"https:\/\/www.facebook.com\/schalungshandel","article_modified_time":"2021-04-28T19:35:21+00:00","og_image":[{"width":1600,"height":900,"url":"https:\/\/www.jh-itc.de\/wp-content\/uploads\/2020\/03\/Gabelkopf-3.jpg","type":"image\/jpeg"}],"twitter_card":"summary_large_image","twitter_site":"@JH_ITC","schema":{"@context":"https:\/\/schema.org","@graph":[{"@type":"WebPage","@id":"https:\/\/www.jh-itc.de\/es\/shop\/noe-es\/cabeceras-de-cuatro-vias-para-portadores-de-madera\/","url":"https:\/\/www.jh-itc.de\/es\/shop\/noe-es\/cabeceras-de-cuatro-vias-para-portadores-de-madera\/","name":"Cabezales de cuatro v\u00edas para vigas de madera - JH - ITC GmbH","isPartOf":{"@id":"https:\/\/www.jh-itc.de\/es\/#website"},"primaryImageOfPage":{"@id":"https:\/\/www.jh-itc.de\/es\/shop\/noe-es\/cabeceras-de-cuatro-vias-para-portadores-de-madera\/#primaryimage"},"image":{"@id":"https:\/\/www.jh-itc.de\/es\/shop\/noe-es\/cabeceras-de-cuatro-vias-para-portadores-de-madera\/#primaryimage"},"thumbnailUrl":"https:\/\/www.jh-itc.de\/wp-content\/uploads\/2020\/03\/Gabelkopf-3.jpg","datePublished":"2021-04-28T19:35:02+00:00","dateModified":"2021-04-28T19:35:21+00:00","description":"Ofrecemos cabezales de cuatro v\u00edas sin usar para vigas de madera. Si est\u00e1 interesado, env\u00ede su consulta a www.jh-itc.de.","breadcrumb":{"@id":"https:\/\/www.jh-itc.de\/es\/shop\/noe-es\/cabeceras-de-cuatro-vias-para-portadores-de-madera\/#breadcrumb"},"inLanguage":"es","potentialAction":[{"@type":"ReadAction","target":["https:\/\/www.jh-itc.de\/es\/shop\/noe-es\/cabeceras-de-cuatro-vias-para-portadores-de-madera\/"]}]},{"@type":"ImageObject","inLanguage":"es","@id":"https:\/\/www.jh-itc.de\/es\/shop\/noe-es\/cabeceras-de-cuatro-vias-para-portadores-de-madera\/#primaryimage","url":"https:\/\/www.jh-itc.de\/wp-content\/uploads\/2020\/03\/Gabelkopf-3.jpg","contentUrl":"https:\/\/www.jh-itc.de\/wp-content\/uploads\/2020\/03\/Gabelkopf-3.jpg","width":1600,"height":900},{"@type":"BreadcrumbList","@id":"https:\/\/www.jh-itc.de\/es\/shop\/noe-es\/cabeceras-de-cuatro-vias-para-portadores-de-madera\/#breadcrumb","itemListElement":[{"@type":"ListItem","position":1,"name":"Home","item":"https:\/\/www.jh-itc.de\/es\/"},{"@type":"ListItem","position":2,"name":"Tienda","item":"https:\/\/www.jh-itc.de\/es\/tienda\/"},{"@type":"ListItem","position":3,"name":"Cabezales de cuatro v\u00edas para vigas de madera"}]},{"@type":"WebSite","@id":"https:\/\/www.jh-itc.de\/es\/#website","url":"https:\/\/www.jh-itc.de\/es\/","name":"JH - ITC GmbH","description":"Ihr Experte f\u00fcr gebrauchte St\u00fctzen, Schalungen und Ger\u00fcste","publisher":{"@id":"https:\/\/www.jh-itc.de\/es\/#organization"},"potentialAction":[{"@type":"SearchAction","target":{"@type":"EntryPoint","urlTemplate":"https:\/\/www.jh-itc.de\/es\/?s={search_term_string}"},"query-input":{"@type":"PropertyValueSpecification","valueRequired":true,"valueName":"search_term_string"}}],"inLanguage":"es"},{"@type":"Organization","@id":"https:\/\/www.jh-itc.de\/es\/#organization","name":"JH-ITC GmbH","url":"https:\/\/www.jh-itc.de\/es\/","logo":{"@type":"ImageObject","inLanguage":"es","@id":"https:\/\/www.jh-itc.de\/es\/#\/schema\/logo\/image\/","url":"https:\/\/www.jh-itc.de\/wp-content\/uploads\/2016\/01\/JH-ITC2-1.png","contentUrl":"https:\/\/www.jh-itc.de\/wp-content\/uploads\/2016\/01\/JH-ITC2-1.png","width":300,"height":102,"caption":"JH-ITC GmbH"},"image":{"@id":"https:\/\/www.jh-itc.de\/es\/#\/schema\/logo\/image\/"},"sameAs":["https:\/\/www.facebook.com\/schalungshandel","https:\/\/x.com\/JH_ITC","https:\/\/www.linkedin.com\/in\/jhitc","https:\/\/youtu.be\/rMdZ-FLfI-Y"]}]}},"_links":{"self":[{"href":"https:\/\/www.jh-itc.de\/es\/wp-json\/wp\/v2\/product\/16665","targetHints":{"allow":["GET"]}}],"collection":[{"href":"https:\/\/www.jh-itc.de\/es\/wp-json\/wp\/v2\/product"}],"about":[{"href":"https:\/\/www.jh-itc.de\/es\/wp-json\/wp\/v2\/types\/product"}],"wp:featuredmedia":[{"embeddable":true,"href":"https:\/\/www.jh-itc.de\/es\/wp-json\/wp\/v2\/media\/16677"}],"wp:attachment":[{"href":"https:\/\/www.jh-itc.de\/es\/wp-json\/wp\/v2\/media?parent=16665"}],"wp:term":[{"taxonomy":"product_brand","embeddable":true,"href":"https:\/\/www.jh-itc.de\/es\/wp-json\/wp\/v2\/product_brand?post=16665"},{"taxonomy":"product_cat","embeddable":true,"href":"https:\/\/www.jh-itc.de\/es\/wp-json\/wp\/v2\/product_cat?post=16665"},{"taxonomy":"product_tag","embeddable":true,"href":"https:\/\/www.jh-itc.de\/es\/wp-json\/wp\/v2\/product_tag?post=16665"}],"curies":[{"name":"wp","href":"https:\/\/api.w.org\/{rel}","templated":true}]}}