{"id":16703,"date":"2020-03-16T08:22:00","date_gmt":"2021-04-28T19:35:08","guid":{"rendered":"https:\/\/www.jh-itc.de\/shop\/sin%20categor\u00eda\/horquilla-de-montaje-para-el-soporte-h20\/"},"modified":"2021-04-28T21:35:26","modified_gmt":"2021-04-28T19:35:26","slug":"tenedor-para-portadores-de-h20","status":"publish","type":"product","link":"https:\/\/www.jh-itc.de\/es\/shop\/doka-es\/tenedor-para-portadores-de-h20\/","title":{"rendered":"Horquilla de montaje para el soporte H20"},"content":{"rendered":"","protected":false},"excerpt":{"rendered":"<p>Ofrecemos horquilla de montaje para la viga de madera H20.<\/p>\n<p><span class=\"st\">  Ayuda para encofrar y desencofrar las vigas del sistema de encofrado de losas.<\/span><\/p>\n<p>Si est\u00e1 interesado, env\u00edenos su consulta.<\/p>\n<p>&nbsp;<\/p>\n","protected":false},"featured_media":16728,"template":"","meta":[],"product_brand":[],"product_cat":[269,279,304,306],"product_tag":[],"class_list":{"0":"post-16703","1":"product","2":"type-product","3":"status-publish","4":"has-post-thumbnail","6":"product_cat-doka-es","7":"product_cat-huennebeck-es","8":"product_cat-peri-es","9":"product_cat-encofrado","11":"first","12":"instock","13":"sale","14":"taxable","15":"shipping-taxable","16":"product-type-simple"},"yoast_head":"<!-- This site is optimized with the Yoast SEO plugin v27.3 - https:\/\/yoast.com\/product\/yoast-seo-wordpress\/ -->\n<title>Horquilla de montaje para el soporte H20 - JH - ITC GmbH<\/title>\n<meta name=\"description\" content=\"Ayuda para encofrar y desencofrar las vigas del sistema de encofrado de losas.\" \/>\n<meta name=\"robots\" content=\"index, follow, max-snippet:-1, max-image-preview:large, max-video-preview:-1\" \/>\n<link rel=\"canonical\" href=\"https:\/\/www.jh-itc.de\/es\/shop\/doka-es\/tenedor-para-portadores-de-h20\/\" \/>\n<meta property=\"og:locale\" content=\"es_ES\" \/>\n<meta property=\"og:type\" content=\"article\" \/>\n<meta property=\"og:title\" content=\"Horquilla de montaje para el soporte H20 - JH - ITC GmbH\" \/>\n<meta property=\"og:description\" content=\"Ayuda para encofrar y desencofrar las vigas del sistema de encofrado de losas.\" \/>\n<meta property=\"og:url\" content=\"https:\/\/www.jh-itc.de\/es\/shop\/doka-es\/tenedor-para-portadores-de-h20\/\" \/>\n<meta property=\"og:site_name\" content=\"JH - ITC GmbH\" \/>\n<meta property=\"article:publisher\" content=\"https:\/\/www.facebook.com\/schalungshandel\" \/>\n<meta property=\"article:modified_time\" content=\"2021-04-28T19:35:26+00:00\" \/>\n<meta property=\"og:image\" content=\"https:\/\/www.jh-itc.de\/wp-content\/uploads\/2020\/03\/IMG_5506-rotated.jpg\" \/>\n\t<meta property=\"og:image:width\" content=\"480\" \/>\n\t<meta property=\"og:image:height\" content=\"640\" \/>\n\t<meta property=\"og:image:type\" content=\"image\/jpeg\" \/>\n<meta name=\"twitter:card\" content=\"summary_large_image\" \/>\n<meta name=\"twitter:site\" content=\"@JH_ITC\" \/>\n<!-- \/ Yoast SEO plugin. -->","yoast_head_json":{"title":"Horquilla de montaje para el soporte H20 - JH - ITC GmbH","description":"Ayuda para encofrar y desencofrar las vigas del sistema de encofrado de losas.","robots":{"index":"index","follow":"follow","max-snippet":"max-snippet:-1","max-image-preview":"max-image-preview:large","max-video-preview":"max-video-preview:-1"},"canonical":"https:\/\/www.jh-itc.de\/es\/shop\/doka-es\/tenedor-para-portadores-de-h20\/","og_locale":"es_ES","og_type":"article","og_title":"Horquilla de montaje para el soporte H20 - JH - ITC GmbH","og_description":"Ayuda para encofrar y desencofrar las vigas del sistema de encofrado de losas.","og_url":"https:\/\/www.jh-itc.de\/es\/shop\/doka-es\/tenedor-para-portadores-de-h20\/","og_site_name":"JH - ITC GmbH","article_publisher":"https:\/\/www.facebook.com\/schalungshandel","article_modified_time":"2021-04-28T19:35:26+00:00","og_image":[{"width":480,"height":640,"url":"https:\/\/www.jh-itc.de\/wp-content\/uploads\/2020\/03\/IMG_5506-rotated.jpg","type":"image\/jpeg"}],"twitter_card":"summary_large_image","twitter_site":"@JH_ITC","schema":{"@context":"https:\/\/schema.org","@graph":[{"@type":"WebPage","@id":"https:\/\/www.jh-itc.de\/es\/shop\/doka-es\/tenedor-para-portadores-de-h20\/","url":"https:\/\/www.jh-itc.de\/es\/shop\/doka-es\/tenedor-para-portadores-de-h20\/","name":"Horquilla de montaje para el soporte H20 - JH - ITC GmbH","isPartOf":{"@id":"https:\/\/www.jh-itc.de\/es\/#website"},"primaryImageOfPage":{"@id":"https:\/\/www.jh-itc.de\/es\/shop\/doka-es\/tenedor-para-portadores-de-h20\/#primaryimage"},"image":{"@id":"https:\/\/www.jh-itc.de\/es\/shop\/doka-es\/tenedor-para-portadores-de-h20\/#primaryimage"},"thumbnailUrl":"https:\/\/www.jh-itc.de\/wp-content\/uploads\/2020\/03\/IMG_5506-rotated.jpg","datePublished":"2021-04-28T19:35:08+00:00","dateModified":"2021-04-28T19:35:26+00:00","description":"Ayuda para encofrar y desencofrar las vigas del sistema de encofrado de losas.","breadcrumb":{"@id":"https:\/\/www.jh-itc.de\/es\/shop\/doka-es\/tenedor-para-portadores-de-h20\/#breadcrumb"},"inLanguage":"es","potentialAction":[{"@type":"ReadAction","target":["https:\/\/www.jh-itc.de\/es\/shop\/doka-es\/tenedor-para-portadores-de-h20\/"]}]},{"@type":"ImageObject","inLanguage":"es","@id":"https:\/\/www.jh-itc.de\/es\/shop\/doka-es\/tenedor-para-portadores-de-h20\/#primaryimage","url":"https:\/\/www.jh-itc.de\/wp-content\/uploads\/2020\/03\/IMG_5506-rotated.jpg","contentUrl":"https:\/\/www.jh-itc.de\/wp-content\/uploads\/2020\/03\/IMG_5506-rotated.jpg","width":480,"height":640},{"@type":"BreadcrumbList","@id":"https:\/\/www.jh-itc.de\/es\/shop\/doka-es\/tenedor-para-portadores-de-h20\/#breadcrumb","itemListElement":[{"@type":"ListItem","position":1,"name":"Home","item":"https:\/\/www.jh-itc.de\/es\/"},{"@type":"ListItem","position":2,"name":"Tienda","item":"https:\/\/www.jh-itc.de\/es\/tienda\/"},{"@type":"ListItem","position":3,"name":"Horquilla de montaje para el soporte H20"}]},{"@type":"WebSite","@id":"https:\/\/www.jh-itc.de\/es\/#website","url":"https:\/\/www.jh-itc.de\/es\/","name":"JH - ITC GmbH","description":"Ihr Experte f\u00fcr gebrauchte St\u00fctzen, Schalungen und Ger\u00fcste","publisher":{"@id":"https:\/\/www.jh-itc.de\/es\/#organization"},"potentialAction":[{"@type":"SearchAction","target":{"@type":"EntryPoint","urlTemplate":"https:\/\/www.jh-itc.de\/es\/?s={search_term_string}"},"query-input":{"@type":"PropertyValueSpecification","valueRequired":true,"valueName":"search_term_string"}}],"inLanguage":"es"},{"@type":"Organization","@id":"https:\/\/www.jh-itc.de\/es\/#organization","name":"JH-ITC GmbH","url":"https:\/\/www.jh-itc.de\/es\/","logo":{"@type":"ImageObject","inLanguage":"es","@id":"https:\/\/www.jh-itc.de\/es\/#\/schema\/logo\/image\/","url":"https:\/\/www.jh-itc.de\/wp-content\/uploads\/2016\/01\/JH-ITC2-1.png","contentUrl":"https:\/\/www.jh-itc.de\/wp-content\/uploads\/2016\/01\/JH-ITC2-1.png","width":300,"height":102,"caption":"JH-ITC GmbH"},"image":{"@id":"https:\/\/www.jh-itc.de\/es\/#\/schema\/logo\/image\/"},"sameAs":["https:\/\/www.facebook.com\/schalungshandel","https:\/\/x.com\/JH_ITC","https:\/\/www.linkedin.com\/in\/jhitc","https:\/\/youtu.be\/rMdZ-FLfI-Y"]}]}},"_links":{"self":[{"href":"https:\/\/www.jh-itc.de\/es\/wp-json\/wp\/v2\/product\/16703","targetHints":{"allow":["GET"]}}],"collection":[{"href":"https:\/\/www.jh-itc.de\/es\/wp-json\/wp\/v2\/product"}],"about":[{"href":"https:\/\/www.jh-itc.de\/es\/wp-json\/wp\/v2\/types\/product"}],"wp:featuredmedia":[{"embeddable":true,"href":"https:\/\/www.jh-itc.de\/es\/wp-json\/wp\/v2\/media\/16728"}],"wp:attachment":[{"href":"https:\/\/www.jh-itc.de\/es\/wp-json\/wp\/v2\/media?parent=16703"}],"wp:term":[{"taxonomy":"product_brand","embeddable":true,"href":"https:\/\/www.jh-itc.de\/es\/wp-json\/wp\/v2\/product_brand?post=16703"},{"taxonomy":"product_cat","embeddable":true,"href":"https:\/\/www.jh-itc.de\/es\/wp-json\/wp\/v2\/product_cat?post=16703"},{"taxonomy":"product_tag","embeddable":true,"href":"https:\/\/www.jh-itc.de\/es\/wp-json\/wp\/v2\/product_tag?post=16703"}],"curies":[{"name":"wp","href":"https:\/\/api.w.org\/{rel}","templated":true}]}}