{"id":16704,"date":"2020-03-14T01:10:53","date_gmt":"2021-04-28T19:35:08","guid":{"rendered":"https:\/\/www.jh-itc.de\/shop\/sin%20categor\u00eda\/peri-rundflex-articulos-especiales\/"},"modified":"2021-04-28T21:35:49","modified_gmt":"2021-04-28T19:35:49","slug":"peri-round-flex-especial","status":"publish","type":"product","link":"https:\/\/www.jh-itc.de\/es\/shop\/peri-es\/flexion-peri-redonda\/peri-round-flex-especial\/","title":{"rendered":"Peri Rundflex &#8211; Art\u00edculos especiales"},"content":{"rendered":"","protected":false},"excerpt":{"rendered":"<p>Ofrecemos un peque\u00f1o lote de <strong>Peri Rundflex<\/strong>.<\/p>\n<table style=\"width: 101.312%; height: 838px;\" width=\"0\">\n<tbody>\n<tr>\n<td width=\"100\"><strong>N\u00famero de pieza<\/strong><\/td>\n<td width=\"172\"><strong>Descripci\u00f3n del art\u00edculo<\/strong><\/td>\n<td width=\"87\"><strong>Cantidad<\/strong><\/td>\n<td width=\"87\"><strong>Precio<\/strong><\/td>\n<td width=\"92\"><strong>Precio total<\/strong><\/td>\n<td width=\"87\"><strong>kg<\/strong><\/td>\n<td width=\"87\"><strong>Total kg<\/strong><\/td>\n<\/tr>\n<tr>\n<td width=\"100\">020880<\/td>\n<td width=\"172\">Elemento exterior A 360 x 85<\/td>\n<td width=\"87\">18<\/td>\n<td width=\"87\">1.100,00 EUR<\/td>\n<td width=\"92\">19.800,00 EUROS<\/td>\n<td width=\"87\">211,00<\/td>\n<td width=\"87\">3.798,00<\/td>\n<\/tr>\n<tr>\n<td width=\"100\">020890<\/td>\n<td width=\"172\">Elemento interior I 360 x 72<\/td>\n<td width=\"87\">6<\/td>\n<td width=\"87\">1.025,00 EUR<\/td>\n<td width=\"92\">6.150,00 EUR<\/td>\n<td width=\"87\">176,00<\/td>\n<td width=\"87\">1.056,00<\/td>\n<\/tr>\n<tr>\n<td width=\"100\">021620<\/td>\n<td width=\"172\">Husillo de ajuste 500, galv.<\/td>\n<td width=\"87\">72<\/td>\n<td width=\"87\">54,00 EUR<\/td>\n<td width=\"92\">3.888,00 EUROS<\/td>\n<td width=\"87\">3,70<\/td>\n<td width=\"87\">1.056,00<\/td>\n<\/tr>\n<tr>\n<td width=\"100\"><\/td>\n<td width=\"172\"><\/td>\n<td width=\"87\"><\/td>\n<td width=\"87\"><\/td>\n<td width=\"92\"><\/td>\n<td width=\"87\"><\/td>\n<td width=\"87\"><\/td>\n<\/tr>\n<tr>\n<td width=\"100\"><\/td>\n<td width=\"172\">Precio original<\/td>\n<td width=\"87\"><\/td>\n<td width=\"87\"><\/td>\n<td width=\"92\">29.838,00 EUROS<\/td>\n<td width=\"87\"><\/td>\n<td width=\"87\"><\/td>\n<\/tr>\n<tr>\n<td width=\"100\"><\/td>\n<td width=\"172\">Descuento en %<\/td>\n<td width=\"87\">81<\/td>\n<td width=\"87\"><\/td>\n<td width=\"92\">24.168,78 EUROS<\/td>\n<td width=\"87\"><\/td>\n<td width=\"87\"><\/td>\n<\/tr>\n<tr>\n<td width=\"100\"><\/td>\n<td width=\"172\"><\/td>\n<td width=\"87\"><\/td>\n<td width=\"87\"><\/td>\n<td width=\"92\"><\/td>\n<td width=\"87\"><\/td>\n<td width=\"87\"><\/td>\n<\/tr>\n<tr>\n<td width=\"100\"><strong> <\/strong><\/td>\n<td width=\"172\"><strong>Precio de venta neto<\/strong><\/td>\n<td width=\"87\"><strong> <\/strong><\/td>\n<td width=\"87\"><strong> <\/strong><\/td>\n<td width=\"92\"><strong>5.669,22 EUROS<\/strong><\/td>\n<td width=\"87\"><strong> <\/strong><\/td>\n<td width=\"87\"><strong>5.910,00<\/strong><\/td>\n<\/tr>\n<tr>\n<td width=\"100\"><\/td>\n<td width=\"172\">19 % DE IVA<\/td>\n<td width=\"87\"><\/td>\n<td width=\"87\"><\/td>\n<td width=\"92\">1.077,15 EUROS<\/td>\n<td width=\"87\"><\/td>\n<td width=\"87\"><\/td>\n<\/tr>\n<tr>\n<td width=\"100\"><strong> <\/strong><\/td>\n<td width=\"172\"><strong>Precio de venta bruto<\/strong><\/td>\n<td width=\"87\"><strong> <\/strong><\/td>\n<td width=\"87\"><strong> <\/strong><\/td>\n<td width=\"92\"><strong>6.746,37 EUROS<\/strong><\/td>\n<td width=\"87\"><strong> <\/strong><\/td>\n<td width=\"87\"><strong> <\/strong><\/td>\n<\/tr>\n<\/tbody>\n<\/table>\n<p>Si est\u00e1 interesado, env\u00edenos su consulta.<\/p>\n<p>&nbsp;<\/p>\n<p>&nbsp;<\/p>\n","protected":false},"featured_media":16769,"template":"","meta":[],"product_brand":[],"product_cat":[316,304,306],"product_tag":[],"class_list":{"0":"post-16704","1":"product","2":"type-product","3":"status-publish","4":"has-post-thumbnail","6":"product_cat-flexion-peri-redonda","7":"product_cat-peri-es","8":"product_cat-encofrado","10":"first","11":"instock","12":"taxable","13":"shipping-taxable","14":"product-type-simple"},"yoast_head":"<!-- This site is optimized with the Yoast SEO plugin v27.3 - https:\/\/yoast.com\/product\/yoast-seo-wordpress\/ -->\n<title>Peri Rundflex - Art\u00edculos especiales - JH - ITC GmbH<\/title>\n<meta name=\"description\" content=\"Peri Rundflex - Art\u00edculos especiales. Fabricantes de renombre \u2714 Encofrados, puntales, andamios y maquinaria de construcci\u00f3n nuevos y usados \u2714 \u00a1Solicite un presupuesto ahora!\" \/>\n<meta name=\"robots\" content=\"index, follow, max-snippet:-1, max-image-preview:large, max-video-preview:-1\" \/>\n<link rel=\"canonical\" href=\"https:\/\/www.jh-itc.de\/es\/shop\/peri-es\/flexion-peri-redonda\/peri-round-flex-especial\/\" \/>\n<meta property=\"og:locale\" content=\"es_ES\" \/>\n<meta property=\"og:type\" content=\"article\" \/>\n<meta property=\"og:title\" content=\"Peri Rundflex - Art\u00edculos especiales - JH - ITC GmbH\" \/>\n<meta property=\"og:description\" content=\"Peri Rundflex - Art\u00edculos especiales. Fabricantes de renombre \u2714 Encofrados, puntales, andamios y maquinaria de construcci\u00f3n nuevos y usados \u2714 \u00a1Solicite un presupuesto ahora!\" \/>\n<meta property=\"og:url\" content=\"https:\/\/www.jh-itc.de\/es\/shop\/peri-es\/flexion-peri-redonda\/peri-round-flex-especial\/\" \/>\n<meta property=\"og:site_name\" content=\"JH - ITC GmbH\" \/>\n<meta property=\"article:publisher\" content=\"https:\/\/www.facebook.com\/schalungshandel\" \/>\n<meta property=\"article:modified_time\" content=\"2021-04-28T19:35:49+00:00\" \/>\n<meta property=\"og:image\" content=\"https:\/\/www.jh-itc.de\/wp-content\/uploads\/2020\/03\/Peri-Rundflex-3-rotated.jpg\" \/>\n\t<meta property=\"og:image:width\" content=\"480\" \/>\n\t<meta property=\"og:image:height\" content=\"640\" \/>\n\t<meta property=\"og:image:type\" content=\"image\/jpeg\" \/>\n<meta name=\"twitter:card\" content=\"summary_large_image\" \/>\n<meta name=\"twitter:site\" content=\"@JH_ITC\" \/>\n<!-- \/ Yoast SEO plugin. -->","yoast_head_json":{"title":"Peri Rundflex - Art\u00edculos especiales - JH - ITC GmbH","description":"Peri Rundflex - Art\u00edculos especiales. Fabricantes de renombre \u2714 Encofrados, puntales, andamios y maquinaria de construcci\u00f3n nuevos y usados \u2714 \u00a1Solicite un presupuesto ahora!","robots":{"index":"index","follow":"follow","max-snippet":"max-snippet:-1","max-image-preview":"max-image-preview:large","max-video-preview":"max-video-preview:-1"},"canonical":"https:\/\/www.jh-itc.de\/es\/shop\/peri-es\/flexion-peri-redonda\/peri-round-flex-especial\/","og_locale":"es_ES","og_type":"article","og_title":"Peri Rundflex - Art\u00edculos especiales - JH - ITC GmbH","og_description":"Peri Rundflex - Art\u00edculos especiales. Fabricantes de renombre \u2714 Encofrados, puntales, andamios y maquinaria de construcci\u00f3n nuevos y usados \u2714 \u00a1Solicite un presupuesto ahora!","og_url":"https:\/\/www.jh-itc.de\/es\/shop\/peri-es\/flexion-peri-redonda\/peri-round-flex-especial\/","og_site_name":"JH - ITC GmbH","article_publisher":"https:\/\/www.facebook.com\/schalungshandel","article_modified_time":"2021-04-28T19:35:49+00:00","og_image":[{"width":480,"height":640,"url":"https:\/\/www.jh-itc.de\/wp-content\/uploads\/2020\/03\/Peri-Rundflex-3-rotated.jpg","type":"image\/jpeg"}],"twitter_card":"summary_large_image","twitter_site":"@JH_ITC","schema":{"@context":"https:\/\/schema.org","@graph":[{"@type":"WebPage","@id":"https:\/\/www.jh-itc.de\/es\/shop\/peri-es\/flexion-peri-redonda\/peri-round-flex-especial\/","url":"https:\/\/www.jh-itc.de\/es\/shop\/peri-es\/flexion-peri-redonda\/peri-round-flex-especial\/","name":"Peri Rundflex - Art\u00edculos especiales - JH - ITC GmbH","isPartOf":{"@id":"https:\/\/www.jh-itc.de\/es\/#website"},"primaryImageOfPage":{"@id":"https:\/\/www.jh-itc.de\/es\/shop\/peri-es\/flexion-peri-redonda\/peri-round-flex-especial\/#primaryimage"},"image":{"@id":"https:\/\/www.jh-itc.de\/es\/shop\/peri-es\/flexion-peri-redonda\/peri-round-flex-especial\/#primaryimage"},"thumbnailUrl":"https:\/\/www.jh-itc.de\/wp-content\/uploads\/2020\/03\/Peri-Rundflex-3-rotated.jpg","datePublished":"2021-04-28T19:35:08+00:00","dateModified":"2021-04-28T19:35:49+00:00","description":"Peri Rundflex - Art\u00edculos especiales. Fabricantes de renombre \u2714 Encofrados, puntales, andamios y maquinaria de construcci\u00f3n nuevos y usados \u2714 \u00a1Solicite un presupuesto ahora!","breadcrumb":{"@id":"https:\/\/www.jh-itc.de\/es\/shop\/peri-es\/flexion-peri-redonda\/peri-round-flex-especial\/#breadcrumb"},"inLanguage":"es","potentialAction":[{"@type":"ReadAction","target":["https:\/\/www.jh-itc.de\/es\/shop\/peri-es\/flexion-peri-redonda\/peri-round-flex-especial\/"]}]},{"@type":"ImageObject","inLanguage":"es","@id":"https:\/\/www.jh-itc.de\/es\/shop\/peri-es\/flexion-peri-redonda\/peri-round-flex-especial\/#primaryimage","url":"https:\/\/www.jh-itc.de\/wp-content\/uploads\/2020\/03\/Peri-Rundflex-3-rotated.jpg","contentUrl":"https:\/\/www.jh-itc.de\/wp-content\/uploads\/2020\/03\/Peri-Rundflex-3-rotated.jpg","width":480,"height":640},{"@type":"BreadcrumbList","@id":"https:\/\/www.jh-itc.de\/es\/shop\/peri-es\/flexion-peri-redonda\/peri-round-flex-especial\/#breadcrumb","itemListElement":[{"@type":"ListItem","position":1,"name":"Home","item":"https:\/\/www.jh-itc.de\/es\/"},{"@type":"ListItem","position":2,"name":"Tienda","item":"https:\/\/www.jh-itc.de\/es\/tienda\/"},{"@type":"ListItem","position":3,"name":"Peri Rundflex &#8211; Art\u00edculos especiales"}]},{"@type":"WebSite","@id":"https:\/\/www.jh-itc.de\/es\/#website","url":"https:\/\/www.jh-itc.de\/es\/","name":"JH - ITC GmbH","description":"Ihr Experte f\u00fcr gebrauchte St\u00fctzen, Schalungen und Ger\u00fcste","publisher":{"@id":"https:\/\/www.jh-itc.de\/es\/#organization"},"potentialAction":[{"@type":"SearchAction","target":{"@type":"EntryPoint","urlTemplate":"https:\/\/www.jh-itc.de\/es\/?s={search_term_string}"},"query-input":{"@type":"PropertyValueSpecification","valueRequired":true,"valueName":"search_term_string"}}],"inLanguage":"es"},{"@type":"Organization","@id":"https:\/\/www.jh-itc.de\/es\/#organization","name":"JH-ITC GmbH","url":"https:\/\/www.jh-itc.de\/es\/","logo":{"@type":"ImageObject","inLanguage":"es","@id":"https:\/\/www.jh-itc.de\/es\/#\/schema\/logo\/image\/","url":"https:\/\/www.jh-itc.de\/wp-content\/uploads\/2016\/01\/JH-ITC2-1.png","contentUrl":"https:\/\/www.jh-itc.de\/wp-content\/uploads\/2016\/01\/JH-ITC2-1.png","width":300,"height":102,"caption":"JH-ITC GmbH"},"image":{"@id":"https:\/\/www.jh-itc.de\/es\/#\/schema\/logo\/image\/"},"sameAs":["https:\/\/www.facebook.com\/schalungshandel","https:\/\/x.com\/JH_ITC","https:\/\/www.linkedin.com\/in\/jhitc","https:\/\/youtu.be\/rMdZ-FLfI-Y"]}]}},"_links":{"self":[{"href":"https:\/\/www.jh-itc.de\/es\/wp-json\/wp\/v2\/product\/16704","targetHints":{"allow":["GET"]}}],"collection":[{"href":"https:\/\/www.jh-itc.de\/es\/wp-json\/wp\/v2\/product"}],"about":[{"href":"https:\/\/www.jh-itc.de\/es\/wp-json\/wp\/v2\/types\/product"}],"wp:featuredmedia":[{"embeddable":true,"href":"https:\/\/www.jh-itc.de\/es\/wp-json\/wp\/v2\/media\/16769"}],"wp:attachment":[{"href":"https:\/\/www.jh-itc.de\/es\/wp-json\/wp\/v2\/media?parent=16704"}],"wp:term":[{"taxonomy":"product_brand","embeddable":true,"href":"https:\/\/www.jh-itc.de\/es\/wp-json\/wp\/v2\/product_brand?post=16704"},{"taxonomy":"product_cat","embeddable":true,"href":"https:\/\/www.jh-itc.de\/es\/wp-json\/wp\/v2\/product_cat?post=16704"},{"taxonomy":"product_tag","embeddable":true,"href":"https:\/\/www.jh-itc.de\/es\/wp-json\/wp\/v2\/product_tag?post=16704"}],"curies":[{"name":"wp","href":"https:\/\/api.w.org\/{rel}","templated":true}]}}