{"id":16985,"date":"2020-05-07T23:23:21","date_gmt":"2021-04-28T19:37:02","guid":{"rendered":"https:\/\/www.jh-itc.de\/shop\/sin%20categor\u00eda\/tripodes-doka\/"},"modified":"2021-04-28T21:37:27","modified_gmt":"2021-04-28T19:37:27","slug":"tripodes-doka","status":"publish","type":"product","link":"https:\/\/www.jh-itc.de\/es\/shop\/doka-es\/tripodes-doka\/","title":{"rendered":"Tr\u00edpodes Doka"},"content":{"rendered":"<p>Para asegurar los puntales del techo. Se utiliza para fijar los puntales de encofrado en posici\u00f3n vertical.<br \/>\nEl marco de la base de tres patas crea un soporte estable.<br \/>\nLas patas son ajustables y se pueden plegar.<\/p>\n","protected":false},"excerpt":{"rendered":"<p>Ofrecemos <strong>tr\u00edpodes Doka<\/strong> de segunda mano.<\/p>\n<p>Est\u00e1n en buen estado de uso y disponibles en stock.<\/p>\n<p>Si est\u00e1 interesado, env\u00edenos su consulta.<\/p>\n<p>&nbsp;<\/p>\n","protected":false},"featured_media":16990,"template":"","meta":[],"product_brand":[],"product_cat":[308,269,306],"product_tag":[],"class_list":{"0":"post-16985","1":"product","2":"type-product","3":"status-publish","4":"has-post-thumbnail","6":"product_cat-apuntalar","7":"product_cat-doka-es","8":"product_cat-encofrado","10":"first","11":"instock","12":"taxable","13":"shipping-taxable","14":"product-type-simple"},"yoast_head":"<!-- This site is optimized with the Yoast SEO plugin v27.3 - https:\/\/yoast.com\/product\/yoast-seo-wordpress\/ -->\n<title>Tr\u00edpodes Doka - JH - ITC GmbH<\/title>\n<meta name=\"description\" content=\"Para asegurar los puntales del techo. Sirve para fijar los puntales de encofrado en posici\u00f3n vertical.El marco de la base de tres patas crea una ayuda estable de pie.Las patas son ajustables y se pueden plegar.\" \/>\n<meta name=\"robots\" content=\"index, follow, max-snippet:-1, max-image-preview:large, max-video-preview:-1\" \/>\n<link rel=\"canonical\" href=\"https:\/\/www.jh-itc.de\/es\/shop\/doka-es\/tripodes-doka\/\" \/>\n<meta property=\"og:locale\" content=\"es_ES\" \/>\n<meta property=\"og:type\" content=\"article\" \/>\n<meta property=\"og:title\" content=\"Tr\u00edpodes Doka - JH - ITC GmbH\" \/>\n<meta property=\"og:description\" content=\"Para asegurar los puntales del techo. Sirve para fijar los puntales de encofrado en posici\u00f3n vertical.El marco de la base de tres patas crea una ayuda estable de pie.Las patas son ajustables y se pueden plegar.\" \/>\n<meta property=\"og:url\" content=\"https:\/\/www.jh-itc.de\/es\/shop\/doka-es\/tripodes-doka\/\" \/>\n<meta property=\"og:site_name\" content=\"JH - ITC GmbH\" \/>\n<meta property=\"article:publisher\" content=\"https:\/\/www.facebook.com\/schalungshandel\" \/>\n<meta property=\"article:modified_time\" content=\"2021-04-28T19:37:27+00:00\" \/>\n<meta property=\"og:image\" content=\"https:\/\/www.jh-itc.de\/wp-content\/uploads\/2020\/05\/Doka-Dreibeine-3.jpg\" \/>\n\t<meta property=\"og:image:width\" content=\"1600\" \/>\n\t<meta property=\"og:image:height\" content=\"1200\" \/>\n\t<meta property=\"og:image:type\" content=\"image\/jpeg\" \/>\n<meta name=\"twitter:card\" content=\"summary_large_image\" \/>\n<meta name=\"twitter:site\" content=\"@JH_ITC\" \/>\n<!-- \/ Yoast SEO plugin. -->","yoast_head_json":{"title":"Tr\u00edpodes Doka - JH - ITC GmbH","description":"Para asegurar los puntales del techo. Sirve para fijar los puntales de encofrado en posici\u00f3n vertical.El marco de la base de tres patas crea una ayuda estable de pie.Las patas son ajustables y se pueden plegar.","robots":{"index":"index","follow":"follow","max-snippet":"max-snippet:-1","max-image-preview":"max-image-preview:large","max-video-preview":"max-video-preview:-1"},"canonical":"https:\/\/www.jh-itc.de\/es\/shop\/doka-es\/tripodes-doka\/","og_locale":"es_ES","og_type":"article","og_title":"Tr\u00edpodes Doka - JH - ITC GmbH","og_description":"Para asegurar los puntales del techo. Sirve para fijar los puntales de encofrado en posici\u00f3n vertical.El marco de la base de tres patas crea una ayuda estable de pie.Las patas son ajustables y se pueden plegar.","og_url":"https:\/\/www.jh-itc.de\/es\/shop\/doka-es\/tripodes-doka\/","og_site_name":"JH - ITC GmbH","article_publisher":"https:\/\/www.facebook.com\/schalungshandel","article_modified_time":"2021-04-28T19:37:27+00:00","og_image":[{"width":1600,"height":1200,"url":"https:\/\/www.jh-itc.de\/wp-content\/uploads\/2020\/05\/Doka-Dreibeine-3.jpg","type":"image\/jpeg"}],"twitter_card":"summary_large_image","twitter_site":"@JH_ITC","schema":{"@context":"https:\/\/schema.org","@graph":[{"@type":"WebPage","@id":"https:\/\/www.jh-itc.de\/es\/shop\/doka-es\/tripodes-doka\/","url":"https:\/\/www.jh-itc.de\/es\/shop\/doka-es\/tripodes-doka\/","name":"Tr\u00edpodes Doka - JH - ITC GmbH","isPartOf":{"@id":"https:\/\/www.jh-itc.de\/es\/#website"},"primaryImageOfPage":{"@id":"https:\/\/www.jh-itc.de\/es\/shop\/doka-es\/tripodes-doka\/#primaryimage"},"image":{"@id":"https:\/\/www.jh-itc.de\/es\/shop\/doka-es\/tripodes-doka\/#primaryimage"},"thumbnailUrl":"https:\/\/www.jh-itc.de\/wp-content\/uploads\/2020\/05\/Doka-Dreibeine-3.jpg","datePublished":"2021-04-28T19:37:02+00:00","dateModified":"2021-04-28T19:37:27+00:00","description":"Para asegurar los puntales del techo. Sirve para fijar los puntales de encofrado en posici\u00f3n vertical.El marco de la base de tres patas crea una ayuda estable de pie.Las patas son ajustables y se pueden plegar.","breadcrumb":{"@id":"https:\/\/www.jh-itc.de\/es\/shop\/doka-es\/tripodes-doka\/#breadcrumb"},"inLanguage":"es","potentialAction":[{"@type":"ReadAction","target":["https:\/\/www.jh-itc.de\/es\/shop\/doka-es\/tripodes-doka\/"]}]},{"@type":"ImageObject","inLanguage":"es","@id":"https:\/\/www.jh-itc.de\/es\/shop\/doka-es\/tripodes-doka\/#primaryimage","url":"https:\/\/www.jh-itc.de\/wp-content\/uploads\/2020\/05\/Doka-Dreibeine-3.jpg","contentUrl":"https:\/\/www.jh-itc.de\/wp-content\/uploads\/2020\/05\/Doka-Dreibeine-3.jpg","width":1600,"height":1200},{"@type":"BreadcrumbList","@id":"https:\/\/www.jh-itc.de\/es\/shop\/doka-es\/tripodes-doka\/#breadcrumb","itemListElement":[{"@type":"ListItem","position":1,"name":"Home","item":"https:\/\/www.jh-itc.de\/es\/"},{"@type":"ListItem","position":2,"name":"Tienda","item":"https:\/\/www.jh-itc.de\/es\/tienda\/"},{"@type":"ListItem","position":3,"name":"Tr\u00edpodes Doka"}]},{"@type":"WebSite","@id":"https:\/\/www.jh-itc.de\/es\/#website","url":"https:\/\/www.jh-itc.de\/es\/","name":"JH - ITC GmbH","description":"Ihr Experte f\u00fcr gebrauchte St\u00fctzen, Schalungen und Ger\u00fcste","publisher":{"@id":"https:\/\/www.jh-itc.de\/es\/#organization"},"potentialAction":[{"@type":"SearchAction","target":{"@type":"EntryPoint","urlTemplate":"https:\/\/www.jh-itc.de\/es\/?s={search_term_string}"},"query-input":{"@type":"PropertyValueSpecification","valueRequired":true,"valueName":"search_term_string"}}],"inLanguage":"es"},{"@type":"Organization","@id":"https:\/\/www.jh-itc.de\/es\/#organization","name":"JH-ITC GmbH","url":"https:\/\/www.jh-itc.de\/es\/","logo":{"@type":"ImageObject","inLanguage":"es","@id":"https:\/\/www.jh-itc.de\/es\/#\/schema\/logo\/image\/","url":"https:\/\/www.jh-itc.de\/wp-content\/uploads\/2016\/01\/JH-ITC2-1.png","contentUrl":"https:\/\/www.jh-itc.de\/wp-content\/uploads\/2016\/01\/JH-ITC2-1.png","width":300,"height":102,"caption":"JH-ITC GmbH"},"image":{"@id":"https:\/\/www.jh-itc.de\/es\/#\/schema\/logo\/image\/"},"sameAs":["https:\/\/www.facebook.com\/schalungshandel","https:\/\/x.com\/JH_ITC","https:\/\/www.linkedin.com\/in\/jhitc","https:\/\/youtu.be\/rMdZ-FLfI-Y"]}]}},"_links":{"self":[{"href":"https:\/\/www.jh-itc.de\/es\/wp-json\/wp\/v2\/product\/16985","targetHints":{"allow":["GET"]}}],"collection":[{"href":"https:\/\/www.jh-itc.de\/es\/wp-json\/wp\/v2\/product"}],"about":[{"href":"https:\/\/www.jh-itc.de\/es\/wp-json\/wp\/v2\/types\/product"}],"wp:featuredmedia":[{"embeddable":true,"href":"https:\/\/www.jh-itc.de\/es\/wp-json\/wp\/v2\/media\/16990"}],"wp:attachment":[{"href":"https:\/\/www.jh-itc.de\/es\/wp-json\/wp\/v2\/media?parent=16985"}],"wp:term":[{"taxonomy":"product_brand","embeddable":true,"href":"https:\/\/www.jh-itc.de\/es\/wp-json\/wp\/v2\/product_brand?post=16985"},{"taxonomy":"product_cat","embeddable":true,"href":"https:\/\/www.jh-itc.de\/es\/wp-json\/wp\/v2\/product_cat?post=16985"},{"taxonomy":"product_tag","embeddable":true,"href":"https:\/\/www.jh-itc.de\/es\/wp-json\/wp\/v2\/product_tag?post=16985"}],"curies":[{"name":"wp","href":"https:\/\/api.w.org\/{rel}","templated":true}]}}