{"id":17221,"date":"2020-08-12T23:38:40","date_gmt":"2021-04-28T19:41:48","guid":{"rendered":"https:\/\/www.jh-itc.de\/shop\/sin%20categor\u00eda\/escaleras-de-contenedores\/"},"modified":"2021-04-28T21:42:44","modified_gmt":"2021-04-28T19:42:44","slug":"escaleras-para-contenedores","status":"publish","type":"product","link":"https:\/\/www.jh-itc.de\/es\/shop\/maquinaria-industrial\/escaleras-para-contenedores\/","title":{"rendered":"Escaleras de contenedores"},"content":{"rendered":"<p><strong>CARACTER\u00cdSTICAS EST\u00c1NDAR DE LAS SOLUCIONES DISPONIBLES:<\/strong><\/p>\n<p>Sistema de escaleras seguro basado en las normas EN ISO 14122-3<br \/>\ny se public\u00f3 la norma EN 12811-1<br \/>\nCarga \u00fatil: 2kN\/m2 y 5kN\/m2 seg\u00fan la versi\u00f3n<\/p>\n<p>Diferentes anchos de escalera utilizables: 1000mm y 1250mm (versi\u00f3n<br \/>\n2kN\/m2) y 1200mm (versi\u00f3n 5kN\/m2)<\/p>\n<p>El sistema es compatible con contenedores de almacenamiento y mar\u00edtimos<\/p>\n<p>Los c\u00e1lculos estad\u00edsticos se basan en los Euroc\u00f3digos y fueron realizados por el<br \/>\nla renombrada empresa austriaca GBD ZT GmbH.<\/p>\n<p>Los pelda\u00f1os y los rellanos se cubrieron con alfombras antideslizantes de alta mar<br \/>\nEl dise\u00f1o modular permite un f\u00e1cil transporte sin grandes<\/p>\n<p>espacio de almacenamiento, tiempos de montaje m\u00e1s cortos y cualquier configuraci\u00f3n, seg\u00fan el<br \/>\nla demanda y la altura del contenedor<\/p>\n<p>Posibilidad de montaje y desmontaje f\u00e1cil y renovado, sin necesidad de<br \/>\nLa estabilidad del rendimiento se ve afectada El uso seguro y duradero, as\u00ed como la resistencia y<br \/>\nResistencia a la intemperie gracias al galvanizado en caliente<\/p>\n<p>El producto tiene la marca CE, nuestra empresa tiene la<br \/>\nDeclaraci\u00f3n de conformidad de WPK seg\u00fan la norma PN-EN 1090, certificada por T\u00dcV<br \/>\nEl sur de Polonia se emiti\u00f3<\/p>\n<p>Las escaleras est\u00e1n disponibles en dos versiones: Escaleras de acero y encendedor<br \/>\nEscaleras de aluminio.<\/p>\n<p><a href=\"https:\/\/www.intertlc.de\/Download\/Containertreppen_katalog.pdf\">https:\/\/www.intertlc.de\/Download\/Containertreppen_katalog.pdf<\/a><\/p>\n<p><a href=\"https:\/\/www.mauderer.de\/produkte\/containertreppen\/\">https:\/\/www.mauderer.de\/produkte\/containertreppen\/<\/a><\/p>\n<p>&nbsp;<\/p>\n","protected":false},"excerpt":{"rendered":"<p>Ofrecemos 12 contenedores diferentes de escaleras, escaleras y plataformas.<\/p>\n<p>de acero y aluminio en varias longitudes, anchuras y alturas.<\/p>\n<p>Si est\u00e1 interesado, env\u00edenos su consulta.<\/p>\n<div class=\"container\">\n<div class=\"frame\">\n<div class=\"page tlid-homepage homepage translate-text\">\n<div class=\"homepage-content-wrap\">\n<div class=\"tlid-source-target main-header small-font\">\n<div class=\"source-target-row\">\n<div class=\"tlid-results-container results-container\">\n<div class=\"tlid-result result-dict-wrapper\">\n<div class=\"result tlid-copy-target\">\n<div class=\"text-wrap tlid-copy-target\">\n<div class=\"result-shield-container tlid-copy-target\" tabindex=\"0\">\n<p>&nbsp;<\/p>\n<\/div>\n<\/div>\n<\/div>\n<\/div>\n<\/div>\n<\/div>\n<\/div>\n<\/div>\n<\/div>\n<\/div>\n<\/div>\n","protected":false},"featured_media":17251,"template":"","meta":[],"product_brand":[],"product_cat":[290,307],"product_tag":[],"class_list":{"0":"post-17221","1":"product","2":"type-product","3":"status-publish","4":"has-post-thumbnail","6":"product_cat-maquinaria-industrial","7":"product_cat-articulo-especial","9":"first","10":"instock","11":"taxable","12":"shipping-taxable","13":"product-type-simple"},"yoast_head":"<!-- This site is optimized with the Yoast SEO plugin v27.3 - https:\/\/yoast.com\/product\/yoast-seo-wordpress\/ -->\n<title>Escaleras de contenedores - JH - ITC GmbH<\/title>\n<meta name=\"description\" content=\"Escaleras de contenedores. Fabricantes de renombre \u2714 Encofrados, puntales, andamios y maquinaria de construcci\u00f3n nuevos y usados \u2714 \u00a1Solicite un presupuesto ahora!\" \/>\n<meta name=\"robots\" content=\"index, follow, max-snippet:-1, max-image-preview:large, max-video-preview:-1\" \/>\n<link rel=\"canonical\" href=\"https:\/\/www.jh-itc.de\/es\/shop\/maquinaria-industrial\/escaleras-para-contenedores\/\" \/>\n<meta property=\"og:locale\" content=\"es_ES\" \/>\n<meta property=\"og:type\" content=\"article\" \/>\n<meta property=\"og:title\" content=\"Escaleras de contenedores - JH - ITC GmbH\" \/>\n<meta property=\"og:description\" content=\"Escaleras de contenedores. Fabricantes de renombre \u2714 Encofrados, puntales, andamios y maquinaria de construcci\u00f3n nuevos y usados \u2714 \u00a1Solicite un presupuesto ahora!\" \/>\n<meta property=\"og:url\" content=\"https:\/\/www.jh-itc.de\/es\/shop\/maquinaria-industrial\/escaleras-para-contenedores\/\" \/>\n<meta property=\"og:site_name\" content=\"JH - ITC GmbH\" \/>\n<meta property=\"article:publisher\" content=\"https:\/\/www.facebook.com\/schalungshandel\" \/>\n<meta property=\"article:modified_time\" content=\"2021-04-28T19:42:44+00:00\" \/>\n<meta property=\"og:image\" content=\"https:\/\/www.jh-itc.de\/wp-content\/uploads\/2020\/08\/jh-itc_Containertreppen.jpg\" \/>\n\t<meta property=\"og:image:width\" content=\"1400\" \/>\n\t<meta property=\"og:image:height\" content=\"1050\" \/>\n\t<meta property=\"og:image:type\" content=\"image\/jpeg\" \/>\n<meta name=\"twitter:card\" content=\"summary_large_image\" \/>\n<meta name=\"twitter:site\" content=\"@JH_ITC\" \/>\n<meta name=\"twitter:label1\" content=\"Tiempo de lectura\" \/>\n\t<meta name=\"twitter:data1\" content=\"1 minuto\" \/>\n<!-- \/ Yoast SEO plugin. -->","yoast_head_json":{"title":"Escaleras de contenedores - JH - ITC GmbH","description":"Escaleras de contenedores. Fabricantes de renombre \u2714 Encofrados, puntales, andamios y maquinaria de construcci\u00f3n nuevos y usados \u2714 \u00a1Solicite un presupuesto ahora!","robots":{"index":"index","follow":"follow","max-snippet":"max-snippet:-1","max-image-preview":"max-image-preview:large","max-video-preview":"max-video-preview:-1"},"canonical":"https:\/\/www.jh-itc.de\/es\/shop\/maquinaria-industrial\/escaleras-para-contenedores\/","og_locale":"es_ES","og_type":"article","og_title":"Escaleras de contenedores - JH - ITC GmbH","og_description":"Escaleras de contenedores. Fabricantes de renombre \u2714 Encofrados, puntales, andamios y maquinaria de construcci\u00f3n nuevos y usados \u2714 \u00a1Solicite un presupuesto ahora!","og_url":"https:\/\/www.jh-itc.de\/es\/shop\/maquinaria-industrial\/escaleras-para-contenedores\/","og_site_name":"JH - ITC GmbH","article_publisher":"https:\/\/www.facebook.com\/schalungshandel","article_modified_time":"2021-04-28T19:42:44+00:00","og_image":[{"width":1400,"height":1050,"url":"https:\/\/www.jh-itc.de\/wp-content\/uploads\/2020\/08\/jh-itc_Containertreppen.jpg","type":"image\/jpeg"}],"twitter_card":"summary_large_image","twitter_site":"@JH_ITC","twitter_misc":{"Tiempo de lectura":"1 minuto"},"schema":{"@context":"https:\/\/schema.org","@graph":[{"@type":"WebPage","@id":"https:\/\/www.jh-itc.de\/es\/shop\/maquinaria-industrial\/escaleras-para-contenedores\/","url":"https:\/\/www.jh-itc.de\/es\/shop\/maquinaria-industrial\/escaleras-para-contenedores\/","name":"Escaleras de contenedores - JH - ITC GmbH","isPartOf":{"@id":"https:\/\/www.jh-itc.de\/es\/#website"},"primaryImageOfPage":{"@id":"https:\/\/www.jh-itc.de\/es\/shop\/maquinaria-industrial\/escaleras-para-contenedores\/#primaryimage"},"image":{"@id":"https:\/\/www.jh-itc.de\/es\/shop\/maquinaria-industrial\/escaleras-para-contenedores\/#primaryimage"},"thumbnailUrl":"https:\/\/www.jh-itc.de\/wp-content\/uploads\/2020\/08\/jh-itc_Containertreppen.jpg","datePublished":"2021-04-28T19:41:48+00:00","dateModified":"2021-04-28T19:42:44+00:00","description":"Escaleras de contenedores. Fabricantes de renombre \u2714 Encofrados, puntales, andamios y maquinaria de construcci\u00f3n nuevos y usados \u2714 \u00a1Solicite un presupuesto ahora!","breadcrumb":{"@id":"https:\/\/www.jh-itc.de\/es\/shop\/maquinaria-industrial\/escaleras-para-contenedores\/#breadcrumb"},"inLanguage":"es","potentialAction":[{"@type":"ReadAction","target":["https:\/\/www.jh-itc.de\/es\/shop\/maquinaria-industrial\/escaleras-para-contenedores\/"]}]},{"@type":"ImageObject","inLanguage":"es","@id":"https:\/\/www.jh-itc.de\/es\/shop\/maquinaria-industrial\/escaleras-para-contenedores\/#primaryimage","url":"https:\/\/www.jh-itc.de\/wp-content\/uploads\/2020\/08\/jh-itc_Containertreppen.jpg","contentUrl":"https:\/\/www.jh-itc.de\/wp-content\/uploads\/2020\/08\/jh-itc_Containertreppen.jpg","width":1400,"height":1050},{"@type":"BreadcrumbList","@id":"https:\/\/www.jh-itc.de\/es\/shop\/maquinaria-industrial\/escaleras-para-contenedores\/#breadcrumb","itemListElement":[{"@type":"ListItem","position":1,"name":"Home","item":"https:\/\/www.jh-itc.de\/es\/"},{"@type":"ListItem","position":2,"name":"Tienda","item":"https:\/\/www.jh-itc.de\/es\/tienda\/"},{"@type":"ListItem","position":3,"name":"Escaleras de contenedores"}]},{"@type":"WebSite","@id":"https:\/\/www.jh-itc.de\/es\/#website","url":"https:\/\/www.jh-itc.de\/es\/","name":"JH - ITC GmbH","description":"Ihr Experte f\u00fcr gebrauchte St\u00fctzen, Schalungen und Ger\u00fcste","publisher":{"@id":"https:\/\/www.jh-itc.de\/es\/#organization"},"potentialAction":[{"@type":"SearchAction","target":{"@type":"EntryPoint","urlTemplate":"https:\/\/www.jh-itc.de\/es\/?s={search_term_string}"},"query-input":{"@type":"PropertyValueSpecification","valueRequired":true,"valueName":"search_term_string"}}],"inLanguage":"es"},{"@type":"Organization","@id":"https:\/\/www.jh-itc.de\/es\/#organization","name":"JH-ITC GmbH","url":"https:\/\/www.jh-itc.de\/es\/","logo":{"@type":"ImageObject","inLanguage":"es","@id":"https:\/\/www.jh-itc.de\/es\/#\/schema\/logo\/image\/","url":"https:\/\/www.jh-itc.de\/wp-content\/uploads\/2016\/01\/JH-ITC2-1.png","contentUrl":"https:\/\/www.jh-itc.de\/wp-content\/uploads\/2016\/01\/JH-ITC2-1.png","width":300,"height":102,"caption":"JH-ITC GmbH"},"image":{"@id":"https:\/\/www.jh-itc.de\/es\/#\/schema\/logo\/image\/"},"sameAs":["https:\/\/www.facebook.com\/schalungshandel","https:\/\/x.com\/JH_ITC","https:\/\/www.linkedin.com\/in\/jhitc","https:\/\/youtu.be\/rMdZ-FLfI-Y"]}]}},"_links":{"self":[{"href":"https:\/\/www.jh-itc.de\/es\/wp-json\/wp\/v2\/product\/17221","targetHints":{"allow":["GET"]}}],"collection":[{"href":"https:\/\/www.jh-itc.de\/es\/wp-json\/wp\/v2\/product"}],"about":[{"href":"https:\/\/www.jh-itc.de\/es\/wp-json\/wp\/v2\/types\/product"}],"wp:featuredmedia":[{"embeddable":true,"href":"https:\/\/www.jh-itc.de\/es\/wp-json\/wp\/v2\/media\/17251"}],"wp:attachment":[{"href":"https:\/\/www.jh-itc.de\/es\/wp-json\/wp\/v2\/media?parent=17221"}],"wp:term":[{"taxonomy":"product_brand","embeddable":true,"href":"https:\/\/www.jh-itc.de\/es\/wp-json\/wp\/v2\/product_brand?post=17221"},{"taxonomy":"product_cat","embeddable":true,"href":"https:\/\/www.jh-itc.de\/es\/wp-json\/wp\/v2\/product_cat?post=17221"},{"taxonomy":"product_tag","embeddable":true,"href":"https:\/\/www.jh-itc.de\/es\/wp-json\/wp\/v2\/product_tag?post=17221"}],"curies":[{"name":"wp","href":"https:\/\/api.w.org\/{rel}","templated":true}]}}