{"id":18463,"date":"2021-04-06T23:37:19","date_gmt":"2021-04-28T19:58:12","guid":{"rendered":"https:\/\/www.jh-itc.de\/shop\/sin%20categor\u00eda\/barra-de-compensacion-peri-tar-85\/"},"modified":"2021-04-28T21:58:31","modified_gmt":"2021-04-28T19:58:31","slug":"peri-balance-barra-tar-85","status":"publish","type":"product","link":"https:\/\/www.jh-itc.de\/es\/shop\/peri-es\/el-trio-peri\/peri-balance-barra-tar-85\/","title":{"rendered":"Barra de compensaci\u00f3n Peri TAR 85"},"content":{"rendered":"","protected":false},"excerpt":{"rendered":"<p>Ofrecemos nuevos <strong>libros de compensaci\u00f3n Peri TAR 85 + Peri ledger 85<\/strong>.<\/p>\n<p>Si est\u00e1 interesado, env\u00edenos su consulta.<\/p>\n<p>&nbsp;<\/p>\n<p>&nbsp;<\/p>\n","protected":false},"featured_media":36539,"template":"","meta":[],"product_brand":[],"product_cat":[312,304,306],"product_tag":[],"class_list":{"0":"post-18463","1":"product","2":"type-product","3":"status-publish","4":"has-post-thumbnail","6":"product_cat-el-trio-peri","7":"product_cat-peri-es","8":"product_cat-encofrado","10":"first","11":"instock","12":"taxable","13":"shipping-taxable","14":"product-type-simple"},"yoast_head":"<!-- This site is optimized with the Yoast SEO plugin v27.3 - https:\/\/yoast.com\/product\/yoast-seo-wordpress\/ -->\n<title>Barra de compensaci\u00f3n Peri TAR 85 - JH - ITC GmbH<\/title>\n<meta name=\"description\" content=\"Barra de compensaci\u00f3n Peri TAR 85. Fabricantes de renombre \u2714 Encofrados, puntales, andamios y maquinaria de construcci\u00f3n nuevos y usados \u2714 \u00a1Solicite un presupuesto ahora!\" \/>\n<meta name=\"robots\" content=\"index, follow, max-snippet:-1, max-image-preview:large, max-video-preview:-1\" \/>\n<link rel=\"canonical\" href=\"https:\/\/www.jh-itc.de\/es\/shop\/peri-es\/el-trio-peri\/peri-balance-barra-tar-85\/\" \/>\n<meta property=\"og:locale\" content=\"es_ES\" \/>\n<meta property=\"og:type\" content=\"article\" \/>\n<meta property=\"og:title\" content=\"Barra de compensaci\u00f3n Peri TAR 85 - JH - ITC GmbH\" \/>\n<meta property=\"og:description\" content=\"Barra de compensaci\u00f3n Peri TAR 85. Fabricantes de renombre \u2714 Encofrados, puntales, andamios y maquinaria de construcci\u00f3n nuevos y usados \u2714 \u00a1Solicite un presupuesto ahora!\" \/>\n<meta property=\"og:url\" content=\"https:\/\/www.jh-itc.de\/es\/shop\/peri-es\/el-trio-peri\/peri-balance-barra-tar-85\/\" \/>\n<meta property=\"og:site_name\" content=\"JH - ITC GmbH\" \/>\n<meta property=\"article:publisher\" content=\"https:\/\/www.facebook.com\/schalungshandel\" \/>\n<meta property=\"article:modified_time\" content=\"2021-04-28T19:58:31+00:00\" \/>\n<meta property=\"og:image\" content=\"https:\/\/www.jh-itc.de\/wp-content\/uploads\/2021\/04\/Peri-TAR-85-5-scaled.jpg\" \/>\n\t<meta property=\"og:image:width\" content=\"2560\" \/>\n\t<meta property=\"og:image:height\" content=\"1920\" \/>\n\t<meta property=\"og:image:type\" content=\"image\/jpeg\" \/>\n<meta name=\"twitter:card\" content=\"summary_large_image\" \/>\n<meta name=\"twitter:site\" content=\"@JH_ITC\" \/>\n<!-- \/ Yoast SEO plugin. -->","yoast_head_json":{"title":"Barra de compensaci\u00f3n Peri TAR 85 - JH - ITC GmbH","description":"Barra de compensaci\u00f3n Peri TAR 85. Fabricantes de renombre \u2714 Encofrados, puntales, andamios y maquinaria de construcci\u00f3n nuevos y usados \u2714 \u00a1Solicite un presupuesto ahora!","robots":{"index":"index","follow":"follow","max-snippet":"max-snippet:-1","max-image-preview":"max-image-preview:large","max-video-preview":"max-video-preview:-1"},"canonical":"https:\/\/www.jh-itc.de\/es\/shop\/peri-es\/el-trio-peri\/peri-balance-barra-tar-85\/","og_locale":"es_ES","og_type":"article","og_title":"Barra de compensaci\u00f3n Peri TAR 85 - JH - ITC GmbH","og_description":"Barra de compensaci\u00f3n Peri TAR 85. Fabricantes de renombre \u2714 Encofrados, puntales, andamios y maquinaria de construcci\u00f3n nuevos y usados \u2714 \u00a1Solicite un presupuesto ahora!","og_url":"https:\/\/www.jh-itc.de\/es\/shop\/peri-es\/el-trio-peri\/peri-balance-barra-tar-85\/","og_site_name":"JH - ITC GmbH","article_publisher":"https:\/\/www.facebook.com\/schalungshandel","article_modified_time":"2021-04-28T19:58:31+00:00","og_image":[{"width":2560,"height":1920,"url":"https:\/\/www.jh-itc.de\/wp-content\/uploads\/2021\/04\/Peri-TAR-85-5-scaled.jpg","type":"image\/jpeg"}],"twitter_card":"summary_large_image","twitter_site":"@JH_ITC","schema":{"@context":"https:\/\/schema.org","@graph":[{"@type":"WebPage","@id":"https:\/\/www.jh-itc.de\/es\/shop\/peri-es\/el-trio-peri\/peri-balance-barra-tar-85\/","url":"https:\/\/www.jh-itc.de\/es\/shop\/peri-es\/el-trio-peri\/peri-balance-barra-tar-85\/","name":"Barra de compensaci\u00f3n Peri TAR 85 - JH - ITC GmbH","isPartOf":{"@id":"https:\/\/www.jh-itc.de\/es\/#website"},"primaryImageOfPage":{"@id":"https:\/\/www.jh-itc.de\/es\/shop\/peri-es\/el-trio-peri\/peri-balance-barra-tar-85\/#primaryimage"},"image":{"@id":"https:\/\/www.jh-itc.de\/es\/shop\/peri-es\/el-trio-peri\/peri-balance-barra-tar-85\/#primaryimage"},"thumbnailUrl":"https:\/\/www.jh-itc.de\/wp-content\/uploads\/2021\/04\/Peri-TAR-85-5-scaled.jpg","datePublished":"2021-04-28T19:58:12+00:00","dateModified":"2021-04-28T19:58:31+00:00","description":"Barra de compensaci\u00f3n Peri TAR 85. Fabricantes de renombre \u2714 Encofrados, puntales, andamios y maquinaria de construcci\u00f3n nuevos y usados \u2714 \u00a1Solicite un presupuesto ahora!","breadcrumb":{"@id":"https:\/\/www.jh-itc.de\/es\/shop\/peri-es\/el-trio-peri\/peri-balance-barra-tar-85\/#breadcrumb"},"inLanguage":"es","potentialAction":[{"@type":"ReadAction","target":["https:\/\/www.jh-itc.de\/es\/shop\/peri-es\/el-trio-peri\/peri-balance-barra-tar-85\/"]}]},{"@type":"ImageObject","inLanguage":"es","@id":"https:\/\/www.jh-itc.de\/es\/shop\/peri-es\/el-trio-peri\/peri-balance-barra-tar-85\/#primaryimage","url":"https:\/\/www.jh-itc.de\/wp-content\/uploads\/2021\/04\/Peri-TAR-85-5-scaled.jpg","contentUrl":"https:\/\/www.jh-itc.de\/wp-content\/uploads\/2021\/04\/Peri-TAR-85-5-scaled.jpg","width":2560,"height":1920},{"@type":"BreadcrumbList","@id":"https:\/\/www.jh-itc.de\/es\/shop\/peri-es\/el-trio-peri\/peri-balance-barra-tar-85\/#breadcrumb","itemListElement":[{"@type":"ListItem","position":1,"name":"Home","item":"https:\/\/www.jh-itc.de\/es\/"},{"@type":"ListItem","position":2,"name":"Tienda","item":"https:\/\/www.jh-itc.de\/es\/tienda\/"},{"@type":"ListItem","position":3,"name":"Barra de compensaci\u00f3n Peri TAR 85"}]},{"@type":"WebSite","@id":"https:\/\/www.jh-itc.de\/es\/#website","url":"https:\/\/www.jh-itc.de\/es\/","name":"JH - ITC GmbH","description":"Ihr Experte f\u00fcr gebrauchte St\u00fctzen, Schalungen und Ger\u00fcste","publisher":{"@id":"https:\/\/www.jh-itc.de\/es\/#organization"},"potentialAction":[{"@type":"SearchAction","target":{"@type":"EntryPoint","urlTemplate":"https:\/\/www.jh-itc.de\/es\/?s={search_term_string}"},"query-input":{"@type":"PropertyValueSpecification","valueRequired":true,"valueName":"search_term_string"}}],"inLanguage":"es"},{"@type":"Organization","@id":"https:\/\/www.jh-itc.de\/es\/#organization","name":"JH-ITC GmbH","url":"https:\/\/www.jh-itc.de\/es\/","logo":{"@type":"ImageObject","inLanguage":"es","@id":"https:\/\/www.jh-itc.de\/es\/#\/schema\/logo\/image\/","url":"https:\/\/www.jh-itc.de\/wp-content\/uploads\/2016\/01\/JH-ITC2-1.png","contentUrl":"https:\/\/www.jh-itc.de\/wp-content\/uploads\/2016\/01\/JH-ITC2-1.png","width":300,"height":102,"caption":"JH-ITC GmbH"},"image":{"@id":"https:\/\/www.jh-itc.de\/es\/#\/schema\/logo\/image\/"},"sameAs":["https:\/\/www.facebook.com\/schalungshandel","https:\/\/x.com\/JH_ITC","https:\/\/www.linkedin.com\/in\/jhitc","https:\/\/youtu.be\/rMdZ-FLfI-Y"]}]}},"_links":{"self":[{"href":"https:\/\/www.jh-itc.de\/es\/wp-json\/wp\/v2\/product\/18463","targetHints":{"allow":["GET"]}}],"collection":[{"href":"https:\/\/www.jh-itc.de\/es\/wp-json\/wp\/v2\/product"}],"about":[{"href":"https:\/\/www.jh-itc.de\/es\/wp-json\/wp\/v2\/types\/product"}],"wp:featuredmedia":[{"embeddable":true,"href":"https:\/\/www.jh-itc.de\/es\/wp-json\/wp\/v2\/media\/36539"}],"wp:attachment":[{"href":"https:\/\/www.jh-itc.de\/es\/wp-json\/wp\/v2\/media?parent=18463"}],"wp:term":[{"taxonomy":"product_brand","embeddable":true,"href":"https:\/\/www.jh-itc.de\/es\/wp-json\/wp\/v2\/product_brand?post=18463"},{"taxonomy":"product_cat","embeddable":true,"href":"https:\/\/www.jh-itc.de\/es\/wp-json\/wp\/v2\/product_cat?post=18463"},{"taxonomy":"product_tag","embeddable":true,"href":"https:\/\/www.jh-itc.de\/es\/wp-json\/wp\/v2\/product_tag?post=18463"}],"curies":[{"name":"wp","href":"https:\/\/api.w.org\/{rel}","templated":true}]}}