{"id":41283,"date":"2015-06-08T16:14:07","date_gmt":"2023-02-15T14:54:15","guid":{"rendered":"https:\/\/www.jh-itc.de\/shop\/sin categor\u00eda\/huennebeck-topec-se-renueva-con-el-nuevo-revestimiento-de-encofrado-alkus\/"},"modified":"2023-02-15T15:54:15","modified_gmt":"2023-02-15T14:54:15","slug":"huennebeck-topec-refresca-con-piel-de-cascara-de-alkus-nueva","status":"publish","type":"product","link":"https:\/\/www.jh-itc.de\/es\/shop\/huennebeck-es\/huennebeck-topec-es\/huennebeck-topec-refresca-con-piel-de-cascara-de-alkus-nueva\/","title":{"rendered":"H\u00fcnnebeck Topec se renueva con el nuevo revestimiento de encofrado alkus"},"content":{"rendered":"","protected":false},"excerpt":{"rendered":"<p>Ofrecemos encofrado modular para losas <strong>H\u00fcnnebeck Topec<\/strong> renovado con encofrado de madera nuevo.<\/p>\n<p>Podemos suministrarle el encofrado en sus colores y tambi\u00e9n puede elegir el revestimiento del encofrado,<\/p>\n<p>entre la <strong>piel de encofrado de madera 10mm WB 240g\/240gr<\/strong> o la<b>l\u00e1mina de pl\u00e1stico macizo alkus<\/b>.<\/p>\n<p><em>El encofrado de losas Topec le ofrece tiempos de encofrado muy r\u00e1pidos con un alto nivel de seguridad gracias al encofrado y desencofrado desde el suelo.<\/em><\/p>\n<ol>\n<li><em>Montaje + desmontaje seguro desde el suelo con un m\u00e1ximo de 2 personas hasta una altura de 3,50 m<\/em><\/li>\n<li><em>Encofrado r\u00e1pido gracias al gran panel de 180 x 180 con 3,24 m\u00b2 de superficie de encofrado<\/em><\/li>\n<li><em>Estructura ligera de aluminio con perfil de 14 cm de altura  <\/em><\/li>\n<li><em>Muy buena adaptabilidad gracias a los amplios tama\u00f1os de los paneles y a los paneles de compensaci\u00f3n<\/em><\/li>\n<li><em>Techo modular sin vigas<\/em><em>con panel Topec, cojinete Topec y soportes de techo.<\/em><em>20KN o 30KN seg\u00fan sea necesario.<\/em><\/li>\n<\/ol>\n<hr>\n<p>&nbsp;<\/p>\n<p><span style=\"text-decoration: underline\">Descargar PDF: Aqu\u00ed<\/span><\/p>\n<p><a href=\"http:\/\/www.jh-itc.de\/wp-content\/uploads\/2015\/10\/Huennebeck-Topec-Info.pdf\">H<\/a><a href=\"http:\/\/www.jh-itc.de\/wp-content\/uploads\/2015\/10\/Huennebeck-Topec-Info.pdf\">uennebeck Topec Informaci\u00f3n<\/a><\/p>\n<hr>\n<p>&nbsp;<\/p>\n<p>&nbsp;<\/p>\n<hr>\n<p>Si est\u00e1 interesado, env\u00edenos su solicitud<\/p>\n","protected":false},"featured_media":41341,"template":"","meta":[],"product_brand":[],"product_cat":[279,289,306],"product_tag":[462],"class_list":{"0":"post-41283","1":"product","2":"type-product","3":"status-publish","4":"has-post-thumbnail","6":"product_cat-huennebeck-es","7":"product_cat-huennebeck-topec-es","8":"product_cat-encofrado","9":"product_tag-huennebeck-topec-es","11":"first","12":"instock","13":"taxable","14":"shipping-taxable","15":"product-type-simple"},"yoast_head":"<!-- This site is optimized with the Yoast SEO plugin v27.3 - https:\/\/yoast.com\/product\/yoast-seo-wordpress\/ -->\n<title>H\u00fcnnebeck Topec se renueva con el nuevo revestimiento de encofrado alkus - JH - ITC GmbH<\/title>\n<meta name=\"description\" content=\"Encofrado de losas Topec de Huennebeck con encofrado nuevo o usado en venta\" \/>\n<meta name=\"robots\" content=\"index, follow, max-snippet:-1, max-image-preview:large, max-video-preview:-1\" \/>\n<link rel=\"canonical\" href=\"https:\/\/www.jh-itc.de\/es\/shop\/huennebeck-es\/huennebeck-topec-es\/huennebeck-topec-refresca-con-piel-de-cascara-de-alkus-nueva\/\" \/>\n<meta property=\"og:locale\" content=\"es_ES\" \/>\n<meta property=\"og:type\" content=\"article\" \/>\n<meta property=\"og:title\" content=\"H\u00fcnnebeck Topec se renueva con el nuevo revestimiento de encofrado alkus - JH - ITC GmbH\" \/>\n<meta property=\"og:description\" content=\"Encofrado de losas Topec de Huennebeck con encofrado nuevo o usado en venta\" \/>\n<meta property=\"og:url\" content=\"https:\/\/www.jh-itc.de\/es\/shop\/huennebeck-es\/huennebeck-topec-es\/huennebeck-topec-refresca-con-piel-de-cascara-de-alkus-nueva\/\" \/>\n<meta property=\"og:site_name\" content=\"JH - ITC GmbH\" \/>\n<meta property=\"article:publisher\" content=\"https:\/\/www.facebook.com\/schalungshandel\" \/>\n<meta property=\"og:image\" content=\"https:\/\/www.jh-itc.de\/wp-content\/uploads\/2015\/06\/Topec-Red-12-e1522082913843.jpg\" \/>\n\t<meta property=\"og:image:width\" content=\"480\" \/>\n\t<meta property=\"og:image:height\" content=\"640\" \/>\n\t<meta property=\"og:image:type\" content=\"image\/jpeg\" \/>\n<meta name=\"twitter:card\" content=\"summary_large_image\" \/>\n<meta name=\"twitter:site\" content=\"@JH_ITC\" \/>\n<!-- \/ Yoast SEO plugin. -->","yoast_head_json":{"title":"H\u00fcnnebeck Topec se renueva con el nuevo revestimiento de encofrado alkus - JH - ITC GmbH","description":"Encofrado de losas Topec de Huennebeck con encofrado nuevo o usado en venta","robots":{"index":"index","follow":"follow","max-snippet":"max-snippet:-1","max-image-preview":"max-image-preview:large","max-video-preview":"max-video-preview:-1"},"canonical":"https:\/\/www.jh-itc.de\/es\/shop\/huennebeck-es\/huennebeck-topec-es\/huennebeck-topec-refresca-con-piel-de-cascara-de-alkus-nueva\/","og_locale":"es_ES","og_type":"article","og_title":"H\u00fcnnebeck Topec se renueva con el nuevo revestimiento de encofrado alkus - JH - ITC GmbH","og_description":"Encofrado de losas Topec de Huennebeck con encofrado nuevo o usado en venta","og_url":"https:\/\/www.jh-itc.de\/es\/shop\/huennebeck-es\/huennebeck-topec-es\/huennebeck-topec-refresca-con-piel-de-cascara-de-alkus-nueva\/","og_site_name":"JH - ITC GmbH","article_publisher":"https:\/\/www.facebook.com\/schalungshandel","og_image":[{"width":480,"height":640,"url":"https:\/\/www.jh-itc.de\/wp-content\/uploads\/2015\/06\/Topec-Red-12-e1522082913843.jpg","type":"image\/jpeg"}],"twitter_card":"summary_large_image","twitter_site":"@JH_ITC","schema":{"@context":"https:\/\/schema.org","@graph":[{"@type":"WebPage","@id":"https:\/\/www.jh-itc.de\/es\/shop\/huennebeck-es\/huennebeck-topec-es\/huennebeck-topec-refresca-con-piel-de-cascara-de-alkus-nueva\/","url":"https:\/\/www.jh-itc.de\/es\/shop\/huennebeck-es\/huennebeck-topec-es\/huennebeck-topec-refresca-con-piel-de-cascara-de-alkus-nueva\/","name":"H\u00fcnnebeck Topec se renueva con el nuevo revestimiento de encofrado alkus - JH - ITC GmbH","isPartOf":{"@id":"https:\/\/www.jh-itc.de\/es\/#website"},"primaryImageOfPage":{"@id":"https:\/\/www.jh-itc.de\/es\/shop\/huennebeck-es\/huennebeck-topec-es\/huennebeck-topec-refresca-con-piel-de-cascara-de-alkus-nueva\/#primaryimage"},"image":{"@id":"https:\/\/www.jh-itc.de\/es\/shop\/huennebeck-es\/huennebeck-topec-es\/huennebeck-topec-refresca-con-piel-de-cascara-de-alkus-nueva\/#primaryimage"},"thumbnailUrl":"https:\/\/www.jh-itc.de\/wp-content\/uploads\/2015\/06\/Topec-Red-12-e1522082913843.jpg","datePublished":"2023-02-15T14:54:15+00:00","description":"Encofrado de losas Topec de Huennebeck con encofrado nuevo o usado en venta","breadcrumb":{"@id":"https:\/\/www.jh-itc.de\/es\/shop\/huennebeck-es\/huennebeck-topec-es\/huennebeck-topec-refresca-con-piel-de-cascara-de-alkus-nueva\/#breadcrumb"},"inLanguage":"es","potentialAction":[{"@type":"ReadAction","target":["https:\/\/www.jh-itc.de\/es\/shop\/huennebeck-es\/huennebeck-topec-es\/huennebeck-topec-refresca-con-piel-de-cascara-de-alkus-nueva\/"]}]},{"@type":"ImageObject","inLanguage":"es","@id":"https:\/\/www.jh-itc.de\/es\/shop\/huennebeck-es\/huennebeck-topec-es\/huennebeck-topec-refresca-con-piel-de-cascara-de-alkus-nueva\/#primaryimage","url":"https:\/\/www.jh-itc.de\/wp-content\/uploads\/2015\/06\/Topec-Red-12-e1522082913843.jpg","contentUrl":"https:\/\/www.jh-itc.de\/wp-content\/uploads\/2015\/06\/Topec-Red-12-e1522082913843.jpg","width":480,"height":640},{"@type":"BreadcrumbList","@id":"https:\/\/www.jh-itc.de\/es\/shop\/huennebeck-es\/huennebeck-topec-es\/huennebeck-topec-refresca-con-piel-de-cascara-de-alkus-nueva\/#breadcrumb","itemListElement":[{"@type":"ListItem","position":1,"name":"Home","item":"https:\/\/www.jh-itc.de\/es\/"},{"@type":"ListItem","position":2,"name":"Tienda","item":"https:\/\/www.jh-itc.de\/es\/tienda\/"},{"@type":"ListItem","position":3,"name":"H\u00fcnnebeck Topec se renueva con el nuevo revestimiento de encofrado alkus"}]},{"@type":"WebSite","@id":"https:\/\/www.jh-itc.de\/es\/#website","url":"https:\/\/www.jh-itc.de\/es\/","name":"JH - ITC GmbH","description":"Ihr Experte f\u00fcr gebrauchte St\u00fctzen, Schalungen und Ger\u00fcste","publisher":{"@id":"https:\/\/www.jh-itc.de\/es\/#organization"},"potentialAction":[{"@type":"SearchAction","target":{"@type":"EntryPoint","urlTemplate":"https:\/\/www.jh-itc.de\/es\/?s={search_term_string}"},"query-input":{"@type":"PropertyValueSpecification","valueRequired":true,"valueName":"search_term_string"}}],"inLanguage":"es"},{"@type":"Organization","@id":"https:\/\/www.jh-itc.de\/es\/#organization","name":"JH-ITC GmbH","url":"https:\/\/www.jh-itc.de\/es\/","logo":{"@type":"ImageObject","inLanguage":"es","@id":"https:\/\/www.jh-itc.de\/es\/#\/schema\/logo\/image\/","url":"https:\/\/www.jh-itc.de\/wp-content\/uploads\/2016\/01\/JH-ITC2-1.png","contentUrl":"https:\/\/www.jh-itc.de\/wp-content\/uploads\/2016\/01\/JH-ITC2-1.png","width":300,"height":102,"caption":"JH-ITC GmbH"},"image":{"@id":"https:\/\/www.jh-itc.de\/es\/#\/schema\/logo\/image\/"},"sameAs":["https:\/\/www.facebook.com\/schalungshandel","https:\/\/x.com\/JH_ITC","https:\/\/www.linkedin.com\/in\/jhitc","https:\/\/youtu.be\/rMdZ-FLfI-Y"]}]}},"_links":{"self":[{"href":"https:\/\/www.jh-itc.de\/es\/wp-json\/wp\/v2\/product\/41283","targetHints":{"allow":["GET"]}}],"collection":[{"href":"https:\/\/www.jh-itc.de\/es\/wp-json\/wp\/v2\/product"}],"about":[{"href":"https:\/\/www.jh-itc.de\/es\/wp-json\/wp\/v2\/types\/product"}],"wp:featuredmedia":[{"embeddable":true,"href":"https:\/\/www.jh-itc.de\/es\/wp-json\/wp\/v2\/media\/41341"}],"wp:attachment":[{"href":"https:\/\/www.jh-itc.de\/es\/wp-json\/wp\/v2\/media?parent=41283"}],"wp:term":[{"taxonomy":"product_brand","embeddable":true,"href":"https:\/\/www.jh-itc.de\/es\/wp-json\/wp\/v2\/product_brand?post=41283"},{"taxonomy":"product_cat","embeddable":true,"href":"https:\/\/www.jh-itc.de\/es\/wp-json\/wp\/v2\/product_cat?post=41283"},{"taxonomy":"product_tag","embeddable":true,"href":"https:\/\/www.jh-itc.de\/es\/wp-json\/wp\/v2\/product_tag?post=41283"}],"curies":[{"name":"wp","href":"https:\/\/api.w.org\/{rel}","templated":true}]}}