{"id":42931,"date":"2021-12-13T12:59:53","date_gmt":"2023-04-24T13:54:05","guid":{"rendered":"https:\/\/www.jh-itc.de\/shop\/sin%20categor\u00eda\/plettac-sl-70-material-para-andamios\/"},"modified":"2025-02-20T15:17:58","modified_gmt":"2025-02-20T14:17:58","slug":"plettac-sl-70-material-de-rejuntado","status":"publish","type":"product","link":"https:\/\/www.jh-itc.de\/es\/shop\/andamio\/plettac-es\/plettac-sl-70-material-de-rejuntado\/","title":{"rendered":"Plettac SL 70 Material para andamios"},"content":{"rendered":"<h5><strong>Aqu\u00ed encontrar\u00e1 las instrucciones de montaje del andamio Plettac SL 70.<\/strong><\/h5>\n<p>https:\/\/www.jh-itc.de\/wp-content\/uploads\/2021\/12\/Fassadengeruest_Plettac_SL70_AuV.pdf<\/p>\n<p>&nbsp;<\/p>\n<p>&nbsp;<\/p>\n","protected":false},"excerpt":{"rendered":"<p>Ofrecemos el siguiente material de andamiaje usado Plettac SL 70.<\/p>\n<table width=\"0\">\n<tbody>\n<tr>\n<td width=\"309\"><strong><u>N\u00ba de art.<\/u><\/strong><\/td>\n<td width=\"436\"><strong><u>Descripci\u00f3n del art\u00edculo<\/u><\/strong><\/td>\n<td width=\"138\"><strong><u>Pieza<\/u><\/strong><\/td>\n<\/tr>\n<tr>\n<td width=\"309\">5F SL7 033 00<\/td>\n<td width=\"436\">Marco vertical SL B74 200 x 74<\/td>\n<td width=\"138\">800<\/td>\n<\/tr>\n<tr>\n<td width=\"309\">5F SLN 470 01<\/td>\n<td width=\"436\">Suelo de acero SL B32 250 x 32 x 7,5<\/td>\n<td width=\"138\">2145<\/td>\n<\/tr>\n<tr>\n<td width=\"309\">5F SNN 600 01<\/td>\n<td width=\"436\">Diagonal SL 326 (250 x 200)<\/td>\n<td width=\"138\">250<\/td>\n<\/tr>\n<tr>\n<td width=\"309\">5F SNN 050 02<\/td>\n<td width=\"436\">Barandilla trasera SL 250<\/td>\n<td width=\"138\">2000<\/td>\n<\/tr>\n<tr>\n<td width=\"309\">5F SOG 590 07<\/td>\n<td width=\"436\">Placa de pie roscada 60<\/td>\n<td width=\"138\">80<\/td>\n<\/tr>\n<\/tbody>\n<\/table>\n<p>Si est\u00e1 interesado, env\u00edenos su consulta.<\/p>\n","protected":false},"featured_media":37503,"template":"","meta":[],"product_brand":[],"product_cat":[276,282],"product_tag":[],"class_list":{"0":"post-42931","1":"product","2":"type-product","3":"status-publish","4":"has-post-thumbnail","6":"product_cat-andamio","7":"product_cat-plettac-es","9":"first","10":"instock","11":"taxable","12":"shipping-taxable","13":"product-type-simple"},"yoast_head":"<!-- This site is optimized with the Yoast SEO plugin v27.5 - https:\/\/yoast.com\/product\/yoast-seo-wordpress\/ -->\n<title>Plettac SL 70 Material para andamios - JH - ITC GmbH<\/title>\n<meta name=\"description\" content=\"Plettac SL 70 Material para andamios. Fabricantes de renombre \u2714 Encofrados, puntales, andamios y maquinaria de construcci\u00f3n nuevos y usados \u2714 \u00a1Solicite un presupuesto ahora!\" \/>\n<meta name=\"robots\" content=\"index, follow, max-snippet:-1, max-image-preview:large, max-video-preview:-1\" \/>\n<link rel=\"canonical\" href=\"https:\/\/www.jh-itc.de\/es\/shop\/andamio\/plettac-es\/plettac-sl-70-material-de-rejuntado\/\" \/>\n<meta property=\"og:locale\" content=\"es_ES\" \/>\n<meta property=\"og:type\" content=\"article\" \/>\n<meta property=\"og:title\" content=\"Plettac SL 70 Material para andamios - JH - ITC GmbH\" \/>\n<meta property=\"og:description\" content=\"Plettac SL 70 Material para andamios. Fabricantes de renombre \u2714 Encofrados, puntales, andamios y maquinaria de construcci\u00f3n nuevos y usados \u2714 \u00a1Solicite un presupuesto ahora!\" \/>\n<meta property=\"og:url\" content=\"https:\/\/www.jh-itc.de\/es\/shop\/andamio\/plettac-es\/plettac-sl-70-material-de-rejuntado\/\" \/>\n<meta property=\"og:site_name\" content=\"JH - ITC GmbH\" \/>\n<meta property=\"article:publisher\" content=\"https:\/\/www.facebook.com\/schalungshandel\" \/>\n<meta property=\"article:modified_time\" content=\"2025-02-20T14:17:58+00:00\" \/>\n<meta property=\"og:image\" content=\"https:\/\/www.jh-itc.de\/wp-content\/uploads\/2021\/12\/Plettac-SL-70-3.jpg\" \/>\n\t<meta property=\"og:image:width\" content=\"2048\" \/>\n\t<meta property=\"og:image:height\" content=\"1536\" \/>\n\t<meta property=\"og:image:type\" content=\"image\/jpeg\" \/>\n<meta name=\"twitter:card\" content=\"summary_large_image\" \/>\n<meta name=\"twitter:site\" content=\"@JH_ITC\" \/>\n<!-- \/ Yoast SEO plugin. -->","yoast_head_json":{"title":"Plettac SL 70 Material para andamios - JH - ITC GmbH","description":"Plettac SL 70 Material para andamios. Fabricantes de renombre \u2714 Encofrados, puntales, andamios y maquinaria de construcci\u00f3n nuevos y usados \u2714 \u00a1Solicite un presupuesto ahora!","robots":{"index":"index","follow":"follow","max-snippet":"max-snippet:-1","max-image-preview":"max-image-preview:large","max-video-preview":"max-video-preview:-1"},"canonical":"https:\/\/www.jh-itc.de\/es\/shop\/andamio\/plettac-es\/plettac-sl-70-material-de-rejuntado\/","og_locale":"es_ES","og_type":"article","og_title":"Plettac SL 70 Material para andamios - JH - ITC GmbH","og_description":"Plettac SL 70 Material para andamios. Fabricantes de renombre \u2714 Encofrados, puntales, andamios y maquinaria de construcci\u00f3n nuevos y usados \u2714 \u00a1Solicite un presupuesto ahora!","og_url":"https:\/\/www.jh-itc.de\/es\/shop\/andamio\/plettac-es\/plettac-sl-70-material-de-rejuntado\/","og_site_name":"JH - ITC GmbH","article_publisher":"https:\/\/www.facebook.com\/schalungshandel","article_modified_time":"2025-02-20T14:17:58+00:00","og_image":[{"width":2048,"height":1536,"url":"https:\/\/www.jh-itc.de\/wp-content\/uploads\/2021\/12\/Plettac-SL-70-3.jpg","type":"image\/jpeg"}],"twitter_card":"summary_large_image","twitter_site":"@JH_ITC","schema":{"@context":"https:\/\/schema.org","@graph":[{"@type":"WebPage","@id":"https:\/\/www.jh-itc.de\/es\/shop\/andamio\/plettac-es\/plettac-sl-70-material-de-rejuntado\/","url":"https:\/\/www.jh-itc.de\/es\/shop\/andamio\/plettac-es\/plettac-sl-70-material-de-rejuntado\/","name":"Plettac SL 70 Material para andamios - JH - ITC GmbH","isPartOf":{"@id":"https:\/\/www.jh-itc.de\/es\/#website"},"primaryImageOfPage":{"@id":"https:\/\/www.jh-itc.de\/es\/shop\/andamio\/plettac-es\/plettac-sl-70-material-de-rejuntado\/#primaryimage"},"image":{"@id":"https:\/\/www.jh-itc.de\/es\/shop\/andamio\/plettac-es\/plettac-sl-70-material-de-rejuntado\/#primaryimage"},"thumbnailUrl":"https:\/\/www.jh-itc.de\/wp-content\/uploads\/2021\/12\/Plettac-SL-70-3.jpg","datePublished":"2023-04-24T13:54:05+00:00","dateModified":"2025-02-20T14:17:58+00:00","description":"Plettac SL 70 Material para andamios. Fabricantes de renombre \u2714 Encofrados, puntales, andamios y maquinaria de construcci\u00f3n nuevos y usados \u2714 \u00a1Solicite un presupuesto ahora!","breadcrumb":{"@id":"https:\/\/www.jh-itc.de\/es\/shop\/andamio\/plettac-es\/plettac-sl-70-material-de-rejuntado\/#breadcrumb"},"inLanguage":"es","potentialAction":[{"@type":"ReadAction","target":["https:\/\/www.jh-itc.de\/es\/shop\/andamio\/plettac-es\/plettac-sl-70-material-de-rejuntado\/"]}]},{"@type":"ImageObject","inLanguage":"es","@id":"https:\/\/www.jh-itc.de\/es\/shop\/andamio\/plettac-es\/plettac-sl-70-material-de-rejuntado\/#primaryimage","url":"https:\/\/www.jh-itc.de\/wp-content\/uploads\/2021\/12\/Plettac-SL-70-3.jpg","contentUrl":"https:\/\/www.jh-itc.de\/wp-content\/uploads\/2021\/12\/Plettac-SL-70-3.jpg","width":2048,"height":1536},{"@type":"BreadcrumbList","@id":"https:\/\/www.jh-itc.de\/es\/shop\/andamio\/plettac-es\/plettac-sl-70-material-de-rejuntado\/#breadcrumb","itemListElement":[{"@type":"ListItem","position":1,"name":"Home","item":"https:\/\/www.jh-itc.de\/es\/"},{"@type":"ListItem","position":2,"name":"Tienda","item":"https:\/\/www.jh-itc.de\/es\/tienda\/"},{"@type":"ListItem","position":3,"name":"Plettac SL 70 Material para andamios"}]},{"@type":"WebSite","@id":"https:\/\/www.jh-itc.de\/es\/#website","url":"https:\/\/www.jh-itc.de\/es\/","name":"JH - ITC GmbH","description":"Ihr Experte f\u00fcr gebrauchte St\u00fctzen, Schalungen und Ger\u00fcste","publisher":{"@id":"https:\/\/www.jh-itc.de\/es\/#organization"},"potentialAction":[{"@type":"SearchAction","target":{"@type":"EntryPoint","urlTemplate":"https:\/\/www.jh-itc.de\/es\/?s={search_term_string}"},"query-input":{"@type":"PropertyValueSpecification","valueRequired":true,"valueName":"search_term_string"}}],"inLanguage":"es"},{"@type":"Organization","@id":"https:\/\/www.jh-itc.de\/es\/#organization","name":"JH-ITC GmbH","url":"https:\/\/www.jh-itc.de\/es\/","logo":{"@type":"ImageObject","inLanguage":"es","@id":"https:\/\/www.jh-itc.de\/es\/#\/schema\/logo\/image\/","url":"https:\/\/www.jh-itc.de\/wp-content\/uploads\/2016\/01\/JH-ITC2-1.png","contentUrl":"https:\/\/www.jh-itc.de\/wp-content\/uploads\/2016\/01\/JH-ITC2-1.png","width":300,"height":102,"caption":"JH-ITC GmbH"},"image":{"@id":"https:\/\/www.jh-itc.de\/es\/#\/schema\/logo\/image\/"},"sameAs":["https:\/\/www.facebook.com\/schalungshandel","https:\/\/x.com\/JH_ITC","https:\/\/www.linkedin.com\/in\/jhitc","https:\/\/youtu.be\/rMdZ-FLfI-Y"]}]}},"_links":{"self":[{"href":"https:\/\/www.jh-itc.de\/es\/wp-json\/wp\/v2\/product\/42931","targetHints":{"allow":["GET"]}}],"collection":[{"href":"https:\/\/www.jh-itc.de\/es\/wp-json\/wp\/v2\/product"}],"about":[{"href":"https:\/\/www.jh-itc.de\/es\/wp-json\/wp\/v2\/types\/product"}],"wp:featuredmedia":[{"embeddable":true,"href":"https:\/\/www.jh-itc.de\/es\/wp-json\/wp\/v2\/media\/37503"}],"wp:attachment":[{"href":"https:\/\/www.jh-itc.de\/es\/wp-json\/wp\/v2\/media?parent=42931"}],"wp:term":[{"taxonomy":"product_brand","embeddable":true,"href":"https:\/\/www.jh-itc.de\/es\/wp-json\/wp\/v2\/product_brand?post=42931"},{"taxonomy":"product_cat","embeddable":true,"href":"https:\/\/www.jh-itc.de\/es\/wp-json\/wp\/v2\/product_cat?post=42931"},{"taxonomy":"product_tag","embeddable":true,"href":"https:\/\/www.jh-itc.de\/es\/wp-json\/wp\/v2\/product_tag?post=42931"}],"curies":[{"name":"wp","href":"https:\/\/api.w.org\/{rel}","templated":true}]}}