{"id":42940,"date":"2022-01-12T18:27:38","date_gmt":"2023-04-24T13:54:07","guid":{"rendered":"https:\/\/www.jh-itc.de\/shop\/sin categor\u00eda\/cimbra-doka-staxo-100\/"},"modified":"2023-04-24T15:54:07","modified_gmt":"2023-04-24T13:54:07","slug":"doka-staxo-100-traggeruest","status":"publish","type":"product","link":"https:\/\/www.jh-itc.de\/es\/shop\/doka-es\/doka-staxo-es\/doka-staxo-100-traggeruest\/","title":{"rendered":"Cimbra Doka Staxo 100"},"content":{"rendered":"","protected":false},"excerpt":{"rendered":"<p>Le ofrecemos un lote de entibaci\u00f3n Doka Staxo 100 de segunda mano.<\/p>\n<table width=\"677\">\n<tbody>\n<tr>\n<td width=\"81\">N\u00famero de pieza<\/td>\n<td width=\"260\">Descripci\u00f3n del art\u00edculo<\/td>\n<td width=\"279\">Descripci\u00f3n<\/td>\n<td width=\"57\">Cantidad<\/td>\n<\/tr>\n<tr>\n<td>582300000<\/td>\n<td>Bastidor Staxo 100 1,80 m<\/td>\n<td>Bastidor b\u00e1sico Staxo 1,80m<\/td>\n<td>1049<\/td>\n<\/tr>\n<tr>\n<td>582301000<\/td>\n<td>Bastidor Staxo 100 1,20 m<\/td>\n<td>Bastidor b\u00e1sico Staxo 1,20m<\/td>\n<td>452<\/td>\n<\/tr>\n<tr>\n<td>582302000<\/td>\n<td>Marco Staxo 100 0,90 m<\/td>\n<td>Marco b\u00e1sico Staxo 0,90 m<\/td>\n<td>124<\/td>\n<\/tr>\n<tr>\n<td>582772000<\/td>\n<td>Cruz diagonal 9.100<\/td>\n<td>Cruz diagonal 9.100<\/td>\n<td>180<\/td>\n<\/tr>\n<tr>\n<td>582610000<\/td>\n<td>Cruz diagonal 12.100<\/td>\n<td>Cruz diagonal 12.100<\/td>\n<td>900<\/td>\n<\/tr>\n<tr>\n<td>582620000<\/td>\n<td>Cruz diagonal 18.100<\/td>\n<td>Cruz diagonal 18.100<\/td>\n<td>950<\/td>\n<\/tr>\n<tr>\n<td>582638000<\/td>\n<td>Cabezal de cuatro direcciones<\/td>\n<td>Cabeza de tornillo de 4 v\u00edas<\/td>\n<td>585<\/td>\n<\/tr>\n<tr>\n<td>582637000<\/td>\n<td>Pie husillo<\/td>\n<td>Pie de gato de rosca<\/td>\n<td>500<\/td>\n<\/tr>\n<tr>\n<td>582783000<\/td>\n<td>Paleta torre de carga Doka<\/td>\n<td>Paleta para Staxo\/Aluxo<\/td>\n<td>15<\/td>\n<\/tr>\n<tr>\n<td>583011000<\/td>\n<td>Contenedor retornable Doka 1,20&#215;0,80m<\/td>\n<td>Caja de transporte multiviaje Doka 1,20&#215;0,80m<\/td>\n<td>35<\/td>\n<\/tr>\n<\/tbody>\n<\/table>\n<p>Si est\u00e1 interesado, env\u00edenos su consulta.<\/p>\n","protected":false},"featured_media":37781,"template":"","meta":[],"product_brand":[],"product_cat":[276,269,274],"product_tag":[],"class_list":{"0":"post-42940","1":"product","2":"type-product","3":"status-publish","4":"has-post-thumbnail","6":"product_cat-andamio","7":"product_cat-doka-es","8":"product_cat-doka-staxo-es","10":"first","11":"instock","12":"taxable","13":"shipping-taxable","14":"product-type-simple"},"yoast_head":"<!-- This site is optimized with the Yoast SEO plugin v27.3 - https:\/\/yoast.com\/product\/yoast-seo-wordpress\/ -->\n<title>Cimbra Doka Staxo 100 - JH - ITC GmbH<\/title>\n<meta name=\"description\" content=\"Cimbra Doka Staxo 100. Fabricantes de renombre \u2714 Encofrados, puntales, andamios y maquinaria de construcci\u00f3n nuevos y usados \u2714 \u00a1Solicite un presupuesto ahora!\" \/>\n<meta name=\"robots\" content=\"index, follow, max-snippet:-1, max-image-preview:large, max-video-preview:-1\" \/>\n<link rel=\"canonical\" href=\"https:\/\/www.jh-itc.de\/es\/shop\/doka-es\/doka-staxo-es\/doka-staxo-100-traggeruest\/\" \/>\n<meta property=\"og:locale\" content=\"es_ES\" \/>\n<meta property=\"og:type\" content=\"article\" \/>\n<meta property=\"og:title\" content=\"Cimbra Doka Staxo 100 - JH - ITC GmbH\" \/>\n<meta property=\"og:description\" content=\"Cimbra Doka Staxo 100. Fabricantes de renombre \u2714 Encofrados, puntales, andamios y maquinaria de construcci\u00f3n nuevos y usados \u2714 \u00a1Solicite un presupuesto ahora!\" \/>\n<meta property=\"og:url\" content=\"https:\/\/www.jh-itc.de\/es\/shop\/doka-es\/doka-staxo-es\/doka-staxo-100-traggeruest\/\" \/>\n<meta property=\"og:site_name\" content=\"JH - ITC GmbH\" \/>\n<meta property=\"article:publisher\" content=\"https:\/\/www.facebook.com\/schalungshandel\" \/>\n<meta property=\"og:image\" content=\"https:\/\/www.jh-itc.de\/wp-content\/uploads\/2022\/01\/Doka-Staxo-100-7.jpg\" \/>\n\t<meta property=\"og:image:width\" content=\"1024\" \/>\n\t<meta property=\"og:image:height\" content=\"768\" \/>\n\t<meta property=\"og:image:type\" content=\"image\/jpeg\" \/>\n<meta name=\"twitter:card\" content=\"summary_large_image\" \/>\n<meta name=\"twitter:site\" content=\"@JH_ITC\" \/>\n<!-- \/ Yoast SEO plugin. -->","yoast_head_json":{"title":"Cimbra Doka Staxo 100 - JH - ITC GmbH","description":"Cimbra Doka Staxo 100. Fabricantes de renombre \u2714 Encofrados, puntales, andamios y maquinaria de construcci\u00f3n nuevos y usados \u2714 \u00a1Solicite un presupuesto ahora!","robots":{"index":"index","follow":"follow","max-snippet":"max-snippet:-1","max-image-preview":"max-image-preview:large","max-video-preview":"max-video-preview:-1"},"canonical":"https:\/\/www.jh-itc.de\/es\/shop\/doka-es\/doka-staxo-es\/doka-staxo-100-traggeruest\/","og_locale":"es_ES","og_type":"article","og_title":"Cimbra Doka Staxo 100 - JH - ITC GmbH","og_description":"Cimbra Doka Staxo 100. Fabricantes de renombre \u2714 Encofrados, puntales, andamios y maquinaria de construcci\u00f3n nuevos y usados \u2714 \u00a1Solicite un presupuesto ahora!","og_url":"https:\/\/www.jh-itc.de\/es\/shop\/doka-es\/doka-staxo-es\/doka-staxo-100-traggeruest\/","og_site_name":"JH - ITC GmbH","article_publisher":"https:\/\/www.facebook.com\/schalungshandel","og_image":[{"width":1024,"height":768,"url":"https:\/\/www.jh-itc.de\/wp-content\/uploads\/2022\/01\/Doka-Staxo-100-7.jpg","type":"image\/jpeg"}],"twitter_card":"summary_large_image","twitter_site":"@JH_ITC","schema":{"@context":"https:\/\/schema.org","@graph":[{"@type":"WebPage","@id":"https:\/\/www.jh-itc.de\/es\/shop\/doka-es\/doka-staxo-es\/doka-staxo-100-traggeruest\/","url":"https:\/\/www.jh-itc.de\/es\/shop\/doka-es\/doka-staxo-es\/doka-staxo-100-traggeruest\/","name":"Cimbra Doka Staxo 100 - JH - ITC GmbH","isPartOf":{"@id":"https:\/\/www.jh-itc.de\/es\/#website"},"primaryImageOfPage":{"@id":"https:\/\/www.jh-itc.de\/es\/shop\/doka-es\/doka-staxo-es\/doka-staxo-100-traggeruest\/#primaryimage"},"image":{"@id":"https:\/\/www.jh-itc.de\/es\/shop\/doka-es\/doka-staxo-es\/doka-staxo-100-traggeruest\/#primaryimage"},"thumbnailUrl":"https:\/\/www.jh-itc.de\/wp-content\/uploads\/2022\/01\/Doka-Staxo-100-7.jpg","datePublished":"2023-04-24T13:54:07+00:00","description":"Cimbra Doka Staxo 100. Fabricantes de renombre \u2714 Encofrados, puntales, andamios y maquinaria de construcci\u00f3n nuevos y usados \u2714 \u00a1Solicite un presupuesto ahora!","breadcrumb":{"@id":"https:\/\/www.jh-itc.de\/es\/shop\/doka-es\/doka-staxo-es\/doka-staxo-100-traggeruest\/#breadcrumb"},"inLanguage":"es","potentialAction":[{"@type":"ReadAction","target":["https:\/\/www.jh-itc.de\/es\/shop\/doka-es\/doka-staxo-es\/doka-staxo-100-traggeruest\/"]}]},{"@type":"ImageObject","inLanguage":"es","@id":"https:\/\/www.jh-itc.de\/es\/shop\/doka-es\/doka-staxo-es\/doka-staxo-100-traggeruest\/#primaryimage","url":"https:\/\/www.jh-itc.de\/wp-content\/uploads\/2022\/01\/Doka-Staxo-100-7.jpg","contentUrl":"https:\/\/www.jh-itc.de\/wp-content\/uploads\/2022\/01\/Doka-Staxo-100-7.jpg","width":1024,"height":768},{"@type":"BreadcrumbList","@id":"https:\/\/www.jh-itc.de\/es\/shop\/doka-es\/doka-staxo-es\/doka-staxo-100-traggeruest\/#breadcrumb","itemListElement":[{"@type":"ListItem","position":1,"name":"Home","item":"https:\/\/www.jh-itc.de\/es\/"},{"@type":"ListItem","position":2,"name":"Tienda","item":"https:\/\/www.jh-itc.de\/es\/tienda\/"},{"@type":"ListItem","position":3,"name":"Cimbra Doka Staxo 100"}]},{"@type":"WebSite","@id":"https:\/\/www.jh-itc.de\/es\/#website","url":"https:\/\/www.jh-itc.de\/es\/","name":"JH - ITC GmbH","description":"Ihr Experte f\u00fcr gebrauchte St\u00fctzen, Schalungen und Ger\u00fcste","publisher":{"@id":"https:\/\/www.jh-itc.de\/es\/#organization"},"potentialAction":[{"@type":"SearchAction","target":{"@type":"EntryPoint","urlTemplate":"https:\/\/www.jh-itc.de\/es\/?s={search_term_string}"},"query-input":{"@type":"PropertyValueSpecification","valueRequired":true,"valueName":"search_term_string"}}],"inLanguage":"es"},{"@type":"Organization","@id":"https:\/\/www.jh-itc.de\/es\/#organization","name":"JH-ITC GmbH","url":"https:\/\/www.jh-itc.de\/es\/","logo":{"@type":"ImageObject","inLanguage":"es","@id":"https:\/\/www.jh-itc.de\/es\/#\/schema\/logo\/image\/","url":"https:\/\/www.jh-itc.de\/wp-content\/uploads\/2016\/01\/JH-ITC2-1.png","contentUrl":"https:\/\/www.jh-itc.de\/wp-content\/uploads\/2016\/01\/JH-ITC2-1.png","width":300,"height":102,"caption":"JH-ITC GmbH"},"image":{"@id":"https:\/\/www.jh-itc.de\/es\/#\/schema\/logo\/image\/"},"sameAs":["https:\/\/www.facebook.com\/schalungshandel","https:\/\/x.com\/JH_ITC","https:\/\/www.linkedin.com\/in\/jhitc","https:\/\/youtu.be\/rMdZ-FLfI-Y"]}]}},"_links":{"self":[{"href":"https:\/\/www.jh-itc.de\/es\/wp-json\/wp\/v2\/product\/42940","targetHints":{"allow":["GET"]}}],"collection":[{"href":"https:\/\/www.jh-itc.de\/es\/wp-json\/wp\/v2\/product"}],"about":[{"href":"https:\/\/www.jh-itc.de\/es\/wp-json\/wp\/v2\/types\/product"}],"wp:featuredmedia":[{"embeddable":true,"href":"https:\/\/www.jh-itc.de\/es\/wp-json\/wp\/v2\/media\/37781"}],"wp:attachment":[{"href":"https:\/\/www.jh-itc.de\/es\/wp-json\/wp\/v2\/media?parent=42940"}],"wp:term":[{"taxonomy":"product_brand","embeddable":true,"href":"https:\/\/www.jh-itc.de\/es\/wp-json\/wp\/v2\/product_brand?post=42940"},{"taxonomy":"product_cat","embeddable":true,"href":"https:\/\/www.jh-itc.de\/es\/wp-json\/wp\/v2\/product_cat?post=42940"},{"taxonomy":"product_tag","embeddable":true,"href":"https:\/\/www.jh-itc.de\/es\/wp-json\/wp\/v2\/product_tag?post=42940"}],"curies":[{"name":"wp","href":"https:\/\/api.w.org\/{rel}","templated":true}]}}