{"id":43208,"date":"2015-11-24T13:40:46","date_gmt":"2023-04-24T13:56:42","guid":{"rendered":"https:\/\/www.jh-itc.de\/shop\/sin categor\u00eda\/puntales-ecologicos-doka-eurex-20\/"},"modified":"2023-04-24T15:56:42","modified_gmt":"2023-04-24T13:56:42","slug":"doka-eurex-20-eco-soporte","status":"publish","type":"product","link":"https:\/\/www.jh-itc.de\/es\/shop\/doka-es\/doka-stuetzen-es\/doka-eurex-20-eco-soporte\/","title":{"rendered":"Puntales ecol\u00f3gicos Doka Eurex 20"},"content":{"rendered":"","protected":false},"excerpt":{"rendered":"<p>Podemos suministrarle el nuevo <strong>puntal de suelo ecol\u00f3gico Doka Eurex 20 en<\/strong> varias longitudes de 2,50 m, 3,00 m, 3,50 m o 4,00 m.<\/p>\n<p>Si est\u00e1 interesado, env\u00edenos su consulta.<\/p>\n<hr>\n<div class=\"text-normal uk-margin-large-bottom\">\n<p>Como nuevo puntal de calidad probada, el <strong>puntal de suelo Eurex 20 eco<\/strong> se caracteriza por su gran capacidad de carga, as\u00ed como por su manejo sencillo y seguro, seg\u00fan el fabricante.<\/p>\n<p>Los nuevos <strong>puntales de suelo Eurex 20 eco<\/strong> est\u00e1n homologados seg\u00fan la norma EN 1065, clase B\/D. Como soporte de construcci\u00f3n libre, soportan 20 kN (2 t) en cada longitud de extensi\u00f3n.<\/p>\n<p>De acuerdo con la aprobaci\u00f3n general de las autoridades de construcci\u00f3n, esto se traduce en una capacidad de carga de hasta 36,7 kN (3,6 t), dependiendo de la longitud de extensi\u00f3n. Por tanto, superan claramente las cargas requeridas seg\u00fan la norma EN 1065.<\/p>\n<p>Cuando se aprieta, el soporte ofrece una capacidad de carga de min. 30 kN en cualquier longitud de extensi\u00f3n. Al mismo tiempo, pesa s\u00f3lo 11,5 kg con una longitud de puntal de 2,50 m.<\/p>\n<p>Al igual que su \u00abhermano mayor\u00bb, el puntal del piso superior del Eurex, la rosca tiene una geometr\u00eda especial. La tuerca tambi\u00e9n es forjada en lugar de fundida.<\/p>\n<p>Por un lado, ambos garantizan una sujeci\u00f3n fiable. Por otro lado, el puntal puede bajarse r\u00e1pida y f\u00e1cilmente incluso con mucha carga. La nueva Eurex 20 eco tambi\u00e9n cuenta con la conocida numeraci\u00f3n de orificios en el tubo de extensi\u00f3n. Est\u00e1 grabada de forma permanente por ambas caras. Esto hace que sea m\u00e1s r\u00e1pido y f\u00e1cil determinar la posici\u00f3n exacta de replanteo. Contar o medir ya no es necesario.<\/p>\n<p>La protecci\u00f3n contra la ca\u00edda del tubo de extracci\u00f3n garantiza un uso seguro. Lo mismo ocurre con la protecci\u00f3n antiaplastamiento para las manos, seg\u00fan el fabricante. La encimera de patas de apoyo Doka con patas giratorias se utiliza para facilitar el montaje. Los cabezales de cuatro v\u00edas y de ca\u00edda, as\u00ed como los cabezales de retenci\u00f3n para puntales intermedios, pueden conectarse a los puntales de losa de forma r\u00e1pida y a prueba de tensiones mediante el conector r\u00e1pido.<\/p>\n<p>Para prolongar su vida \u00fatil, el nuevo puntal de suelo Eurex 20 eco est\u00e1 galvanizado en caliente por dentro y por fuera, por lo que est\u00e1 perfectamente protegido contra la corrosi\u00f3n.<\/p>\n<p>Est\u00e1 disponible en longitudes de 2,50 m, 3,00 m, 3,50 m y 4,00 m.<\/p>\n<\/div>\n","protected":false},"featured_media":49105,"template":"","meta":[],"product_brand":[],"product_cat":[275,308,269],"product_tag":[],"class_list":{"0":"post-43208","1":"product","2":"type-product","3":"status-publish","4":"has-post-thumbnail","6":"product_cat-doka-stuetzen-es","7":"product_cat-apuntalar","8":"product_cat-doka-es","10":"first","11":"instock","12":"taxable","13":"shipping-taxable","14":"product-type-simple"},"yoast_head":"<!-- This site is optimized with the Yoast SEO plugin v27.3 - https:\/\/yoast.com\/product\/yoast-seo-wordpress\/ -->\n<title>Puntales ecol\u00f3gicos Doka Eurex 20 - JH - ITC GmbH<\/title>\n<meta name=\"description\" content=\"Los nuevos puntales de suelo Eurex 20 eco est\u00e1n homologados seg\u00fan la norma EN 1065, clase B\/D. Como soporte de construcci\u00f3n libre, soportan 20 kN (2 t) en cada longitud de extensi\u00f3n. Cuando est\u00e1 sujeto, el soporte ofrece una capacidad de carga m\u00ednima de 1,5 kg. 30 kN en cualquier longitud de extensi\u00f3n. Al mismo tiempo, pesa s\u00f3lo 11,5 kg con una longitud de puntal de 2,50 m.\" \/>\n<meta name=\"robots\" content=\"index, follow, max-snippet:-1, max-image-preview:large, max-video-preview:-1\" \/>\n<link rel=\"canonical\" href=\"https:\/\/www.jh-itc.de\/es\/shop\/doka-es\/doka-stuetzen-es\/doka-eurex-20-eco-soporte\/\" \/>\n<meta property=\"og:locale\" content=\"es_ES\" \/>\n<meta property=\"og:type\" content=\"article\" \/>\n<meta property=\"og:title\" content=\"Puntales ecol\u00f3gicos Doka Eurex 20 - JH - ITC GmbH\" \/>\n<meta property=\"og:description\" content=\"Los nuevos puntales de suelo Eurex 20 eco est\u00e1n homologados seg\u00fan la norma EN 1065, clase B\/D. Como soporte de construcci\u00f3n libre, soportan 20 kN (2 t) en cada longitud de extensi\u00f3n. Cuando est\u00e1 sujeto, el soporte ofrece una capacidad de carga m\u00ednima de 1,5 kg. 30 kN en cualquier longitud de extensi\u00f3n. Al mismo tiempo, pesa s\u00f3lo 11,5 kg con una longitud de puntal de 2,50 m.\" \/>\n<meta property=\"og:url\" content=\"https:\/\/www.jh-itc.de\/es\/shop\/doka-es\/doka-stuetzen-es\/doka-eurex-20-eco-soporte\/\" \/>\n<meta property=\"og:site_name\" content=\"JH - ITC GmbH\" \/>\n<meta property=\"article:publisher\" content=\"https:\/\/www.facebook.com\/schalungshandel\" \/>\n<meta property=\"og:image\" content=\"https:\/\/www.jh-itc.de\/wp-content\/uploads\/2015\/11\/Verladung-Faoro-Affentranger-15.09-15-SMALL1.jpg\" \/>\n\t<meta property=\"og:image:width\" content=\"640\" \/>\n\t<meta property=\"og:image:height\" content=\"480\" \/>\n\t<meta property=\"og:image:type\" content=\"image\/jpeg\" \/>\n<meta name=\"twitter:card\" content=\"summary_large_image\" \/>\n<meta name=\"twitter:site\" content=\"@JH_ITC\" \/>\n<!-- \/ Yoast SEO plugin. -->","yoast_head_json":{"title":"Puntales ecol\u00f3gicos Doka Eurex 20 - JH - ITC GmbH","description":"Los nuevos puntales de suelo Eurex 20 eco est\u00e1n homologados seg\u00fan la norma EN 1065, clase B\/D. Como soporte de construcci\u00f3n libre, soportan 20 kN (2 t) en cada longitud de extensi\u00f3n. Cuando est\u00e1 sujeto, el soporte ofrece una capacidad de carga m\u00ednima de 1,5 kg. 30 kN en cualquier longitud de extensi\u00f3n. Al mismo tiempo, pesa s\u00f3lo 11,5 kg con una longitud de puntal de 2,50 m.","robots":{"index":"index","follow":"follow","max-snippet":"max-snippet:-1","max-image-preview":"max-image-preview:large","max-video-preview":"max-video-preview:-1"},"canonical":"https:\/\/www.jh-itc.de\/es\/shop\/doka-es\/doka-stuetzen-es\/doka-eurex-20-eco-soporte\/","og_locale":"es_ES","og_type":"article","og_title":"Puntales ecol\u00f3gicos Doka Eurex 20 - JH - ITC GmbH","og_description":"Los nuevos puntales de suelo Eurex 20 eco est\u00e1n homologados seg\u00fan la norma EN 1065, clase B\/D. Como soporte de construcci\u00f3n libre, soportan 20 kN (2 t) en cada longitud de extensi\u00f3n. Cuando est\u00e1 sujeto, el soporte ofrece una capacidad de carga m\u00ednima de 1,5 kg. 30 kN en cualquier longitud de extensi\u00f3n. Al mismo tiempo, pesa s\u00f3lo 11,5 kg con una longitud de puntal de 2,50 m.","og_url":"https:\/\/www.jh-itc.de\/es\/shop\/doka-es\/doka-stuetzen-es\/doka-eurex-20-eco-soporte\/","og_site_name":"JH - ITC GmbH","article_publisher":"https:\/\/www.facebook.com\/schalungshandel","og_image":[{"width":640,"height":480,"url":"https:\/\/www.jh-itc.de\/wp-content\/uploads\/2015\/11\/Verladung-Faoro-Affentranger-15.09-15-SMALL1.jpg","type":"image\/jpeg"}],"twitter_card":"summary_large_image","twitter_site":"@JH_ITC","schema":{"@context":"https:\/\/schema.org","@graph":[{"@type":"WebPage","@id":"https:\/\/www.jh-itc.de\/es\/shop\/doka-es\/doka-stuetzen-es\/doka-eurex-20-eco-soporte\/","url":"https:\/\/www.jh-itc.de\/es\/shop\/doka-es\/doka-stuetzen-es\/doka-eurex-20-eco-soporte\/","name":"Puntales ecol\u00f3gicos Doka Eurex 20 - JH - ITC GmbH","isPartOf":{"@id":"https:\/\/www.jh-itc.de\/es\/#website"},"primaryImageOfPage":{"@id":"https:\/\/www.jh-itc.de\/es\/shop\/doka-es\/doka-stuetzen-es\/doka-eurex-20-eco-soporte\/#primaryimage"},"image":{"@id":"https:\/\/www.jh-itc.de\/es\/shop\/doka-es\/doka-stuetzen-es\/doka-eurex-20-eco-soporte\/#primaryimage"},"thumbnailUrl":"https:\/\/www.jh-itc.de\/wp-content\/uploads\/2015\/11\/Verladung-Faoro-Affentranger-15.09-15-SMALL1.jpg","datePublished":"2023-04-24T13:56:42+00:00","description":"Los nuevos puntales de suelo Eurex 20 eco est\u00e1n homologados seg\u00fan la norma EN 1065, clase B\/D. Como soporte de construcci\u00f3n libre, soportan 20 kN (2 t) en cada longitud de extensi\u00f3n. Cuando est\u00e1 sujeto, el soporte ofrece una capacidad de carga m\u00ednima de 1,5 kg. 30 kN en cualquier longitud de extensi\u00f3n. Al mismo tiempo, pesa s\u00f3lo 11,5 kg con una longitud de puntal de 2,50 m.","breadcrumb":{"@id":"https:\/\/www.jh-itc.de\/es\/shop\/doka-es\/doka-stuetzen-es\/doka-eurex-20-eco-soporte\/#breadcrumb"},"inLanguage":"es","potentialAction":[{"@type":"ReadAction","target":["https:\/\/www.jh-itc.de\/es\/shop\/doka-es\/doka-stuetzen-es\/doka-eurex-20-eco-soporte\/"]}]},{"@type":"ImageObject","inLanguage":"es","@id":"https:\/\/www.jh-itc.de\/es\/shop\/doka-es\/doka-stuetzen-es\/doka-eurex-20-eco-soporte\/#primaryimage","url":"https:\/\/www.jh-itc.de\/wp-content\/uploads\/2015\/11\/Verladung-Faoro-Affentranger-15.09-15-SMALL1.jpg","contentUrl":"https:\/\/www.jh-itc.de\/wp-content\/uploads\/2015\/11\/Verladung-Faoro-Affentranger-15.09-15-SMALL1.jpg","width":640,"height":480},{"@type":"BreadcrumbList","@id":"https:\/\/www.jh-itc.de\/es\/shop\/doka-es\/doka-stuetzen-es\/doka-eurex-20-eco-soporte\/#breadcrumb","itemListElement":[{"@type":"ListItem","position":1,"name":"Home","item":"https:\/\/www.jh-itc.de\/es\/"},{"@type":"ListItem","position":2,"name":"Tienda","item":"https:\/\/www.jh-itc.de\/es\/tienda\/"},{"@type":"ListItem","position":3,"name":"Puntales ecol\u00f3gicos Doka Eurex 20"}]},{"@type":"WebSite","@id":"https:\/\/www.jh-itc.de\/es\/#website","url":"https:\/\/www.jh-itc.de\/es\/","name":"JH - ITC GmbH","description":"Ihr Experte f\u00fcr gebrauchte St\u00fctzen, Schalungen und Ger\u00fcste","publisher":{"@id":"https:\/\/www.jh-itc.de\/es\/#organization"},"potentialAction":[{"@type":"SearchAction","target":{"@type":"EntryPoint","urlTemplate":"https:\/\/www.jh-itc.de\/es\/?s={search_term_string}"},"query-input":{"@type":"PropertyValueSpecification","valueRequired":true,"valueName":"search_term_string"}}],"inLanguage":"es"},{"@type":"Organization","@id":"https:\/\/www.jh-itc.de\/es\/#organization","name":"JH-ITC GmbH","url":"https:\/\/www.jh-itc.de\/es\/","logo":{"@type":"ImageObject","inLanguage":"es","@id":"https:\/\/www.jh-itc.de\/es\/#\/schema\/logo\/image\/","url":"https:\/\/www.jh-itc.de\/wp-content\/uploads\/2016\/01\/JH-ITC2-1.png","contentUrl":"https:\/\/www.jh-itc.de\/wp-content\/uploads\/2016\/01\/JH-ITC2-1.png","width":300,"height":102,"caption":"JH-ITC GmbH"},"image":{"@id":"https:\/\/www.jh-itc.de\/es\/#\/schema\/logo\/image\/"},"sameAs":["https:\/\/www.facebook.com\/schalungshandel","https:\/\/x.com\/JH_ITC","https:\/\/www.linkedin.com\/in\/jhitc","https:\/\/youtu.be\/rMdZ-FLfI-Y"]}]}},"_links":{"self":[{"href":"https:\/\/www.jh-itc.de\/es\/wp-json\/wp\/v2\/product\/43208","targetHints":{"allow":["GET"]}}],"collection":[{"href":"https:\/\/www.jh-itc.de\/es\/wp-json\/wp\/v2\/product"}],"about":[{"href":"https:\/\/www.jh-itc.de\/es\/wp-json\/wp\/v2\/types\/product"}],"wp:featuredmedia":[{"embeddable":true,"href":"https:\/\/www.jh-itc.de\/es\/wp-json\/wp\/v2\/media\/49105"}],"wp:attachment":[{"href":"https:\/\/www.jh-itc.de\/es\/wp-json\/wp\/v2\/media?parent=43208"}],"wp:term":[{"taxonomy":"product_brand","embeddable":true,"href":"https:\/\/www.jh-itc.de\/es\/wp-json\/wp\/v2\/product_brand?post=43208"},{"taxonomy":"product_cat","embeddable":true,"href":"https:\/\/www.jh-itc.de\/es\/wp-json\/wp\/v2\/product_cat?post=43208"},{"taxonomy":"product_tag","embeddable":true,"href":"https:\/\/www.jh-itc.de\/es\/wp-json\/wp\/v2\/product_tag?post=43208"}],"curies":[{"name":"wp","href":"https:\/\/api.w.org\/{rel}","templated":true}]}}