{"id":43336,"date":"2016-02-22T23:37:40","date_gmt":"2023-04-24T13:56:53","guid":{"rendered":"https:\/\/www.jh-itc.de\/shop\/sin categor\u00eda\/puntales-de-aluminio\/"},"modified":"2023-04-24T15:56:53","modified_gmt":"2023-04-24T13:56:53","slug":"alu-props","status":"publish","type":"product","link":"https:\/\/www.jh-itc.de\/es\/shop\/apuntalar\/alu-props\/","title":{"rendered":"Puntales de aluminio"},"content":{"rendered":"","protected":false},"excerpt":{"rendered":"<p>Disponemos de un amplio stock de <strong>puntales de aluminio<\/strong> de segunda mano.<\/p>\n<p><span style=\"text-decoration: underline;\"><strong>Puntales Alu fijos<\/strong><\/span><\/p>\n<p>1500 x Puntal Alu 1,50m<br \/>\n400 x Puntal Alu 2,00m<br \/>\n400 x Puntal Alu 2,50m<br \/>\n800 x Puntal Alu 3,00m<br \/>\n400 x Puntal Alu 4,00m<br \/>\n400 x Puntal Alu 5,00m<\/p>\n<p><span style=\"text-decoration: underline;\"><strong>Puntales de aluminio ajustables<\/strong><\/span><\/p>\n<p>2500 x Puntal Alu 1,90-3,00m<br \/>\n3500 x Puntal Alu 2,20-4,00m<br \/>\n1000 x Puntal Alu 4,00-5,80m<br \/>\n3500 x Puntal Alu 4,50-6,00m<\/p>\n<p>Si est\u00e1 interesado, p\u00f3ngase en contacto con nosotros<\/p>\n<p>&nbsp;<\/p>\n<p>&nbsp;<\/p>\n","protected":false},"featured_media":43345,"template":"","meta":[],"product_brand":[],"product_cat":[308],"product_tag":[],"class_list":{"0":"post-43336","1":"product","2":"type-product","3":"status-publish","4":"has-post-thumbnail","6":"product_cat-apuntalar","8":"first","9":"instock","10":"taxable","11":"shipping-taxable","12":"product-type-simple"},"yoast_head":"<!-- This site is optimized with the Yoast SEO plugin v27.3 - https:\/\/yoast.com\/product\/yoast-seo-wordpress\/ -->\n<title>Puntales de aluminio - JH - ITC GmbH<\/title>\n<meta name=\"description\" content=\"Puntales de aluminio. Fabricantes de renombre \u2714 Encofrados, puntales, andamios y maquinaria de construcci\u00f3n nuevos y usados \u2714 \u00a1Solicite un presupuesto ahora!\" \/>\n<meta name=\"robots\" content=\"index, follow, max-snippet:-1, max-image-preview:large, max-video-preview:-1\" \/>\n<link rel=\"canonical\" href=\"https:\/\/www.jh-itc.de\/es\/shop\/apuntalar\/alu-props\/\" \/>\n<meta property=\"og:locale\" content=\"es_ES\" \/>\n<meta property=\"og:type\" content=\"article\" \/>\n<meta property=\"og:title\" content=\"Puntales de aluminio - JH - ITC GmbH\" \/>\n<meta property=\"og:description\" content=\"Puntales de aluminio. Fabricantes de renombre \u2714 Encofrados, puntales, andamios y maquinaria de construcci\u00f3n nuevos y usados \u2714 \u00a1Solicite un presupuesto ahora!\" \/>\n<meta property=\"og:url\" content=\"https:\/\/www.jh-itc.de\/es\/shop\/apuntalar\/alu-props\/\" \/>\n<meta property=\"og:site_name\" content=\"JH - ITC GmbH\" \/>\n<meta property=\"article:publisher\" content=\"https:\/\/www.facebook.com\/schalungshandel\" \/>\n<meta name=\"twitter:card\" content=\"summary_large_image\" \/>\n<meta name=\"twitter:site\" content=\"@JH_ITC\" \/>\n<!-- \/ Yoast SEO plugin. -->","yoast_head_json":{"title":"Puntales de aluminio - JH - ITC GmbH","description":"Puntales de aluminio. Fabricantes de renombre \u2714 Encofrados, puntales, andamios y maquinaria de construcci\u00f3n nuevos y usados \u2714 \u00a1Solicite un presupuesto ahora!","robots":{"index":"index","follow":"follow","max-snippet":"max-snippet:-1","max-image-preview":"max-image-preview:large","max-video-preview":"max-video-preview:-1"},"canonical":"https:\/\/www.jh-itc.de\/es\/shop\/apuntalar\/alu-props\/","og_locale":"es_ES","og_type":"article","og_title":"Puntales de aluminio - JH - ITC GmbH","og_description":"Puntales de aluminio. Fabricantes de renombre \u2714 Encofrados, puntales, andamios y maquinaria de construcci\u00f3n nuevos y usados \u2714 \u00a1Solicite un presupuesto ahora!","og_url":"https:\/\/www.jh-itc.de\/es\/shop\/apuntalar\/alu-props\/","og_site_name":"JH - ITC GmbH","article_publisher":"https:\/\/www.facebook.com\/schalungshandel","twitter_card":"summary_large_image","twitter_site":"@JH_ITC","schema":{"@context":"https:\/\/schema.org","@graph":[{"@type":"WebPage","@id":"https:\/\/www.jh-itc.de\/es\/shop\/apuntalar\/alu-props\/","url":"https:\/\/www.jh-itc.de\/es\/shop\/apuntalar\/alu-props\/","name":"Puntales de aluminio - JH - ITC GmbH","isPartOf":{"@id":"https:\/\/www.jh-itc.de\/es\/#website"},"primaryImageOfPage":{"@id":"https:\/\/www.jh-itc.de\/es\/shop\/apuntalar\/alu-props\/#primaryimage"},"image":{"@id":"https:\/\/www.jh-itc.de\/es\/shop\/apuntalar\/alu-props\/#primaryimage"},"thumbnailUrl":"https:\/\/www.jh-itc.de\/wp-content\/uploads\/2016\/02\/Adjust.-Alu-Props-2.jpg","datePublished":"2023-04-24T13:56:53+00:00","description":"Puntales de aluminio. Fabricantes de renombre \u2714 Encofrados, puntales, andamios y maquinaria de construcci\u00f3n nuevos y usados \u2714 \u00a1Solicite un presupuesto ahora!","breadcrumb":{"@id":"https:\/\/www.jh-itc.de\/es\/shop\/apuntalar\/alu-props\/#breadcrumb"},"inLanguage":"es","potentialAction":[{"@type":"ReadAction","target":["https:\/\/www.jh-itc.de\/es\/shop\/apuntalar\/alu-props\/"]}]},{"@type":"ImageObject","inLanguage":"es","@id":"https:\/\/www.jh-itc.de\/es\/shop\/apuntalar\/alu-props\/#primaryimage","url":"https:\/\/www.jh-itc.de\/wp-content\/uploads\/2016\/02\/Adjust.-Alu-Props-2.jpg","contentUrl":"https:\/\/www.jh-itc.de\/wp-content\/uploads\/2016\/02\/Adjust.-Alu-Props-2.jpg","width":768,"height":1024},{"@type":"BreadcrumbList","@id":"https:\/\/www.jh-itc.de\/es\/shop\/apuntalar\/alu-props\/#breadcrumb","itemListElement":[{"@type":"ListItem","position":1,"name":"Home","item":"https:\/\/www.jh-itc.de\/es\/"},{"@type":"ListItem","position":2,"name":"Tienda","item":"https:\/\/www.jh-itc.de\/es\/tienda\/"},{"@type":"ListItem","position":3,"name":"Puntales de aluminio"}]},{"@type":"WebSite","@id":"https:\/\/www.jh-itc.de\/es\/#website","url":"https:\/\/www.jh-itc.de\/es\/","name":"JH - ITC GmbH","description":"Ihr Experte f\u00fcr gebrauchte St\u00fctzen, Schalungen und Ger\u00fcste","publisher":{"@id":"https:\/\/www.jh-itc.de\/es\/#organization"},"potentialAction":[{"@type":"SearchAction","target":{"@type":"EntryPoint","urlTemplate":"https:\/\/www.jh-itc.de\/es\/?s={search_term_string}"},"query-input":{"@type":"PropertyValueSpecification","valueRequired":true,"valueName":"search_term_string"}}],"inLanguage":"es"},{"@type":"Organization","@id":"https:\/\/www.jh-itc.de\/es\/#organization","name":"JH-ITC GmbH","url":"https:\/\/www.jh-itc.de\/es\/","logo":{"@type":"ImageObject","inLanguage":"es","@id":"https:\/\/www.jh-itc.de\/es\/#\/schema\/logo\/image\/","url":"https:\/\/www.jh-itc.de\/wp-content\/uploads\/2016\/01\/JH-ITC2-1.png","contentUrl":"https:\/\/www.jh-itc.de\/wp-content\/uploads\/2016\/01\/JH-ITC2-1.png","width":300,"height":102,"caption":"JH-ITC GmbH"},"image":{"@id":"https:\/\/www.jh-itc.de\/es\/#\/schema\/logo\/image\/"},"sameAs":["https:\/\/www.facebook.com\/schalungshandel","https:\/\/x.com\/JH_ITC","https:\/\/www.linkedin.com\/in\/jhitc","https:\/\/youtu.be\/rMdZ-FLfI-Y"]}]}},"_links":{"self":[{"href":"https:\/\/www.jh-itc.de\/es\/wp-json\/wp\/v2\/product\/43336","targetHints":{"allow":["GET"]}}],"collection":[{"href":"https:\/\/www.jh-itc.de\/es\/wp-json\/wp\/v2\/product"}],"about":[{"href":"https:\/\/www.jh-itc.de\/es\/wp-json\/wp\/v2\/types\/product"}],"wp:featuredmedia":[{"embeddable":true,"href":"https:\/\/www.jh-itc.de\/es\/wp-json\/wp\/v2\/media\/43345"}],"wp:attachment":[{"href":"https:\/\/www.jh-itc.de\/es\/wp-json\/wp\/v2\/media?parent=43336"}],"wp:term":[{"taxonomy":"product_brand","embeddable":true,"href":"https:\/\/www.jh-itc.de\/es\/wp-json\/wp\/v2\/product_brand?post=43336"},{"taxonomy":"product_cat","embeddable":true,"href":"https:\/\/www.jh-itc.de\/es\/wp-json\/wp\/v2\/product_cat?post=43336"},{"taxonomy":"product_tag","embeddable":true,"href":"https:\/\/www.jh-itc.de\/es\/wp-json\/wp\/v2\/product_tag?post=43336"}],"curies":[{"name":"wp","href":"https:\/\/api.w.org\/{rel}","templated":true}]}}