{"id":43348,"date":"2015-06-09T23:54:47","date_gmt":"2023-04-24T13:57:59","guid":{"rendered":"https:\/\/www.jh-itc.de\/shop\/sin categor\u00eda\/peri-maximo-270m-330m\/"},"modified":"2023-04-24T15:57:59","modified_gmt":"2023-04-24T13:57:59","slug":"peri-maximo-270m-330m","status":"publish","type":"product","link":"https:\/\/www.jh-itc.de\/es\/shop\/peri-es\/peri-maximo-es\/peri-maximo-270m-330m\/","title":{"rendered":"Peri Maximo 2,70m + 3,30m"},"content":{"rendered":"<p>Ofrecemos varios art\u00edculos con<\/p>\n<p><strong>192 m\u00b2 &#8211; usado Peri Maximo 2,70m<\/strong><\/p>\n<p><strong>235 m\u00b2 &#8211; usado Peri Maximo 3,30m<\/strong><\/p>\n<p>Encofrado en.<\/p>\n<hr>\n<p>&nbsp;<\/p>\n<p>&nbsp;<\/p>\n<p>&nbsp;<\/p>\n","protected":false},"excerpt":{"rendered":"<p>El encofrado est\u00e1 en muy buen estado.<\/p>\n<p>Si est\u00e1 interesado, env\u00edenos su consulta.<\/p>\n","protected":false},"featured_media":43378,"template":"","meta":[],"product_brand":[],"product_cat":[304,315,306],"product_tag":[],"class_list":{"0":"post-43348","1":"product","2":"type-product","3":"status-publish","4":"has-post-thumbnail","6":"product_cat-peri-es","7":"product_cat-peri-maximo-es","8":"product_cat-encofrado","10":"first","11":"instock","12":"taxable","13":"shipping-taxable","14":"product-type-simple"},"yoast_head":"<!-- This site is optimized with the Yoast SEO plugin v27.3 - https:\/\/yoast.com\/product\/yoast-seo-wordpress\/ -->\n<title>Peri Maximo 2,70m + 3,30m - JH - ITC GmbH<\/title>\n<meta name=\"description\" content=\"Peri Maximo\" \/>\n<meta name=\"robots\" content=\"index, follow, max-snippet:-1, max-image-preview:large, max-video-preview:-1\" \/>\n<link rel=\"canonical\" href=\"https:\/\/www.jh-itc.de\/es\/shop\/peri-es\/peri-maximo-es\/peri-maximo-270m-330m\/\" \/>\n<meta property=\"og:locale\" content=\"es_ES\" \/>\n<meta property=\"og:type\" content=\"article\" \/>\n<meta property=\"og:title\" content=\"Peri Maximo 2,70m + 3,30m - JH - ITC GmbH\" \/>\n<meta property=\"og:description\" content=\"Peri Maximo\" \/>\n<meta property=\"og:url\" content=\"https:\/\/www.jh-itc.de\/es\/shop\/peri-es\/peri-maximo-es\/peri-maximo-270m-330m\/\" \/>\n<meta property=\"og:site_name\" content=\"JH - ITC GmbH\" \/>\n<meta property=\"article:publisher\" content=\"https:\/\/www.facebook.com\/schalungshandel\" \/>\n<meta property=\"og:image\" content=\"https:\/\/www.jh-itc.de\/wp-content\/uploads\/2015\/06\/Peri-Maximo-330-5.jpg\" \/>\n\t<meta property=\"og:image:width\" content=\"1024\" \/>\n\t<meta property=\"og:image:height\" content=\"768\" \/>\n\t<meta property=\"og:image:type\" content=\"image\/jpeg\" \/>\n<meta name=\"twitter:card\" content=\"summary_large_image\" \/>\n<meta name=\"twitter:site\" content=\"@JH_ITC\" \/>\n<!-- \/ Yoast SEO plugin. -->","yoast_head_json":{"title":"Peri Maximo 2,70m + 3,30m - JH - ITC GmbH","description":"Peri Maximo","robots":{"index":"index","follow":"follow","max-snippet":"max-snippet:-1","max-image-preview":"max-image-preview:large","max-video-preview":"max-video-preview:-1"},"canonical":"https:\/\/www.jh-itc.de\/es\/shop\/peri-es\/peri-maximo-es\/peri-maximo-270m-330m\/","og_locale":"es_ES","og_type":"article","og_title":"Peri Maximo 2,70m + 3,30m - JH - ITC GmbH","og_description":"Peri Maximo","og_url":"https:\/\/www.jh-itc.de\/es\/shop\/peri-es\/peri-maximo-es\/peri-maximo-270m-330m\/","og_site_name":"JH - ITC GmbH","article_publisher":"https:\/\/www.facebook.com\/schalungshandel","og_image":[{"width":1024,"height":768,"url":"https:\/\/www.jh-itc.de\/wp-content\/uploads\/2015\/06\/Peri-Maximo-330-5.jpg","type":"image\/jpeg"}],"twitter_card":"summary_large_image","twitter_site":"@JH_ITC","schema":{"@context":"https:\/\/schema.org","@graph":[{"@type":"WebPage","@id":"https:\/\/www.jh-itc.de\/es\/shop\/peri-es\/peri-maximo-es\/peri-maximo-270m-330m\/","url":"https:\/\/www.jh-itc.de\/es\/shop\/peri-es\/peri-maximo-es\/peri-maximo-270m-330m\/","name":"Peri Maximo 2,70m + 3,30m - JH - ITC GmbH","isPartOf":{"@id":"https:\/\/www.jh-itc.de\/es\/#website"},"primaryImageOfPage":{"@id":"https:\/\/www.jh-itc.de\/es\/shop\/peri-es\/peri-maximo-es\/peri-maximo-270m-330m\/#primaryimage"},"image":{"@id":"https:\/\/www.jh-itc.de\/es\/shop\/peri-es\/peri-maximo-es\/peri-maximo-270m-330m\/#primaryimage"},"thumbnailUrl":"https:\/\/www.jh-itc.de\/wp-content\/uploads\/2015\/06\/Peri-Maximo-330-5.jpg","datePublished":"2023-04-24T13:57:59+00:00","description":"Peri Maximo","breadcrumb":{"@id":"https:\/\/www.jh-itc.de\/es\/shop\/peri-es\/peri-maximo-es\/peri-maximo-270m-330m\/#breadcrumb"},"inLanguage":"es","potentialAction":[{"@type":"ReadAction","target":["https:\/\/www.jh-itc.de\/es\/shop\/peri-es\/peri-maximo-es\/peri-maximo-270m-330m\/"]}]},{"@type":"ImageObject","inLanguage":"es","@id":"https:\/\/www.jh-itc.de\/es\/shop\/peri-es\/peri-maximo-es\/peri-maximo-270m-330m\/#primaryimage","url":"https:\/\/www.jh-itc.de\/wp-content\/uploads\/2015\/06\/Peri-Maximo-330-5.jpg","contentUrl":"https:\/\/www.jh-itc.de\/wp-content\/uploads\/2015\/06\/Peri-Maximo-330-5.jpg","width":1024,"height":768},{"@type":"BreadcrumbList","@id":"https:\/\/www.jh-itc.de\/es\/shop\/peri-es\/peri-maximo-es\/peri-maximo-270m-330m\/#breadcrumb","itemListElement":[{"@type":"ListItem","position":1,"name":"Home","item":"https:\/\/www.jh-itc.de\/es\/"},{"@type":"ListItem","position":2,"name":"Tienda","item":"https:\/\/www.jh-itc.de\/es\/tienda\/"},{"@type":"ListItem","position":3,"name":"Peri Maximo 2,70m + 3,30m"}]},{"@type":"WebSite","@id":"https:\/\/www.jh-itc.de\/es\/#website","url":"https:\/\/www.jh-itc.de\/es\/","name":"JH - ITC GmbH","description":"Ihr Experte f\u00fcr gebrauchte St\u00fctzen, Schalungen und Ger\u00fcste","publisher":{"@id":"https:\/\/www.jh-itc.de\/es\/#organization"},"potentialAction":[{"@type":"SearchAction","target":{"@type":"EntryPoint","urlTemplate":"https:\/\/www.jh-itc.de\/es\/?s={search_term_string}"},"query-input":{"@type":"PropertyValueSpecification","valueRequired":true,"valueName":"search_term_string"}}],"inLanguage":"es"},{"@type":"Organization","@id":"https:\/\/www.jh-itc.de\/es\/#organization","name":"JH-ITC GmbH","url":"https:\/\/www.jh-itc.de\/es\/","logo":{"@type":"ImageObject","inLanguage":"es","@id":"https:\/\/www.jh-itc.de\/es\/#\/schema\/logo\/image\/","url":"https:\/\/www.jh-itc.de\/wp-content\/uploads\/2016\/01\/JH-ITC2-1.png","contentUrl":"https:\/\/www.jh-itc.de\/wp-content\/uploads\/2016\/01\/JH-ITC2-1.png","width":300,"height":102,"caption":"JH-ITC GmbH"},"image":{"@id":"https:\/\/www.jh-itc.de\/es\/#\/schema\/logo\/image\/"},"sameAs":["https:\/\/www.facebook.com\/schalungshandel","https:\/\/x.com\/JH_ITC","https:\/\/www.linkedin.com\/in\/jhitc","https:\/\/youtu.be\/rMdZ-FLfI-Y"]}]}},"_links":{"self":[{"href":"https:\/\/www.jh-itc.de\/es\/wp-json\/wp\/v2\/product\/43348","targetHints":{"allow":["GET"]}}],"collection":[{"href":"https:\/\/www.jh-itc.de\/es\/wp-json\/wp\/v2\/product"}],"about":[{"href":"https:\/\/www.jh-itc.de\/es\/wp-json\/wp\/v2\/types\/product"}],"wp:featuredmedia":[{"embeddable":true,"href":"https:\/\/www.jh-itc.de\/es\/wp-json\/wp\/v2\/media\/43378"}],"wp:attachment":[{"href":"https:\/\/www.jh-itc.de\/es\/wp-json\/wp\/v2\/media?parent=43348"}],"wp:term":[{"taxonomy":"product_brand","embeddable":true,"href":"https:\/\/www.jh-itc.de\/es\/wp-json\/wp\/v2\/product_brand?post=43348"},{"taxonomy":"product_cat","embeddable":true,"href":"https:\/\/www.jh-itc.de\/es\/wp-json\/wp\/v2\/product_cat?post=43348"},{"taxonomy":"product_tag","embeddable":true,"href":"https:\/\/www.jh-itc.de\/es\/wp-json\/wp\/v2\/product_tag?post=43348"}],"curies":[{"name":"wp","href":"https:\/\/api.w.org\/{rel}","templated":true}]}}