{"id":92064,"date":"2023-08-01T16:36:05","date_gmt":"2024-10-08T11:51:30","guid":{"rendered":"https:\/\/www.jh-itc.de\/shop\/sin categor\u00eda\/441m%c2%b2-encofrado-peri-trio-270m\/"},"modified":"2024-10-08T13:51:30","modified_gmt":"2024-10-08T11:51:30","slug":"441m%c2%b2-encofrado-peri-trio-270m","status":"publish","type":"product","link":"https:\/\/www.jh-itc.de\/es\/shop\/peri-es\/el-trio-peri\/441m%c2%b2-encofrado-peri-trio-270m\/","title":{"rendered":"441m\u00b2 &#8211; Encofrado Peri Tr\u00edo 2,70m"},"content":{"rendered":"","protected":false},"excerpt":{"rendered":"<p>Ofrecemos un paquete de 441 m\u00b2 &#8211; encofrado usado Peri Trio de 2,70 m.<\/p>\n<table width=\"676\">\n<tbody>\n<tr>\n<td width=\"80\"><span style=\"color: #ffffff;\">N\u00ba de art.<\/span><\/td>\n<td width=\"264\"><span style=\"color: #ffffff;\">Descripci\u00f3n del art\u00edculo<\/span><\/td>\n<td width=\"257\"><span style=\"color: #ffffff;\">Descripci\u00f3n<\/span><\/td>\n<td width=\"75\"><span style=\"color: #ffffff;\">Cantidad<\/span><\/td>\n<\/tr>\n<tr>\n<td><span style=\"color: #ffffff;\">023040<\/span><\/td>\n<td><span style=\"color: #ffffff;\">Elemento de persiana TR 270 x 24<\/span><\/td>\n<td><span style=\"color: #ffffff;\">Panel Stopend TR 270 x 24<\/span><\/td>\n<td><span style=\"color: #ffffff;\">6<\/span><\/td>\n<\/tr>\n<tr>\n<td><span style=\"color: #ffffff;\">023630<\/span><\/td>\n<td><span style=\"color: #ffffff;\">Soporte de anclaje-2 AH, galvanizado<\/span><\/td>\n<td><span style=\"color: #ffffff;\">Estribo de sujeci\u00f3n superior-2 AH, galvanizado<\/span><\/td>\n<td><span style=\"color: #ffffff;\">18<\/span><\/td>\n<\/tr>\n<tr>\n<td><span style=\"color: #ffffff;\">023550<\/span><\/td>\n<td><span style=\"color: #ffffff;\">Barra de compensaci\u00f3n TAR 85<\/span><\/td>\n<td><span style=\"color: #ffffff;\">Compensaci\u00f3n Waler TAR 85<\/span><\/td>\n<td><span style=\"color: #ffffff;\">16<\/span><\/td>\n<\/tr>\n<tr>\n<td><span style=\"color: #ffffff;\">022580<\/span><\/td>\n<td><span style=\"color: #ffffff;\">Esquina TE 270-2<\/span><\/td>\n<td><span style=\"color: #ffffff;\">Esquina interior TE 270-2<\/span><\/td>\n<td><span style=\"color: #ffffff;\">10<\/span><\/td>\n<\/tr>\n<tr>\n<td><span style=\"color: #ffffff;\">022510<\/span><\/td>\n<td><span style=\"color: #ffffff;\">Elemento TR 270 x 120<\/span><\/td>\n<td><span style=\"color: #ffffff;\">Panel TR 270 x 120<\/span><\/td>\n<td><span style=\"color: #ffffff;\">46<\/span><\/td>\n<\/tr>\n<tr>\n<td><span style=\"color: #ffffff;\">022570<\/span><\/td>\n<td><span style=\"color: #ffffff;\">Elemento TR 270 x 240<\/span><\/td>\n<td><span style=\"color: #ffffff;\">Panel TR 270 x 240<\/span><\/td>\n<td><span style=\"color: #ffffff;\">26<\/span><\/td>\n<\/tr>\n<tr>\n<td><span style=\"color: #ffffff;\">022560<\/span><\/td>\n<td><span style=\"color: #ffffff;\">Elemento TR 270 x 30<\/span><\/td>\n<td><span style=\"color: #ffffff;\">Panel TR 270 x 30<\/span><\/td>\n<td><span style=\"color: #ffffff;\">8<\/span><\/td>\n<\/tr>\n<tr>\n<td><span style=\"color: #ffffff;\">022550<\/span><\/td>\n<td><span style=\"color: #ffffff;\">Elemento TR 270 x 60<\/span><\/td>\n<td><span style=\"color: #ffffff;\">Panel TR 270 x 60<\/span><\/td>\n<td><span style=\"color: #ffffff;\">12<\/span><\/td>\n<\/tr>\n<tr>\n<td><span style=\"color: #ffffff;\">022530<\/span><\/td>\n<td><span style=\"color: #ffffff;\">Elemento TR 270 x 72<\/span><\/td>\n<td><span style=\"color: #ffffff;\">Panel TR 270 x 72<\/span><\/td>\n<td><span style=\"color: #ffffff;\">10<\/span><\/td>\n<\/tr>\n<tr>\n<td><span style=\"color: #ffffff;\">022520<\/span><\/td>\n<td><span style=\"color: #ffffff;\">Elemento TR 270 x 90<\/span><\/td>\n<td><span style=\"color: #ffffff;\">Panel TR 270 x 90<\/span><\/td>\n<td><span style=\"color: #ffffff;\">8<\/span><\/td>\n<\/tr>\n<tr>\n<td><span style=\"color: #ffffff;\">023200<\/span><\/td>\n<td><span style=\"color: #ffffff;\">Esquina de la bisagra TGE 270<\/span><\/td>\n<td><span style=\"color: #ffffff;\">Esquina articulada TGE 270<\/span><\/td>\n<td><span style=\"color: #ffffff;\">8<\/span><\/td>\n<\/tr>\n<tr>\n<td><span style=\"color: #ffffff;\">023670<\/span><\/td>\n<td><span style=\"color: #ffffff;\">Soporte de andamio TRG 80<\/span><\/td>\n<td><span style=\"color: #ffffff;\">Soporte de andamio TRG 80<\/span><\/td>\n<td><span style=\"color: #ffffff;\">30<\/span><\/td>\n<\/tr>\n<tr>\n<td><span style=\"color: #ffffff;\">023170<\/span><\/td>\n<td><span style=\"color: #ffffff;\">Compensaci\u00f3n de longitud LA 270 x 36<\/span><\/td>\n<td><span style=\"color: #ffffff;\">Placa de relleno LA 270 x 36<\/span><\/td>\n<td><span style=\"color: #ffffff;\">8<\/span><\/td>\n<\/tr>\n<tr>\n<td><span style=\"color: #ffffff;\">022540<\/span><\/td>\n<td><span style=\"color: #ffffff;\">Elementos polivalentes TRM 270 x 72<\/span><\/td>\n<td><span style=\"color: #ffffff;\">Panel m\u00faltiple TRM 270 x 72<\/span><\/td>\n<td><span style=\"color: #ffffff;\">8<\/span><\/td>\n<\/tr>\n<tr>\n<td><span style=\"color: #ffffff;\">030370<\/span><\/td>\n<td><span style=\"color: #ffffff;\">Placa de uni\u00f3n de tuercas DW 15, galv.<\/span><\/td>\n<td><span style=\"color: #ffffff;\">Placa de pivote de tuerca DW 15, galv.<\/span><\/td>\n<td><span style=\"color: #ffffff;\">250<\/span><\/td>\n<\/tr>\n<tr>\n<td><span style=\"color: #ffffff;\">023500<\/span><\/td>\n<td><span style=\"color: #ffffff;\">Bloqueo de alineaci\u00f3n BFD, galvanizado<\/span><\/td>\n<td><span style=\"color: #ffffff;\">Acoplador de alineaci\u00f3n BFD, galv.<\/span><\/td>\n<td><span style=\"color: #ffffff;\">280<\/span><\/td>\n<\/tr>\n<tr>\n<td><span style=\"color: #ffffff;\">023930<\/span><\/td>\n<td><span style=\"color: #ffffff;\">Tope de cerrojo<\/span><\/td>\n<td><span style=\"color: #ffffff;\">Parada Waler<\/span><\/td>\n<td><span style=\"color: #ffffff;\">23<\/span><\/td>\n<\/tr>\n<tr>\n<td><span style=\"color: #ffffff;\">023820<\/span><\/td>\n<td><span style=\"color: #ffffff;\">Cabeza de gancho de sujeci\u00f3n DW 15, galvanizada<\/span><\/td>\n<td><span style=\"color: #ffffff;\">Gancho Cabeza de atado DW 15, galvanizado<\/span><\/td>\n<td><span style=\"color: #ffffff;\">20<\/span><\/td>\n<\/tr>\n<tr>\n<td><span style=\"color: #ffffff;\">030030<\/span><\/td>\n<td width=\"264\"><span style=\"color: #ffffff;\">Acero pretensado DW 15 longitud especial<\/span><\/td>\n<td width=\"257\"><span style=\"color: #ffffff;\">Tirante DW 15 Espec. Longitud<\/span><\/td>\n<td><span style=\"color: #ffffff;\">105<\/span><\/td>\n<\/tr>\n<tr>\n<td><span style=\"color: #ffffff;\">027510<\/span><\/td>\n<td><span style=\"color: #ffffff;\">Soporte SB-2<\/span><\/td>\n<td><span style=\"color: #ffffff;\">Marco de refuerzo SB 2<\/span><\/td>\n<td><span style=\"color: #ffffff;\">11<\/span><\/td>\n<\/tr>\n<tr>\n<td><span style=\"color: #ffffff;\">117322<\/span><\/td>\n<td><span style=\"color: #ffffff;\">Percha de transporte MX<\/span><\/td>\n<td><\/td>\n<td><span style=\"color: #ffffff;\">2<\/span><\/td>\n<\/tr>\n<tr>\n<td><span style=\"color: #ffffff;\">115168<\/span><\/td>\n<td><span style=\"color: #ffffff;\">Gancho de desplazamiento MAXIMO 1,5 t<\/span><\/td>\n<td><span style=\"color: #ffffff;\">Gancho de elevaci\u00f3n MAXIMO 1,5 t<\/span><\/td>\n<td><span style=\"color: #ffffff;\">6<\/span><\/td>\n<\/tr>\n<tr>\n<td><span style=\"color: #ffffff;\">023181<\/span><\/td>\n<td><span style=\"color: #ffffff;\">Compensaci\u00f3n del espesor de pared WDAS 270 x 5, aluminio<\/span><\/td>\n<td><span style=\"color: #ffffff;\">Espesor de pared comp. WDAS\/4 270 x 5, aluminio<\/span><\/td>\n<td><span style=\"color: #ffffff;\">4<\/span><\/td>\n<\/tr>\n<tr>\n<td><span style=\"color: #ffffff;\">023191<\/span><\/td>\n<td><span style=\"color: #ffffff;\">Compensaci\u00f3n del espesor de pared WDAS 270 x 6, aluminio<\/span><\/td>\n<td><span style=\"color: #ffffff;\">Espesor de pared comp. WDAS\/4 270 x 6, aluminio<\/span><\/td>\n<td><span style=\"color: #ffffff;\">12<\/span><\/td>\n<\/tr>\n<\/tbody>\n<\/table>\n<p>Este encofrado est\u00e1 en buen estado incl. Accesorios disponibles.<\/p>\n<p>Si est\u00e1s interesado, env\u00edanos una solicitud.<\/p>\n<p>&nbsp;<\/p>\n","protected":false},"featured_media":44469,"template":"","meta":[],"product_brand":[],"product_cat":[312,304,306],"product_tag":[],"class_list":{"0":"post-92064","1":"product","2":"type-product","3":"status-publish","4":"has-post-thumbnail","6":"product_cat-el-trio-peri","7":"product_cat-peri-es","8":"product_cat-encofrado","10":"first","11":"instock","12":"taxable","13":"shipping-taxable","14":"product-type-simple"},"yoast_head":"<!-- This site is optimized with the Yoast SEO plugin v27.5 - https:\/\/yoast.com\/product\/yoast-seo-wordpress\/ -->\n<title>441m\u00b2 - Encofrado Peri Tr\u00edo 2,70m - JH - ITC GmbH<\/title>\n<meta name=\"description\" content=\"441m\u00b2 - Encofrado Peri Tr\u00edo 2,70m. Fabricantes de renombre \u2714 Encofrados, puntales, andamios y maquinaria de construcci\u00f3n nuevos y usados \u2714 \u00a1Solicite un presupuesto ahora!\" \/>\n<meta name=\"robots\" content=\"index, follow, max-snippet:-1, max-image-preview:large, max-video-preview:-1\" \/>\n<link rel=\"canonical\" href=\"https:\/\/www.jh-itc.de\/es\/shop\/peri-es\/el-trio-peri\/441m%c2%b2-encofrado-peri-trio-270m\/\" \/>\n<meta property=\"og:locale\" content=\"es_ES\" \/>\n<meta property=\"og:type\" content=\"article\" \/>\n<meta property=\"og:title\" content=\"441m\u00b2 - Encofrado Peri Tr\u00edo 2,70m - JH - ITC GmbH\" \/>\n<meta property=\"og:description\" content=\"441m\u00b2 - Encofrado Peri Tr\u00edo 2,70m. Fabricantes de renombre \u2714 Encofrados, puntales, andamios y maquinaria de construcci\u00f3n nuevos y usados \u2714 \u00a1Solicite un presupuesto ahora!\" \/>\n<meta property=\"og:url\" content=\"https:\/\/www.jh-itc.de\/es\/shop\/peri-es\/el-trio-peri\/441m%c2%b2-encofrado-peri-trio-270m\/\" \/>\n<meta property=\"og:site_name\" content=\"JH - ITC GmbH\" \/>\n<meta property=\"article:publisher\" content=\"https:\/\/www.facebook.com\/schalungshandel\" \/>\n<meta property=\"og:image\" content=\"https:\/\/www.jh-itc.de\/wp-content\/uploads\/2023\/08\/Peri-Trio-270m-_441m\u00b2-jpg-8.jpg\" \/>\n\t<meta property=\"og:image:width\" content=\"2048\" \/>\n\t<meta property=\"og:image:height\" content=\"1536\" \/>\n\t<meta property=\"og:image:type\" content=\"image\/jpeg\" \/>\n<meta name=\"twitter:card\" content=\"summary_large_image\" \/>\n<meta name=\"twitter:site\" content=\"@JH_ITC\" \/>\n<!-- \/ Yoast SEO plugin. -->","yoast_head_json":{"title":"441m\u00b2 - Encofrado Peri Tr\u00edo 2,70m - JH - ITC GmbH","description":"441m\u00b2 - Encofrado Peri Tr\u00edo 2,70m. Fabricantes de renombre \u2714 Encofrados, puntales, andamios y maquinaria de construcci\u00f3n nuevos y usados \u2714 \u00a1Solicite un presupuesto ahora!","robots":{"index":"index","follow":"follow","max-snippet":"max-snippet:-1","max-image-preview":"max-image-preview:large","max-video-preview":"max-video-preview:-1"},"canonical":"https:\/\/www.jh-itc.de\/es\/shop\/peri-es\/el-trio-peri\/441m%c2%b2-encofrado-peri-trio-270m\/","og_locale":"es_ES","og_type":"article","og_title":"441m\u00b2 - Encofrado Peri Tr\u00edo 2,70m - JH - ITC GmbH","og_description":"441m\u00b2 - Encofrado Peri Tr\u00edo 2,70m. Fabricantes de renombre \u2714 Encofrados, puntales, andamios y maquinaria de construcci\u00f3n nuevos y usados \u2714 \u00a1Solicite un presupuesto ahora!","og_url":"https:\/\/www.jh-itc.de\/es\/shop\/peri-es\/el-trio-peri\/441m%c2%b2-encofrado-peri-trio-270m\/","og_site_name":"JH - ITC GmbH","article_publisher":"https:\/\/www.facebook.com\/schalungshandel","og_image":[{"width":2048,"height":1536,"url":"https:\/\/www.jh-itc.de\/wp-content\/uploads\/2023\/08\/Peri-Trio-270m-_441m\u00b2-jpg-8.jpg","type":"image\/jpeg"}],"twitter_card":"summary_large_image","twitter_site":"@JH_ITC","schema":{"@context":"https:\/\/schema.org","@graph":[{"@type":"WebPage","@id":"https:\/\/www.jh-itc.de\/es\/shop\/peri-es\/el-trio-peri\/441m%c2%b2-encofrado-peri-trio-270m\/","url":"https:\/\/www.jh-itc.de\/es\/shop\/peri-es\/el-trio-peri\/441m%c2%b2-encofrado-peri-trio-270m\/","name":"441m\u00b2 - Encofrado Peri Tr\u00edo 2,70m - JH - ITC GmbH","isPartOf":{"@id":"https:\/\/www.jh-itc.de\/es\/#website"},"primaryImageOfPage":{"@id":"https:\/\/www.jh-itc.de\/es\/shop\/peri-es\/el-trio-peri\/441m%c2%b2-encofrado-peri-trio-270m\/#primaryimage"},"image":{"@id":"https:\/\/www.jh-itc.de\/es\/shop\/peri-es\/el-trio-peri\/441m%c2%b2-encofrado-peri-trio-270m\/#primaryimage"},"thumbnailUrl":"https:\/\/www.jh-itc.de\/wp-content\/uploads\/2023\/08\/Peri-Trio-270m-_441m\u00b2-jpg-8.jpg","datePublished":"2024-10-08T11:51:30+00:00","description":"441m\u00b2 - Encofrado Peri Tr\u00edo 2,70m. Fabricantes de renombre \u2714 Encofrados, puntales, andamios y maquinaria de construcci\u00f3n nuevos y usados \u2714 \u00a1Solicite un presupuesto ahora!","breadcrumb":{"@id":"https:\/\/www.jh-itc.de\/es\/shop\/peri-es\/el-trio-peri\/441m%c2%b2-encofrado-peri-trio-270m\/#breadcrumb"},"inLanguage":"es","potentialAction":[{"@type":"ReadAction","target":["https:\/\/www.jh-itc.de\/es\/shop\/peri-es\/el-trio-peri\/441m%c2%b2-encofrado-peri-trio-270m\/"]}]},{"@type":"ImageObject","inLanguage":"es","@id":"https:\/\/www.jh-itc.de\/es\/shop\/peri-es\/el-trio-peri\/441m%c2%b2-encofrado-peri-trio-270m\/#primaryimage","url":"https:\/\/www.jh-itc.de\/wp-content\/uploads\/2023\/08\/Peri-Trio-270m-_441m\u00b2-jpg-8.jpg","contentUrl":"https:\/\/www.jh-itc.de\/wp-content\/uploads\/2023\/08\/Peri-Trio-270m-_441m\u00b2-jpg-8.jpg","width":2048,"height":1536},{"@type":"BreadcrumbList","@id":"https:\/\/www.jh-itc.de\/es\/shop\/peri-es\/el-trio-peri\/441m%c2%b2-encofrado-peri-trio-270m\/#breadcrumb","itemListElement":[{"@type":"ListItem","position":1,"name":"Home","item":"https:\/\/www.jh-itc.de\/es\/"},{"@type":"ListItem","position":2,"name":"Tienda","item":"https:\/\/www.jh-itc.de\/es\/tienda\/"},{"@type":"ListItem","position":3,"name":"441m\u00b2 &#8211; Encofrado Peri Tr\u00edo 2,70m"}]},{"@type":"WebSite","@id":"https:\/\/www.jh-itc.de\/es\/#website","url":"https:\/\/www.jh-itc.de\/es\/","name":"JH - ITC GmbH","description":"Ihr Experte f\u00fcr gebrauchte St\u00fctzen, Schalungen und Ger\u00fcste","publisher":{"@id":"https:\/\/www.jh-itc.de\/es\/#organization"},"potentialAction":[{"@type":"SearchAction","target":{"@type":"EntryPoint","urlTemplate":"https:\/\/www.jh-itc.de\/es\/?s={search_term_string}"},"query-input":{"@type":"PropertyValueSpecification","valueRequired":true,"valueName":"search_term_string"}}],"inLanguage":"es"},{"@type":"Organization","@id":"https:\/\/www.jh-itc.de\/es\/#organization","name":"JH-ITC GmbH","url":"https:\/\/www.jh-itc.de\/es\/","logo":{"@type":"ImageObject","inLanguage":"es","@id":"https:\/\/www.jh-itc.de\/es\/#\/schema\/logo\/image\/","url":"https:\/\/www.jh-itc.de\/wp-content\/uploads\/2016\/01\/JH-ITC2-1.png","contentUrl":"https:\/\/www.jh-itc.de\/wp-content\/uploads\/2016\/01\/JH-ITC2-1.png","width":300,"height":102,"caption":"JH-ITC GmbH"},"image":{"@id":"https:\/\/www.jh-itc.de\/es\/#\/schema\/logo\/image\/"},"sameAs":["https:\/\/www.facebook.com\/schalungshandel","https:\/\/x.com\/JH_ITC","https:\/\/www.linkedin.com\/in\/jhitc","https:\/\/youtu.be\/rMdZ-FLfI-Y"]}]}},"_links":{"self":[{"href":"https:\/\/www.jh-itc.de\/es\/wp-json\/wp\/v2\/product\/92064","targetHints":{"allow":["GET"]}}],"collection":[{"href":"https:\/\/www.jh-itc.de\/es\/wp-json\/wp\/v2\/product"}],"about":[{"href":"https:\/\/www.jh-itc.de\/es\/wp-json\/wp\/v2\/types\/product"}],"wp:featuredmedia":[{"embeddable":true,"href":"https:\/\/www.jh-itc.de\/es\/wp-json\/wp\/v2\/media\/44469"}],"wp:attachment":[{"href":"https:\/\/www.jh-itc.de\/es\/wp-json\/wp\/v2\/media?parent=92064"}],"wp:term":[{"taxonomy":"product_brand","embeddable":true,"href":"https:\/\/www.jh-itc.de\/es\/wp-json\/wp\/v2\/product_brand?post=92064"},{"taxonomy":"product_cat","embeddable":true,"href":"https:\/\/www.jh-itc.de\/es\/wp-json\/wp\/v2\/product_cat?post=92064"},{"taxonomy":"product_tag","embeddable":true,"href":"https:\/\/www.jh-itc.de\/es\/wp-json\/wp\/v2\/product_tag?post=92064"}],"curies":[{"name":"wp","href":"https:\/\/api.w.org\/{rel}","templated":true}]}}