{"id":92139,"date":"2023-06-30T14:06:22","date_gmt":"2024-10-08T11:53:15","guid":{"rendered":"https:\/\/www.jh-itc.de\/shop\/sin categor\u00eda\/encofrado-de-losas-ulma-cc-4\/"},"modified":"2024-10-08T13:53:15","modified_gmt":"2024-10-08T11:53:15","slug":"encofrado-de-losas-ulma-cc-4","status":"publish","type":"product","link":"https:\/\/www.jh-itc.de\/es\/shop\/encofrado\/encofrado-de-losas-ulma-cc-4\/","title":{"rendered":"Encofrado de losas Ulma CC-4"},"content":{"rendered":"<div>\n<p><strong>\u00bfQu\u00e9 es CC-4 Protect?<\/strong><\/p>\n<p>&nbsp;<\/p>\n<\/div>\n<ul>\n<li>El encofrado modular para forjados CC-4 ampliado por un sistema desplegable y de protecci\u00f3n lateral<\/li>\n<li>El sistema CC-4 existente se ampl\u00eda con accesorios que se conectan al encofrado<\/li>\n<li>Un sistema en el que los paneles se instalan desde arriba, sin EPI (equipo de protecci\u00f3n individual contra ca\u00eddas).<\/li>\n<li>Una soluci\u00f3n t\u00e9cnica seg\u00fan el principio \u00abTOP\u00bb (Ordenanza de Seguridad Industrial)<\/li>\n<li>La protecci\u00f3n contra ca\u00eddas y la protecci\u00f3n lateral se fijan desde abajo<\/li>\n<\/ul>\n<p>&nbsp;<\/p>\n<p>El aspecto t\u00e9cnico y de seguridad m\u00e1s destacado del nuevo CC-4 Protect se basa en la integraci\u00f3n de una innovadora soluci\u00f3n de protecci\u00f3n contra ca\u00eddas y protecci\u00f3n lateral en la geometr\u00eda del sistema del probado encofrado modular para losas CC-4. La especial sofisticaci\u00f3n de esta nueva soluci\u00f3n de sistema reside en que se mantiene la estructura de la soluci\u00f3n de encofrado CC-4 original. El uso de accesorios especiales ha permitido optimizar de forma sostenible el nivel de seguridad del acreditado sistema de encofrado.<\/p>\n<p>&nbsp;<\/p>\n<p>Enlace al fabricante:<\/p>\n<p><a href=\"https:\/\/www.ulmaconstruction.de\/deckenschalung\/cc-4-schalung\">Encofrado | CC-4 (ulmaconstruction.de)<\/a><\/p>\n<p>&nbsp;<\/p>\n","protected":false},"excerpt":{"rendered":"<p>Ofrecemos encofrado para forjados Ulma CC-4 de segunda mano.<\/p>\n<p>Si est\u00e1 interesado, env\u00edenos su consulta.<\/p>\n","protected":false},"featured_media":44157,"template":"","meta":[],"product_brand":[],"product_cat":[306],"product_tag":[],"class_list":{"0":"post-92139","1":"product","2":"type-product","3":"status-publish","4":"has-post-thumbnail","6":"product_cat-encofrado","8":"first","9":"instock","10":"taxable","11":"shipping-taxable","12":"product-type-simple"},"yoast_head":"<!-- This site is optimized with the Yoast SEO plugin v27.3 - https:\/\/yoast.com\/product\/yoast-seo-wordpress\/ -->\n<title>Encofrado de losas Ulma CC-4 - JH - ITC GmbH<\/title>\n<meta name=\"description\" content=\"Encofrado de losas Ulma CC-4. Fabricantes de renombre \u2714 Encofrados, puntales, andamios y maquinaria de construcci\u00f3n nuevos y usados \u2714 \u00a1Solicite un presupuesto ahora!\" \/>\n<meta name=\"robots\" content=\"index, follow, max-snippet:-1, max-image-preview:large, max-video-preview:-1\" \/>\n<link rel=\"canonical\" href=\"https:\/\/www.jh-itc.de\/es\/shop\/encofrado\/encofrado-de-losas-ulma-cc-4\/\" \/>\n<meta property=\"og:locale\" content=\"es_ES\" \/>\n<meta property=\"og:type\" content=\"article\" \/>\n<meta property=\"og:title\" content=\"Encofrado de losas Ulma CC-4 - JH - ITC GmbH\" \/>\n<meta property=\"og:description\" content=\"Encofrado de losas Ulma CC-4. Fabricantes de renombre \u2714 Encofrados, puntales, andamios y maquinaria de construcci\u00f3n nuevos y usados \u2714 \u00a1Solicite un presupuesto ahora!\" \/>\n<meta property=\"og:url\" content=\"https:\/\/www.jh-itc.de\/es\/shop\/encofrado\/encofrado-de-losas-ulma-cc-4\/\" \/>\n<meta property=\"og:site_name\" content=\"JH - ITC GmbH\" \/>\n<meta property=\"article:publisher\" content=\"https:\/\/www.facebook.com\/schalungshandel\" \/>\n<meta property=\"og:image\" content=\"https:\/\/www.jh-itc.de\/wp-content\/uploads\/2023\/06\/Ulma-Onadek-12.jpg\" \/>\n\t<meta property=\"og:image:width\" content=\"768\" \/>\n\t<meta property=\"og:image:height\" content=\"1024\" \/>\n\t<meta property=\"og:image:type\" content=\"image\/jpeg\" \/>\n<meta name=\"twitter:card\" content=\"summary_large_image\" \/>\n<meta name=\"twitter:site\" content=\"@JH_ITC\" \/>\n<meta name=\"twitter:label1\" content=\"Tiempo de lectura\" \/>\n\t<meta name=\"twitter:data1\" content=\"1 minuto\" \/>\n<!-- \/ Yoast SEO plugin. -->","yoast_head_json":{"title":"Encofrado de losas Ulma CC-4 - JH - ITC GmbH","description":"Encofrado de losas Ulma CC-4. Fabricantes de renombre \u2714 Encofrados, puntales, andamios y maquinaria de construcci\u00f3n nuevos y usados \u2714 \u00a1Solicite un presupuesto ahora!","robots":{"index":"index","follow":"follow","max-snippet":"max-snippet:-1","max-image-preview":"max-image-preview:large","max-video-preview":"max-video-preview:-1"},"canonical":"https:\/\/www.jh-itc.de\/es\/shop\/encofrado\/encofrado-de-losas-ulma-cc-4\/","og_locale":"es_ES","og_type":"article","og_title":"Encofrado de losas Ulma CC-4 - JH - ITC GmbH","og_description":"Encofrado de losas Ulma CC-4. Fabricantes de renombre \u2714 Encofrados, puntales, andamios y maquinaria de construcci\u00f3n nuevos y usados \u2714 \u00a1Solicite un presupuesto ahora!","og_url":"https:\/\/www.jh-itc.de\/es\/shop\/encofrado\/encofrado-de-losas-ulma-cc-4\/","og_site_name":"JH - ITC GmbH","article_publisher":"https:\/\/www.facebook.com\/schalungshandel","og_image":[{"width":768,"height":1024,"url":"https:\/\/www.jh-itc.de\/wp-content\/uploads\/2023\/06\/Ulma-Onadek-12.jpg","type":"image\/jpeg"}],"twitter_card":"summary_large_image","twitter_site":"@JH_ITC","twitter_misc":{"Tiempo de lectura":"1 minuto"},"schema":{"@context":"https:\/\/schema.org","@graph":[{"@type":"WebPage","@id":"https:\/\/www.jh-itc.de\/es\/shop\/encofrado\/encofrado-de-losas-ulma-cc-4\/","url":"https:\/\/www.jh-itc.de\/es\/shop\/encofrado\/encofrado-de-losas-ulma-cc-4\/","name":"Encofrado de losas Ulma CC-4 - JH - ITC GmbH","isPartOf":{"@id":"https:\/\/www.jh-itc.de\/es\/#website"},"primaryImageOfPage":{"@id":"https:\/\/www.jh-itc.de\/es\/shop\/encofrado\/encofrado-de-losas-ulma-cc-4\/#primaryimage"},"image":{"@id":"https:\/\/www.jh-itc.de\/es\/shop\/encofrado\/encofrado-de-losas-ulma-cc-4\/#primaryimage"},"thumbnailUrl":"https:\/\/www.jh-itc.de\/wp-content\/uploads\/2023\/06\/Ulma-Onadek-12.jpg","datePublished":"2024-10-08T11:53:15+00:00","description":"Encofrado de losas Ulma CC-4. Fabricantes de renombre \u2714 Encofrados, puntales, andamios y maquinaria de construcci\u00f3n nuevos y usados \u2714 \u00a1Solicite un presupuesto ahora!","breadcrumb":{"@id":"https:\/\/www.jh-itc.de\/es\/shop\/encofrado\/encofrado-de-losas-ulma-cc-4\/#breadcrumb"},"inLanguage":"es","potentialAction":[{"@type":"ReadAction","target":["https:\/\/www.jh-itc.de\/es\/shop\/encofrado\/encofrado-de-losas-ulma-cc-4\/"]}]},{"@type":"ImageObject","inLanguage":"es","@id":"https:\/\/www.jh-itc.de\/es\/shop\/encofrado\/encofrado-de-losas-ulma-cc-4\/#primaryimage","url":"https:\/\/www.jh-itc.de\/wp-content\/uploads\/2023\/06\/Ulma-Onadek-12.jpg","contentUrl":"https:\/\/www.jh-itc.de\/wp-content\/uploads\/2023\/06\/Ulma-Onadek-12.jpg","width":768,"height":1024},{"@type":"BreadcrumbList","@id":"https:\/\/www.jh-itc.de\/es\/shop\/encofrado\/encofrado-de-losas-ulma-cc-4\/#breadcrumb","itemListElement":[{"@type":"ListItem","position":1,"name":"Home","item":"https:\/\/www.jh-itc.de\/es\/"},{"@type":"ListItem","position":2,"name":"Tienda","item":"https:\/\/www.jh-itc.de\/es\/tienda\/"},{"@type":"ListItem","position":3,"name":"Encofrado de losas Ulma CC-4"}]},{"@type":"WebSite","@id":"https:\/\/www.jh-itc.de\/es\/#website","url":"https:\/\/www.jh-itc.de\/es\/","name":"JH - ITC GmbH","description":"Ihr Experte f\u00fcr gebrauchte St\u00fctzen, Schalungen und Ger\u00fcste","publisher":{"@id":"https:\/\/www.jh-itc.de\/es\/#organization"},"potentialAction":[{"@type":"SearchAction","target":{"@type":"EntryPoint","urlTemplate":"https:\/\/www.jh-itc.de\/es\/?s={search_term_string}"},"query-input":{"@type":"PropertyValueSpecification","valueRequired":true,"valueName":"search_term_string"}}],"inLanguage":"es"},{"@type":"Organization","@id":"https:\/\/www.jh-itc.de\/es\/#organization","name":"JH-ITC GmbH","url":"https:\/\/www.jh-itc.de\/es\/","logo":{"@type":"ImageObject","inLanguage":"es","@id":"https:\/\/www.jh-itc.de\/es\/#\/schema\/logo\/image\/","url":"https:\/\/www.jh-itc.de\/wp-content\/uploads\/2016\/01\/JH-ITC2-1.png","contentUrl":"https:\/\/www.jh-itc.de\/wp-content\/uploads\/2016\/01\/JH-ITC2-1.png","width":300,"height":102,"caption":"JH-ITC GmbH"},"image":{"@id":"https:\/\/www.jh-itc.de\/es\/#\/schema\/logo\/image\/"},"sameAs":["https:\/\/www.facebook.com\/schalungshandel","https:\/\/x.com\/JH_ITC","https:\/\/www.linkedin.com\/in\/jhitc","https:\/\/youtu.be\/rMdZ-FLfI-Y"]}]}},"_links":{"self":[{"href":"https:\/\/www.jh-itc.de\/es\/wp-json\/wp\/v2\/product\/92139","targetHints":{"allow":["GET"]}}],"collection":[{"href":"https:\/\/www.jh-itc.de\/es\/wp-json\/wp\/v2\/product"}],"about":[{"href":"https:\/\/www.jh-itc.de\/es\/wp-json\/wp\/v2\/types\/product"}],"wp:featuredmedia":[{"embeddable":true,"href":"https:\/\/www.jh-itc.de\/es\/wp-json\/wp\/v2\/media\/44157"}],"wp:attachment":[{"href":"https:\/\/www.jh-itc.de\/es\/wp-json\/wp\/v2\/media?parent=92139"}],"wp:term":[{"taxonomy":"product_brand","embeddable":true,"href":"https:\/\/www.jh-itc.de\/es\/wp-json\/wp\/v2\/product_brand?post=92139"},{"taxonomy":"product_cat","embeddable":true,"href":"https:\/\/www.jh-itc.de\/es\/wp-json\/wp\/v2\/product_cat?post=92139"},{"taxonomy":"product_tag","embeddable":true,"href":"https:\/\/www.jh-itc.de\/es\/wp-json\/wp\/v2\/product_tag?post=92139"}],"curies":[{"name":"wp","href":"https:\/\/api.w.org\/{rel}","templated":true}]}}