{"id":92166,"date":"2024-03-27T13:38:10","date_gmt":"2024-10-08T11:54:05","guid":{"rendered":"https:\/\/www.jh-itc.de\/shop\/sin categor\u00eda\/encofrado-de-pilares-pax-hd\/"},"modified":"2024-10-08T13:54:05","modified_gmt":"2024-10-08T11:54:05","slug":"encofrado-de-pilares-pax-hd","status":"publish","type":"product","link":"https:\/\/www.jh-itc.de\/es\/shop\/sin categor\u00eda\/encofrado-de-pilares-pax-hd\/","title":{"rendered":"Encofrado de pilares Pax HD"},"content":{"rendered":"<p><strong>La forma m\u00e1s r\u00e1pida de formar columnas rectangulares<\/strong><\/p>\n<p>El esfuerzo necesario para formar columnas rectangulares de diversos dise\u00f1os a la manera tradicional es enorme en relaci\u00f3n con la superficie que hay que crear. Minimizar este esfuerzo manteniendo la flexibilidad en altura y secci\u00f3n fue el requisito para el desarrollo de un tipo de encofrado completamente nuevo para pilares rectangulares.<\/p>\n<p>La introducci\u00f3n del encofrado de pilares PAX HD cumple con creces este requisito. Una caracter\u00edstica \u00fanica es el mecanismo de plegado patentado, que permite abrir, mover y volver a cerrar el encofrado en el menor tiempo posible.<\/p>\n<p>&nbsp;<\/p>\n<div id=\"elementor-tab-title-3161\" class=\"elementor-tab-title elementor-active\" tabindex=\"0\" role=\"button\" data-tab=\"1\" aria-controls=\"elementor-tab-content-3161\" aria-expanded=\"true\" aria-selected=\"true\"><strong><a class=\"elementor-accordion-title\" tabindex=\"0\">Detalles t\u00e9cnicos<\/a><\/strong><\/div>\n<div id=\"elementor-tab-content-3161\" class=\"elementor-tab-content elementor-clearfix elementor-active\" role=\"region\" data-tab=\"1\" aria-labelledby=\"elementor-tab-title-3161\">\n<p>Se pueden crear secciones transversales cuadradas y rectangulares de 20\/20 cm a 60\/60 cm o de 50\/50 cm a 120\/120 cm en incrementos de 5 cm. La altura m\u00e1xima de encofrado es pr\u00e1cticamente ilimitada y se puede hormigonar hasta una altura de llenado de 4,80 m, independientemente de la velocidad.<\/p>\n<p><strong>Est\u00e1n disponibles las siguientes versiones<\/strong><\/p>\n<p>Soporte PAX HD 320\/60*.<br \/>\nSoporte PAX HD 270\/60<br \/>\nSoporte PAX HD 120\/60<br \/>\nSoporte de extensi\u00f3n PAX HD 40\/60<br \/>\nSoporte PAX HD 320\/120<br \/>\nSoporte PAX HD 270\/120<br \/>\nSoporte PAX HD 120\/120<br \/>\nSoporte de extensi\u00f3n PAX HD 40\/120<\/p>\n<p>*Altura\/m\u00e1x. Secci\u00f3n transversal<\/p>\n<\/div>\n","protected":false},"excerpt":{"rendered":"<p>Ofrecemos 4 paneles de encofrado de pilares Pax HD.<\/p>\n<p>Si est\u00e1 interesado, env\u00edenos su consulta.<\/p>\n","protected":false},"featured_media":0,"template":"","meta":[],"product_brand":[],"product_cat":[],"product_tag":[],"class_list":{"0":"post-92166","1":"product","2":"type-product","3":"status-publish","6":"first","7":"instock","8":"taxable","9":"shipping-taxable","10":"product-type-simple"},"yoast_head":"<!-- This site is optimized with the Yoast SEO plugin v27.4 - https:\/\/yoast.com\/product\/yoast-seo-wordpress\/ -->\n<title>Encofrado de pilares Pax HD - JH - ITC GmbH<\/title>\n<meta name=\"description\" content=\"Encofrado de pilares Pax HD. Fabricantes de renombre \u2714 Encofrados, puntales, andamios y maquinaria de construcci\u00f3n nuevos y usados \u2714 \u00a1Solicite un presupuesto ahora!\" \/>\n<meta name=\"robots\" content=\"index, follow, max-snippet:-1, max-image-preview:large, max-video-preview:-1\" \/>\n<link rel=\"canonical\" href=\"https:\/\/www.jh-itc.de\/es\/shop\/sin%20categor\u00eda\/encofrado-de-pilares-pax-hd\/\" \/>\n<meta property=\"og:locale\" content=\"es_ES\" \/>\n<meta property=\"og:type\" content=\"article\" \/>\n<meta property=\"og:title\" content=\"Encofrado de pilares Pax HD - JH - ITC GmbH\" \/>\n<meta property=\"og:description\" content=\"Encofrado de pilares Pax HD. Fabricantes de renombre \u2714 Encofrados, puntales, andamios y maquinaria de construcci\u00f3n nuevos y usados \u2714 \u00a1Solicite un presupuesto ahora!\" \/>\n<meta property=\"og:url\" content=\"https:\/\/www.jh-itc.de\/es\/shop\/sin categor\u00eda\/encofrado-de-pilares-pax-hd\/\" \/>\n<meta property=\"og:site_name\" content=\"JH - ITC GmbH\" \/>\n<meta property=\"article:publisher\" content=\"https:\/\/www.facebook.com\/schalungshandel\" \/>\n<meta property=\"og:image\" content=\"https:\/\/www.jh-itc.de\/wp-content\/uploads\/2024\/03\/schema-des-oeffnungs-und-schliessvorganges-pax-e1617781836688.jpg\" \/>\n\t<meta property=\"og:image:width\" content=\"632\" \/>\n\t<meta property=\"og:image:height\" content=\"902\" \/>\n\t<meta property=\"og:image:type\" content=\"image\/jpeg\" \/>\n<meta name=\"twitter:card\" content=\"summary_large_image\" \/>\n<meta name=\"twitter:site\" content=\"@JH_ITC\" \/>\n<meta name=\"twitter:label1\" content=\"Tiempo de lectura\" \/>\n\t<meta name=\"twitter:data1\" content=\"1 minuto\" \/>\n<!-- \/ Yoast SEO plugin. -->","yoast_head_json":{"title":"Encofrado de pilares Pax HD - JH - ITC GmbH","description":"Encofrado de pilares Pax HD. Fabricantes de renombre \u2714 Encofrados, puntales, andamios y maquinaria de construcci\u00f3n nuevos y usados \u2714 \u00a1Solicite un presupuesto ahora!","robots":{"index":"index","follow":"follow","max-snippet":"max-snippet:-1","max-image-preview":"max-image-preview:large","max-video-preview":"max-video-preview:-1"},"canonical":"https:\/\/www.jh-itc.de\/es\/shop\/sin categor\u00eda\/encofrado-de-pilares-pax-hd\/","og_locale":"es_ES","og_type":"article","og_title":"Encofrado de pilares Pax HD - JH - ITC GmbH","og_description":"Encofrado de pilares Pax HD. Fabricantes de renombre \u2714 Encofrados, puntales, andamios y maquinaria de construcci\u00f3n nuevos y usados \u2714 \u00a1Solicite un presupuesto ahora!","og_url":"https:\/\/www.jh-itc.de\/es\/shop\/sin categor\u00eda\/encofrado-de-pilares-pax-hd\/","og_site_name":"JH - ITC GmbH","article_publisher":"https:\/\/www.facebook.com\/schalungshandel","og_image":[{"width":632,"height":902,"url":"https:\/\/www.jh-itc.de\/wp-content\/uploads\/2024\/03\/schema-des-oeffnungs-und-schliessvorganges-pax-e1617781836688.jpg","type":"image\/jpeg"}],"twitter_card":"summary_large_image","twitter_site":"@JH_ITC","twitter_misc":{"Tiempo de lectura":"1 minuto"},"schema":{"@context":"https:\/\/schema.org","@graph":[{"@type":"WebPage","@id":"https:\/\/www.jh-itc.de\/es\/shop\/sin categor\u00eda\/encofrado-de-pilares-pax-hd\/","url":"https:\/\/www.jh-itc.de\/es\/shop\/sin categor\u00eda\/encofrado-de-pilares-pax-hd\/","name":"Encofrado de pilares Pax HD - JH - ITC GmbH","isPartOf":{"@id":"https:\/\/www.jh-itc.de\/es\/#website"},"datePublished":"2024-10-08T11:54:05+00:00","description":"Encofrado de pilares Pax HD. Fabricantes de renombre \u2714 Encofrados, puntales, andamios y maquinaria de construcci\u00f3n nuevos y usados \u2714 \u00a1Solicite un presupuesto ahora!","breadcrumb":{"@id":"https:\/\/www.jh-itc.de\/es\/shop\/sin categor\u00eda\/encofrado-de-pilares-pax-hd\/#breadcrumb"},"inLanguage":"es","potentialAction":[{"@type":"ReadAction","target":["https:\/\/www.jh-itc.de\/es\/shop\/sin categor\u00eda\/encofrado-de-pilares-pax-hd\/"]}]},{"@type":"BreadcrumbList","@id":"https:\/\/www.jh-itc.de\/es\/shop\/sin categor\u00eda\/encofrado-de-pilares-pax-hd\/#breadcrumb","itemListElement":[{"@type":"ListItem","position":1,"name":"Home","item":"https:\/\/www.jh-itc.de\/es\/"},{"@type":"ListItem","position":2,"name":"Tienda","item":"https:\/\/www.jh-itc.de\/es\/tienda\/"},{"@type":"ListItem","position":3,"name":"Encofrado de pilares Pax HD"}]},{"@type":"WebSite","@id":"https:\/\/www.jh-itc.de\/es\/#website","url":"https:\/\/www.jh-itc.de\/es\/","name":"JH - ITC GmbH","description":"Ihr Experte f\u00fcr gebrauchte St\u00fctzen, Schalungen und Ger\u00fcste","publisher":{"@id":"https:\/\/www.jh-itc.de\/es\/#organization"},"potentialAction":[{"@type":"SearchAction","target":{"@type":"EntryPoint","urlTemplate":"https:\/\/www.jh-itc.de\/es\/?s={search_term_string}"},"query-input":{"@type":"PropertyValueSpecification","valueRequired":true,"valueName":"search_term_string"}}],"inLanguage":"es"},{"@type":"Organization","@id":"https:\/\/www.jh-itc.de\/es\/#organization","name":"JH-ITC GmbH","url":"https:\/\/www.jh-itc.de\/es\/","logo":{"@type":"ImageObject","inLanguage":"es","@id":"https:\/\/www.jh-itc.de\/es\/#\/schema\/logo\/image\/","url":"https:\/\/www.jh-itc.de\/wp-content\/uploads\/2016\/01\/JH-ITC2-1.png","contentUrl":"https:\/\/www.jh-itc.de\/wp-content\/uploads\/2016\/01\/JH-ITC2-1.png","width":300,"height":102,"caption":"JH-ITC GmbH"},"image":{"@id":"https:\/\/www.jh-itc.de\/es\/#\/schema\/logo\/image\/"},"sameAs":["https:\/\/www.facebook.com\/schalungshandel","https:\/\/x.com\/JH_ITC","https:\/\/www.linkedin.com\/in\/jhitc","https:\/\/youtu.be\/rMdZ-FLfI-Y"]}]}},"_links":{"self":[{"href":"https:\/\/www.jh-itc.de\/es\/wp-json\/wp\/v2\/product\/92166","targetHints":{"allow":["GET"]}}],"collection":[{"href":"https:\/\/www.jh-itc.de\/es\/wp-json\/wp\/v2\/product"}],"about":[{"href":"https:\/\/www.jh-itc.de\/es\/wp-json\/wp\/v2\/types\/product"}],"wp:attachment":[{"href":"https:\/\/www.jh-itc.de\/es\/wp-json\/wp\/v2\/media?parent=92166"}],"wp:term":[{"taxonomy":"product_brand","embeddable":true,"href":"https:\/\/www.jh-itc.de\/es\/wp-json\/wp\/v2\/product_brand?post=92166"},{"taxonomy":"product_cat","embeddable":true,"href":"https:\/\/www.jh-itc.de\/es\/wp-json\/wp\/v2\/product_cat?post=92166"},{"taxonomy":"product_tag","embeddable":true,"href":"https:\/\/www.jh-itc.de\/es\/wp-json\/wp\/v2\/product_tag?post=92166"}],"curies":[{"name":"wp","href":"https:\/\/api.w.org\/{rel}","templated":true}]}}