{"id":92174,"date":"2024-03-27T08:53:26","date_gmt":"2024-10-08T11:54:17","guid":{"rendered":"https:\/\/www.jh-itc.de\/shop\/sin categor\u00eda\/cabezal-de-gota-peri-sky-deck-27mm-amarillo\/"},"modified":"2024-10-08T13:54:17","modified_gmt":"2024-10-08T11:54:17","slug":"cabezal-de-gota-peri-sky-deck-27mm-amarillo","status":"publish","type":"product","link":"https:\/\/www.jh-itc.de\/es\/shop\/peri-es\/cubierta-del-cielo-de-peri\/cabezal-de-gota-peri-sky-deck-27mm-amarillo\/","title":{"rendered":"Cabezal de gota Peri Sky Deck -27mm &#8211; amarillo"},"content":{"rendered":"","protected":false},"excerpt":{"rendered":"<p>Ofrecemos 136 x cabeza de gota Peri Sky Dcck de ocasi\u00f3n en 27mm .<\/p>\n<p>Est\u00e1n en buen estado de uso y disponibles en stock.<\/p>\n<p>Si est\u00e1 interesado, env\u00edenos su consulta.<\/p>\n<p>&nbsp;<\/p>\n<p>&nbsp;<\/p>\n","protected":false},"featured_media":46335,"template":"","meta":[],"product_brand":[],"product_cat":[310,304,306],"product_tag":[],"class_list":{"0":"post-92174","1":"product","2":"type-product","3":"status-publish","4":"has-post-thumbnail","6":"product_cat-cubierta-del-cielo-de-peri","7":"product_cat-peri-es","8":"product_cat-encofrado","10":"first","11":"instock","12":"taxable","13":"shipping-taxable","14":"product-type-simple"},"yoast_head":"<!-- This site is optimized with the Yoast SEO plugin v27.3 - https:\/\/yoast.com\/product\/yoast-seo-wordpress\/ -->\n<title>Cabezal de gota Peri Sky Deck -27mm - amarillo - JH - ITC GmbH<\/title>\n<meta name=\"description\" content=\"Cabezal de gota Peri Sky Deck -27mm - amarillo. Fabricantes de renombre \u2714 Encofrados, puntales, andamios y maquinaria de construcci\u00f3n nuevos y usados \u2714 \u00a1Solicite un presupuesto ahora!\" \/>\n<meta name=\"robots\" content=\"index, follow, max-snippet:-1, max-image-preview:large, max-video-preview:-1\" \/>\n<link rel=\"canonical\" href=\"https:\/\/www.jh-itc.de\/es\/shop\/peri-es\/cubierta-del-cielo-de-peri\/cabezal-de-gota-peri-sky-deck-27mm-amarillo\/\" \/>\n<meta property=\"og:locale\" content=\"es_ES\" \/>\n<meta property=\"og:type\" content=\"article\" \/>\n<meta property=\"og:title\" content=\"Cabezal de gota Peri Sky Deck -27mm - amarillo - JH - ITC GmbH\" \/>\n<meta property=\"og:description\" content=\"Cabezal de gota Peri Sky Deck -27mm - amarillo. Fabricantes de renombre \u2714 Encofrados, puntales, andamios y maquinaria de construcci\u00f3n nuevos y usados \u2714 \u00a1Solicite un presupuesto ahora!\" \/>\n<meta property=\"og:url\" content=\"https:\/\/www.jh-itc.de\/es\/shop\/peri-es\/cubierta-del-cielo-de-peri\/cabezal-de-gota-peri-sky-deck-27mm-amarillo\/\" \/>\n<meta property=\"og:site_name\" content=\"JH - ITC GmbH\" \/>\n<meta property=\"article:publisher\" content=\"https:\/\/www.facebook.com\/schalungshandel\" \/>\n<meta property=\"og:image\" content=\"https:\/\/www.jh-itc.de\/wp-content\/uploads\/2024\/03\/Peri-Sky-Deck-SFK-27mm.jpg\" \/>\n\t<meta property=\"og:image:width\" content=\"900\" \/>\n\t<meta property=\"og:image:height\" content=\"1600\" \/>\n\t<meta property=\"og:image:type\" content=\"image\/jpeg\" \/>\n<meta name=\"twitter:card\" content=\"summary_large_image\" \/>\n<meta name=\"twitter:site\" content=\"@JH_ITC\" \/>\n<!-- \/ Yoast SEO plugin. -->","yoast_head_json":{"title":"Cabezal de gota Peri Sky Deck -27mm - amarillo - JH - ITC GmbH","description":"Cabezal de gota Peri Sky Deck -27mm - amarillo. Fabricantes de renombre \u2714 Encofrados, puntales, andamios y maquinaria de construcci\u00f3n nuevos y usados \u2714 \u00a1Solicite un presupuesto ahora!","robots":{"index":"index","follow":"follow","max-snippet":"max-snippet:-1","max-image-preview":"max-image-preview:large","max-video-preview":"max-video-preview:-1"},"canonical":"https:\/\/www.jh-itc.de\/es\/shop\/peri-es\/cubierta-del-cielo-de-peri\/cabezal-de-gota-peri-sky-deck-27mm-amarillo\/","og_locale":"es_ES","og_type":"article","og_title":"Cabezal de gota Peri Sky Deck -27mm - amarillo - JH - ITC GmbH","og_description":"Cabezal de gota Peri Sky Deck -27mm - amarillo. Fabricantes de renombre \u2714 Encofrados, puntales, andamios y maquinaria de construcci\u00f3n nuevos y usados \u2714 \u00a1Solicite un presupuesto ahora!","og_url":"https:\/\/www.jh-itc.de\/es\/shop\/peri-es\/cubierta-del-cielo-de-peri\/cabezal-de-gota-peri-sky-deck-27mm-amarillo\/","og_site_name":"JH - ITC GmbH","article_publisher":"https:\/\/www.facebook.com\/schalungshandel","og_image":[{"width":900,"height":1600,"url":"https:\/\/www.jh-itc.de\/wp-content\/uploads\/2024\/03\/Peri-Sky-Deck-SFK-27mm.jpg","type":"image\/jpeg"}],"twitter_card":"summary_large_image","twitter_site":"@JH_ITC","schema":{"@context":"https:\/\/schema.org","@graph":[{"@type":"WebPage","@id":"https:\/\/www.jh-itc.de\/es\/shop\/peri-es\/cubierta-del-cielo-de-peri\/cabezal-de-gota-peri-sky-deck-27mm-amarillo\/","url":"https:\/\/www.jh-itc.de\/es\/shop\/peri-es\/cubierta-del-cielo-de-peri\/cabezal-de-gota-peri-sky-deck-27mm-amarillo\/","name":"Cabezal de gota Peri Sky Deck -27mm - amarillo - JH - ITC GmbH","isPartOf":{"@id":"https:\/\/www.jh-itc.de\/es\/#website"},"primaryImageOfPage":{"@id":"https:\/\/www.jh-itc.de\/es\/shop\/peri-es\/cubierta-del-cielo-de-peri\/cabezal-de-gota-peri-sky-deck-27mm-amarillo\/#primaryimage"},"image":{"@id":"https:\/\/www.jh-itc.de\/es\/shop\/peri-es\/cubierta-del-cielo-de-peri\/cabezal-de-gota-peri-sky-deck-27mm-amarillo\/#primaryimage"},"thumbnailUrl":"https:\/\/www.jh-itc.de\/wp-content\/uploads\/2024\/03\/Peri-Sky-Deck-SFK-27mm.jpg","datePublished":"2024-10-08T11:54:17+00:00","description":"Cabezal de gota Peri Sky Deck -27mm - amarillo. Fabricantes de renombre \u2714 Encofrados, puntales, andamios y maquinaria de construcci\u00f3n nuevos y usados \u2714 \u00a1Solicite un presupuesto ahora!","breadcrumb":{"@id":"https:\/\/www.jh-itc.de\/es\/shop\/peri-es\/cubierta-del-cielo-de-peri\/cabezal-de-gota-peri-sky-deck-27mm-amarillo\/#breadcrumb"},"inLanguage":"es","potentialAction":[{"@type":"ReadAction","target":["https:\/\/www.jh-itc.de\/es\/shop\/peri-es\/cubierta-del-cielo-de-peri\/cabezal-de-gota-peri-sky-deck-27mm-amarillo\/"]}]},{"@type":"ImageObject","inLanguage":"es","@id":"https:\/\/www.jh-itc.de\/es\/shop\/peri-es\/cubierta-del-cielo-de-peri\/cabezal-de-gota-peri-sky-deck-27mm-amarillo\/#primaryimage","url":"https:\/\/www.jh-itc.de\/wp-content\/uploads\/2024\/03\/Peri-Sky-Deck-SFK-27mm.jpg","contentUrl":"https:\/\/www.jh-itc.de\/wp-content\/uploads\/2024\/03\/Peri-Sky-Deck-SFK-27mm.jpg","width":900,"height":1600},{"@type":"BreadcrumbList","@id":"https:\/\/www.jh-itc.de\/es\/shop\/peri-es\/cubierta-del-cielo-de-peri\/cabezal-de-gota-peri-sky-deck-27mm-amarillo\/#breadcrumb","itemListElement":[{"@type":"ListItem","position":1,"name":"Home","item":"https:\/\/www.jh-itc.de\/es\/"},{"@type":"ListItem","position":2,"name":"Tienda","item":"https:\/\/www.jh-itc.de\/es\/tienda\/"},{"@type":"ListItem","position":3,"name":"Cabezal de gota Peri Sky Deck -27mm &#8211; amarillo"}]},{"@type":"WebSite","@id":"https:\/\/www.jh-itc.de\/es\/#website","url":"https:\/\/www.jh-itc.de\/es\/","name":"JH - ITC GmbH","description":"Ihr Experte f\u00fcr gebrauchte St\u00fctzen, Schalungen und Ger\u00fcste","publisher":{"@id":"https:\/\/www.jh-itc.de\/es\/#organization"},"potentialAction":[{"@type":"SearchAction","target":{"@type":"EntryPoint","urlTemplate":"https:\/\/www.jh-itc.de\/es\/?s={search_term_string}"},"query-input":{"@type":"PropertyValueSpecification","valueRequired":true,"valueName":"search_term_string"}}],"inLanguage":"es"},{"@type":"Organization","@id":"https:\/\/www.jh-itc.de\/es\/#organization","name":"JH-ITC GmbH","url":"https:\/\/www.jh-itc.de\/es\/","logo":{"@type":"ImageObject","inLanguage":"es","@id":"https:\/\/www.jh-itc.de\/es\/#\/schema\/logo\/image\/","url":"https:\/\/www.jh-itc.de\/wp-content\/uploads\/2016\/01\/JH-ITC2-1.png","contentUrl":"https:\/\/www.jh-itc.de\/wp-content\/uploads\/2016\/01\/JH-ITC2-1.png","width":300,"height":102,"caption":"JH-ITC GmbH"},"image":{"@id":"https:\/\/www.jh-itc.de\/es\/#\/schema\/logo\/image\/"},"sameAs":["https:\/\/www.facebook.com\/schalungshandel","https:\/\/x.com\/JH_ITC","https:\/\/www.linkedin.com\/in\/jhitc","https:\/\/youtu.be\/rMdZ-FLfI-Y"]}]}},"_links":{"self":[{"href":"https:\/\/www.jh-itc.de\/es\/wp-json\/wp\/v2\/product\/92174","targetHints":{"allow":["GET"]}}],"collection":[{"href":"https:\/\/www.jh-itc.de\/es\/wp-json\/wp\/v2\/product"}],"about":[{"href":"https:\/\/www.jh-itc.de\/es\/wp-json\/wp\/v2\/types\/product"}],"wp:featuredmedia":[{"embeddable":true,"href":"https:\/\/www.jh-itc.de\/es\/wp-json\/wp\/v2\/media\/46335"}],"wp:attachment":[{"href":"https:\/\/www.jh-itc.de\/es\/wp-json\/wp\/v2\/media?parent=92174"}],"wp:term":[{"taxonomy":"product_brand","embeddable":true,"href":"https:\/\/www.jh-itc.de\/es\/wp-json\/wp\/v2\/product_brand?post=92174"},{"taxonomy":"product_cat","embeddable":true,"href":"https:\/\/www.jh-itc.de\/es\/wp-json\/wp\/v2\/product_cat?post=92174"},{"taxonomy":"product_tag","embeddable":true,"href":"https:\/\/www.jh-itc.de\/es\/wp-json\/wp\/v2\/product_tag?post=92174"}],"curies":[{"name":"wp","href":"https:\/\/api.w.org\/{rel}","templated":true}]}}