{"id":93857,"date":"2025-03-03T09:47:17","date_gmt":"2025-03-03T08:47:17","guid":{"rendered":"https:\/\/www.jh-itc.de\/shop\/sin categor\u00eda\/bomba-de-hormigon-estacionaria-schwing-sp-2800-e\/"},"modified":"2025-03-03T09:47:25","modified_gmt":"2025-03-03T08:47:25","slug":"bomba-de-hormigon-estacionaria-schwing-sp-2800-e","status":"publish","type":"product","link":"https:\/\/www.jh-itc.de\/es\/shop\/maquinaria-de-construccion\/bomba-de-hormigon-estacionaria-schwing-sp-2800-e\/","title":{"rendered":"Bomba de hormig\u00f3n estacionaria Schwing SP 2800 E"},"content":{"rendered":"","protected":false},"excerpt":{"rendered":"<p>Ofrecemos una bomba de hormig\u00f3n estacionaria Schwing SP 2800 E &#8211; 132 KW casi nueva, completa con accesorios.<\/p>\n<p>A\u00f1o de construcci\u00f3n: 2021<\/p>\n<p>290 horas de funcionamiento \/ Hrs<\/p>\n<p><em>La bomba de hormig\u00f3n funciona con control autom\u00e1tico en un circuito hidr\u00e1ulico abierto y seguro desde el punto de vista operativo.<\/em><\/p>\n<p><em>La bater\u00eda de la bomba est\u00e1 equipada con la corredera de fald\u00f3n SCHWING, en la que el anillo cortante se ajusta autom\u00e1ticamente mediante un muelle de goma pretensado, lo que reduce los costes de desgaste.<\/em><\/p>\n<p><em>Su f\u00e1cil accesibilidad simplifica el mantenimiento.<\/em><\/p>\n<p>Si est\u00e1s interesado, env\u00edanos tu consulta.<\/p>\n<p>&nbsp;<\/p>\n<p>&nbsp;<\/p>\n<p>&nbsp;<\/p>\n","protected":false},"featured_media":93816,"template":"","meta":[],"product_brand":[],"product_cat":[268],"product_tag":[],"class_list":{"0":"post-93857","1":"product","2":"type-product","3":"status-publish","4":"has-post-thumbnail","6":"product_cat-maquinaria-de-construccion","8":"first","9":"instock","10":"taxable","11":"shipping-taxable","12":"product-type-simple"},"yoast_head":"<!-- This site is optimized with the Yoast SEO plugin v27.3 - https:\/\/yoast.com\/product\/yoast-seo-wordpress\/ -->\n<title>Bomba de hormig\u00f3n estacionaria Schwing SP 2800 E - JH - ITC GmbH<\/title>\n<meta name=\"description\" content=\"Bomba de hormig\u00f3n estacionaria Schwing SP 2800 E. Fabricantes de renombre \u2714 Encofrados, puntales, andamios y maquinaria de construcci\u00f3n nuevos y usados \u2714 \u00a1Solicite un presupuesto ahora!\" \/>\n<meta name=\"robots\" content=\"index, follow, max-snippet:-1, max-image-preview:large, max-video-preview:-1\" \/>\n<link rel=\"canonical\" href=\"https:\/\/www.jh-itc.de\/es\/shop\/maquinaria-de-construccion\/bomba-de-hormigon-estacionaria-schwing-sp-2800-e\/\" \/>\n<meta property=\"og:locale\" content=\"es_ES\" \/>\n<meta property=\"og:type\" content=\"article\" \/>\n<meta property=\"og:title\" content=\"Bomba de hormig\u00f3n estacionaria Schwing SP 2800 E - JH - ITC GmbH\" \/>\n<meta property=\"og:description\" content=\"Bomba de hormig\u00f3n estacionaria Schwing SP 2800 E. Fabricantes de renombre \u2714 Encofrados, puntales, andamios y maquinaria de construcci\u00f3n nuevos y usados \u2714 \u00a1Solicite un presupuesto ahora!\" \/>\n<meta property=\"og:url\" content=\"https:\/\/www.jh-itc.de\/es\/shop\/maquinaria-de-construccion\/bomba-de-hormigon-estacionaria-schwing-sp-2800-e\/\" \/>\n<meta property=\"og:site_name\" content=\"JH - ITC GmbH\" \/>\n<meta property=\"article:publisher\" content=\"https:\/\/www.facebook.com\/schalungshandel\" \/>\n<meta property=\"article:modified_time\" content=\"2025-03-03T08:47:25+00:00\" \/>\n<meta property=\"og:image\" content=\"https:\/\/www.jh-itc.de\/wp-content\/uploads\/2025\/03\/Schwing-SP-2800-D-2-scaled.jpg\" \/>\n\t<meta property=\"og:image:width\" content=\"2560\" \/>\n\t<meta property=\"og:image:height\" content=\"1920\" \/>\n\t<meta property=\"og:image:type\" content=\"image\/jpeg\" \/>\n<meta name=\"twitter:card\" content=\"summary_large_image\" \/>\n<meta name=\"twitter:site\" content=\"@JH_ITC\" \/>\n<!-- \/ Yoast SEO plugin. -->","yoast_head_json":{"title":"Bomba de hormig\u00f3n estacionaria Schwing SP 2800 E - JH - ITC GmbH","description":"Bomba de hormig\u00f3n estacionaria Schwing SP 2800 E. Fabricantes de renombre \u2714 Encofrados, puntales, andamios y maquinaria de construcci\u00f3n nuevos y usados \u2714 \u00a1Solicite un presupuesto ahora!","robots":{"index":"index","follow":"follow","max-snippet":"max-snippet:-1","max-image-preview":"max-image-preview:large","max-video-preview":"max-video-preview:-1"},"canonical":"https:\/\/www.jh-itc.de\/es\/shop\/maquinaria-de-construccion\/bomba-de-hormigon-estacionaria-schwing-sp-2800-e\/","og_locale":"es_ES","og_type":"article","og_title":"Bomba de hormig\u00f3n estacionaria Schwing SP 2800 E - JH - ITC GmbH","og_description":"Bomba de hormig\u00f3n estacionaria Schwing SP 2800 E. Fabricantes de renombre \u2714 Encofrados, puntales, andamios y maquinaria de construcci\u00f3n nuevos y usados \u2714 \u00a1Solicite un presupuesto ahora!","og_url":"https:\/\/www.jh-itc.de\/es\/shop\/maquinaria-de-construccion\/bomba-de-hormigon-estacionaria-schwing-sp-2800-e\/","og_site_name":"JH - ITC GmbH","article_publisher":"https:\/\/www.facebook.com\/schalungshandel","article_modified_time":"2025-03-03T08:47:25+00:00","og_image":[{"width":2560,"height":1920,"url":"https:\/\/www.jh-itc.de\/wp-content\/uploads\/2025\/03\/Schwing-SP-2800-D-2-scaled.jpg","type":"image\/jpeg"}],"twitter_card":"summary_large_image","twitter_site":"@JH_ITC","schema":{"@context":"https:\/\/schema.org","@graph":[{"@type":"WebPage","@id":"https:\/\/www.jh-itc.de\/es\/shop\/maquinaria-de-construccion\/bomba-de-hormigon-estacionaria-schwing-sp-2800-e\/","url":"https:\/\/www.jh-itc.de\/es\/shop\/maquinaria-de-construccion\/bomba-de-hormigon-estacionaria-schwing-sp-2800-e\/","name":"Bomba de hormig\u00f3n estacionaria Schwing SP 2800 E - JH - ITC GmbH","isPartOf":{"@id":"https:\/\/www.jh-itc.de\/es\/#website"},"primaryImageOfPage":{"@id":"https:\/\/www.jh-itc.de\/es\/shop\/maquinaria-de-construccion\/bomba-de-hormigon-estacionaria-schwing-sp-2800-e\/#primaryimage"},"image":{"@id":"https:\/\/www.jh-itc.de\/es\/shop\/maquinaria-de-construccion\/bomba-de-hormigon-estacionaria-schwing-sp-2800-e\/#primaryimage"},"thumbnailUrl":"https:\/\/www.jh-itc.de\/wp-content\/uploads\/2025\/03\/Schwing-SP-2800-D-2-scaled.jpg","datePublished":"2025-03-03T08:47:17+00:00","dateModified":"2025-03-03T08:47:25+00:00","description":"Bomba de hormig\u00f3n estacionaria Schwing SP 2800 E. Fabricantes de renombre \u2714 Encofrados, puntales, andamios y maquinaria de construcci\u00f3n nuevos y usados \u2714 \u00a1Solicite un presupuesto ahora!","breadcrumb":{"@id":"https:\/\/www.jh-itc.de\/es\/shop\/maquinaria-de-construccion\/bomba-de-hormigon-estacionaria-schwing-sp-2800-e\/#breadcrumb"},"inLanguage":"es","potentialAction":[{"@type":"ReadAction","target":["https:\/\/www.jh-itc.de\/es\/shop\/maquinaria-de-construccion\/bomba-de-hormigon-estacionaria-schwing-sp-2800-e\/"]}]},{"@type":"ImageObject","inLanguage":"es","@id":"https:\/\/www.jh-itc.de\/es\/shop\/maquinaria-de-construccion\/bomba-de-hormigon-estacionaria-schwing-sp-2800-e\/#primaryimage","url":"https:\/\/www.jh-itc.de\/wp-content\/uploads\/2025\/03\/Schwing-SP-2800-D-2-scaled.jpg","contentUrl":"https:\/\/www.jh-itc.de\/wp-content\/uploads\/2025\/03\/Schwing-SP-2800-D-2-scaled.jpg","width":2560,"height":1920},{"@type":"BreadcrumbList","@id":"https:\/\/www.jh-itc.de\/es\/shop\/maquinaria-de-construccion\/bomba-de-hormigon-estacionaria-schwing-sp-2800-e\/#breadcrumb","itemListElement":[{"@type":"ListItem","position":1,"name":"Home","item":"https:\/\/www.jh-itc.de\/es\/"},{"@type":"ListItem","position":2,"name":"Tienda","item":"https:\/\/www.jh-itc.de\/es\/tienda\/"},{"@type":"ListItem","position":3,"name":"Bomba de hormig\u00f3n estacionaria Schwing SP 2800 E"}]},{"@type":"WebSite","@id":"https:\/\/www.jh-itc.de\/es\/#website","url":"https:\/\/www.jh-itc.de\/es\/","name":"JH - ITC GmbH","description":"Ihr Experte f\u00fcr gebrauchte St\u00fctzen, Schalungen und Ger\u00fcste","publisher":{"@id":"https:\/\/www.jh-itc.de\/es\/#organization"},"potentialAction":[{"@type":"SearchAction","target":{"@type":"EntryPoint","urlTemplate":"https:\/\/www.jh-itc.de\/es\/?s={search_term_string}"},"query-input":{"@type":"PropertyValueSpecification","valueRequired":true,"valueName":"search_term_string"}}],"inLanguage":"es"},{"@type":"Organization","@id":"https:\/\/www.jh-itc.de\/es\/#organization","name":"JH-ITC GmbH","url":"https:\/\/www.jh-itc.de\/es\/","logo":{"@type":"ImageObject","inLanguage":"es","@id":"https:\/\/www.jh-itc.de\/es\/#\/schema\/logo\/image\/","url":"https:\/\/www.jh-itc.de\/wp-content\/uploads\/2016\/01\/JH-ITC2-1.png","contentUrl":"https:\/\/www.jh-itc.de\/wp-content\/uploads\/2016\/01\/JH-ITC2-1.png","width":300,"height":102,"caption":"JH-ITC GmbH"},"image":{"@id":"https:\/\/www.jh-itc.de\/es\/#\/schema\/logo\/image\/"},"sameAs":["https:\/\/www.facebook.com\/schalungshandel","https:\/\/x.com\/JH_ITC","https:\/\/www.linkedin.com\/in\/jhitc","https:\/\/youtu.be\/rMdZ-FLfI-Y"]}]}},"_links":{"self":[{"href":"https:\/\/www.jh-itc.de\/es\/wp-json\/wp\/v2\/product\/93857","targetHints":{"allow":["GET"]}}],"collection":[{"href":"https:\/\/www.jh-itc.de\/es\/wp-json\/wp\/v2\/product"}],"about":[{"href":"https:\/\/www.jh-itc.de\/es\/wp-json\/wp\/v2\/types\/product"}],"wp:featuredmedia":[{"embeddable":true,"href":"https:\/\/www.jh-itc.de\/es\/wp-json\/wp\/v2\/media\/93816"}],"wp:attachment":[{"href":"https:\/\/www.jh-itc.de\/es\/wp-json\/wp\/v2\/media?parent=93857"}],"wp:term":[{"taxonomy":"product_brand","embeddable":true,"href":"https:\/\/www.jh-itc.de\/es\/wp-json\/wp\/v2\/product_brand?post=93857"},{"taxonomy":"product_cat","embeddable":true,"href":"https:\/\/www.jh-itc.de\/es\/wp-json\/wp\/v2\/product_cat?post=93857"},{"taxonomy":"product_tag","embeddable":true,"href":"https:\/\/www.jh-itc.de\/es\/wp-json\/wp\/v2\/product_tag?post=93857"}],"curies":[{"name":"wp","href":"https:\/\/api.w.org\/{rel}","templated":true}]}}