{"id":94148,"date":"2025-03-10T17:32:11","date_gmt":"2025-03-10T16:32:20","guid":{"rendered":"https:\/\/www.jh-itc.de\/shop\/sin categor\u00eda\/horca-gsk\/"},"modified":"2025-03-10T17:32:20","modified_gmt":"2025-03-10T16:32:20","slug":"horca-gsk","status":"publish","type":"product","link":"https:\/\/www.jh-itc.de\/es\/shop\/encofrado\/horca-gsk\/","title":{"rendered":"Horca GSK"},"content":{"rendered":"","protected":false},"excerpt":{"rendered":"<p>Ofrecemos 2 x horcas de encofrado usadas GSK por encargo.<\/p>\n<p>Las horcas de encofrado GSK responden a la necesidad de la industria de la construcci\u00f3n de disponer de un sistema pr\u00e1ctico de protecci\u00f3n antica\u00eddas con un amplio radio de trabajo para montar encofrados de losa durante la fase de construcci\u00f3n del armaz\u00f3n o de montaje de elementos prefabricados.<\/p>\n<p>La horca de encofrado tipo GSK es un dispositivo m\u00f3vil de seguridad personal para asegurar a un m\u00e1ximo de dos personas. S\u00f3lo debe asegurarse una persona al antica\u00eddas retr\u00e1ctil por cada pescante de horca de encofrado.<\/p>\n<p>&nbsp;<\/p>\n<p>Si est\u00e1 interesado, env\u00edenos su consulta.<\/p>\n","protected":false},"featured_media":94140,"template":"","meta":[],"product_brand":[],"product_cat":[306],"product_tag":[],"class_list":{"0":"post-94148","1":"product","2":"type-product","3":"status-publish","4":"has-post-thumbnail","6":"product_cat-encofrado","8":"first","9":"instock","10":"taxable","11":"shipping-taxable","12":"product-type-simple"},"yoast_head":"<!-- This site is optimized with the Yoast SEO plugin v27.4 - https:\/\/yoast.com\/product\/yoast-seo-wordpress\/ -->\n<title>Horca GSK - JH - ITC GmbH<\/title>\n<meta name=\"description\" content=\"Horca GSK. Fabricantes de renombre \u2714 Encofrados, puntales, andamios y maquinaria de construcci\u00f3n nuevos y usados \u2714 \u00a1Solicite un presupuesto ahora!\" \/>\n<meta name=\"robots\" content=\"index, follow, max-snippet:-1, max-image-preview:large, max-video-preview:-1\" \/>\n<link rel=\"canonical\" href=\"https:\/\/www.jh-itc.de\/es\/shop\/encofrado\/horca-gsk\/\" \/>\n<meta property=\"og:locale\" content=\"es_ES\" \/>\n<meta property=\"og:type\" content=\"article\" \/>\n<meta property=\"og:title\" content=\"Horca GSK - JH - ITC GmbH\" \/>\n<meta property=\"og:description\" content=\"Horca GSK. Fabricantes de renombre \u2714 Encofrados, puntales, andamios y maquinaria de construcci\u00f3n nuevos y usados \u2714 \u00a1Solicite un presupuesto ahora!\" \/>\n<meta property=\"og:url\" content=\"https:\/\/www.jh-itc.de\/es\/shop\/encofrado\/horca-gsk\/\" \/>\n<meta property=\"og:site_name\" content=\"JH - ITC GmbH\" \/>\n<meta property=\"article:publisher\" content=\"https:\/\/www.facebook.com\/schalungshandel\" \/>\n<meta property=\"og:image\" content=\"https:\/\/www.jh-itc.de\/wp-content\/uploads\/2025\/03\/Schalungsgalhgen-GSK-Im-Einsatz.jpg\" \/>\n\t<meta property=\"og:image:width\" content=\"1273\" \/>\n\t<meta property=\"og:image:height\" content=\"847\" \/>\n\t<meta property=\"og:image:type\" content=\"image\/jpeg\" \/>\n<meta name=\"twitter:card\" content=\"summary_large_image\" \/>\n<meta name=\"twitter:site\" content=\"@JH_ITC\" \/>\n<!-- \/ Yoast SEO plugin. -->","yoast_head_json":{"title":"Horca GSK - JH - ITC GmbH","description":"Horca GSK. Fabricantes de renombre \u2714 Encofrados, puntales, andamios y maquinaria de construcci\u00f3n nuevos y usados \u2714 \u00a1Solicite un presupuesto ahora!","robots":{"index":"index","follow":"follow","max-snippet":"max-snippet:-1","max-image-preview":"max-image-preview:large","max-video-preview":"max-video-preview:-1"},"canonical":"https:\/\/www.jh-itc.de\/es\/shop\/encofrado\/horca-gsk\/","og_locale":"es_ES","og_type":"article","og_title":"Horca GSK - JH - ITC GmbH","og_description":"Horca GSK. Fabricantes de renombre \u2714 Encofrados, puntales, andamios y maquinaria de construcci\u00f3n nuevos y usados \u2714 \u00a1Solicite un presupuesto ahora!","og_url":"https:\/\/www.jh-itc.de\/es\/shop\/encofrado\/horca-gsk\/","og_site_name":"JH - ITC GmbH","article_publisher":"https:\/\/www.facebook.com\/schalungshandel","og_image":[{"width":1273,"height":847,"url":"https:\/\/www.jh-itc.de\/wp-content\/uploads\/2025\/03\/Schalungsgalhgen-GSK-Im-Einsatz.jpg","type":"image\/jpeg"}],"twitter_card":"summary_large_image","twitter_site":"@JH_ITC","schema":{"@context":"https:\/\/schema.org","@graph":[{"@type":"WebPage","@id":"https:\/\/www.jh-itc.de\/es\/shop\/encofrado\/horca-gsk\/","url":"https:\/\/www.jh-itc.de\/es\/shop\/encofrado\/horca-gsk\/","name":"Horca GSK - JH - ITC GmbH","isPartOf":{"@id":"https:\/\/www.jh-itc.de\/es\/#website"},"primaryImageOfPage":{"@id":"https:\/\/www.jh-itc.de\/es\/shop\/encofrado\/horca-gsk\/#primaryimage"},"image":{"@id":"https:\/\/www.jh-itc.de\/es\/shop\/encofrado\/horca-gsk\/#primaryimage"},"thumbnailUrl":"https:\/\/www.jh-itc.de\/wp-content\/uploads\/2025\/03\/Schalungsgalhgen-GSK-Im-Einsatz.jpg","datePublished":"2025-03-10T16:32:20+00:00","description":"Horca GSK. Fabricantes de renombre \u2714 Encofrados, puntales, andamios y maquinaria de construcci\u00f3n nuevos y usados \u2714 \u00a1Solicite un presupuesto ahora!","breadcrumb":{"@id":"https:\/\/www.jh-itc.de\/es\/shop\/encofrado\/horca-gsk\/#breadcrumb"},"inLanguage":"es","potentialAction":[{"@type":"ReadAction","target":["https:\/\/www.jh-itc.de\/es\/shop\/encofrado\/horca-gsk\/"]}]},{"@type":"ImageObject","inLanguage":"es","@id":"https:\/\/www.jh-itc.de\/es\/shop\/encofrado\/horca-gsk\/#primaryimage","url":"https:\/\/www.jh-itc.de\/wp-content\/uploads\/2025\/03\/Schalungsgalhgen-GSK-Im-Einsatz.jpg","contentUrl":"https:\/\/www.jh-itc.de\/wp-content\/uploads\/2025\/03\/Schalungsgalhgen-GSK-Im-Einsatz.jpg","width":1273,"height":847},{"@type":"BreadcrumbList","@id":"https:\/\/www.jh-itc.de\/es\/shop\/encofrado\/horca-gsk\/#breadcrumb","itemListElement":[{"@type":"ListItem","position":1,"name":"Home","item":"https:\/\/www.jh-itc.de\/es\/"},{"@type":"ListItem","position":2,"name":"Tienda","item":"https:\/\/www.jh-itc.de\/es\/tienda\/"},{"@type":"ListItem","position":3,"name":"Horca GSK"}]},{"@type":"WebSite","@id":"https:\/\/www.jh-itc.de\/es\/#website","url":"https:\/\/www.jh-itc.de\/es\/","name":"JH - ITC GmbH","description":"Ihr Experte f\u00fcr gebrauchte St\u00fctzen, Schalungen und Ger\u00fcste","publisher":{"@id":"https:\/\/www.jh-itc.de\/es\/#organization"},"potentialAction":[{"@type":"SearchAction","target":{"@type":"EntryPoint","urlTemplate":"https:\/\/www.jh-itc.de\/es\/?s={search_term_string}"},"query-input":{"@type":"PropertyValueSpecification","valueRequired":true,"valueName":"search_term_string"}}],"inLanguage":"es"},{"@type":"Organization","@id":"https:\/\/www.jh-itc.de\/es\/#organization","name":"JH-ITC GmbH","url":"https:\/\/www.jh-itc.de\/es\/","logo":{"@type":"ImageObject","inLanguage":"es","@id":"https:\/\/www.jh-itc.de\/es\/#\/schema\/logo\/image\/","url":"https:\/\/www.jh-itc.de\/wp-content\/uploads\/2016\/01\/JH-ITC2-1.png","contentUrl":"https:\/\/www.jh-itc.de\/wp-content\/uploads\/2016\/01\/JH-ITC2-1.png","width":300,"height":102,"caption":"JH-ITC GmbH"},"image":{"@id":"https:\/\/www.jh-itc.de\/es\/#\/schema\/logo\/image\/"},"sameAs":["https:\/\/www.facebook.com\/schalungshandel","https:\/\/x.com\/JH_ITC","https:\/\/www.linkedin.com\/in\/jhitc","https:\/\/youtu.be\/rMdZ-FLfI-Y"]}]}},"_links":{"self":[{"href":"https:\/\/www.jh-itc.de\/es\/wp-json\/wp\/v2\/product\/94148","targetHints":{"allow":["GET"]}}],"collection":[{"href":"https:\/\/www.jh-itc.de\/es\/wp-json\/wp\/v2\/product"}],"about":[{"href":"https:\/\/www.jh-itc.de\/es\/wp-json\/wp\/v2\/types\/product"}],"wp:featuredmedia":[{"embeddable":true,"href":"https:\/\/www.jh-itc.de\/es\/wp-json\/wp\/v2\/media\/94140"}],"wp:attachment":[{"href":"https:\/\/www.jh-itc.de\/es\/wp-json\/wp\/v2\/media?parent=94148"}],"wp:term":[{"taxonomy":"product_brand","embeddable":true,"href":"https:\/\/www.jh-itc.de\/es\/wp-json\/wp\/v2\/product_brand?post=94148"},{"taxonomy":"product_cat","embeddable":true,"href":"https:\/\/www.jh-itc.de\/es\/wp-json\/wp\/v2\/product_cat?post=94148"},{"taxonomy":"product_tag","embeddable":true,"href":"https:\/\/www.jh-itc.de\/es\/wp-json\/wp\/v2\/product_tag?post=94148"}],"curies":[{"name":"wp","href":"https:\/\/api.w.org\/{rel}","templated":true}]}}