{"id":26756,"date":"2021-08-30T18:45:21","date_gmt":"2021-08-30T16:45:21","guid":{"rendered":"https:\/\/www.jh-itc.de\/ce-quil-faut-savoir\/"},"modified":"2024-10-02T22:46:52","modified_gmt":"2024-10-02T20:46:52","slug":"ce-quil-faut-savoir","status":"publish","type":"page","link":"https:\/\/www.jh-itc.de\/fr\/ce-quil-faut-savoir\/","title":{"rendered":"Ce qu&#8217;il faut savoir"},"content":{"rendered":"\n<ul>\n<li><a href=\"https:\/\/www.jh-itc.de\/fr\/ce-quil-faut-savoir\/systeme-de-panneaux-alkus-la-solution-economique-en-matiere-de-panneaux-de-coffrage\/\">Syst\u00e8me de panneaux alkus<\/a><\/li>\n<li><a href=\"https:\/\/www.jh-itc.de\/fr\/ce-quil-faut-savoir\/alkus-infos\/\">alkus<\/a><\/li>\n<li><a href=\"https:\/\/www.jh-itc.de\/fr\/ce-quil-faut-savoir\/materiaux-de-construction-usages-2\/\">Mat\u00e9riaux de construction usag\u00e9s<\/a><\/li>\n<li><a href=\"https:\/\/www.jh-itc.de\/fr\/ce-quil-faut-savoir\/volets\/\">Volets<\/a><\/li>\n<\/ul>\n","protected":false},"excerpt":{"rendered":"","protected":false},"author":4,"featured_media":26762,"parent":0,"menu_order":0,"comment_status":"closed","ping_status":"closed","template":"","meta":{"footnotes":""},"class_list":["post-26756","page","type-page","status-publish","has-post-thumbnail"],"yoast_head":"<!-- This site is optimized with the Yoast SEO plugin v27.3 - https:\/\/yoast.com\/product\/yoast-seo-wordpress\/ -->\n<title>Ce qu&#039;il faut savoir - JH - ITC GmbH<\/title>\n<meta name=\"robots\" content=\"index, follow, max-snippet:-1, max-image-preview:large, max-video-preview:-1\" \/>\n<link rel=\"canonical\" href=\"https:\/\/www.jh-itc.de\/fr\/ce-quil-faut-savoir\/\" \/>\n<meta property=\"og:locale\" content=\"fr_FR\" \/>\n<meta property=\"og:type\" content=\"article\" \/>\n<meta property=\"og:title\" content=\"Ce qu&#039;il faut savoir - JH - ITC GmbH\" \/>\n<meta property=\"og:url\" content=\"https:\/\/www.jh-itc.de\/fr\/ce-quil-faut-savoir\/\" \/>\n<meta property=\"og:site_name\" content=\"JH - ITC GmbH\" \/>\n<meta property=\"article:publisher\" content=\"https:\/\/www.facebook.com\/schalungshandel\" \/>\n<meta property=\"article:modified_time\" content=\"2024-10-02T20:46:52+00:00\" \/>\n<meta property=\"og:image\" content=\"https:\/\/www.jh-itc.de\/wp-content\/uploads\/2020\/05\/Sanierung.jpg\" \/>\n\t<meta property=\"og:image:width\" content=\"1148\" \/>\n\t<meta property=\"og:image:height\" content=\"578\" \/>\n\t<meta property=\"og:image:type\" content=\"image\/jpeg\" \/>\n<meta name=\"twitter:card\" content=\"summary_large_image\" \/>\n<meta name=\"twitter:site\" content=\"@JH_ITC\" \/>\n<!-- \/ Yoast SEO plugin. -->","yoast_head_json":{"title":"Ce qu'il faut savoir - JH - ITC GmbH","robots":{"index":"index","follow":"follow","max-snippet":"max-snippet:-1","max-image-preview":"max-image-preview:large","max-video-preview":"max-video-preview:-1"},"canonical":"https:\/\/www.jh-itc.de\/fr\/ce-quil-faut-savoir\/","og_locale":"fr_FR","og_type":"article","og_title":"Ce qu'il faut savoir - JH - ITC GmbH","og_url":"https:\/\/www.jh-itc.de\/fr\/ce-quil-faut-savoir\/","og_site_name":"JH - ITC GmbH","article_publisher":"https:\/\/www.facebook.com\/schalungshandel","article_modified_time":"2024-10-02T20:46:52+00:00","og_image":[{"width":1148,"height":578,"url":"https:\/\/www.jh-itc.de\/wp-content\/uploads\/2020\/05\/Sanierung.jpg","type":"image\/jpeg"}],"twitter_card":"summary_large_image","twitter_site":"@JH_ITC","schema":{"@context":"https:\/\/schema.org","@graph":[{"@type":"WebPage","@id":"https:\/\/www.jh-itc.de\/fr\/ce-quil-faut-savoir\/","url":"https:\/\/www.jh-itc.de\/fr\/ce-quil-faut-savoir\/","name":"Ce qu'il faut savoir - JH - ITC GmbH","isPartOf":{"@id":"https:\/\/www.jh-itc.de\/fr\/#website"},"primaryImageOfPage":{"@id":"https:\/\/www.jh-itc.de\/fr\/ce-quil-faut-savoir\/#primaryimage"},"image":{"@id":"https:\/\/www.jh-itc.de\/fr\/ce-quil-faut-savoir\/#primaryimage"},"thumbnailUrl":"https:\/\/www.jh-itc.de\/wp-content\/uploads\/2020\/05\/Sanierung.jpg","datePublished":"2021-08-30T16:45:21+00:00","dateModified":"2024-10-02T20:46:52+00:00","breadcrumb":{"@id":"https:\/\/www.jh-itc.de\/fr\/ce-quil-faut-savoir\/#breadcrumb"},"inLanguage":"fr-FR","potentialAction":[{"@type":"ReadAction","target":["https:\/\/www.jh-itc.de\/fr\/ce-quil-faut-savoir\/"]}]},{"@type":"ImageObject","inLanguage":"fr-FR","@id":"https:\/\/www.jh-itc.de\/fr\/ce-quil-faut-savoir\/#primaryimage","url":"https:\/\/www.jh-itc.de\/wp-content\/uploads\/2020\/05\/Sanierung.jpg","contentUrl":"https:\/\/www.jh-itc.de\/wp-content\/uploads\/2020\/05\/Sanierung.jpg","width":1148,"height":578},{"@type":"BreadcrumbList","@id":"https:\/\/www.jh-itc.de\/fr\/ce-quil-faut-savoir\/#breadcrumb","itemListElement":[{"@type":"ListItem","position":1,"name":"Home","item":"https:\/\/www.jh-itc.de\/fr\/"},{"@type":"ListItem","position":2,"name":"Ce qu&#8217;il faut savoir"}]},{"@type":"WebSite","@id":"https:\/\/www.jh-itc.de\/fr\/#website","url":"https:\/\/www.jh-itc.de\/fr\/","name":"JH - ITC GmbH","description":"Ihr Experte f\u00fcr gebrauchte St\u00fctzen, Schalungen und Ger\u00fcste","publisher":{"@id":"https:\/\/www.jh-itc.de\/fr\/#organization"},"potentialAction":[{"@type":"SearchAction","target":{"@type":"EntryPoint","urlTemplate":"https:\/\/www.jh-itc.de\/fr\/?s={search_term_string}"},"query-input":{"@type":"PropertyValueSpecification","valueRequired":true,"valueName":"search_term_string"}}],"inLanguage":"fr-FR"},{"@type":"Organization","@id":"https:\/\/www.jh-itc.de\/fr\/#organization","name":"JH-ITC GmbH","url":"https:\/\/www.jh-itc.de\/fr\/","logo":{"@type":"ImageObject","inLanguage":"fr-FR","@id":"https:\/\/www.jh-itc.de\/fr\/#\/schema\/logo\/image\/","url":"https:\/\/www.jh-itc.de\/wp-content\/uploads\/2016\/01\/JH-ITC2-1.png","contentUrl":"https:\/\/www.jh-itc.de\/wp-content\/uploads\/2016\/01\/JH-ITC2-1.png","width":300,"height":102,"caption":"JH-ITC GmbH"},"image":{"@id":"https:\/\/www.jh-itc.de\/fr\/#\/schema\/logo\/image\/"},"sameAs":["https:\/\/www.facebook.com\/schalungshandel","https:\/\/x.com\/JH_ITC","https:\/\/www.linkedin.com\/in\/jhitc","https:\/\/youtu.be\/rMdZ-FLfI-Y"]}]}},"_links":{"self":[{"href":"https:\/\/www.jh-itc.de\/fr\/wp-json\/wp\/v2\/pages\/26756","targetHints":{"allow":["GET"]}}],"collection":[{"href":"https:\/\/www.jh-itc.de\/fr\/wp-json\/wp\/v2\/pages"}],"about":[{"href":"https:\/\/www.jh-itc.de\/fr\/wp-json\/wp\/v2\/types\/page"}],"author":[{"embeddable":true,"href":"https:\/\/www.jh-itc.de\/fr\/wp-json\/wp\/v2\/users\/4"}],"replies":[{"embeddable":true,"href":"https:\/\/www.jh-itc.de\/fr\/wp-json\/wp\/v2\/comments?post=26756"}],"version-history":[{"count":3,"href":"https:\/\/www.jh-itc.de\/fr\/wp-json\/wp\/v2\/pages\/26756\/revisions"}],"predecessor-version":[{"id":91786,"href":"https:\/\/www.jh-itc.de\/fr\/wp-json\/wp\/v2\/pages\/26756\/revisions\/91786"}],"wp:featuredmedia":[{"embeddable":true,"href":"https:\/\/www.jh-itc.de\/fr\/wp-json\/wp\/v2\/media\/26762"}],"wp:attachment":[{"href":"https:\/\/www.jh-itc.de\/fr\/wp-json\/wp\/v2\/media?parent=26756"}],"curies":[{"name":"wp","href":"https:\/\/api.w.org\/{rel}","templated":true}]}}