{"id":26818,"date":"2021-08-30T18:45:39","date_gmt":"2021-08-30T16:45:39","guid":{"rendered":"https:\/\/www.jh-itc.de\/ce-quil-faut-savoir\/alkus-infos\/"},"modified":"2021-08-30T18:46:00","modified_gmt":"2021-08-30T16:46:00","slug":"alkus-infos","status":"publish","type":"page","link":"https:\/\/www.jh-itc.de\/fr\/ce-quil-faut-savoir\/alkus-infos\/","title":{"rendered":"alkus infos"},"content":{"rendered":"<h1 class=\"yt watch-title-container\"><\/h1>\n<p><a href=\"http:\/\/www.alkus.li\" target=\"_blank\" rel=\"noopener noreferrer\"><img decoding=\"async\" class=\"wp-image-1623 size-thumbnail\" src=\"http:\/\/www.jh-itc.de\/wp-content\/uploads\/2015\/10\/logo-alkus_01-150x91.png\" alt=\"www.alkus.li\" width=\"150\" height=\"91\"><\/a><\/p>\n<hr>\n<hr>\n<p><strong>syst\u00e8me de panneaux alkus &#8211; la solution \u00e9conomique en mati\u00e8re de panneaux de coffrage<\/strong><\/p>\n<p>Les panneaux plastiques solides alkus sont l&#8217;alternative \u00e9conomique aux panneaux de coffrage en bois conventionnels pour le secteur de la construction. Les panneaux peuvent \u00eatre trait\u00e9s comme le bois, mais sont beaucoup plus durables, car ils r\u00e9sistent \u00e0 l&#8217;humidit\u00e9 et aux UV et peuvent \u00eatre r\u00e9par\u00e9s comme du tissu. C&#8217;est payant. Plus de <strong>1 000 applications<\/strong> avec une seule feuille tout plastique alkus ont \u00e9t\u00e9 document\u00e9es. Les panneaux enti\u00e8rement en plastique d&#8217;alkus s&#8217;adaptent \u00e0 tous les syst\u00e8mes de coffrage et \u00e0 tous les cadres, quelles que soient leur taille et leur forme. En raison de la possibilit\u00e9 de soudage sans joint et de l&#8217;extr\u00eame flexibilit\u00e9 et formabilit\u00e9, presque tous les projets en b\u00e9ton peuvent \u00eatre mis en \u0153uvre avec le syst\u00e8me de panneaux alkus.<\/p>\n<p>l&#8217;alkus paie !<\/p>\n<hr>\n<p><a href=\"http:\/\/www.jh-itc.de\/wp-content\/uploads\/2015\/10\/2e5df05dbf.jpg\"><img decoding=\"async\" class=\"alignnone size-thumbnail wp-image-1613\" src=\"http:\/\/www.jh-itc.de\/wp-content\/uploads\/2015\/10\/2e5df05dbf-150x137.jpg\" alt=\"alkus_7Jahre_de\" width=\"150\" height=\"137\"><\/a>          <a href=\"http:\/\/www.jh-itc.de\/wp-content\/uploads\/2015\/10\/3543ef144a.jpg\"><img decoding=\"async\" class=\"alignnone size-thumbnail wp-image-1617\" src=\"http:\/\/www.jh-itc.de\/wp-content\/uploads\/2015\/10\/3543ef144a-150x150.jpg\" alt=\"alkus AL 20\" width=\"150\" height=\"150\" srcset=\"https:\/\/www.jh-itc.de\/wp-content\/uploads\/2015\/10\/3543ef144a-150x150.jpg 150w, https:\/\/www.jh-itc.de\/wp-content\/uploads\/2015\/10\/3543ef144a-100x100.jpg 100w, https:\/\/www.jh-itc.de\/wp-content\/uploads\/2015\/10\/3543ef144a-66x66.jpg 66w\" sizes=\"(max-width: 150px) 100vw, 150px\" \/><\/a>          <a href=\"http:\/\/www.jh-itc.de\/wp-content\/uploads\/2015\/10\/eebf99b613.jpg\"><img loading=\"lazy\" decoding=\"async\" class=\"alignnone size-thumbnail wp-image-1621\" src=\"http:\/\/www.jh-itc.de\/wp-content\/uploads\/2015\/10\/eebf99b613-150x150.jpg\" alt=\"alkus GM 10\" width=\"150\" height=\"150\" srcset=\"https:\/\/www.jh-itc.de\/wp-content\/uploads\/2015\/10\/eebf99b613-150x150.jpg 150w, https:\/\/www.jh-itc.de\/wp-content\/uploads\/2015\/10\/eebf99b613-100x100.jpg 100w, https:\/\/www.jh-itc.de\/wp-content\/uploads\/2015\/10\/eebf99b613-66x66.jpg 66w\" sizes=\"(max-width: 150px) 100vw, 150px\" \/><\/a><\/p>\n<p><strong>Quelques avantages du syst\u00e8me de panneaux alkus en un coup d&#8217;\u0153il :<\/strong><\/p>\n<p>Extr\u00eamement durable<\/p>\n<ul>\n<li>Jusqu&#8217;\u00e0 1 000 inserts avec une plaque<\/li>\n<li>Garantie \u00e0 long terme de 7 ans<\/li>\n<li>R\u00e9sistant \u00e0 l&#8217;humidit\u00e9 &#8211; donc pas de pourrissement, de gonflement, de r\u00e9tr\u00e9cissement, de d\u00e9coloration et pas de formation d&#8217;ondulations.<\/li>\n<li>R\u00e9sistance \u00e9lev\u00e9e \u00e0 l&#8217;abrasion et aux UV<\/li>\n<li>Option de r\u00e9paration simple et durable &#8211; semblable \u00e0 du tissu sans perte de qualit\u00e9<\/li>\n<\/ul>\n<p>Extr\u00eamement pratique<\/p>\n<ul>\n<li>Ind\u00e9pendant du syst\u00e8me &#8211; peut \u00eatre utilis\u00e9 dans les syst\u00e8mes de cadre de tous les fabricants.<\/li>\n<li>Presque toutes les formes et dimensions de b\u00e9ton peuvent \u00eatre r\u00e9alis\u00e9es &#8211; Peut \u00eatre fa\u00e7onn\u00e9 et pli\u00e9 comme une t\u00f4le, soud\u00e9 sans joints<\/li>\n<li>Clouer, visser et scier comme du bois<\/li>\n<li>Nettoyage avec un nettoyeur haute pression (jusqu&#8217;\u00e0 1000 bars) ou un nettoyeur rotatif<\/li>\n<li>Aucune perte de qualit\u00e9 pendant le stockage en ext\u00e9rieur<\/li>\n<li>Cycle de recyclage respectueux de l&#8217;environnement &#8211; pas de frais suppl\u00e9mentaires pour les d\u00e9chets dangereux<\/li>\n<\/ul>\n<p><a href=\"http:\/\/www.jh-itc.de\/wp-content\/uploads\/2015\/10\/76c9c2d233.jpg\"><img loading=\"lazy\" decoding=\"async\" class=\"alignnone size-thumbnail wp-image-1615\" src=\"http:\/\/www.jh-itc.de\/wp-content\/uploads\/2015\/10\/76c9c2d233-150x126.jpg\" alt=\"Holz\" width=\"150\" height=\"126\"><\/a>  <a href=\"http:\/\/www.jh-itc.de\/wp-content\/uploads\/2015\/10\/26fe05af90.png\"><img loading=\"lazy\" decoding=\"async\" class=\"alignnone wp-image-1614 size-thumbnail\" src=\"http:\/\/www.jh-itc.de\/wp-content\/uploads\/2015\/10\/26fe05af90-150x126.png\" alt=\"\" width=\"150\" height=\"126\"><\/a><\/p>\n<hr>\n<p>Demandez ici une offre sans engagement pour le panneau plastique solide alkus.<\/p>\n<hr>\n<p><iframe src=\"\/\/www.youtube.com\/embed\/dihw-WDYIhU\" width=\"425\" height=\"350\" allowfullscreen=\"allowfullscreen\"><\/iframe><\/p>\n<hr>\n<hr>\n<p><iframe src=\"\/\/www.youtube.com\/embed\/M9IIhC-C3A0\" width=\"425\" height=\"350\" allowfullscreen=\"allowfullscreen\"><\/iframe><\/p>\n<hr>\n<h1 class=\"yt watch-title-container\"><span id=\"eow-title\" class=\"watch-title \" dir=\"ltr\" title=\"Einbau der alkus Vollkunststoffplatte\">Installation du panneau tout plastique alkus<\/span><\/h1>\n<hr>\n<p><iframe title=\"Einbau der alkus Vollkunststoffplatte\" width=\"800\" height=\"450\" src=\"https:\/\/www.youtube.com\/embed\/Zolb8hvh7pc?list=PLf5n8fgfdTQ8Shy1vqpyun-fCJwlo-FtY\" frameborder=\"0\" allow=\"accelerometer; autoplay; clipboard-write; encrypted-media; gyroscope; picture-in-picture\" allowfullscreen><\/iframe><\/p>\n<hr>\n<h1 class=\"yt watch-title-container\"><span id=\"eow-title\" class=\"watch-title \" dir=\"ltr\" title=\"Plattenreparatur - alkus Vollkunststoffplatte\">R\u00e9paration de panneaux &#8211; alk<\/span><span id=\"eow-title\" class=\"watch-title \" dir=\"ltr\" title=\"Plattenreparatur - alkus Vollkunststoffplatte\">panneau en plastique solide us<\/span><\/h1>\n<hr>\n<p><iframe title=\"Plattenreparatur - alkus Vollkunststoffplatte\" width=\"800\" height=\"450\" src=\"https:\/\/www.youtube.com\/embed\/py7TeVc7fwU?list=PLf5n8fgfdTQ8Shy1vqpyun-fCJwlo-FtY\" frameborder=\"0\" allow=\"accelerometer; autoplay; clipboard-write; encrypted-media; gyroscope; picture-in-picture\" allowfullscreen><\/iframe><\/p>\n<hr>\n<p><iframe title=\"alkus Innovation Panel [English version]\" width=\"800\" height=\"450\" src=\"https:\/\/www.youtube.com\/embed\/O8GfrzwTnkY?list=PLf5n8fgfdTQ8Shy1vqpyun-fCJwlo-FtY\" frameborder=\"0\" allow=\"accelerometer; autoplay; clipboard-write; encrypted-media; gyroscope; picture-in-picture\" allowfullscreen><\/iframe><\/p>\n","protected":false},"excerpt":{"rendered":"<p>syst\u00e8me de panneaux alkus &#8211; la solution \u00e9conomique en mati\u00e8re de panneaux de coffrage Les panneaux plastiques solides alkus sont l&#8217;alternative \u00e9conomique aux panneaux de coffrage en bois conventionnels pour le secteur de la construction. Les panneaux peuvent \u00eatre trait\u00e9s comme le bois, mais sont beaucoup plus durables, car ils r\u00e9sistent \u00e0 l&#8217;humidit\u00e9 et aux [&hellip;]<\/p>\n","protected":false},"author":7,"featured_media":26832,"parent":26756,"menu_order":0,"comment_status":"closed","ping_status":"closed","template":"","meta":{"footnotes":""},"class_list":["post-26818","page","type-page","status-publish","has-post-thumbnail"],"yoast_head":"<!-- This site is optimized with the Yoast SEO plugin v27.3 - https:\/\/yoast.com\/product\/yoast-seo-wordpress\/ -->\n<title>alkus infos - JH - ITC GmbH<\/title>\n<meta name=\"robots\" content=\"index, follow, max-snippet:-1, max-image-preview:large, max-video-preview:-1\" \/>\n<link rel=\"canonical\" href=\"https:\/\/www.jh-itc.de\/fr\/ce-quil-faut-savoir\/alkus-infos\/\" \/>\n<meta property=\"og:locale\" content=\"fr_FR\" \/>\n<meta property=\"og:type\" content=\"article\" \/>\n<meta property=\"og:title\" content=\"alkus infos - JH - ITC GmbH\" \/>\n<meta property=\"og:description\" content=\"syst\u00e8me de panneaux alkus &#8211; la solution \u00e9conomique en mati\u00e8re de panneaux de coffrage Les panneaux plastiques solides alkus sont l&#8217;alternative \u00e9conomique aux panneaux de coffrage en bois conventionnels pour le secteur de la construction. Les panneaux peuvent \u00eatre trait\u00e9s comme le bois, mais sont beaucoup plus durables, car ils r\u00e9sistent \u00e0 l&#8217;humidit\u00e9 et aux [&hellip;]\" \/>\n<meta property=\"og:url\" content=\"https:\/\/www.jh-itc.de\/fr\/ce-quil-faut-savoir\/alkus-infos\/\" \/>\n<meta property=\"og:site_name\" content=\"JH - ITC GmbH\" \/>\n<meta property=\"article:publisher\" content=\"https:\/\/www.facebook.com\/schalungshandel\" \/>\n<meta property=\"article:modified_time\" content=\"2021-08-30T16:46:00+00:00\" \/>\n<meta property=\"og:image\" content=\"http:\/\/www.jh-itc.de\/wp-content\/uploads\/2015\/10\/logo-alkus_01-150x91.png\" \/>\n<meta name=\"twitter:card\" content=\"summary_large_image\" \/>\n<meta name=\"twitter:site\" content=\"@JH_ITC\" \/>\n<meta name=\"twitter:label1\" content=\"Est. reading time\" \/>\n\t<meta name=\"twitter:data1\" content=\"2 minutes\" \/>\n<!-- \/ Yoast SEO plugin. -->","yoast_head_json":{"title":"alkus infos - JH - ITC GmbH","robots":{"index":"index","follow":"follow","max-snippet":"max-snippet:-1","max-image-preview":"max-image-preview:large","max-video-preview":"max-video-preview:-1"},"canonical":"https:\/\/www.jh-itc.de\/fr\/ce-quil-faut-savoir\/alkus-infos\/","og_locale":"fr_FR","og_type":"article","og_title":"alkus infos - JH - ITC GmbH","og_description":"syst\u00e8me de panneaux alkus &#8211; la solution \u00e9conomique en mati\u00e8re de panneaux de coffrage Les panneaux plastiques solides alkus sont l&#8217;alternative \u00e9conomique aux panneaux de coffrage en bois conventionnels pour le secteur de la construction. Les panneaux peuvent \u00eatre trait\u00e9s comme le bois, mais sont beaucoup plus durables, car ils r\u00e9sistent \u00e0 l&#8217;humidit\u00e9 et aux [&hellip;]","og_url":"https:\/\/www.jh-itc.de\/fr\/ce-quil-faut-savoir\/alkus-infos\/","og_site_name":"JH - ITC GmbH","article_publisher":"https:\/\/www.facebook.com\/schalungshandel","article_modified_time":"2021-08-30T16:46:00+00:00","og_image":[{"url":"http:\/\/www.jh-itc.de\/wp-content\/uploads\/2015\/10\/logo-alkus_01-150x91.png","type":"","width":"","height":""}],"twitter_card":"summary_large_image","twitter_site":"@JH_ITC","twitter_misc":{"Est. reading time":"2 minutes"},"schema":{"@context":"https:\/\/schema.org","@graph":[{"@type":"WebPage","@id":"https:\/\/www.jh-itc.de\/fr\/ce-quil-faut-savoir\/alkus-infos\/","url":"https:\/\/www.jh-itc.de\/fr\/ce-quil-faut-savoir\/alkus-infos\/","name":"alkus infos - JH - ITC GmbH","isPartOf":{"@id":"https:\/\/www.jh-itc.de\/fr\/#website"},"primaryImageOfPage":{"@id":"https:\/\/www.jh-itc.de\/fr\/ce-quil-faut-savoir\/alkus-infos\/#primaryimage"},"image":{"@id":"https:\/\/www.jh-itc.de\/fr\/ce-quil-faut-savoir\/alkus-infos\/#primaryimage"},"thumbnailUrl":"https:\/\/www.jh-itc.de\/wp-content\/uploads\/2020\/12\/Alkus_Baustellenreportage2-1.jpg","datePublished":"2021-08-30T16:45:39+00:00","dateModified":"2021-08-30T16:46:00+00:00","breadcrumb":{"@id":"https:\/\/www.jh-itc.de\/fr\/ce-quil-faut-savoir\/alkus-infos\/#breadcrumb"},"inLanguage":"fr-FR","potentialAction":[{"@type":"ReadAction","target":["https:\/\/www.jh-itc.de\/fr\/ce-quil-faut-savoir\/alkus-infos\/"]}]},{"@type":"ImageObject","inLanguage":"fr-FR","@id":"https:\/\/www.jh-itc.de\/fr\/ce-quil-faut-savoir\/alkus-infos\/#primaryimage","url":"https:\/\/www.jh-itc.de\/wp-content\/uploads\/2020\/12\/Alkus_Baustellenreportage2-1.jpg","contentUrl":"https:\/\/www.jh-itc.de\/wp-content\/uploads\/2020\/12\/Alkus_Baustellenreportage2-1.jpg","width":1620,"height":760},{"@type":"BreadcrumbList","@id":"https:\/\/www.jh-itc.de\/fr\/ce-quil-faut-savoir\/alkus-infos\/#breadcrumb","itemListElement":[{"@type":"ListItem","position":1,"name":"Home","item":"https:\/\/www.jh-itc.de\/fr\/"},{"@type":"ListItem","position":2,"name":"Ce qu&#8217;il faut savoir","item":"https:\/\/www.jh-itc.de\/fr\/ce-quil-faut-savoir\/"},{"@type":"ListItem","position":3,"name":"alkus infos"}]},{"@type":"WebSite","@id":"https:\/\/www.jh-itc.de\/fr\/#website","url":"https:\/\/www.jh-itc.de\/fr\/","name":"JH - ITC GmbH","description":"Ihr Experte f\u00fcr gebrauchte St\u00fctzen, Schalungen und Ger\u00fcste","publisher":{"@id":"https:\/\/www.jh-itc.de\/fr\/#organization"},"potentialAction":[{"@type":"SearchAction","target":{"@type":"EntryPoint","urlTemplate":"https:\/\/www.jh-itc.de\/fr\/?s={search_term_string}"},"query-input":{"@type":"PropertyValueSpecification","valueRequired":true,"valueName":"search_term_string"}}],"inLanguage":"fr-FR"},{"@type":"Organization","@id":"https:\/\/www.jh-itc.de\/fr\/#organization","name":"JH-ITC GmbH","url":"https:\/\/www.jh-itc.de\/fr\/","logo":{"@type":"ImageObject","inLanguage":"fr-FR","@id":"https:\/\/www.jh-itc.de\/fr\/#\/schema\/logo\/image\/","url":"https:\/\/www.jh-itc.de\/wp-content\/uploads\/2016\/01\/JH-ITC2-1.png","contentUrl":"https:\/\/www.jh-itc.de\/wp-content\/uploads\/2016\/01\/JH-ITC2-1.png","width":300,"height":102,"caption":"JH-ITC GmbH"},"image":{"@id":"https:\/\/www.jh-itc.de\/fr\/#\/schema\/logo\/image\/"},"sameAs":["https:\/\/www.facebook.com\/schalungshandel","https:\/\/x.com\/JH_ITC","https:\/\/www.linkedin.com\/in\/jhitc","https:\/\/youtu.be\/rMdZ-FLfI-Y"]}]}},"_links":{"self":[{"href":"https:\/\/www.jh-itc.de\/fr\/wp-json\/wp\/v2\/pages\/26818","targetHints":{"allow":["GET"]}}],"collection":[{"href":"https:\/\/www.jh-itc.de\/fr\/wp-json\/wp\/v2\/pages"}],"about":[{"href":"https:\/\/www.jh-itc.de\/fr\/wp-json\/wp\/v2\/types\/page"}],"author":[{"embeddable":true,"href":"https:\/\/www.jh-itc.de\/fr\/wp-json\/wp\/v2\/users\/7"}],"replies":[{"embeddable":true,"href":"https:\/\/www.jh-itc.de\/fr\/wp-json\/wp\/v2\/comments?post=26818"}],"version-history":[{"count":1,"href":"https:\/\/www.jh-itc.de\/fr\/wp-json\/wp\/v2\/pages\/26818\/revisions"}],"predecessor-version":[{"id":26950,"href":"https:\/\/www.jh-itc.de\/fr\/wp-json\/wp\/v2\/pages\/26818\/revisions\/26950"}],"up":[{"embeddable":true,"href":"https:\/\/www.jh-itc.de\/fr\/wp-json\/wp\/v2\/pages\/26756"}],"wp:featuredmedia":[{"embeddable":true,"href":"https:\/\/www.jh-itc.de\/fr\/wp-json\/wp\/v2\/media\/26832"}],"wp:attachment":[{"href":"https:\/\/www.jh-itc.de\/fr\/wp-json\/wp\/v2\/media?parent=26818"}],"curies":[{"name":"wp","href":"https:\/\/api.w.org\/{rel}","templated":true}]}}