{"id":43717,"date":"2023-04-26T10:12:55","date_gmt":"2023-04-26T08:12:55","guid":{"rendered":"https:\/\/www.jh-itc.de\/mentions-legales\/"},"modified":"2023-04-26T10:12:55","modified_gmt":"2023-04-26T08:12:55","slug":"mentions-legales","status":"publish","type":"page","link":"https:\/\/www.jh-itc.de\/fr\/mentions-legales\/","title":{"rendered":"Mentions l\u00e9gales"},"content":{"rendered":"<h2><strong>Mentions l\u00e9gales :<\/strong><\/h2>\n<hr>\n<p><strong>JH &#8211; ITC GmbH<br \/>\n<\/strong><em>G\u00e9rant : Jochen Hein<\/em><br \/>\n15, rue du March\u00e9<br \/>\n89362 Offingen\/ Bavi\u00e8re<\/p>\n<p>Tel. +49 (0) 731 801 59590<br \/>\nFax. +49 (0) 8224 &#8211; 80 45 763<br \/>\ne-mail : <a href=\"mailto:info@jh-itc.de\" target=\"_blank\" rel=\"noopener\">info@jh-itc.de<\/a><\/p>\n<p>ID TVA. N\u00b0 FR 271 430 794<br \/>\nTribunal d&#8217;instance de Memmingen<br \/>\nHRB : 14149<\/p>\n<p>L&#8217;agence Internet <a title=\"OMSAG\" href=\"http:\/\/www.omsag.de\/\" target=\"_blank\" rel=\"noopener\">OMSAG<\/a> propose une gamme compl\u00e8te de services de webmarketing.<\/p>\n<p>Publicit\u00e9 sur les moteurs de recherche avec Google Ads avec <a href=\"https:\/\/www.martingonev.de\/\">https:\/\/www.martingonev.de\/<\/a><\/p>\n<hr>\n<p><strong>Copyright et clause de non-responsabilit\u00e9<\/strong><\/p>\n<p>Tous les contenus sont prot\u00e9g\u00e9s par des droits d&#8217;auteur. Ils ne peuvent \u00eatre utilis\u00e9s, m\u00eame \u00e0 des fins commerciales, que si la source est mentionn\u00e9e sous le contenu extrait et qu&#8217;un lien vers l&#8217;URL www.jh-itc.de est \u00e9tabli.<\/p>\n<h4><strong>R\u00e9f\u00e9rences et liens<\/strong><\/h4>\n<p>En cas de renvois directs ou indirects \u00e0 des sites web \u00e9trangers (&#8220;hyperliens&#8221;) qui ne rel\u00e8vent pas de la responsabilit\u00e9 de l&#8217;auteur, une obligation de responsabilit\u00e9 entrerait exclusivement en vigueur dans le cas o\u00f9 l&#8217;auteur aurait connaissance des contenus et qu&#8217;il lui serait techniquement possible et raisonnable d&#8217;emp\u00eacher l&#8217;utilisation en cas de contenus ill\u00e9gaux.<\/p>\n<p>L&#8217;auteur d\u00e9clare express\u00e9ment par la pr\u00e9sente qu&#8217;au moment de l&#8217;\u00e9tablissement des liens, aucun contenu ill\u00e9gal n&#8217;\u00e9tait identifiable sur les pages \u00e0 relier. L&#8217;auteur n&#8217;a aucune influence sur la conception actuelle et future, les contenus ou la paternit\u00e9 des pages li\u00e9es\/associ\u00e9es. C&#8217;est pourquoi il se distancie express\u00e9ment par la pr\u00e9sente de tous les contenus de toutes les pages li\u00e9es\/associ\u00e9es qui ont \u00e9t\u00e9 modifi\u00e9es apr\u00e8s la cr\u00e9ation du lien. Cette constatation s&#8217;applique \u00e0 tous les liens et renvois plac\u00e9s au sein de la propre offre Internet ainsi qu&#8217;aux inscriptions de tiers dans les livres d&#8217;or, forums de discussion, r\u00e9pertoires de liens, listes de diffusion et dans toutes les autres formes de banques de donn\u00e9es cr\u00e9\u00e9es par l&#8217;auteur et dont le contenu peut \u00eatre modifi\u00e9 par des tiers. Seul le fournisseur de la page \u00e0 laquelle il a \u00e9t\u00e9 renvoy\u00e9 est responsable des contenus ill\u00e9gaux, erron\u00e9s ou incomplets et en particulier des dommages r\u00e9sultant de l&#8217;utilisation ou de la non-utilisation des informations ainsi pr\u00e9sent\u00e9es, et non celui qui ne fait que renvoyer \u00e0 la publication concern\u00e9e par le biais de liens.<\/p>\n<h4><\/h4>\n<h4><strong>Droit d&#8217;auteur et droit des marques<\/strong><\/h4>\n<p>L&#8217;auteur s&#8217;efforce de respecter dans toutes les publications les droits d&#8217;auteur des graphiques, documents sonores, s\u00e9quences vid\u00e9o et textes utilis\u00e9s, d&#8217;utiliser des graphiques, documents sonores, s\u00e9quences vid\u00e9o et textes qu&#8217;il a lui-m\u00eame cr\u00e9\u00e9s ou de recourir \u00e0 des graphiques, documents sonores, s\u00e9quences vid\u00e9o et textes libres de droits. Toutes les marques et marques d\u00e9pos\u00e9es mentionn\u00e9es dans l&#8217;offre Internet et \u00e9ventuellement prot\u00e9g\u00e9es par des tiers sont soumises sans restriction aux dispositions du droit des marques en vigueur et aux droits de propri\u00e9t\u00e9 des propri\u00e9taires enregistr\u00e9s respectifs. La simple mention d&#8217;une marque ne permet pas de conclure qu&#8217;elle n&#8217;est pas prot\u00e9g\u00e9e par des droits de tiers ! Le copyright des objets publi\u00e9s et cr\u00e9\u00e9s par l&#8217;auteur lui-m\u00eame reste la propri\u00e9t\u00e9 exclusive de l&#8217;auteur des pages. Toute reproduction ou utilisation de tels graphiques, documents sonores, s\u00e9quences vid\u00e9o et textes dans d&#8217;autres publications \u00e9lectroniques ou imprim\u00e9es est interdite sans l&#8217;autorisation expresse de l&#8217;auteur.<\/p>\n<p>Source : <i><br \/>\n  <a href=\"https:\/\/www.e-recht24.de\/impressum-generator.html\" rel=\"nofollow\">https:\/\/www.e-recht24.de<\/a><br \/>\n<\/i><\/p>\n<p><strong>R\u00e8glement des litiges en ligne<\/strong><\/p>\n<p>La Commission europ\u00e9enne met \u00e0 disposition une plateforme de r\u00e8glement en ligne des litiges \u00e0 l&#8217;adresse https:\/\/ec.europa.eu\/consumers\/odr\/, que les consommateurs peuvent utiliser pour r\u00e9soudre un litige et sur laquelle ils trouveront de plus amples informations sur le r\u00e8glement des litiges.<\/p>\n<p><strong>R\u00e8glement extrajudiciaire des litiges<\/strong><\/p>\n<p>Nous ne sommes ni oblig\u00e9s ni dispos\u00e9s \u00e0 participer \u00e0 une proc\u00e9dure de r\u00e8glement des litiges devant un organisme de conciliation des consommateurs en cas de litige avec un consommateur.<\/p>\n","protected":false},"excerpt":{"rendered":"<p>Mentions l\u00e9gales : JH &#8211; ITC GmbH G\u00e9rant : Jochen Hein 15, rue du March\u00e9 89362 Offingen\/ Bavi\u00e8re Tel. +49 (0) 731 801 59590 Fax. +49 (0) 8224 &#8211; 80 45 763 e-mail : info@jh-itc.de ID TVA. N\u00b0 FR 271 430 794 Tribunal d&#8217;instance de Memmingen HRB : 14149 L&#8217;agence Internet OMSAG propose une gamme [&hellip;]<\/p>\n","protected":false},"author":7,"featured_media":0,"parent":0,"menu_order":0,"comment_status":"closed","ping_status":"closed","template":"","meta":{"footnotes":""},"class_list":["post-43717","page","type-page","status-publish"],"yoast_head":"<!-- This site is optimized with the Yoast SEO plugin v27.3 - https:\/\/yoast.com\/product\/yoast-seo-wordpress\/ -->\n<title>Mentions l\u00e9gales - JH - ITC GmbH<\/title>\n<meta name=\"description\" content=\"Mentions l\u00e9gales\" \/>\n<meta name=\"robots\" content=\"index, follow, max-snippet:-1, max-image-preview:large, max-video-preview:-1\" \/>\n<link rel=\"canonical\" href=\"https:\/\/www.jh-itc.de\/fr\/mentions-legales\/\" \/>\n<meta property=\"og:locale\" content=\"fr_FR\" \/>\n<meta property=\"og:type\" content=\"article\" \/>\n<meta property=\"og:title\" content=\"Mentions l\u00e9gales - JH - ITC GmbH\" \/>\n<meta property=\"og:description\" content=\"Mentions l\u00e9gales\" \/>\n<meta property=\"og:url\" content=\"https:\/\/www.jh-itc.de\/fr\/mentions-legales\/\" \/>\n<meta property=\"og:site_name\" content=\"JH - ITC GmbH\" \/>\n<meta property=\"article:publisher\" content=\"https:\/\/www.facebook.com\/schalungshandel\" \/>\n<meta name=\"twitter:card\" content=\"summary_large_image\" \/>\n<meta name=\"twitter:site\" content=\"@JH_ITC\" \/>\n<meta name=\"twitter:label1\" content=\"Est. reading time\" \/>\n\t<meta name=\"twitter:data1\" content=\"3 minutes\" \/>\n<!-- \/ Yoast SEO plugin. -->","yoast_head_json":{"title":"Mentions l\u00e9gales - JH - ITC GmbH","description":"Mentions l\u00e9gales","robots":{"index":"index","follow":"follow","max-snippet":"max-snippet:-1","max-image-preview":"max-image-preview:large","max-video-preview":"max-video-preview:-1"},"canonical":"https:\/\/www.jh-itc.de\/fr\/mentions-legales\/","og_locale":"fr_FR","og_type":"article","og_title":"Mentions l\u00e9gales - JH - ITC GmbH","og_description":"Mentions l\u00e9gales","og_url":"https:\/\/www.jh-itc.de\/fr\/mentions-legales\/","og_site_name":"JH - ITC GmbH","article_publisher":"https:\/\/www.facebook.com\/schalungshandel","twitter_card":"summary_large_image","twitter_site":"@JH_ITC","twitter_misc":{"Est. reading time":"3 minutes"},"schema":{"@context":"https:\/\/schema.org","@graph":[{"@type":"WebPage","@id":"https:\/\/www.jh-itc.de\/fr\/mentions-legales\/","url":"https:\/\/www.jh-itc.de\/fr\/mentions-legales\/","name":"Mentions l\u00e9gales - JH - ITC GmbH","isPartOf":{"@id":"https:\/\/www.jh-itc.de\/fr\/#website"},"datePublished":"2023-04-26T08:12:55+00:00","description":"Mentions l\u00e9gales","breadcrumb":{"@id":"https:\/\/www.jh-itc.de\/fr\/mentions-legales\/#breadcrumb"},"inLanguage":"fr-FR","potentialAction":[{"@type":"ReadAction","target":["https:\/\/www.jh-itc.de\/fr\/mentions-legales\/"]}]},{"@type":"BreadcrumbList","@id":"https:\/\/www.jh-itc.de\/fr\/mentions-legales\/#breadcrumb","itemListElement":[{"@type":"ListItem","position":1,"name":"Home","item":"https:\/\/www.jh-itc.de\/fr\/"},{"@type":"ListItem","position":2,"name":"Mentions l\u00e9gales"}]},{"@type":"WebSite","@id":"https:\/\/www.jh-itc.de\/fr\/#website","url":"https:\/\/www.jh-itc.de\/fr\/","name":"JH - ITC GmbH","description":"Ihr Experte f\u00fcr gebrauchte St\u00fctzen, Schalungen und Ger\u00fcste","publisher":{"@id":"https:\/\/www.jh-itc.de\/fr\/#organization"},"potentialAction":[{"@type":"SearchAction","target":{"@type":"EntryPoint","urlTemplate":"https:\/\/www.jh-itc.de\/fr\/?s={search_term_string}"},"query-input":{"@type":"PropertyValueSpecification","valueRequired":true,"valueName":"search_term_string"}}],"inLanguage":"fr-FR"},{"@type":"Organization","@id":"https:\/\/www.jh-itc.de\/fr\/#organization","name":"JH-ITC GmbH","url":"https:\/\/www.jh-itc.de\/fr\/","logo":{"@type":"ImageObject","inLanguage":"fr-FR","@id":"https:\/\/www.jh-itc.de\/fr\/#\/schema\/logo\/image\/","url":"https:\/\/www.jh-itc.de\/wp-content\/uploads\/2016\/01\/JH-ITC2-1.png","contentUrl":"https:\/\/www.jh-itc.de\/wp-content\/uploads\/2016\/01\/JH-ITC2-1.png","width":300,"height":102,"caption":"JH-ITC GmbH"},"image":{"@id":"https:\/\/www.jh-itc.de\/fr\/#\/schema\/logo\/image\/"},"sameAs":["https:\/\/www.facebook.com\/schalungshandel","https:\/\/x.com\/JH_ITC","https:\/\/www.linkedin.com\/in\/jhitc","https:\/\/youtu.be\/rMdZ-FLfI-Y"]}]}},"_links":{"self":[{"href":"https:\/\/www.jh-itc.de\/fr\/wp-json\/wp\/v2\/pages\/43717","targetHints":{"allow":["GET"]}}],"collection":[{"href":"https:\/\/www.jh-itc.de\/fr\/wp-json\/wp\/v2\/pages"}],"about":[{"href":"https:\/\/www.jh-itc.de\/fr\/wp-json\/wp\/v2\/types\/page"}],"author":[{"embeddable":true,"href":"https:\/\/www.jh-itc.de\/fr\/wp-json\/wp\/v2\/users\/7"}],"replies":[{"embeddable":true,"href":"https:\/\/www.jh-itc.de\/fr\/wp-json\/wp\/v2\/comments?post=43717"}],"version-history":[{"count":0,"href":"https:\/\/www.jh-itc.de\/fr\/wp-json\/wp\/v2\/pages\/43717\/revisions"}],"wp:attachment":[{"href":"https:\/\/www.jh-itc.de\/fr\/wp-json\/wp\/v2\/media?parent=43717"}],"curies":[{"name":"wp","href":"https:\/\/api.w.org\/{rel}","templated":true}]}}